{"id":1236,"date":"2014-03-02T18:00:32","date_gmt":"2014-03-02T17:00:32","guid":{"rendered":"http:\/\/so3z.com\/?page_id=1236"},"modified":"2017-01-22T11:33:56","modified_gmt":"2017-01-22T10:33:56","slug":"2014-i-iaru","status":"publish","type":"page","link":"https:\/\/so3z.com\/?page_id=1236","title":{"rendered":"2014 &#8211; I IARU"},"content":{"rendered":"<p><strong>SO3Z JO82LJ   80m npm + 40m npt  (= 120m npm)<\/strong><\/p>\n<p>Icom ic-910H, LNA  BF981 przy radiu,<br \/>\nPA GS-31B 500W (SP4MPB), 40m kabla Draka RF-7,<br \/>\nvertical stack 2,66m &#8211;  2x 9el OWL G0KSC 2.5wl Yagi (ok. 15dBd) 4m nad dachem.<\/p>\n<p><strong>Single Op<\/strong><br \/>\n<strong>QSO:<\/strong> 208<br \/>\n<strong>Punkty:<\/strong>oko\u0142o 83000<br \/>\n<strong>LOC:<\/strong> 71<br \/>\n<strong>ODX:<\/strong> YU7ACO KN05 873km<\/p>\n<p>Do\u0142o\u017cenie drugiej anteny da\u0142o wymierny efekt, nie m\u00f3wi\u0105c o PA, kt\u00f3re sprawowa\u0142o si\u0119 znakomicie.<br \/>\nPracowa\u0142em oko\u0142o 21 godzin na 144MHz. G\u0142\u00f3wnie SSB gdy\u017c operator CW ze mnie nadal marny.<br \/>\nPierwszego dnia lepsze warunki na po\u0142udnie, gorsze na zach\u00f3d, drugiego na odwr\u00f3t. Trudno by\u0142o przelecie\u0107 do OK co\u015b, jako\u015b s\u0142abo czesi wychodzili. Pot\u0119\u017cne sygna\u0142y od HA, du\u017co stacji z SP9 (bardzo niekorzystny dla mnie kierunek).<\/p>\n<p>Na uwag\u0119 zas\u0142uguje szczeg\u00f3lnie jedna rzecz, um\u00f3wi\u0142em si\u0119 na sked z bodaj\u017ce SK6QA, wykorzystuj\u0105c ON4KST i Airscout czekali\u015bmy na samolot od kt\u00f3rego b\u0119dzie mo\u017cna si\u0119 odbi\u0107, i zamiast zrobi\u0107 jedno QSO na tym &#8222;samolocie&#8221; zrobi\u0142em ich bodaj\u017ce 6, tor lotu samolotu pokrywa\u0142 si\u0119 dok\u0142adnie z lini\u0105 pomi\u0119dzy mn\u0105 a korespondentami \ud83d\ude42 Airscout wykorzystany by\u0142 jeszcze w \u0142\u0105czno\u015bciach z OZ3Z, S57C, HA8V, i kilkoma DL. Sprawdzi\u0142 si\u0119 dobrze.<\/p>\n<p>Tym razem ani jednego HB ani YO&#8230;<br \/>\n1x YU, 1x F, 2x PA, 2x UR, 1x UA2, 3x OZ, 7x SM<br \/>\nMam nagrane prawie ca\u0142e zawody postaram si\u0119 z tego wy\u0142uska\u0107 co ciekawsze rzeczy w wolnej chwili.<\/p>\n<div>\n<table>\n<tr>\n<td>\nTOP QRB:<br \/>\n<a href=\"https:\/\/so3z.com\/records\/1st2014\/YU7ACO-KN05QC-873km-ODX.ogg\">YU7ACO KN05 873km<\/a><br \/>\n<a href=\"https:\/\/so3z.com\/records\/1st2014\/9A4V-JN95KI-796km.ogg\">9A4V JN95 796km<\/a><br \/>\n<a href=\"https:\/\/so3z.com\/records\/1st2014\/9A1N-JN85LI-783km.ogg\">9A1N JN85 783km<\/a><br \/>\n<a href=\"https:\/\/so3z.com\/records\/1st2014\/F6KFH-JN39OC-777km.ogg\">F6KFH JN39 777km<\/a><br \/>\n<a href=\"https:\/\/so3z.com\/records\/1st2014\/DR5T-JN47KW-759km.ogg\">DR5T JN47 759km<\/a><br \/>\n<a href=\"https:\/\/so3z.com\/records\/1st2014\/SM6VKC-JO68EP-753km-AP.ogg\">SM6VKC JO68 753km AP scatter<\/a><br \/>\n<a href=\"https:\/\/so3z.com\/records\/1st2014\/SA6AIN-SM6UQL-SK6QA-SA6AFQ-SA6CBY-inlineAP.ogg\">SA6AFQ JO68 753km AP scatter<\/a><br \/>\n9A1E JN85 733km<br \/>\n<a href=\"https:\/\/so3z.com\/records\/1st2014\/S57C-JN75-731km-AP.ogg\">S57C JN75 731km AP scatter<\/a><br \/>\nPA2CHR JO32 727km<br \/>\nS57Q JN76 715km<br \/>\n<a href=\"https:\/\/so3z.com\/records\/1st2014\/SA6AIN-SM6UQL-SK6QA-SA6AFQ-SA6CBY-inlineAP.ogg\">SK6QA JO58 713km AP scatter<\/a><br \/>\n<a href=\"https:\/\/so3z.com\/records\/1st2014\/DF1CF-JN57FP-703km.ogg\">DF1CF JN57 703km<\/a><br \/>\n<a href=\"https:\/\/so3z.com\/records\/1st2014\/DK2GZ-JN49GB-699km.ogg\">DK2GZ JN49 699km<\/a><br \/>\n<a href=\"https:\/\/so3z.com\/records\/1st2014\/HG3X-JN96EE-698km.ogg\">HG3X JN96 698km<\/a><br \/>\n<a href=\"https:\/\/so3z.com\/records\/1st2014\/DK0BN-JN39VV-697km.ogg\">DK0BN JN39 697km<\/a><br \/>\n<a href=\"https:\/\/so3z.com\/records\/1st2014\/DL6IAK-JN48IX-694km.ogg\">DL6IAK JN48 694km<\/a><br \/>\nPA1T JO33 689km<br \/>\n<a href=\"https:\/\/so3z.com\/records\/1st2014\/SA6AIN-SM6UQL-SK6QA-SA6AFQ-SA6CBY-inlineAP.ogg\">SM6UQL JO57 688km AP scatter<\/a><br \/>\n9A2AE JN86 687km<br \/>\n<a href=\"https:\/\/so3z.com\/records\/1st2014\/UR5BFX-KN29TN-684km.ogg\">UR5BFX KN29 684km<\/a><br \/>\nHA8V KN06 675km   AP scatter<br \/>\n<a href=\"https:\/\/so3z.com\/records\/1st2014\/SA6AIN-SM6UQL-SK6QA-SA6AFQ-SA6CBY-inlineAP.ogg\">SA6AIN JO68 672km AP scatter<\/a><br \/>\nDL6YBF JO31 666km<br \/>\n<a href=\"https:\/\/so3z.com\/records\/1st2014\/SA6AIN-SM6UQL-SK6QA-SA6AFQ-SA6CBY-inlineAP.ogg\">SA6CBY JO57 665km AP scatter<\/a><br \/>\n<a href=\"https:\/\/so3z.com\/records\/1st2014\/DF0MU-JO32PC-659km.ogg\">DF0MU JO32 659km<\/a><br \/>\n<a href=\"https:\/\/so3z.com\/records\/1st2014\/S57M-JN76PO-656km.ogg\">S57M JN76 656km <\/a><br \/>\n<a href=\"https:\/\/so3z.com\/records\/1st2014\/9A1CMS-JN86DM-656km.ogg\">9A1CMS JN86 656km<\/a><br \/>\n<a href=\"https:\/\/so3z.com\/records\/1st2014\/DL0LN-JO31QX-655km.ogg\">DL0LN JO31 655km<\/a><br \/>\nS59P JN86 648km<br \/>\nDL9US JO30 647km<br \/>\n<a href=\"https:\/\/so3z.com\/records\/1st2014\/OE6V-JN76VQ-641km.ogg\">OE6V JN76 641km<\/a><br \/>\n<a href=\"https:\/\/so3z.com\/records\/1st2014\/S57O-JN86DT-623km.ogg\">S57O JN86 623km<\/a><br \/>\nS53O JN86 623km<br \/>\n<a href=\"https:\/\/so3z.com\/records\/1st2014\/HG1Z-JN86KU-617km.ogg\">HG1Z JN86 617km<\/a><br \/>\nDL8NP JN58 613km<br \/>\n<a href=\"https:\/\/so3z.com\/records\/1st2014\/DK1KC-P-JN58QH-603km.ogg\">DK1KC\/P JN58 603km<\/a><br \/>\n<a href=\"https:\/\/so3z.com\/records\/1st2014\/DL1MHJ-JN58TE-602km.ogg\">DL1MHJ JN58 602km<\/a>\n<\/td>\n<td>\n<a href=\"https:\/\/so3z.com\/?attachment_id=1237\" rel=\"attachment wp-att-1237\"><img loading=\"lazy\" decoding=\"async\" src=\"https:\/\/so3z.com\/wp-content\/uploads\/2014\/03\/1stSUB2014-144-300x300.jpg\" alt=\"\" title=\"1stSUB2014-144\" width=\"300\" height=\"300\" class=\"alignnone size-medium wp-image-1237\" srcset=\"https:\/\/so3z.com\/wp-content\/uploads\/2014\/03\/1stSUB2014-144-300x300.jpg 300w, https:\/\/so3z.com\/wp-content\/uploads\/2014\/03\/1stSUB2014-144-150x150.jpg 150w, https:\/\/so3z.com\/wp-content\/uploads\/2014\/03\/1stSUB2014-144.jpg 1000w\" sizes=\"auto, (max-width: 300px) 100vw, 300px\" \/><\/a>\n<\/td>\n<\/tr>\n<\/table>\n<\/div>\n<p>Gdyby takie warunki powt\u00f3rzy\u0142y si\u0119 w maju by\u0142a by rewelacja. Dotar\u0142 do mnie przedwzmacniacz EXTRA-2 rev.6 (samo PCB, z\u0142o\u017cone, zestrojone 45Euro) czeka mnie znalezienie przeka\u017anik\u00f3w, SQ3FYK ma wykona\u0107 mi sekwencer, przedwzmacniacz za splitter antenowy, kabel 7\/8&#8243; czeka na monta\u017c, materia\u0142y na nowe anteny czekaj\u0105 ju\u017c 4x 8el OWL DK7ZB (zmodyfikowane wymodelowane przez SP9FYS &#8211; dipole p\u0119tlowe ju\u017c do mnie jad\u0105 dzi\u0119ki Krzysztofowi SQ9PUT.)  .<\/p>\n<p><a href=\"http:\/\/contest.pk-ukf.org.pl\/contest.php?vid=2c689ebb0c36b48c668d81840488ea7d&#038;what=error&#038;typ=i_sub&#038;year=2014&#038;band=12&#038;call=SO3Z\">Zawody rozliczone.<\/a><br \/>\nSpodziewa\u0142em si\u0119 wielu b\u0142\u0119d\u00f3w ze wzgl\u0119du na wysokie zak\u0142\u00f3cenia z paru kierunk\u00f3w.<br \/>\nA ja wol\u0119 zalogowa\u0107 \u0142\u0105czno\u015b\u0107 i straci\u0107 ni\u017c nie zalogowa\u0107 i straci\u0107 \ud83d\ude42<br \/>\nAle i tak 1 miejsce jest. <\/p>\n","protected":false},"excerpt":{"rendered":"<p>SO3Z JO82LJ 80m npm + 40m npt (= 120m npm) Icom ic-910H, LNA BF981 przy radiu, PA GS-31B 500W (SP4MPB), 40m kabla Draka RF-7, vertical stack 2,66m &#8211; 2x 9el OWL G0KSC 2.5wl Yagi (ok. 15dBd) 4m nad dachem. Single Op QSO: 208 Punkty:oko\u0142o 83000 LOC: 71 ODX: YU7ACO KN05 873km Do\u0142o\u017cenie drugiej anteny da\u0142o &hellip; <a href=\"https:\/\/so3z.com\/?page_id=1236\" class=\"more-link\">Czytaj dalej <span class=\"screen-reader-text\">2014 &#8211; I IARU<\/span> <span class=\"meta-nav\">&rarr;<\/span><\/a><\/p>\n","protected":false},"author":1,"featured_media":0,"parent":19,"menu_order":13,"comment_status":"open","ping_status":"open","template":"","meta":{"footnotes":""},"class_list":["post-1236","page","type-page","status-publish","hentry"],"_links":{"self":[{"href":"https:\/\/so3z.com\/index.php?rest_route=\/wp\/v2\/pages\/1236","targetHints":{"allow":["GET"]}}],"collection":[{"href":"https:\/\/so3z.com\/index.php?rest_route=\/wp\/v2\/pages"}],"about":[{"href":"https:\/\/so3z.com\/index.php?rest_route=\/wp\/v2\/types\/page"}],"author":[{"embeddable":true,"href":"https:\/\/so3z.com\/index.php?rest_route=\/wp\/v2\/users\/1"}],"replies":[{"embeddable":true,"href":"https:\/\/so3z.com\/index.php?rest_route=%2Fwp%2Fv2%2Fcomments&post=1236"}],"version-history":[{"count":48,"href":"https:\/\/so3z.com\/index.php?rest_route=\/wp\/v2\/pages\/1236\/revisions"}],"predecessor-version":[{"id":2753,"href":"https:\/\/so3z.com\/index.php?rest_route=\/wp\/v2\/pages\/1236\/revisions\/2753"}],"up":[{"embeddable":true,"href":"https:\/\/so3z.com\/index.php?rest_route=\/wp\/v2\/pages\/19"}],"wp:attachment":[{"href":"https:\/\/so3z.com\/index.php?rest_route=%2Fwp%2Fv2%2Fmedia&parent=1236"}],"curies":[{"name":"wp","href":"https:\/\/api.w.org\/{rel}","templated":true}]}}