{"id":126,"date":"2010-09-15T12:06:06","date_gmt":"2010-09-15T11:06:06","guid":{"rendered":"http:\/\/so3z.sp3iym.com\/?page_id=126"},"modified":"2016-11-19T08:41:43","modified_gmt":"2016-11-19T07:41:43","slug":"ii-iaru-2010","status":"publish","type":"page","link":"https:\/\/so3z.com\/?page_id=126","title":{"rendered":"2010 &#8211; II IARU"},"content":{"rendered":"<p><strong>II Pr\u00f3by Subregionalne  &#8211; maj 2010<\/strong><br \/>\n<strong>QSO:<\/strong>157; <strong>Punkt\u00f3w:<\/strong> 65207 <strong>ODX:<\/strong> HB9GT 803km  <strong>AVG QRB:<\/strong> 415km\/qso<br \/>\n<img loading=\"lazy\" decoding=\"async\" src=\"https:\/\/so3z.com\/wp-content\/uploads\/2010\/08\/2nd2010.jpg\" alt=\"\" title=\"2nd2010\" width=\"375\" height=\"384\" class=\"alignnone size-full wp-image-34\" srcset=\"https:\/\/so3z.com\/wp-content\/uploads\/2010\/08\/2nd2010.jpg 375w, https:\/\/so3z.com\/wp-content\/uploads\/2010\/08\/2nd2010-292x300.jpg 292w\" sizes=\"auto, (max-width: 375px) 100vw, 375px\" \/><\/p>\n<p>Niesamowite zawody.<br \/>\nPracowa\u0142em tylko na 144MHz jak zwykle  z JO82KL 135m npm + 9m npg ca\u0142e 24godziny, lokalizacja na p\u00f3\u0142noc od Poznania.<br \/>\nPracuj\u0119 ze wzg\u00f3rza wy\u017cszego o oko\u0142o 40-60 metr\u00f3w od okolicznych teren\u00f3w. W przesz\u0142o\u015bci w pobli\u017cu mieszka\u0142 SP3PD (SK).<br \/>\nW tych zawodach u\u017cywa\u0142em  Icom-a  ic-275A (tylko 25W) oraz mojej nowej anteny 9elementowej OWL Yagi wg G0KSC.<br \/>\nTo by\u0142a doskona\u0142a para, \u015bwietny odbiornik o niskich szumach i niez\u0142ej dynamice, oraz antena o bardzo ma\u0142ych listkach bocznych i ma\u0142ej temperaturze szumowej.<br \/>\nPierwszy raz taki komfort dla uszu, w og\u00f3le nie by\u0142y zm\u0119czone po 24 godzinach pracy.<br \/>\nW tej lokalizacji u\u017cywa\u0142em r\u00f3\u017cnych konfiguracji anten (6el, 2x 7el, 3x 7el, 8el, 10el, 2x 10el DK7ZB) wydaje mi si\u0119, \u017ce to najbardziej optymalna antena dla mnie. Bardzo czysta wi\u0105zka, szeroka 40 stopniowa wi\u0105zka w horyzoncie. Antena ma 12,17dBd zysku; 28,5 dB t\u0142umienia prz\u00f3d\/ty\u0142; temperatura 229K, i 40 stopni obie wi\u0105zki. Pe\u0142na izolacja element\u00f3w od no\u015bnika, impedancja 12.5 Ohm.<\/p>\n<p>Dzi\u0119ki Piotrowi SQ3XBG mia\u0142em agregat i 230V a co za tym idzie PCta i internet.<br \/>\nS\u0142ysza\u0142em wiele dalekich stacji. I5PVA\/6 JN63GN 1042km !, G0KPW JO02RF 1049km!<br \/>\nHB9RF JN47GC 846km, 9A0V JN95MI 808km, IQ3AZ JN65QQ 797km, PA5MS JO21RQ 787km, TM57M JN39OC 780km, 9A6K JN95KU 751km, i inne z qrb w okolicach 600-700km..<\/p>\n<p>Podczas zawod\u00f3w ca\u0142kiem dobre warunki na DL, beznadziejne na 9A, pierwszy raz ani jedna stacja z Chorwacji&#8230; silne sygna\u0142y z W\u0119gier ale z du\u017cym QSB, mniej Czech\u00f3w ni\u017c za zwyczaj.<\/p>\n<p>Plany na nast\u0119pne zawody: 1. sko\u0144czy\u0107 LNA ATF-54143    2.  naprawi\u0107 wzmacniacz 150W   <\/p>\n<p>73! Andrzej SP3IYM &#038; SO3Z<\/p>\n<p><a href=\"http:\/\/sp3iym.com\/gallery2\/main.php?g2_itemId=1038\">Galeria<\/a><\/p>\n<p><b>Profile terenu do najdalszych stacji:<\/b><\/p>\n<p><a href=\"http:\/\/www.qsl.net\/jn63gn\/index2.html\" target=\"_blank\">I5PVA\/6<\/a> <\/p>\n<p><img decoding=\"async\" src=\"https:\/\/so3z.com\/files\/images\/SO3Z-I5PVA-6.png\" alt=\"map\"><\/p>\n<p><a href=\"http:\/\/g0kpw.f4azf.com\/\" target=\"_blank\">G0KPW<\/a> <\/p>\n<p><img decoding=\"async\" src=\"https:\/\/so3z.com\/files\/images\/SO3Z-G0KPW.png\" alt=\"map\"><\/p>\n<p><a href=\"http:\/\/www.hb9rf.ch\/15_+_252010.html\" target=\"_blank\">HB9RF<\/a> <\/p>\n<p><img decoding=\"async\" src=\"https:\/\/so3z.com\/files\/images\/SO3Z-HB9RF.png\" alt=\"map\"><\/p>\n<p>9A0V <\/p>\n<p><img decoding=\"async\" src=\"https:\/\/so3z.com\/files\/images\/SO3Z-9A0V.png\" alt=\"map\"><\/p>\n<p><a href=\"http:\/\/www.arigrado.it\/\" target=\"_blank\">IQ3AZ<\/a><\/p>\n<p><img decoding=\"async\" src=\"https:\/\/so3z.com\/files\/images\/SO3Z-IQ3AZ.png\" alt=\"map\"><\/p>\n<p><a href=\"http:\/\/home.claranet.nl\/users\/pe1ogf\/\" target=\"_blank\">PA5MS<\/a><\/p>\n<p><img decoding=\"async\" src=\"https:\/\/so3z.com\/files\/images\/SO3Z-PA5MS.png\" alt=\"map\"><\/p>\n<p>TM57M<\/p>\n<p><img decoding=\"async\" src=\"https:\/\/so3z.com\/files\/images\/SO3Z-TM57M.png\" alt=\"map\"><\/p>\n<p>9A6K<\/p>\n<p><img decoding=\"async\" src=\"https:\/\/so3z.com\/files\/images\/SO3Z-9A6K.png\" alt=\"map\"><\/p>\n<p>LINKS:<br \/>\n<a href=\"http:\/\/www.ok2kkw.com\/00003016\/qso_map.htm\" target=\"_blank\">QSO Mapy ok2pbq<\/a><br \/>\n<a href=\"http:\/\/www.ok2fug.com\/vyska.html\" target=\"_blank\">Profil terenu<\/a><br \/>\n<a href=\"http:\/\/sm7lcb.shacknet.nu\/maps\/qso_map\/index.htm\" target=\"_blank\">Mapy sm7lcb<\/a><\/p>\n","protected":false},"excerpt":{"rendered":"<p>II Pr\u00f3by Subregionalne &#8211; maj 2010 QSO:157; Punkt\u00f3w: 65207 ODX: HB9GT 803km AVG QRB: 415km\/qso Niesamowite zawody. Pracowa\u0142em tylko na 144MHz jak zwykle z JO82KL 135m npm + 9m npg ca\u0142e 24godziny, lokalizacja na p\u00f3\u0142noc od Poznania. Pracuj\u0119 ze wzg\u00f3rza wy\u017cszego o oko\u0142o 40-60 metr\u00f3w od okolicznych teren\u00f3w. W przesz\u0142o\u015bci w pobli\u017cu mieszka\u0142 SP3PD (SK). &hellip; <a href=\"https:\/\/so3z.com\/?page_id=126\" class=\"more-link\">Czytaj dalej <span class=\"screen-reader-text\">2010 &#8211; II IARU<\/span> <span class=\"meta-nav\">&rarr;<\/span><\/a><\/p>\n","protected":false},"author":1,"featured_media":0,"parent":19,"menu_order":0,"comment_status":"open","ping_status":"open","template":"","meta":{"footnotes":""},"class_list":["post-126","page","type-page","status-publish","hentry"],"_links":{"self":[{"href":"https:\/\/so3z.com\/index.php?rest_route=\/wp\/v2\/pages\/126","targetHints":{"allow":["GET"]}}],"collection":[{"href":"https:\/\/so3z.com\/index.php?rest_route=\/wp\/v2\/pages"}],"about":[{"href":"https:\/\/so3z.com\/index.php?rest_route=\/wp\/v2\/types\/page"}],"author":[{"embeddable":true,"href":"https:\/\/so3z.com\/index.php?rest_route=\/wp\/v2\/users\/1"}],"replies":[{"embeddable":true,"href":"https:\/\/so3z.com\/index.php?rest_route=%2Fwp%2Fv2%2Fcomments&post=126"}],"version-history":[{"count":8,"href":"https:\/\/so3z.com\/index.php?rest_route=\/wp\/v2\/pages\/126\/revisions"}],"predecessor-version":[{"id":2584,"href":"https:\/\/so3z.com\/index.php?rest_route=\/wp\/v2\/pages\/126\/revisions\/2584"}],"up":[{"embeddable":true,"href":"https:\/\/so3z.com\/index.php?rest_route=\/wp\/v2\/pages\/19"}],"wp:attachment":[{"href":"https:\/\/so3z.com\/index.php?rest_route=%2Fwp%2Fv2%2Fmedia&parent=126"}],"curies":[{"name":"wp","href":"https:\/\/api.w.org\/{rel}","templated":true}]}}