{"id":1317,"date":"2014-03-24T08:47:49","date_gmt":"2014-03-24T07:47:49","guid":{"rendered":"http:\/\/so3z.com\/?page_id=1317"},"modified":"2022-02-07T10:35:27","modified_gmt":"2022-02-07T09:35:27","slug":"livemuf","status":"publish","type":"page","link":"https:\/\/so3z.com\/?page_id=1317","title":{"rendered":"LiveMUF"},"content":{"rendered":"<p><span style=\"font-weight: bold;\">Kr\u00f3tki opis i charakterystyka<\/span>.<\/p>\n<p>Program LiveMUF stworzony prze Dave&#8217;a G7RAU jest aplikacj\u0105 bezp\u0142atn\u0105 dost\u0119pn\u0105 <a href=\"https:\/\/g7rau.demon.co.uk\/default.aspx?menu=5000\">TUTAJ<\/a>.<\/p>\n<p>Jest to znakomity program przydatny przede wszystkim na pasmach VHF+.<br \/>\nW jednym oknie mamy dost\u0119p do DX Clustera, czat\u00f3w ON4KST, oraz bardzo przydatnych map, kt\u00f3re maj\u0105 bardzo du\u017ce mo\u017cliwo\u015bci konfiguracji.<\/p>\n<p>Mapy mog\u0105 obejmowa\u0107 wszystkie pasma i emisje razem, b\u0105d\u017a mo\u017cna do poszczeg\u00f3lnych map przypisa\u0107 jedno pasmo, b\u0105d\u017a te\u017c np tylko \u0142\u0105czno\u015bci zorzowe, sporadyki, czy te\u017c np odbicia od \u015blad\u00f3w meteor\u00f3w.<\/p>\n<p>By program funkcjonowa\u0142 prawid\u0142owo potrzebujemy system windows najlepiej XP b\u0105d\u017a nowszy. Musimy zainstalowa\u0107 pakiet <a href=\"https:\/\/g7rau.demon.co.uk\/default.aspx?menu=5022\">.Net Framework<\/a> w wersji odpowiedniej dla naszego systemu i architektury. Plik wykonywalny jest dost\u0119pny w wersji 32 i 64-bitowej.<\/p>\n<p>Na stronie Dave&#8217;a jest opis jak LiveMUFa odpali\u0107 w \u015brodowiku Mono na systemach z rodziny Linux. Dzia\u0142a pi\u0119knie. Przy odpowiedniej konfiguracji dzia\u0142a szybciej ni\u017c na windowsie \ud83d\ude42 Na dole dodam opis instalacji na przyk\u0142adzie Ubuntu 12.04.<\/p>\n<p><img decoding=\"async\" style=\"width: 650px;\" src=\"https:\/\/so3z.com\/files\/img\/03.JPG\" alt=\"\" \/><\/p>\n<hr \/>\n<p>1. Start programu<\/p>\n<p><img decoding=\"async\" src=\"https:\/\/so3z.com\/files\/img\/01.JPG\" alt=\"\" \/><\/p>\n<p><span style=\"font-weight: bold;\">Przejd\u017amy do konfiguracji.<\/span><\/p>\n<p>2. Ustawienia u\u017cytkownika.<\/p>\n<p><img decoding=\"async\" src=\"https:\/\/so3z.com\/files\/img\/04.JPG\" alt=\"\" \/><\/p>\n<p>3. Ustawienia DX Clustera (kliknij by powi\u0119kszy\u0107)<\/p>\n<p><a href=\"https:\/\/so3z.com\/files\/img\/05.JPG\"><img decoding=\"async\" style=\"width: 650px;\" src=\"https:\/\/so3z.com\/files\/img\/05.JPG\" alt=\"\" \/><\/a><\/p>\n<p>4. Filtry DX Clustera (kliknij by powi\u0119kszy\u0107)<\/p>\n<p><a href=\"https:\/\/so3z.com\/files\/img\/06.JPG\"><img decoding=\"async\" style=\"width: 650px;\" src=\"https:\/\/so3z.com\/files\/img\/06.JPG\" alt=\"\" \/><\/a><br \/>\n<a href=\"https:\/\/so3z.com\/files\/img\/07.JPG\"><img decoding=\"async\" style=\"width: 650px;\" src=\"https:\/\/so3z.com\/files\/img\/07.JPG\" alt=\"\" \/><\/a><\/p>\n<p>5. Alarmy DX Clustera (kliknij by powi\u0119kszy\u0107)<\/p>\n<p><a href=\"https:\/\/so3z.com\/files\/img\/08.JPG\"><img decoding=\"async\" style=\"width: 650px;\" src=\"https:\/\/so3z.com\/files\/img\/08.JPG\" alt=\"\" \/><\/a><\/p>\n<p>6. \u015aledzenie i alarmy dla znak\u00f3w w DX Clusterze (kliknij by powi\u0119kszy\u0107)<\/p>\n<p><a href=\"https:\/\/so3z.com\/files\/img\/09.JPG\"><img decoding=\"async\" style=\"width: 650px;\" src=\"https:\/\/so3z.com\/files\/img\/09.JPG\" alt=\"\" \/><\/a><\/p>\n<p>7. Informacje o znaku (kliknij by powi\u0119kszy\u0107)<\/p>\n<p><a href=\"https:\/\/so3z.com\/files\/img\/10.JPG\"><img decoding=\"async\" src=\"https:\/\/so3z.com\/files\/img\/10.JPG\" alt=\"\" \/><\/a><\/p>\n<p>8. DX Cluster (kliknij by powi\u0119kszy\u0107)<\/p>\n<p><a href=\"https:\/\/so3z.com\/files\/img\/11.JPG\"><img decoding=\"async\" style=\"width: 650px;\" src=\"https:\/\/so3z.com\/files\/img\/11.JPG\" alt=\"\" \/><\/a><br \/>\n<a href=\"https:\/\/so3z.com\/files\/img\/12.JPG\"><img decoding=\"async\" style=\"width: 650px;\" src=\"https:\/\/so3z.com\/files\/img\/12.JPG\" alt=\"\" \/><\/a><\/p>\n<p>9. ON4KST chat (kliknij by powi\u0119kszy\u0107)<\/p>\n<p><a href=\"https:\/\/so3z.com\/files\/img\/13.JPG\"><img decoding=\"async\" style=\"width: 650px;\" src=\"https:\/\/so3z.com\/files\/img\/13.JPG\" alt=\"\" \/><\/a><br \/>\n<a href=\"https:\/\/so3z.com\/files\/img\/14.JPG\"><img decoding=\"async\" style=\"width: 650px;\" src=\"https:\/\/so3z.com\/files\/img\/14.JPG\" alt=\"\" \/><\/a><\/p>\n<p>by uzyska\u0107 pomoc wystarczy wpisa\u0107 w oknie wysy\u0142ania kst <span style=\"font-style: italic;\">\/help<\/span> wy\u015bwietli si\u0119 nam lista komend<\/p>\n<p>10. ustawienia MUF (kliknij by powi\u0119kszy\u0107)<\/p>\n<p><a href=\"https:\/\/so3z.com\/files\/img\/15.JPG\"><img decoding=\"async\" style=\"width: 650px;\" src=\"https:\/\/so3z.com\/files\/img\/15.JPG\" alt=\"\" \/><\/a><\/p>\n<p>11. Mapy &#8211; ustawienia (kliknij by powi\u0119kszy\u0107)<\/p>\n<p><a href=\"https:\/\/so3z.com\/files\/img\/16.JPG\"><img decoding=\"async\" style=\"width: 650px;\" src=\"https:\/\/so3z.com\/files\/img\/16.JPG\" alt=\"\" \/><\/a><br \/>\n<a href=\"https:\/\/so3z.com\/files\/img\/17.JPG\"><img decoding=\"async\" style=\"width: 650px;\" src=\"https:\/\/so3z.com\/files\/img\/17.JPG\" alt=\"\" \/><\/a><br \/>\n<a href=\"https:\/\/so3z.com\/files\/img\/zorza3.PNG\"><img decoding=\"async\" style=\"width: 650px;\" src=\"https:\/\/so3z.com\/files\/img\/zorza3.PNG\" alt=\"\" \/><\/a><br \/>\n<a href=\"https:\/\/so3z.com\/files\/img\/19.JPG\"><img decoding=\"async\" style=\"width: 650px;\" src=\"https:\/\/so3z.com\/files\/img\/19.JPG\" alt=\"\" \/><\/a><\/p>\n<p>12. inne (kliknij by powi\u0119kszy\u0107)<\/p>\n<p><a href=\"https:\/\/so3z.com\/files\/img\/18.JPG\"><img decoding=\"async\" style=\"width: 650px;\" src=\"https:\/\/so3z.com\/files\/img\/18.JPG\" alt=\"\" \/><\/a><\/p>\n<hr \/>\n<p>Instalacja na (x)Ubuntu 12.04 LTS<\/p>\n<p>LiveMUF v7 na LINUXie<br \/>\nDave G7RAU odpali\u0142 LiveMUF na Debianie 6 z Gnomem, czasem wyst\u0119puj\u0105 b\u0142\u0119dy ale wszystkie niezb\u0119dne funkcje dzia\u0142aj\u0105.<br \/>\nDave sugeruje u\u017cywanie bazy danych MySQL ze wzgl\u0119du na szybko\u015b\u0107 dzia\u0142ania (przynajmniej 120 spot\u00f3w na sekund\u0119!).<br \/>\nSQLite te\u017c dzia\u0142a to z kolei ja potwierdzam. Przy czym Dave zaznacza, \u017ce SQLite bywa niestabilny przy du\u017cym obci\u0105\u017ceniu.<\/p>\n<p>Podstawowe informacje.<br \/>\nNale\u017cy upewni\u0107 si\u0119, \u017ce tw\u00f3j system linux ma zainstalowane mono.<br \/>\nWymagane zale\u017cno\u015bci i paczki:<\/p>\n<p><em>mono-runtime<br \/>\nmono-gac<br \/>\nmono-2.0.gac<br \/>\nmono-vbnc<br \/>\nlibgdiplus<\/em><\/p>\n<p>Nale\u017cy si\u0119 upewni\u0107, \u017ce w naszym systemie mamy zainstalowane SQLite3 \/ MySQL \/ 7z (Live MUF u\u017cywa 7za podczas aktualizacji)<\/p>\n<p>Pobierz i rozpakuj live_mufV7.exe do katalogu w kt\u00f3rym chcesz uruchamia\u0107 program. Upewnij si\u0119, \u017ce masz prawa zapisu do tego katalogu. Program live_mufV7.exe powien si\u0119 otwaorzy\u0107 w menad\u017cerze archiw\u00f3w &#8211; to po prostu plik wykonywalny 7z.<\/p>\n<p>Pobierz biblioteki dll przygotowane dla Linuxa i nadpisz istniej\u0105ce o identycznej nazwie w katalogu LiveMUF.<\/p>\n<p>W terminalu w katalogu w kt\u00f3rym mamy LiveMUFa wykonujemy polecenie <em> &#8222;mono Live_MUF.exe&#8221;<\/em> lub <em>&#8222;.\/Live_MUF.exe&#8221;<\/em> &#8211; przy czym druga komenda mo\u017ce automatycznie odpali\u0107 program poprzez wine co spowoduje zwieszenie si\u0119 programu.<\/p>\n<p>Podczas pierwszego uruchomienia w oknie konfiguracyjnym w &#8222;user details&#8221; musimy zaznaczy\u0107 &#8222;Running in Linux&#8221;<br \/>\nW ustawieniach map nale\u017cy zaznaczy\u0107 uk\u0142ad wsp\u00f3\u0142rz\u0119dnych WGS84<br \/>\nWy\u0142\u0105cza\u0107 program nale\u017cy poprzez Menu File -&gt; Exit<br \/>\nW ustawieniach Buffers \/ Fonts nale\u017cy zmieni\u0107 czcionk\u0119 na Courier 10 lub podobn\u0105.<br \/>\nAktualizacja programu odbywa si\u0119 tylko manualnie, nale\u017cy pami\u0119ta\u0107 o zachowaniu bibliotek MySql.Data.dll System.Data.SQLite.dll pobranych wcze\u015bniej dla Linuxa.<\/p>\n<p><a href=\"https:\/\/so3z.com\/wp-content\/uploads\/2014\/03\/livemuf-linux.jpg\"><img loading=\"lazy\" decoding=\"async\" class=\"alignnone size-medium wp-image-1379\" title=\"livemuf-linux\" src=\"https:\/\/so3z.com\/wp-content\/uploads\/2014\/03\/livemuf-linux-300x106.jpg\" alt=\"\" width=\"500\" height=\"206\" \/><\/a><\/p>\n","protected":false},"excerpt":{"rendered":"<p>Kr\u00f3tki opis i charakterystyka. Program LiveMUF stworzony prze Dave&#8217;a G7RAU jest aplikacj\u0105 bezp\u0142atn\u0105 dost\u0119pn\u0105 TUTAJ. Jest to znakomity program przydatny przede wszystkim na pasmach VHF+. W jednym oknie mamy dost\u0119p do DX Clustera, czat\u00f3w ON4KST, oraz bardzo przydatnych map, kt\u00f3re maj\u0105 bardzo du\u017ce mo\u017cliwo\u015bci konfiguracji. Mapy mog\u0105 obejmowa\u0107 wszystkie pasma i emisje razem, b\u0105d\u017a mo\u017cna &hellip; <a href=\"https:\/\/so3z.com\/?page_id=1317\" class=\"more-link\">Czytaj dalej <span class=\"screen-reader-text\">LiveMUF<\/span> <span class=\"meta-nav\">&rarr;<\/span><\/a><\/p>\n","protected":false},"author":1,"featured_media":0,"parent":3857,"menu_order":0,"comment_status":"open","ping_status":"open","template":"","meta":{"footnotes":""},"class_list":["post-1317","page","type-page","status-publish","hentry"],"_links":{"self":[{"href":"https:\/\/so3z.com\/index.php?rest_route=\/wp\/v2\/pages\/1317","targetHints":{"allow":["GET"]}}],"collection":[{"href":"https:\/\/so3z.com\/index.php?rest_route=\/wp\/v2\/pages"}],"about":[{"href":"https:\/\/so3z.com\/index.php?rest_route=\/wp\/v2\/types\/page"}],"author":[{"embeddable":true,"href":"https:\/\/so3z.com\/index.php?rest_route=\/wp\/v2\/users\/1"}],"replies":[{"embeddable":true,"href":"https:\/\/so3z.com\/index.php?rest_route=%2Fwp%2Fv2%2Fcomments&post=1317"}],"version-history":[{"count":21,"href":"https:\/\/so3z.com\/index.php?rest_route=\/wp\/v2\/pages\/1317\/revisions"}],"predecessor-version":[{"id":4187,"href":"https:\/\/so3z.com\/index.php?rest_route=\/wp\/v2\/pages\/1317\/revisions\/4187"}],"up":[{"embeddable":true,"href":"https:\/\/so3z.com\/index.php?rest_route=\/wp\/v2\/pages\/3857"}],"wp:attachment":[{"href":"https:\/\/so3z.com\/index.php?rest_route=%2Fwp%2Fv2%2Fmedia&parent=1317"}],"curies":[{"name":"wp","href":"https:\/\/api.w.org\/{rel}","templated":true}]}}