{"id":1322,"date":"2014-03-24T08:51:01","date_gmt":"2014-03-24T07:51:01","guid":{"rendered":"http:\/\/so3z.com\/?page_id=1322"},"modified":"2021-02-07T23:57:30","modified_gmt":"2021-02-07T22:57:30","slug":"hrd-ic-275","status":"publish","type":"page","link":"https:\/\/so3z.com\/?page_id=1322","title":{"rendered":"HRD + IC-275"},"content":{"rendered":"<p><span style=\"font-weight: bold; font-family: arial;\">Ham Radio Deluxe i Icom IC-275a. Zdalne sterowanie TRXem.<\/span><\/p>\n<p><span style=\"font-family: verdana;\">1. Pobieramy wersj\u0119 4.1 ze strony <a href=\"http:\/\/mannindustries.net\/hrd\/HRD4.0SP5\/HRDv041b2321_Full.exe\">www HRD<\/a><br \/>\n<span style=\"font-family: verdana;\">2. Pod\u0142\u0105czamy nasz kabel CAT, we w\u0142a\u015bciwo\u015bciach sterownika ustawiamy pr\u0119dko\u015b\u0107 transmisji na 9600 bps. <\/span><br \/>\n<span style=\"font-family: verdana;\">3. Nasz TRX w \u015brodku na dip-switchu musi by\u0107 odpowiednio ustawiony na transmisj\u0119 9600bps, szczeg\u00f3\u0142y w <a href=\"http:\/\/www.blogger.com\/www.icom.co.jp\/world\/support\/download\/manual\/pdf\/IC-275A_E.pdf\">manualu<\/a>.<\/span><br \/>\n<span style=\"font-family: verdana;\">4. Po odpaleniu HRD, w ustawieniach wybieramy ICOM, IC-725, nasz numer portu COM w moim przypadku COM8, szybko\u015b\u0107 transmisji 9600, i adres ci-v 10.<\/span><\/span><\/p>\n<p>Wszystkie funkcje zawarte w ci-v reference manual dzia\u0142aj\u0105.<br \/>\nNiestety jest to stara wersja cata i np funkcja split jest nie dost\u0119pna za po\u015brednictwem hrd.<\/p>\n","protected":false},"excerpt":{"rendered":"<p>Ham Radio Deluxe i Icom IC-275a. Zdalne sterowanie TRXem. 1. Pobieramy wersj\u0119 4.1 ze strony www HRD 2. Pod\u0142\u0105czamy nasz kabel CAT, we w\u0142a\u015bciwo\u015bciach sterownika ustawiamy pr\u0119dko\u015b\u0107 transmisji na 9600 bps. 3. Nasz TRX w \u015brodku na dip-switchu musi by\u0107 odpowiednio ustawiony na transmisj\u0119 9600bps, szczeg\u00f3\u0142y w manualu. 4. Po odpaleniu HRD, w ustawieniach wybieramy &hellip; <a href=\"https:\/\/so3z.com\/?page_id=1322\" class=\"more-link\">Czytaj dalej <span class=\"screen-reader-text\">HRD + IC-275<\/span> <span class=\"meta-nav\">&rarr;<\/span><\/a><\/p>\n","protected":false},"author":1,"featured_media":0,"parent":3857,"menu_order":0,"comment_status":"open","ping_status":"open","template":"","meta":{"footnotes":""},"class_list":["post-1322","page","type-page","status-publish","hentry"],"_links":{"self":[{"href":"https:\/\/so3z.com\/index.php?rest_route=\/wp\/v2\/pages\/1322","targetHints":{"allow":["GET"]}}],"collection":[{"href":"https:\/\/so3z.com\/index.php?rest_route=\/wp\/v2\/pages"}],"about":[{"href":"https:\/\/so3z.com\/index.php?rest_route=\/wp\/v2\/types\/page"}],"author":[{"embeddable":true,"href":"https:\/\/so3z.com\/index.php?rest_route=\/wp\/v2\/users\/1"}],"replies":[{"embeddable":true,"href":"https:\/\/so3z.com\/index.php?rest_route=%2Fwp%2Fv2%2Fcomments&post=1322"}],"version-history":[{"count":10,"href":"https:\/\/so3z.com\/index.php?rest_route=\/wp\/v2\/pages\/1322\/revisions"}],"predecessor-version":[{"id":3872,"href":"https:\/\/so3z.com\/index.php?rest_route=\/wp\/v2\/pages\/1322\/revisions\/3872"}],"up":[{"embeddable":true,"href":"https:\/\/so3z.com\/index.php?rest_route=\/wp\/v2\/pages\/3857"}],"wp:attachment":[{"href":"https:\/\/so3z.com\/index.php?rest_route=%2Fwp%2Fv2%2Fmedia&parent=1322"}],"curies":[{"name":"wp","href":"https:\/\/api.w.org\/{rel}","templated":true}]}}