{"id":134,"date":"2010-09-15T13:16:46","date_gmt":"2010-09-15T12:16:46","guid":{"rendered":"http:\/\/so3z.sp3iym.com\/?page_id=134"},"modified":"2022-02-07T10:33:24","modified_gmt":"2022-02-07T09:33:24","slug":"4x-6el-dk7zb","status":"publish","type":"page","link":"https:\/\/so3z.com\/?page_id=134","title":{"rendered":"8el OWL 144MHz"},"content":{"rendered":"<p><strong><a href=\"https:\/\/www.qsl.net\/dk7zb\/images\/LFA\/8LFAD.htm\">8el OWL 144MHz<\/a> (<a href=\"https:\/\/www.g0ksc.co.uk\/144mhz-lfa-yagis\/8el-144mhz-ln-lfa.html\"> bazuje w ca\u0142o\u015bci na antenie Justina G0KSC 8el LFA<\/a>)<br \/>\nZysk:<\/strong> 11dBd<br \/>\n<strong>T\u0142umienie prz\u00f3d\/ty\u0142 oko\u0142o:<\/strong> 27dB<br \/>\n<strong>D\u0142ugo\u015b\u0107 no\u015bnika:<\/strong> 3,8 m<\/p>\n<p>Jest to antena opublikowana na stronie Martina DK7ZB, jednak jest to tak naprawd\u0119 antena Justina G0KSC 8el LFA z modyfikacj\u0105 polegaj\u0105c\u0105 na usuni\u0119ciu le\u017c\u0105cej p\u0119tli LFA i przeliczeniu dipola prostego.<\/p>\n<div>\n<div style=\"float: left; width: 50%;\">Charakterystyka promieniowania w horyzoncie dipol prosty<br \/>\n<img decoding=\"async\" src=\"https:\/\/www.qsl.net\/d\/dk7zb\/images\/LFA\/LFAD-hor.gif\" alt=\"\" \/><\/div>\n<div style=\"float: left; width: 50%;\">Charakterystyka promieniowania w elewacji dipol prosty<br \/>\n<img decoding=\"async\" src=\"https:\/\/www.qsl.net\/d\/dk7zb\/images\/LFA\/LFAD-ver.gif\" alt=\"\" \/><\/div>\n<\/div>\n<h2>wymiary anteny 8el OWL z dipolem p\u0119tlowym<\/h2>\n<p>&nbsp;<\/p>\n<table border=\"2\">\n<tbody>\n<tr>\n<td align=\"center\" bgcolor=\"\"><b>Ref<\/b><\/td>\n<td align=\"center\" bgcolor=\"\"><b>Rad<\/b><\/td>\n<td align=\"center\" bgcolor=\"\"><b>D 1<\/b><\/td>\n<td align=\"center\" bgcolor=\"\"><b>D 2<\/b><\/td>\n<td align=\"center\" bgcolor=\"\"><b>D 3<\/b><\/td>\n<td align=\"center\" bgcolor=\"\"><b>D 4<\/b><\/td>\n<td align=\"center\" bgcolor=\"\"><b>D 5<\/b><\/td>\n<td align=\"center\" bgcolor=\"\"><b>D 6<\/b><\/td>\n<\/tr>\n<tr>\n<td align=\"center\" bgcolor=\"\">0 mm<\/td>\n<td align=\"center\" bgcolor=\"\">175 mm<\/td>\n<td align=\"center\" bgcolor=\"\">430 mm<\/td>\n<td align=\"center\" bgcolor=\"\">860 mm<\/td>\n<td align=\"center\" bgcolor=\"\">1460 mm<\/td>\n<td align=\"center\" bgcolor=\"\">2190 mm<\/td>\n<td align=\"center\" bgcolor=\"\">2985 mm<\/td>\n<td align=\"center\" bgcolor=\"\">3730 mm<\/td>\n<\/tr>\n<\/tbody>\n<\/table>\n<p><b>Elementy 8 lub 10 mm, Radiator 12 mm<\/b><\/p>\n<table border=\"2\">\n<tbody>\n<tr>\n<td align=\"center\" bgcolor=\"\"><b>\u015arednica<\/b><\/td>\n<td align=\"center\" bgcolor=\"\"><b>Ref<\/b><\/td>\n<td align=\"center\" bgcolor=\"\"><b>Rad<\/b><\/td>\n<td align=\"center\" bgcolor=\"\"><b>D 1<\/b><\/td>\n<td align=\"center\" bgcolor=\"\"><b>D 2<\/b><\/td>\n<td align=\"center\" bgcolor=\"\"><b>D 3<\/b><\/td>\n<td align=\"center\" bgcolor=\"\"><b>D 4<\/b><\/td>\n<td align=\"center\" bgcolor=\"\"><b>D 5<\/b><\/td>\n<td align=\"center\" bgcolor=\"\"><b>D 6<\/b><\/td>\n<\/tr>\n<tr>\n<td align=\"center\" bgcolor=\"\">8 mm<\/td>\n<td align=\"center\" bgcolor=\"\">1022 mm<\/td>\n<td align=\"center\" bgcolor=\"\">&#8211;<\/td>\n<td align=\"center\" bgcolor=\"\">957 mm<\/td>\n<td align=\"center\" bgcolor=\"\">933 mm<\/td>\n<td align=\"center\" bgcolor=\"\">912 mm<\/td>\n<td align=\"center\" bgcolor=\"\">887 mm<\/td>\n<td align=\"center\" bgcolor=\"\">854 mm<\/td>\n<td align=\"center\" bgcolor=\"\">820 mm<\/td>\n<\/tr>\n<tr>\n<td align=\"center\" bgcolor=\"\">10 mm<\/td>\n<td align=\"center\" bgcolor=\"\">1020 mm<\/td>\n<td align=\"center\" bgcolor=\"\">&#8211;<\/td>\n<td align=\"center\" bgcolor=\"\">953 mm<\/td>\n<td align=\"center\" bgcolor=\"\">927 mm<\/td>\n<td align=\"center\" bgcolor=\"\">905 mm<\/td>\n<td align=\"center\" bgcolor=\"\">879 mm<\/td>\n<td align=\"center\" bgcolor=\"\">846 mm<\/td>\n<td align=\"center\" bgcolor=\"\">811 mm<\/td>\n<\/tr>\n<\/tbody>\n<\/table>\n<p>Boom aluminiowy kwadrat 20x20mm ze \u015bciank\u0105 1.5mm lub 2mm. ostatnich element\u00f3w nie nale\u017cy montowa\u0107 na samym skraju no\u015bnika, ale pozostawi\u0107 z 2cm z ka\u017cdej strony &#8211; od pierwszego i ostatniego elementu.<br \/>\nWymiary dipola p\u0119tlowego wyliczy\u0142 Ryszard SP9FYS.<br \/>\nDipol p\u0119tlowy do kupienia \/ zam\u00f3wienia u Krzysztofa SQ9PUT<\/p>\n<p><a href=\"https:\/\/so3z.com\/wp-content\/uploads\/2010\/09\/folded-8elOWL.jpg\"><img loading=\"lazy\" decoding=\"async\" class=\"alignnone size-medium wp-image-1184\" title=\"folded-8elOWL\" src=\"https:\/\/so3z.com\/wp-content\/uploads\/2010\/09\/folded-8elOWL-300x140.jpg\" alt=\"\" width=\"300\" height=\"140\" srcset=\"https:\/\/so3z.com\/wp-content\/uploads\/2010\/09\/folded-8elOWL-300x140.jpg 300w, https:\/\/so3z.com\/wp-content\/uploads\/2010\/09\/folded-8elOWL-1024x477.jpg 1024w, https:\/\/so3z.com\/wp-content\/uploads\/2010\/09\/folded-8elOWL.jpg 1155w\" sizes=\"auto, (max-width: 300px) 100vw, 300px\" \/><\/a><\/p>\n<p>P\u0119tl\u0119 montujemy na no\u015bniku w taki spos\u00f3b jak na zdj\u0119ciu. G\u00f3rny element p\u0119tli powinien by\u0107 w linii z pozosta\u0142ymi elementami. Dolny do kt\u00f3rego pod\u0142\u0105czamy choke balun pod no\u015bnikiem. (Antena u SQ3PCL)<br \/>\n<a href=\"https:\/\/so3z.com\/wp-content\/uploads\/2021\/02\/IMG_0052-scaled.jpg\"><img loading=\"lazy\" decoding=\"async\" class=\"alignnone size-large wp-image-3861\" src=\"https:\/\/so3z.com\/wp-content\/uploads\/2021\/02\/IMG_0052-1024x768.jpg\" alt=\"\" width=\"474\" height=\"356\" srcset=\"https:\/\/so3z.com\/wp-content\/uploads\/2021\/02\/IMG_0052-1024x768.jpg 1024w, https:\/\/so3z.com\/wp-content\/uploads\/2021\/02\/IMG_0052-300x225.jpg 300w, https:\/\/so3z.com\/wp-content\/uploads\/2021\/02\/IMG_0052-768x576.jpg 768w, https:\/\/so3z.com\/wp-content\/uploads\/2021\/02\/IMG_0052-1536x1152.jpg 1536w, https:\/\/so3z.com\/wp-content\/uploads\/2021\/02\/IMG_0052-2048x1536.jpg 2048w\" sizes=\"auto, (max-width: 474px) 100vw, 474px\" \/><\/a><\/p>\n<p>&nbsp;<\/p>\n<p><a href=\"https:\/\/so3z.com\/wp-content\/uploads\/2010\/09\/IMG_9692.jpg\"><img loading=\"lazy\" decoding=\"async\" class=\"alignnone size-medium wp-image-1953\" title=\"IMG_9692\" src=\"https:\/\/so3z.com\/wp-content\/uploads\/2010\/09\/IMG_9692-300x225.jpg\" alt=\"\" width=\"300\" height=\"225\" srcset=\"https:\/\/so3z.com\/wp-content\/uploads\/2010\/09\/IMG_9692-300x225.jpg 300w, https:\/\/so3z.com\/wp-content\/uploads\/2010\/09\/IMG_9692.jpg 816w\" sizes=\"auto, (max-width: 300px) 100vw, 300px\" \/><\/a><a href=\"https:\/\/so3z.com\/wp-content\/uploads\/2010\/09\/IMG_9750.jpg\"><img loading=\"lazy\" decoding=\"async\" class=\"alignnone size-medium wp-image-2038\" title=\"IMG_9750\" src=\"https:\/\/so3z.com\/wp-content\/uploads\/2010\/09\/IMG_9750-300x225.jpg\" alt=\"\" width=\"300\" height=\"225\" srcset=\"https:\/\/so3z.com\/wp-content\/uploads\/2010\/09\/IMG_9750-300x225.jpg 300w, https:\/\/so3z.com\/wp-content\/uploads\/2010\/09\/IMG_9750.jpg 912w\" sizes=\"auto, (max-width: 300px) 100vw, 300px\" \/><\/a><br \/>\n<a href=\"https:\/\/so3z.com\/wp-content\/uploads\/2010\/09\/IMG_9766.jpg\"><img loading=\"lazy\" decoding=\"async\" class=\"alignnone size-medium wp-image-2033\" title=\"IMG_9766\" src=\"https:\/\/so3z.com\/wp-content\/uploads\/2010\/09\/IMG_9766-300x225.jpg\" alt=\"\" width=\"300\" height=\"225\" srcset=\"https:\/\/so3z.com\/wp-content\/uploads\/2010\/09\/IMG_9766-300x225.jpg 300w, https:\/\/so3z.com\/wp-content\/uploads\/2010\/09\/IMG_9766.jpg 816w\" sizes=\"auto, (max-width: 300px) 100vw, 300px\" \/><\/a><a href=\"https:\/\/so3z.com\/wp-content\/uploads\/2010\/09\/IMG_9756.jpg\"><img loading=\"lazy\" decoding=\"async\" class=\"alignnone size-medium wp-image-2039\" title=\"IMG_9756\" src=\"https:\/\/so3z.com\/wp-content\/uploads\/2010\/09\/IMG_9756-300x225.jpg\" alt=\"\" width=\"300\" height=\"225\" srcset=\"https:\/\/so3z.com\/wp-content\/uploads\/2010\/09\/IMG_9756-300x225.jpg 300w, https:\/\/so3z.com\/wp-content\/uploads\/2010\/09\/IMG_9756.jpg 816w\" sizes=\"auto, (max-width: 300px) 100vw, 300px\" \/><\/a><br \/>\n<a href=\"https:\/\/so3z.com\/wp-content\/uploads\/2010\/09\/IMG_9762.jpg\"><img loading=\"lazy\" decoding=\"async\" class=\"alignnone size-medium wp-image-2042\" title=\"IMG_9762\" src=\"https:\/\/so3z.com\/wp-content\/uploads\/2010\/09\/IMG_9762-225x300.jpg\" alt=\"\" width=\"225\" height=\"300\" srcset=\"https:\/\/so3z.com\/wp-content\/uploads\/2010\/09\/IMG_9762-225x300.jpg 225w, https:\/\/so3z.com\/wp-content\/uploads\/2010\/09\/IMG_9762.jpg 480w\" sizes=\"auto, (max-width: 225px) 100vw, 225px\" \/><\/a><a href=\"https:\/\/so3z.com\/wp-content\/uploads\/2010\/09\/IMG_9749.jpg\"><img loading=\"lazy\" decoding=\"async\" class=\"alignnone size-medium wp-image-2043\" title=\"IMG_9749\" src=\"https:\/\/so3z.com\/wp-content\/uploads\/2010\/09\/IMG_9749-300x225.jpg\" alt=\"\" width=\"300\" height=\"225\" srcset=\"https:\/\/so3z.com\/wp-content\/uploads\/2010\/09\/IMG_9749-300x225.jpg 300w, https:\/\/so3z.com\/wp-content\/uploads\/2010\/09\/IMG_9749.jpg 912w\" sizes=\"auto, (max-width: 300px) 100vw, 300px\" \/><\/a><br \/>\nW moim przypadku choke balun by\u0142 zrobiony kablem RF-5 lub RF-240 &#8211; 5 zwoj\u00f3w nawini\u0119tych na rurce PCV 20mm ko\u0144c\u00f3wki po\u0142\u0105czeniowe od strony dipola jak najkr\u00f3tsze. Wynik wida\u0107 na zdj\u0119ciu z MFJotem.<br \/>\nOczywi\u015bcie rodzaj zastosowanego kabla wp\u0142ywa na maksymaln\u0105 przenoszon\u0105 moc. Mo\u017cna u\u017cy\u0107 50Ohmowego kabla teflonowego \/ srebrzonego o odpowiedniej \u015brednicy lub nawet semi-rigid.<br \/>\n\u015aruba 3mm przechodzi przez elementy oraz no\u015bnik, najlepiej by \u015bruba jak i nakr\u0119tka by\u0142y nierdzewne.<br \/>\nPodk\u0142adki-izolatory typu DK7ZB do kupienia u Henryka SP6GWN e-mail: sp6gwn@wp.pl<\/p>\n<p>Na koniec dodam, \u017ce antena z dipolem p\u0119tlowym zawsze b\u0119dzie cichsza i stabilniejsza od dipola prostego.<br \/>\nGdyby\u015b mia\u0142 problem z zestrojeniem anteny, sprawd\u017a spos\u00f3b podlutowania choke baluna do dipola jak i gniazda N. To nie KF, to VHF tutaj po\u0142\u0105czenia musz\u0105 by\u0107 najkr\u00f3tsze z mo\u017cliwych !<br \/>\nZabezpiecz dobrze choke balun i miejsce po\u0142aczenia dipol &#8211; balun &#8211; gniazdo przed wilgoci\u0105.<br \/>\nAntena zawieszona na wysoko\u015bci od 6 metr\u00f3w nad gruntem lub dachem poka\u017ce sw\u00f3j potencja\u0142 dzi\u0119ki dodatkowemu zyskowi ziemi. Odleg\u0142os\u0107 stackowania jedna nad drug\u0105 2,17m lub 2,4m w zale\u017cno\u015bci co chcemy osi\u0105gn\u0105\u0107.<\/p>\n<hr \/>\n<hr \/>\n<h2>Budowa pierwszej wersji z dipolem prostym<\/h2>\n<p>Opis <a href=\"https:\/\/www.qsl.net\/d\/dk7zb\/images\/LFA\/8LFAD.htm\">anteny 8el 12.5Ohm <\/a><br \/>\nOpis <a href=\"https:\/\/www.mydarc.de\/dk7zb\/dk7zb-match.htm\">dopasowania<\/a><\/p>\n<h2><a href=\"https:\/\/so3z.com\/wp-content\/uploads\/2021\/02\/IMG_8116.jpg\"><img loading=\"lazy\" decoding=\"async\" class=\"alignnone size-large wp-image-3863\" src=\"https:\/\/so3z.com\/wp-content\/uploads\/2021\/02\/IMG_8116-1024x768.jpg\" alt=\"\" width=\"474\" height=\"356\" srcset=\"https:\/\/so3z.com\/wp-content\/uploads\/2021\/02\/IMG_8116-1024x768.jpg 1024w, https:\/\/so3z.com\/wp-content\/uploads\/2021\/02\/IMG_8116-300x225.jpg 300w, https:\/\/so3z.com\/wp-content\/uploads\/2021\/02\/IMG_8116-768x576.jpg 768w, https:\/\/so3z.com\/wp-content\/uploads\/2021\/02\/IMG_8116-1536x1152.jpg 1536w, https:\/\/so3z.com\/wp-content\/uploads\/2021\/02\/IMG_8116.jpg 2000w\" sizes=\"auto, (max-width: 474px) 100vw, 474px\" \/><\/a><\/h2>\n<h2>wymiary anteny 8el OWL z dipolem prostym oraz transformatorem impedancji<\/h2>\n<p>&nbsp;<\/p>\n<table border=\"2\">\n<tbody>\n<tr>\n<td align=\"center\" bgcolor=\"\"><b>Ref<\/b><\/td>\n<td align=\"center\" bgcolor=\"\"><b>Rad<\/b><\/td>\n<td align=\"center\" bgcolor=\"\"><b>D 1<\/b><\/td>\n<td align=\"center\" bgcolor=\"\"><b>D 2<\/b><\/td>\n<td align=\"center\" bgcolor=\"\"><b>D 3<\/b><\/td>\n<td align=\"center\" bgcolor=\"\"><b>D 4<\/b><\/td>\n<td align=\"center\" bgcolor=\"\"><b>D 5<\/b><\/td>\n<td align=\"center\" bgcolor=\"\"><b>D 6<\/b><\/td>\n<\/tr>\n<tr>\n<td align=\"center\" bgcolor=\"\">0 mm<\/td>\n<td align=\"center\" bgcolor=\"\">170 mm<\/td>\n<td align=\"center\" bgcolor=\"\">430 mm<\/td>\n<td align=\"center\" bgcolor=\"\">860 mm<\/td>\n<td align=\"center\" bgcolor=\"\">1460 mm<\/td>\n<td align=\"center\" bgcolor=\"\">2190 mm<\/td>\n<td align=\"center\" bgcolor=\"\">2985 mm<\/td>\n<td align=\"center\" bgcolor=\"\">3730 mm<\/td>\n<\/tr>\n<\/tbody>\n<\/table>\n<p><b>Elementy 8 lub 10 mm, Radiator 12 mm<\/b><\/p>\n<table border=\"2\">\n<tbody>\n<tr>\n<td align=\"center\" bgcolor=\"\"><b>\u015arednica<\/b><\/td>\n<td align=\"center\" bgcolor=\"\"><b>Ref<\/b><\/td>\n<td align=\"center\" bgcolor=\"\"><b>Rad<\/b><\/td>\n<td align=\"center\" bgcolor=\"\"><b>D 1<\/b><\/td>\n<td align=\"center\" bgcolor=\"\"><b>D 2<\/b><\/td>\n<td align=\"center\" bgcolor=\"\"><b>D 3<\/b><\/td>\n<td align=\"center\" bgcolor=\"\"><b>D 4<\/b><\/td>\n<td align=\"center\" bgcolor=\"\"><b>D 5<\/b><\/td>\n<td align=\"center\" bgcolor=\"\"><b>D 6<\/b><\/td>\n<\/tr>\n<tr>\n<td align=\"center\" bgcolor=\"\">8 mm<\/td>\n<td align=\"center\" bgcolor=\"\">1022 mm<\/td>\n<td align=\"center\" bgcolor=\"\">974 mm<\/td>\n<td align=\"center\" bgcolor=\"\">957 mm<\/td>\n<td align=\"center\" bgcolor=\"\">933 mm<\/td>\n<td align=\"center\" bgcolor=\"\">912 mm<\/td>\n<td align=\"center\" bgcolor=\"\">887 mm<\/td>\n<td align=\"center\" bgcolor=\"\">854 mm<\/td>\n<td align=\"center\" bgcolor=\"\">820 mm<\/td>\n<\/tr>\n<tr>\n<td align=\"center\" bgcolor=\"\">10 mm<\/td>\n<td align=\"center\" bgcolor=\"\">1020 mm<\/td>\n<td align=\"center\" bgcolor=\"\">974 mm<\/td>\n<td align=\"center\" bgcolor=\"\">953 mm<\/td>\n<td align=\"center\" bgcolor=\"\">927 mm<\/td>\n<td align=\"center\" bgcolor=\"\">905 mm<\/td>\n<td align=\"center\" bgcolor=\"\">879 mm<\/td>\n<td align=\"center\" bgcolor=\"\">846 mm<\/td>\n<td align=\"center\" bgcolor=\"\">811 mm<\/td>\n<\/tr>\n<\/tbody>\n<\/table>\n<p><a href=\"https:\/\/so3z.com\/wp-content\/uploads\/2010\/09\/ZB-match.gif\"><img loading=\"lazy\" decoding=\"async\" class=\"alignnone size-medium wp-image-2406\" title=\"image by Hartmut DG7YBN\" src=\"https:\/\/so3z.com\/wp-content\/uploads\/2010\/09\/ZB-match-300x208.gif\" alt=\"copyrights Hartmut DG7YBN\" width=\"300\" height=\"208\" srcset=\"https:\/\/so3z.com\/wp-content\/uploads\/2010\/09\/ZB-match-300x208.gif 300w, https:\/\/so3z.com\/wp-content\/uploads\/2010\/09\/ZB-match.gif 493w\" sizes=\"auto, (max-width: 300px) 100vw, 300px\" \/><\/a><br \/>\n<a href=\"https:\/\/dg7ybn.de\/\">image by Hartmut DG7YBN<\/a><\/p>\n<p>Dobrymi kablami do wykonania transformatora impedancji s\u0105 kable bez aluminium&#8230; \u0142atwiej lutowa\u0107. Ja u\u017cywa\u0142em H-1000 lub RF-7. Ka\u017cdy z nich ma inny wsp\u00f3\u0142czynnik skr\u00f3cenia i nale\u017cy sobie to samemu przeliczy\u0107.<br \/>\nTransformatora nie nale\u017cy zwija\u0107, najlepiej poprowadzi\u0107 go wzd\u0142u\u017c no\u015bnika i zako\u0144czy\u0107 gniazdem N zwartym mas\u0105 do no\u015bnika.<\/p>\n<hr \/>\n<p>&nbsp;<\/p>\n<p>dzi\u015b tzn. 29.09.2012 zako\u0144czy\u0142em budowa\u0107 pierwsz\u0105 sztuk\u0119 anteny 8el OWL. Por\u00f3wnywa\u0142em j\u0105 z anten\u0105 7el 28Ohm DK7ZB kt\u00f3ra ma analogiczny zysk i no\u015bnik 3,3m.<br \/>\nAntena 8el OWL ma znacznie mniejsze szumy, czytelno\u015b\u0107 s\u0142abych sygna\u0142\u00f3w znacznie lepsza, szeroko\u015b\u0107 wi\u0105zki w horyzoncie, t\u0142umienie prz\u00f3d\/ty\u0142, s\u0105 por\u00f3wnywalne.<br \/>\nZnacznie lepsze zsestrojenie i SWR w szerszym zakresie. W subpa\u015bmie przemiennikowym i satelitarnym SWR poni\u017cej 1.3, a w cz\u0119\u015bci SSB\/CW poni\u017cej 1.1 \ud83d\ude42<\/p>\n<p><strong><a href=\"https:\/\/goo.gl\/photos\/iuXjn1Ez6GtaWfcz8\">Mala galeria<\/a><br \/>\n<\/strong><\/p>\n<table style=\"height: 192px;\" width=\"5\">\n<tbody>\n<tr>\n<td><\/td>\n<td><\/td>\n<\/tr>\n<tr>\n<td><\/td>\n<td><\/td>\n<\/tr>\n<tr>\n<td><\/td>\n<td><\/td>\n<\/tr>\n<tr>\n<td><\/td>\n<td><\/td>\n<\/tr>\n<\/tbody>\n<\/table>\n<hr \/>\n<p><em><strong>Zestaw trzech anten jedna nad drug\u0105. (Vertical stack 3x 8el OWL DK7ZB) &#8211; symulacje Ryszard SP9FYS thx ! <\/strong><\/em><br \/>\nodleg\u0142o\u015b\u0107 mi\u0119dzy antenami pomi\u0119dzy 1,8 &#8211; 2,4m (V distance between antennas 1,8m &#8211; 2,4m)<br \/>\nKorzystna odleglo\u015b\u0107 to 2,17m (good distance is 2,17m)<\/p>\n<table>\n<tbody>\n<tr>\n<td><a href=\"https:\/\/so3z.com\/wp-content\/uploads\/2022\/02\/8-el-lafd2-3-stacked-18-22m.jpg\"><img loading=\"lazy\" decoding=\"async\" class=\"alignnone size-medium wp-image-4172\" src=\"https:\/\/so3z.com\/wp-content\/uploads\/2022\/02\/8-el-lafd2-3-stacked-18-22m-300x300.jpg\" alt=\"\" width=\"300\" height=\"300\" srcset=\"https:\/\/so3z.com\/wp-content\/uploads\/2022\/02\/8-el-lafd2-3-stacked-18-22m-300x300.jpg 300w, https:\/\/so3z.com\/wp-content\/uploads\/2022\/02\/8-el-lafd2-3-stacked-18-22m-150x150.jpg 150w, https:\/\/so3z.com\/wp-content\/uploads\/2022\/02\/8-el-lafd2-3-stacked-18-22m-768x768.jpg 768w, https:\/\/so3z.com\/wp-content\/uploads\/2022\/02\/8-el-lafd2-3-stacked-18-22m.jpg 785w\" sizes=\"auto, (max-width: 300px) 100vw, 300px\" \/><\/a><\/td>\n<td><a href=\"https:\/\/so3z.com\/wp-content\/uploads\/2022\/02\/8-el-lafd2-3-stacked-18-2.2-horiz.jpg\"><img loading=\"lazy\" decoding=\"async\" class=\"alignnone size-medium wp-image-4173\" src=\"https:\/\/so3z.com\/wp-content\/uploads\/2022\/02\/8-el-lafd2-3-stacked-18-2.2-horiz-300x300.jpg\" alt=\"\" width=\"300\" height=\"300\" srcset=\"https:\/\/so3z.com\/wp-content\/uploads\/2022\/02\/8-el-lafd2-3-stacked-18-2.2-horiz-300x300.jpg 300w, https:\/\/so3z.com\/wp-content\/uploads\/2022\/02\/8-el-lafd2-3-stacked-18-2.2-horiz-150x150.jpg 150w, https:\/\/so3z.com\/wp-content\/uploads\/2022\/02\/8-el-lafd2-3-stacked-18-2.2-horiz-768x768.jpg 768w, https:\/\/so3z.com\/wp-content\/uploads\/2022\/02\/8-el-lafd2-3-stacked-18-2.2-horiz.jpg 785w\" sizes=\"auto, (max-width: 300px) 100vw, 300px\" \/><\/a><\/td>\n<\/tr>\n<tr>\n<td><a href=\"https:\/\/so3z.com\/wp-content\/uploads\/2022\/02\/8-el-lafd2-3-stacked-3x-real-horiz.jpg\"><img loading=\"lazy\" decoding=\"async\" class=\"alignnone size-medium wp-image-4174\" src=\"https:\/\/so3z.com\/wp-content\/uploads\/2022\/02\/8-el-lafd2-3-stacked-3x-real-horiz-300x300.jpg\" alt=\"\" width=\"300\" height=\"300\" srcset=\"https:\/\/so3z.com\/wp-content\/uploads\/2022\/02\/8-el-lafd2-3-stacked-3x-real-horiz-300x300.jpg 300w, https:\/\/so3z.com\/wp-content\/uploads\/2022\/02\/8-el-lafd2-3-stacked-3x-real-horiz-150x150.jpg 150w, https:\/\/so3z.com\/wp-content\/uploads\/2022\/02\/8-el-lafd2-3-stacked-3x-real-horiz-768x768.jpg 768w, https:\/\/so3z.com\/wp-content\/uploads\/2022\/02\/8-el-lafd2-3-stacked-3x-real-horiz.jpg 785w\" sizes=\"auto, (max-width: 300px) 100vw, 300px\" \/><\/a><\/td>\n<td><a href=\"https:\/\/so3z.com\/wp-content\/uploads\/2022\/02\/8-el-lafd2-stacked-3x-vert.jpg\"><img loading=\"lazy\" decoding=\"async\" class=\"alignnone size-medium wp-image-4175\" src=\"https:\/\/so3z.com\/wp-content\/uploads\/2022\/02\/8-el-lafd2-stacked-3x-vert-300x300.jpg\" alt=\"\" width=\"300\" height=\"300\" srcset=\"https:\/\/so3z.com\/wp-content\/uploads\/2022\/02\/8-el-lafd2-stacked-3x-vert-300x300.jpg 300w, https:\/\/so3z.com\/wp-content\/uploads\/2022\/02\/8-el-lafd2-stacked-3x-vert-150x150.jpg 150w, https:\/\/so3z.com\/wp-content\/uploads\/2022\/02\/8-el-lafd2-stacked-3x-vert-768x768.jpg 768w, https:\/\/so3z.com\/wp-content\/uploads\/2022\/02\/8-el-lafd2-stacked-3x-vert.jpg 785w\" sizes=\"auto, (max-width: 300px) 100vw, 300px\" \/><\/a><\/td>\n<\/tr>\n<\/tbody>\n<\/table>\n<hr \/>\n<p><em><strong>Zestaw czterech anten w uk\u0142adzie H (EME). ( H stack 4x 8el OWL DK7ZB) &#8211; symulacje Ryszard SP9FYS thx ! <\/strong><\/em><br \/>\nKorzystna odleglo\u015b\u0107 to V = 2,17m H = 2.32m (good distance is V 2,17m H 2.32m)<\/p>\n<table>\n<tbody>\n<tr>\n<td><img loading=\"lazy\" decoding=\"async\" class=\"alignnone size-medium wp-image-4176\" src=\"https:\/\/so3z.com\/wp-content\/uploads\/2022\/02\/8-el-lafd2-4-stacked-h-300x300.jpg\" alt=\"\" width=\"300\" height=\"300\" srcset=\"https:\/\/so3z.com\/wp-content\/uploads\/2022\/02\/8-el-lafd2-4-stacked-h-300x300.jpg 300w, https:\/\/so3z.com\/wp-content\/uploads\/2022\/02\/8-el-lafd2-4-stacked-h-150x150.jpg 150w, https:\/\/so3z.com\/wp-content\/uploads\/2022\/02\/8-el-lafd2-4-stacked-h.jpg 690w\" sizes=\"auto, (max-width: 300px) 100vw, 300px\" \/><\/a><\/td>\n<td><a href=\"https:\/\/so3z.com\/wp-content\/uploads\/2022\/02\/8-el-lafd2-4-stacked-V.jpg\"><img loading=\"lazy\" decoding=\"async\" class=\"alignnone size-medium wp-image-4177\" src=\"https:\/\/so3z.com\/wp-content\/uploads\/2022\/02\/8-el-lafd2-4-stacked-V-300x300.jpg\" alt=\"\" width=\"300\" height=\"300\" srcset=\"https:\/\/so3z.com\/wp-content\/uploads\/2022\/02\/8-el-lafd2-4-stacked-V-300x300.jpg 300w, https:\/\/so3z.com\/wp-content\/uploads\/2022\/02\/8-el-lafd2-4-stacked-V-150x150.jpg 150w, https:\/\/so3z.com\/wp-content\/uploads\/2022\/02\/8-el-lafd2-4-stacked-V.jpg 690w\" sizes=\"auto, (max-width: 300px) 100vw, 300px\" \/><\/a><\/td>\n<\/tr>\n<tr>\n<td><\/td>\n<td><a href=\"https:\/\/so3z.com\/wp-content\/uploads\/2022\/02\/sp3iym-4.jpg\"><img loading=\"lazy\" decoding=\"async\" class=\"alignnone size-medium wp-image-4179\" src=\"https:\/\/so3z.com\/wp-content\/uploads\/2022\/02\/sp3iym-4-300x153.jpg\" alt=\"\" width=\"300\" height=\"153\" srcset=\"https:\/\/so3z.com\/wp-content\/uploads\/2022\/02\/sp3iym-4-300x153.jpg 300w, https:\/\/so3z.com\/wp-content\/uploads\/2022\/02\/sp3iym-4.jpg 656w\" sizes=\"auto, (max-width: 300px) 100vw, 300px\" \/><\/a><\/td>\n<\/tr>\n<\/tbody>\n<\/table>\n<p><a href=\"https:\/\/picasaweb.google.com\/103529879792333468916\/8elDK7ZBLFAD144MHz\"><\/a><\/p>\n<p>odebra\u0142em bez problem\u00f3w bikony OZ7IGY, DM0HVL, SR5VHW i SR3VHX. OZ7IGY to oko\u0142o 470km, a antena by\u0142a tylko 6m nad ziemi\u0105 \ud83d\ude42<\/p>\n","protected":false},"excerpt":{"rendered":"<p>8el OWL 144MHz ( bazuje w ca\u0142o\u015bci na antenie Justina G0KSC 8el LFA) Zysk: 11dBd T\u0142umienie prz\u00f3d\/ty\u0142 oko\u0142o: 27dB D\u0142ugo\u015b\u0107 no\u015bnika: 3,8 m Jest to antena opublikowana na stronie Martina DK7ZB, jednak jest to tak naprawd\u0119 antena Justina G0KSC 8el LFA z modyfikacj\u0105 polegaj\u0105c\u0105 na usuni\u0119ciu le\u017c\u0105cej p\u0119tli LFA i przeliczeniu dipola prostego. Charakterystyka promieniowania &hellip; <a href=\"https:\/\/so3z.com\/?page_id=134\" class=\"more-link\">Czytaj dalej <span class=\"screen-reader-text\">8el OWL 144MHz<\/span> <span class=\"meta-nav\">&rarr;<\/span><\/a><\/p>\n","protected":false},"author":1,"featured_media":0,"parent":3841,"menu_order":0,"comment_status":"open","ping_status":"open","template":"","meta":{"footnotes":""},"class_list":["post-134","page","type-page","status-publish","hentry"],"_links":{"self":[{"href":"https:\/\/so3z.com\/index.php?rest_route=\/wp\/v2\/pages\/134","targetHints":{"allow":["GET"]}}],"collection":[{"href":"https:\/\/so3z.com\/index.php?rest_route=\/wp\/v2\/pages"}],"about":[{"href":"https:\/\/so3z.com\/index.php?rest_route=\/wp\/v2\/types\/page"}],"author":[{"embeddable":true,"href":"https:\/\/so3z.com\/index.php?rest_route=\/wp\/v2\/users\/1"}],"replies":[{"embeddable":true,"href":"https:\/\/so3z.com\/index.php?rest_route=%2Fwp%2Fv2%2Fcomments&post=134"}],"version-history":[{"count":146,"href":"https:\/\/so3z.com\/index.php?rest_route=\/wp\/v2\/pages\/134\/revisions"}],"predecessor-version":[{"id":4186,"href":"https:\/\/so3z.com\/index.php?rest_route=\/wp\/v2\/pages\/134\/revisions\/4186"}],"up":[{"embeddable":true,"href":"https:\/\/so3z.com\/index.php?rest_route=\/wp\/v2\/pages\/3841"}],"wp:attachment":[{"href":"https:\/\/so3z.com\/index.php?rest_route=%2Fwp%2Fv2%2Fmedia&parent=134"}],"curies":[{"name":"wp","href":"https:\/\/api.w.org\/{rel}","templated":true}]}}