{"id":1349,"date":"2014-03-24T10:58:32","date_gmt":"2014-03-24T09:58:32","guid":{"rendered":"http:\/\/so3z.com\/?page_id=1349"},"modified":"2014-03-24T11:10:02","modified_gmt":"2014-03-24T10:10:02","slug":"motorola-programowanie","status":"publish","type":"page","link":"https:\/\/so3z.com\/?page_id=1349","title":{"rendered":"Motorola &#8211; programowanie"},"content":{"rendered":"<p>Programowanie Motoroli GM1280  (trunkingowa wersja konwencjonalnej GM380)<br \/>\n<span style=\"font-size:130%;\">Co potrzeba do    programowania radiotelefonu\u00a0 Motorola GM1280 ?<\/span><\/p>\n<p><span style=\"font-family: arial;\"><span style=\"font-family: verdana;\">1. Komputer z   portem  RS232 oraz systemem <span style=\"font-weight: bold;\"><br \/>\n<\/span>Windows 95\/98<span style=\"font-weight: bold;\"><br \/>\n<\/span><\/span><\/span><span style=\"font-weight: bold; font-family: arial;\"><span style=\"font-family: verdana;\"><br \/>\n<\/span><\/span><span style=\"font-family: verdana;\">2.   Programator Motoroli  <a href=\"http:\/\/batlabs.com\/images\/rib.gif\">Schemat<\/a><\/span><span style=\"font-family: verdana; \"><span style=\"font-family: verdana;\"> <\/span><a style=\"font-family: verdana;\" href=\"http:\/\/batlabs.com\/images\/9pinrib.gif\">Kabel pc&lt;-&gt;rib<\/a><span style=\"font-family: verdana;\"> <\/span><a href=\"http:\/\/batlabs.com\/images\/cdmprog.gif\"><span style=\"text-decoration: underline;\">Kabel rib&lt;-&gt;gm1280<\/span><\/a><\/span><\/p>\n<p><span style=\"font-family: verdana;\">3. Oprogramowanie  RSS <a href=\"http:\/\/www.hampedia.net\/motorola\/gm1280.php\">R00.02.10<\/a> b\u0105d\u017a nowsze w zale\u017cno\u015bci od radia.<\/span><span style=\"font-family: verdana;\"><span style=\"font-family: verdana;\"><br \/>\n<\/span><\/span><span style=\"font-family: verdana;\"> <\/span><br \/>\n<span style=\"font-family: verdana;\"><span style=\"font-weight: bold;\">By   wiedzie\u0107 jakie parametry ma nasza motorola wystarczy odczyta\u0107  nr   modelu. <\/span><br \/>\nTu mamy pe\u0142n\u0105 <a href=\"http:\/\/batlabs.com\/gp300.html\">rozpisk\u0119<\/a> z modelami.<\/span><\/p>\n<p><span style=\"font-family: verdana;\">Dla przyk\u0142adu <span style=\"font-weight: bold;\"> M01RFN9CK8BN <\/span>oznacza:<span style=\"font-weight: bold;\"><br \/>\n<\/span>mobilne radio,  serii 01, zakres  UHF 1 403-470MHz, Moc 1-10W, Klawiatura, wy\u015bwietlacz 2&#215;14, krok kana\u0142owy  programowalny, podw\u00f3jny tryb (trankingowy i konwencjonalny), tranking  MPT 1327 Public,<br \/>\n<\/span><span style=\"font-family: verdana;\"> <\/span><\/p>\n<p><span style=\"font-weight: bold;\"><span style=\"font-weight: bold;\">gniazdo akcesori\u00f3w:<br \/>\n<\/span><\/span><span>skrajne pary z ka\u017cdej strony nie dzia\u0142aj\u0105.<br \/>\nschemat i spos\u00f3b liczenia pin\u00f3w <a href=\"http:\/\/batlabs.com\/images\/cdmacc.gif\">TU<\/a><br \/>\nfunkcje pin\u00f3w <a href=\"http:\/\/batlabs.com\/htpro.html\">TU<\/a><\/span><\/p>\n<p>PIN 3 &#8211; zwierany do masy za\u0142\u0105cza PTT<br \/>\nPIN 1 i 16 &#8211; wyj\u015bcie g\u0142o\u015bnikowe<br \/>\nPIN 10 &#8211; pod\u0142\u0105czony do + naszego zasilacza, radio startuje samo po zaniku zasilania.<br \/>\nPIN 2  &#8211; external mic audio<br \/>\nPIN 11 &#8211; flat rx audio<\/p>\n<p>Mo\u017cna wy\u0142\u0105czy\u0107  TOT, funkcje poprawiaj\u0105ce tor m.cz., mo\u017cna usun\u0105\u0107 personalizacj\u0119 trunkingow\u0105 zostawi\u0107 tylko konwencjonaln\u0105, dwa stopnie mocy przypisywane pod kana\u0142.<br \/>\n<a href=\"http:\/\/www.hampedia.net\/motorola\/gp300-tx-out-of-band-limits.php\"><\/a><\/p>\n<hr \/>\n<p><span style=\"font-size:130%;\"><br \/><\/span><span style=\"font-weight: bold;font-family:arial;\" ><span style=\"font-size:130%;\">Co potrzeba do programowania radiotelefonu Motorola GM340:<\/span><\/p>\n<p><\/span><span style=\";font-family:arial;\"  ><br \/>\n<span style=\"\">1. Komputer z portem RS232 oraz systemem Windows 98<\/span><\/span><span style=\";font-family:arial;\"  ><span style=\"\">\/2000\/XP<\/span><\/span><span style=\"font-weight: bold;font-family:arial;\"  ><\/p>\n<p><\/span><br \/>\n<span style=\";font-family:verdana;\" >2. Programator Motoroli  <a href=\"http:\/\/batlabs.com\/images\/rib.gif\">Schemat<\/a><\/span><span style=\";font-family:verdana;\"  ><br \/>\n<span style=\"font-family:verdana;\">  <\/span><a style=\"font-family: verdana;\" href=\"http:\/\/batlabs.com\/images\/9pinrib.gif\">Kabel pc<->rib<\/a><br \/>\n<span style=\"font-family:verdana;\"> <a href=\"http:\/\/batlabs.com\/images\/cdmprog.gif\">Kabel RIB<->GM340<\/a><\/span><\/p>\n<p><span style=\"font-family:verdana;\">3. Oprogramowanie <\/span><a style=\"font-family: verdana;\" href=\"http:\/\/www.hampedia.net\/motorola\/gm340.php\"><span style=\"text-decoration: underline;\">RSS D03.02.01<\/span><\/a><\/p>\n<p><span style=\"font-size:100%;\"><br \/>\n<span style=\"font-weight: bold;font-family:arial;\" >Jak pozna\u0107 parametry naszej motoroli ?<\/span><br \/><\/span><\/span><\/p>\n<div style=\"text-align: left;\">\n<span style=\";font-family:verdana;\"  >Analogicznie do modelu gm1200 i innych z tej tabelki z <a href=\"http:\/\/batlabs.com\/gm900.html\">oznaczeniami modeli.<\/a><\/span><span style=\";font-family:times new roman;\"  ><\/p>\n<p><\/span><span style=\";font-family:verdana;\"  >Jako przyk\u0142ad Motorola GM340 numer modelu: <span style=\"font-weight: bold;\">MDM25KHG9AN1AE<\/span><\/span><span style=\";font-family:times new roman;\"  ><\/p>\n<p><\/span><br \/>\n<span style=\";font-family:verdana;\"  >mobil, seria 25, pasmo VHF2 146-174MHz, moc 25W, krok kana\u0142owy programowalny, simplex konwencjonalny, sygnalizacja tonowa,<\/span><\/p>\n<p><span style=\"font-size:100%;\"><span style=\"font-weight: bold;\">Jak u\u017cy\u0107 tej motoroli do NODE DSTAR ?<\/span><br \/>odpowied\u017a <a href=\"http:\/\/www.sp1wsr.eu\/?p=1236\">TU<\/a><br \/><\/span><\/div>\n<hr \/>\n<p><span style=\"font-weight: bold;font-family:arial;\" ><br \/>Co potrzeba do programowania radiotelefonu Motorola GM900:<\/span><\/p>\n<p>\n<span style=\";font-family:verdana;\"  >1. Komputer z portem RS232 oraz systemem DOS (WIN98)<\/p>\n<p>2. Programator Motoroli  <a href=\"http:\/\/batlabs.com\/images\/rib.gif\">Schemat<\/a><\/span><span style=\";font-family:verdana;\"  >  <a href=\"http:\/\/batlabs.com\/images\/9pinrib.gif\">Kabel pc<->rib<\/a> <a href=\"http:\/\/batlabs.com\/images\/mcs2k25.gif\">Kabel rib<->GM900<\/a><\/p>\n<p>3. Oprogramowanie <a href=\"http:\/\/www.hampedia.net\/motorola\/gm900.php\">RSS R.06.03.00<\/a><\/p>\n<p>Radia bardzo czu\u0142e na niedok\u0142adny kontakt wtyczek podczas programowania\/zczytywania.<br \/><\/span><\/p>\n<hr \/>\n","protected":false},"excerpt":{"rendered":"<p>Programowanie Motoroli GM1280 (trunkingowa wersja konwencjonalnej GM380) Co potrzeba do programowania radiotelefonu\u00a0 Motorola GM1280 ? 1. Komputer z portem RS232 oraz systemem Windows 95\/98 2. Programator Motoroli Schemat Kabel pc&lt;-&gt;rib Kabel rib&lt;-&gt;gm1280 3. Oprogramowanie RSS R00.02.10 b\u0105d\u017a nowsze w zale\u017cno\u015bci od radia. By wiedzie\u0107 jakie parametry ma nasza motorola wystarczy odczyta\u0107 nr modelu. Tu mamy &hellip; <a href=\"https:\/\/so3z.com\/?page_id=1349\" class=\"more-link\">Czytaj dalej <span class=\"screen-reader-text\">Motorola &#8211; programowanie<\/span> <span class=\"meta-nav\">&rarr;<\/span><\/a><\/p>\n","protected":false},"author":1,"featured_media":0,"parent":49,"menu_order":0,"comment_status":"open","ping_status":"open","template":"","meta":{"footnotes":""},"class_list":["post-1349","page","type-page","status-publish","hentry"],"_links":{"self":[{"href":"https:\/\/so3z.com\/index.php?rest_route=\/wp\/v2\/pages\/1349","targetHints":{"allow":["GET"]}}],"collection":[{"href":"https:\/\/so3z.com\/index.php?rest_route=\/wp\/v2\/pages"}],"about":[{"href":"https:\/\/so3z.com\/index.php?rest_route=\/wp\/v2\/types\/page"}],"author":[{"embeddable":true,"href":"https:\/\/so3z.com\/index.php?rest_route=\/wp\/v2\/users\/1"}],"replies":[{"embeddable":true,"href":"https:\/\/so3z.com\/index.php?rest_route=%2Fwp%2Fv2%2Fcomments&post=1349"}],"version-history":[{"count":11,"href":"https:\/\/so3z.com\/index.php?rest_route=\/wp\/v2\/pages\/1349\/revisions"}],"predecessor-version":[{"id":1360,"href":"https:\/\/so3z.com\/index.php?rest_route=\/wp\/v2\/pages\/1349\/revisions\/1360"}],"up":[{"embeddable":true,"href":"https:\/\/so3z.com\/index.php?rest_route=\/wp\/v2\/pages\/49"}],"wp:attachment":[{"href":"https:\/\/so3z.com\/index.php?rest_route=%2Fwp%2Fv2%2Fmedia&parent=1349"}],"curies":[{"name":"wp","href":"https:\/\/api.w.org\/{rel}","templated":true}]}}