{"id":1386,"date":"2014-03-27T09:58:47","date_gmt":"2014-03-27T08:58:47","guid":{"rendered":"http:\/\/so3z.com\/?page_id=1386"},"modified":"2014-08-17T19:33:17","modified_gmt":"2014-08-17T18:33:17","slug":"meteor-scatter","status":"publish","type":"page","link":"https:\/\/so3z.com\/?page_id=1386","title":{"rendered":"Meteor Scatter"},"content":{"rendered":"<p><strong>Moje \u0142\u0105czno\u015bci MS<\/strong><\/p>\n<p>Pierwsze \u0142\u0105czno\u015bci MS przeprowadzi\u0142em moc\u0105 50W na pojedynczej antenie 8el DK7ZB w roku 2007 bodaj\u017ce emisj\u0105 FSK441.<br \/>\nCho\u0107 zdarzy\u0142y mi si\u0119 \u0142\u0105czno\u015bci RANDOM nawet na 25W i pojedynczej antenie (raport 48!) . Obecnie 500W i 2x9el r\u00f3\u017cnica jest ogromna.<br \/>\nW 2013 roku w czasie zawod\u00f3w zawo\u0142a\u0142 mnie na SSB MS  EA4KR z lokatora IN80ER odleg\u0142o\u015b\u0107 2080km niestety mia\u0142em wtedy tylko 50W i nie uda\u0142o si\u0119 skompletowa\u0107.<br \/>\nOd roku 2007 przeprowadzi\u0142em ponad 150 \u0142\u0105czno\u015bci emisj\u0105 FSK441. Dzi\u0119ki temu zaliczy\u0142em wiele nowych lokator\u00f3w.<br \/>\nNajkr\u00f3tsze \u0142\u0105czno\u015bci trwa\u0142y oko\u0142o 5 minut, najd\u0142u\u017csze i 2 &#8211; 3 godziny.<br \/>\nNajbardziej popularn\u0105 emisj\u0105 jest obecnie FSK441 na 2m i 70cm. Ale u\u017cywa si\u0119 jeszcze JTMS, PSK2K, HSCW, a i przy bardzo silnych rojach pojawia si\u0119 mo\u017cliwo\u015b\u0107 pracy na SSB i CW.<\/p>\n<p>W czasie Perseid\u00f3w 2014 uda\u0142o mi si\u0119 przeprowadzi\u0107 5 \u0142\u0105czno\u015bci MS SSB i ponad 55 na FSK441 poprawiaj\u0105c sw\u00f3j ODX \ud83d\ude42<\/p>\n<p>Zrzuty ekranu z \u0142\u0105czno\u015bci kompletnych i niekompletnych (NC)<br \/>\n<a href=\"https:\/\/picasaweb.google.com\/103529879792333468916\/MSQsoScreens?authuser=0&#038;feat=directlink\">Picasa SP3IYM<\/a><br \/>\nM\u00f3j log:<a href=\"https:\/\/docs.google.com\/spreadsheet\/ccc?key=0AsJ1I9ME76zsdFA4QVZoUExZTEhlcHdFNW9BNER2N0E&#038;usp=sharing\"> LOG google disk <\/a><\/p>\n<p>2014:  >100MS QSO<br \/>\n2013:  40 MS QSO<br \/>\n2011:  3 MS QSO<br \/>\n2010:  7 MS QSO<br \/>\n2009:  15 MS QSO<br \/>\n2008:  32 MS QSO<br \/>\n2007:  54 MS QSO<\/p>\n<p><HR \/><\/p>\n<p><strong>Przyk\u0142adowe QSO z GW8JLY<\/strong><br \/>\nzrzut zdekodowanego tekstu:<br \/>\n<em>135530 13.4  840 12 27   88     LY SP3IYM GW8JLY SP3IYM GW8JLY SP3IYM GW<br \/>\n135930  4.8   80  2 16   30     JLY 29466*QP,M<br \/>\n135930  4.7  160  1 26   36     I  1GW JLY 25465*QP,M M<br \/>\n140530 16.8   60  2 16    2     W8JLY P 6,P<br \/>\n141329 29.2  140  5 26   -8      * 2QL8   3J39M7D6!OWX<br \/>\n142330 19.4  120 12 27  -17      SP3IYM GW8JLX? X U<br \/>\n142329 19.8  120 12 27   -9      SP3IYM GW8JLX? XJU<br \/>\n142630  6.0  200 14 27  -20      GW8JLY R26 R26 SP3IYM GWXJA9LP<br \/>\n142630  9.0   60  2 16   -6      26 RB6 G<br \/>\n142630  9.4 1180 10 36  -15     UM GW8JLY R26 R26 SP3IYM GW8JLY R26 R26<br \/>\n142630 10.6  380 10 26  -19     W8JLY R26 R26 SP3IYM GW8JLY R26 R26 SP3I<br \/>\n142630 11.0 4850 14 37  -19     $ IYM GW8JLY R26 R.MOSP3IYM GW8JLY  26 R<br \/>\n142630 16.0  880  9 26  -19     M,GW8JLY R26 R26 SP3IYM GW8JLY R26 R26 S<br \/>\n142630 17.0  460  6 26  -20     R26 SP3IYM GW JLY R26 R26 SP3IYM\/ Z8JLY<br \/>\n142630 17.5  100  3 16  -19     IYM GW8JLY R2#9RR<br \/>\n142630 17.6  100  3 16  -12     3IYM GW8JLY R2FSX<br \/>\n142630 18.0  120  3 26  -25     6 SP3IYM GW8JLQ R<br \/>\n142630 18.3   60  2 16   -4     LY R26 S269<br \/>\n142630 18.4   80  2 16  -23     GW8JLY R26  2T<br \/>\n142630 18.8  220  4 26  -17     SP3IYM GW8JLY 2 # R26 SP3IYM G0? J<br \/>\n142630 19.0   60  2 16   -6     6 R66 SP3Z!<br \/>\n142630 19.2   80  3 16  -31     Y R26 R26!QP $<br \/>\n142630 19.3  100  3 16  -10     JLY R26 R26 ST3I<br \/>\n142630 20.5   40  2 16  -51     W8JLY  ?  <\/em><\/p>\n","protected":false},"excerpt":{"rendered":"<p>Moje \u0142\u0105czno\u015bci MS Pierwsze \u0142\u0105czno\u015bci MS przeprowadzi\u0142em moc\u0105 50W na pojedynczej antenie 8el DK7ZB w roku 2007 bodaj\u017ce emisj\u0105 FSK441. Cho\u0107 zdarzy\u0142y mi si\u0119 \u0142\u0105czno\u015bci RANDOM nawet na 25W i pojedynczej antenie (raport 48!) . Obecnie 500W i 2x9el r\u00f3\u017cnica jest ogromna. W 2013 roku w czasie zawod\u00f3w zawo\u0142a\u0142 mnie na SSB MS EA4KR z &hellip; <a href=\"https:\/\/so3z.com\/?page_id=1386\" class=\"more-link\">Czytaj dalej <span class=\"screen-reader-text\">Meteor Scatter<\/span> <span class=\"meta-nav\">&rarr;<\/span><\/a><\/p>\n","protected":false},"author":1,"featured_media":0,"parent":9,"menu_order":0,"comment_status":"open","ping_status":"open","template":"","meta":{"footnotes":""},"class_list":["post-1386","page","type-page","status-publish","hentry"],"_links":{"self":[{"href":"https:\/\/so3z.com\/index.php?rest_route=\/wp\/v2\/pages\/1386","targetHints":{"allow":["GET"]}}],"collection":[{"href":"https:\/\/so3z.com\/index.php?rest_route=\/wp\/v2\/pages"}],"about":[{"href":"https:\/\/so3z.com\/index.php?rest_route=\/wp\/v2\/types\/page"}],"author":[{"embeddable":true,"href":"https:\/\/so3z.com\/index.php?rest_route=\/wp\/v2\/users\/1"}],"replies":[{"embeddable":true,"href":"https:\/\/so3z.com\/index.php?rest_route=%2Fwp%2Fv2%2Fcomments&post=1386"}],"version-history":[{"count":21,"href":"https:\/\/so3z.com\/index.php?rest_route=\/wp\/v2\/pages\/1386\/revisions"}],"predecessor-version":[{"id":1952,"href":"https:\/\/so3z.com\/index.php?rest_route=\/wp\/v2\/pages\/1386\/revisions\/1952"}],"up":[{"embeddable":true,"href":"https:\/\/so3z.com\/index.php?rest_route=\/wp\/v2\/pages\/9"}],"wp:attachment":[{"href":"https:\/\/so3z.com\/index.php?rest_route=%2Fwp%2Fv2%2Fmedia&parent=1386"}],"curies":[{"name":"wp","href":"https:\/\/api.w.org\/{rel}","templated":true}]}}