{"id":184,"date":"2011-03-07T12:12:06","date_gmt":"2011-03-07T11:12:06","guid":{"rendered":"http:\/\/so3z.sp3iym.com\/?page_id=184"},"modified":"2025-01-25T13:55:34","modified_gmt":"2025-01-25T12:55:34","slug":"odnosniki","status":"publish","type":"page","link":"https:\/\/so3z.com\/?page_id=184","title":{"rendered":"Linki"},"content":{"rendered":"<p><strong>PROPAGACJA<\/strong><br \/>\n<a href=\"http:\/\/www.dxinfocentre.com\/tropo_eur.html\">TR &#8211; Dukty &#8211; Tropo Ducting<\/a><br \/>\n<a href=\"http:\/\/tropo.f5len.org\/forecasts-for-europe\/\">TR &#8211; Index refrakcji &#8211; TropoScatter<\/a><br \/>\n<a href=\"http:\/\/www.df5ai.net\/Material\/articles3.html#ArticlesDucting\" target=\"_blank\" rel=\"noopener\">TR &#8211; materia\u0142y DF5AI<\/a><br \/>\n<a href=\"http:\/\/www.meteocentrale.ch\/en\/weather\/weather-for-professionals\/pressure\/europe.html\">Mapa pogody<\/a><br \/>\n<a href=\"http:\/\/windyty.com\">Pogoda &#8211; ci\u015bnienie<\/a> <a href=\"http:\/\/www.radareu.cz\">radar deszczu<\/a><br \/>\n<a href=\"http:\/\/dxmaps.com\">Mapy propagacji<\/a><br \/>\n<a href=\"http:\/\/www.egloff.eu\/rsmap\/rsmap.php\">Mapa Rain scatter<\/a><\/p>\n<p><a href=\"http:\/\/www.dl1dbc.net\/Meteorscatter\/\">MS &#8211; Radar meteor\u00f3w DL1DBC<\/a><br \/>\n<a href=\"http:\/\/www.sgo.fi\/Data\/RealTime\/meteorRadar.php\" target=\"_blank\" rel=\"noopener\">MS &#8211; Radar meteor\u00f3w &#8211; SGO<\/a><br \/>\n<a href=\"http:\/\/www.imo.net\/calendar\">MS &#8211; Kalendarz roj\u00f3w meteorowych<\/a><br \/>\n<a href=\"http:\/\/www.spaceweather.com\/\">Kosmiczna pogoda<\/a><a href=\"http:\/\/aurora.report\/\">AURORA<\/a><br \/>\n<a href=\"http:\/\/www.solarham.net\/\">Dane s\u0142oneczne 1<\/a> <a href=\"http:\/\/www.lmsal.com\/solarsoft\/last_events\/\">Dane s\u0142oneczne 2<\/a><\/p>\n<p><a href=\"http:\/\/www.qsl.net\/ic8fax\/page4.html\" target=\"_blank\" rel=\"noopener\">FAI &#8211; IC8FAX<\/a><br \/>\n<a href=\"http:\/\/www.df5ai.net\/Material\/articles2.html#ArticlesAurora\" target=\"_blank\" rel=\"noopener\">FAI &#8211; strona DF5AI<\/a><br \/>\n<a href=\"http:\/\/www.df5ai.net\/Material\/articles.html#ArticlesEs\" target=\"_blank\" rel=\"noopener\">ES &#8211; materia\u0142y DF5AI<\/a><\/p>\n<p><a href=\"http:\/\/www.qsl.net\/oz1rh\/ionoscatter\/ionoscatter_lecture_2002.htm\">propagacja IONO (warstwa D) &#8211; OZ1RH<\/a><\/p>\n<p><strong>ZAWODY<\/strong><br \/>\n<a href=\"http:\/\/contest.pk-ukf.org.pl\/qrv.php\">Mapa aktywno\u015bci w czasie zawod\u00f3w &#8211; pk-ukf<\/a><br \/>\n<a href=\"http:\/\/www.darkside.cz\/qrv.php\">Lista aktywno\u015bci mi\u0119dzynarodowa<\/a><br \/>\n<a href=\"http:\/\/mmmonvhf.de\/\">MMMonVHF<\/a> <a href=\"http:\/\/www.pk-ukf.org.pl\/\">PK-UKF<\/a> <a href=\"http:\/\/www.mikrofale.net\/\">Mikrofale net<\/a> <a href=\"http:\/\/www.ok2kkw.com\/\">OK2KKW<\/a> <a href=\"http:\/\/hamradio.pl\/sp6kbl\/klub\/news.php\">SP6KBL<\/a><br \/>\n<a href=\"http:\/\/iaru.oevsv.at\">zawody OE<\/a> <a href=\"http:\/\/www.vhfcontest.net\">Zawody OK<\/a><\/p>\n<p><a href=\"http:\/\/www.on4kst.com\/\">Chat on4kst<\/a> <a href=\"http:\/\/www.chris.org\/cgi-bin\/jt65emeA\">Chat EME<\/a><br \/>\n<a href=\"http:\/\/www.dxsummit.fi\">Dx Cluster dxsummit fi<\/a> <a href=\"http:\/\/f6fvy.free.fr\/qthLocator\/fullScreen.php\">Wyszukiwanie lokatora na mapie<\/a><br \/>\n<a href=\"http:\/\/www.ok2kkw.com\/00003016\/qso_map.htm\">QSO Mapa<\/a> <a href=\"http:\/\/lcbsweden.com\/www-sm7lcb\/maps\/qso_map\/index.htm\">Mapa QSO na google maps<\/a><br \/>\n<a href=\"http:\/\/www.opencontest.org\/edi\/\">Generuje mape z EDI<\/a><br \/>\n<a href=\"http:\/\/www.ok2fug.com\/p\/blog-page_28.html\">Generuje profil terenu mi\u0119dzy lokatorami<\/a> <a href=\"http:\/\/www.heywhatsthat.com\/?view=N4AQR9EH\">Generuje panoram\u0119 na pdst google maps<\/a> <a href=\"http:\/\/www.udeuschle.selfhost.pro\/panoramas\/makepanoramas_en.htm\">Panorama SRTM<\/a><br \/>\n<a href=\"http:\/\/rudius.net\/oz2m\/taclog\/\">TacLOG<\/a> <a href=\"http:\/\/stuff.sp3iym.com\/przepisz_bde.zip\">Przepisz by SP6VGJ<\/a><br \/>\n<a href=\"http:\/\/www.dxsoft.com\/\">CW TYPE &amp; CW GET<\/a> <a href=\"http:\/\/physics.princeton.edu\/pulsar\/K1JT\/\">WSJT (MS EME TR)<\/a><br \/>\n<a href=\"http:\/\/www.gm4jjj.co.uk\/MoonSked\/moonsked.htm\">MoonSked<\/a><\/p>\n<p><strong>ANTENY:<\/strong><br \/>\n<a href=\"http:\/\/www.g0ksc.co.uk\/\">G0KSC<\/a> <a href=\"http:\/\/www.yu7ef.com\/\">YU7EF<\/a> <a href=\"http:\/\/www.qsl.net\/dk7zb\/\">DK7ZB<\/a> <a href=\"http:\/\/www.ifwtech.co.uk\/g3sek\/diy-yagi\/\">DJ9BV<\/a> <a href=\"http:\/\/dg7ybn.de\/index.htm\">DG7YBN<\/a> <a href=\"http:\/\/www.g4cqm.co.uk\/\"> G4CQM (also 23cm)<\/a><br \/>\n<a href=\"http:\/\/www.m2inc.com\/\">M2 Antenna<\/a> <a href=\"http:\/\/www.vpa-systems.pl\/\">SQ9VPA (DK7ZB Antenna)<\/a> <a href=\"http:\/\/www.innovantennas.com\/\">Innov Antenna (G0KSC)<\/a><br \/>\n<a href=\" http:\/\/www.wimo.de\/\">WiMO (DK7ZB,G0KSC,YU7EF, Flexa)<\/a> <a href=\"http:\/\/www.ok5im.com\/index.htm\">OK5IM (DK7ZB)<\/a> <a href=\"http:\/\/www.i0jxx.com\/index.php?cPath=18_20_23\">I0JXX<\/a> <a href=\"http:\/\/www.antennas-amplifiers.com\/\">YU1CF antennas shop<\/a> <a href=\"http:\/\/www.dm2ble.de\/ukw-beams.htm\">DM2BLE biblioteka &#8211; charakterystyki i stackowanie<\/a> <a href=\"http:\/\/www.qslnet.de\/member1\/yu7xl\/\">YU7XL<\/a><\/p>\n<p><strong>Wzmacniacze:<br \/>\n<a href=\"https:\/\/www.italab.it\/\">ITALAB<\/a><br \/>\n<a href=\"https:\/\/www.om-power.com\/\">OMPOWER<\/a><br \/>\n<a href=\"https:\/\/www.beko-elektronik.de\/index.php\/en\/\">BEKO<\/a><br \/>\n<a href=\"https:\/\/www.linamp.co.uk\/gemini.html\">LINEARAMP<\/a><br \/>\n<a href=\"http:\/\/www.microset.net\/tabelle.php?mid=97&amp;catid=173&amp;subcatid=175&amp;lang=en\">MICROSET<\/a><br \/>\n<a href=\"https:\/\/www.i0jxx.com\/gb\/83-144-mhz\">I0JXX<\/a><br \/>\n<\/strong><a href=\"http:\/\/www.ha1ya.hu\/\"><strong>HA1YA<\/strong><\/a><br \/>\n<a href=\"https:\/\/www.60dbm.com\/product-category\/rf-power-amplifiers\/vhf-uhf\/\"><strong>60dBm<\/strong><\/a><br \/>\n<a href=\"https:\/\/eb104.ru\/\"><strong>EB104<\/strong><\/a><\/p>\n<p><a href=\"http:\/\/vk4dd.com\/\">VK4DD<\/a> <a href=\"http:\/\/www.on4khg.be\/300%20W%20MOSFET%20144%20MHz%20PA_Final%20version_11052007_EN_Compr.pdf\">ON4KHG<\/a> <a href=\"http:\/\/yu1aw.ba-karlsruhe.de\/\">YU1AW<\/a><br \/>\n<a href=\"http:\/\/www.qsl.net\/f1jrd\/MRFE6VP61K25H.html\">SSPA 2m Freescale 1,2kW F1JRD<\/a> <a href=\"http:\/\/www.enduro.idl.pl\/SSPA_144MHZ\/index.html\">SSPA 2m Freescale 1,2kW SQ7DQX<\/a><br \/>\n<a href=\"http:\/\/www.qsl.net\/lz2us\/\">LZ2US QRO<\/a><\/p>\n<p><a href=\"https:\/\/sm6vfz.wordpress.com\/2015\/10\/06\/chinese-kit-for-100w-at-144mhz\/#more-53\">MRF186 2m 100W chinese PA @SM6VFZ<\/a><br \/>\n<a href=\"http:\/\/g4fev.atspace.com\/mrf186linear.htm\">MRF186 2m 100W chinese PA@GM4JTJ<\/a><br \/>\n<a href=\"http:\/\/g4fev.atspace.com\/mrf18670cm.htm\">MRF186 70cm 100W chinese PA@GM4JTJ<\/a><\/p>\n<p>&nbsp;<\/p>\n<p>&nbsp;<\/p>\n<p><strong>Przedwzmacniacze:<\/strong><br \/>\n<a href=\"http:\/\/www.ha8et.hu\/\">HA8ET<\/a> <a href=\"http:\/\/vhfdesign.com\/en\/category\/lna\" target=\"_blank\" rel=\"noopener\">US4ICI<\/a> <a href=\"http:\/\/www.g4ddk.com\/Products.html\" target=\"_blank\" rel=\"noopener\">G4DDK<\/a><\/p>\n<p><strong>Transwertery:<\/strong><br \/>\n<a href=\"http:\/\/www.ha1ya.hu\/transverters.htm\" target=\"_blank\" rel=\"noopener\">HA1YA<\/a> <a href=\"http:\/\/www.kuhne-electronic.de\/en\/products\/transverter.html\">DB6NT<\/a> <a href=\"http:\/\/www.ssbusa.com\/ordering.html\">SSB-Electronic (LT2S)<\/a> <a href=\"http:\/\/www.elecraft.com\/XV\/XV.htm\">Elecraft XV<\/a> <a href=\"http:\/\/lea.hamradio.si\/~s53ww\/\">Javornik\/Menina S53WW<\/a><br \/>\n<a href=\"http:\/\/vhfdesign.com\/en\/category\/transverters\" target=\"_blank\" rel=\"noopener\">US4ICI<\/a> <a href=\"http:\/\/www.g4ddk.com\/Products.html\" target=\"_blank\" rel=\"noopener\">G4DDK Anglian<\/a><\/p>\n<p><strong>Rotory:<\/strong><br \/>\n<a href=\"http:\/\/www.spid.alpha.pl\/polski\/03.php\">SPID elektronik<\/a> <a href=\"http:\/\/www.zelpro.com.pl\/rotory.htm\">Zelpro<\/a><br \/>\n<a href=\"http:\/\/www.qsl.net\/sv1bsx\/actuator\/actuator.html\">SV1BSX (rotor elewacja)<\/a><\/p>\n<p><strong>Stacje VHF+:<\/strong><br \/>\n<a href=\"http:\/\/sn7l.pgk.net.pl\/ \">SN7L<\/a> <a href=\"http:\/\/sp5xmu.pl\/sn5r\/\">SN5R<\/a> <a href=\"http:\/\/sp7dcs.pzk.pl\/\">SP7DCS &amp; SP7MC (EME)<\/a> <a href=\"http:\/\/www.sp4mpb.pl\/&quot;\">SP4MPB<\/a> <a href=\"http:\/\/www.pigon.pl\/\">SQ7DQX \/ SQ7D<\/a> <a href=\"http:\/\/sp2ofw.tn.pl\/\">SP2OFW<\/a> <a href=\"http:\/\/emejo80jk.cba.pl\/\">SP6JLW &amp; SP6OPN<\/a> <a href=\"http:\/\/www.sp4xyd.republika.pl\/\">SP4XYD<\/a> <a href=\"http:\/\/www.sp6gwb.pl\/\">SP6GWB<\/a> <a href=\"http:\/\/sp8uft.bloog.pl\">SP8UFT<\/a><br \/>\n<a href=\"http:\/\/qrzcq.com\/call\/SQ8NGX\">SQ8NGX<\/a> <a href=\"http:\/\/www.sp3yde.pl\/\">SP3YDE<\/a> <a href=\"http:\/\/www.sp2ipk.pl\">SP2IPK<\/a> <a href=\"http:\/\/www.sn9d.dba.o12.pl\/\u200e\">SP9PZD \/ SN9D<\/a> <a href=\"http:\/\/www.sp7tee.pl\/\u200e\">SP7TEE<\/a> <a href=\"http:\/\/sp9zhr.nycz.bytom.pl\/ \">SP9ZHR<\/a> <a href=\"http:\/\/krassowski.pl\/eme\/\">SP4K &amp; SP4KM (EME)<\/a><\/p>\n<p><a href=\"http:\/\/ol3z.com\/\">\u00a0OL3Z<\/a> <a href=\"http:\/\/www.ol9w.com\/\">OL9W<\/a> <a href=\"http:\/\/www.ok5z.cz\/\">OK5Z<\/a> <a href=\"http:\/\/ok1krq.nagano.cz\/\">OK2M<\/a> <a href=\"http:\/\/www.ok1ktt.net\/\">OK1KTT<\/a> <a href=\"http:\/\/www.ok2kjt.net\/\">OK2C<\/a> <a href=\"http:\/\/ol1b.wz.cz\/\">OL1B<\/a> <a href=\"http:\/\/www.ok1jfh.net\/ok1kfh\/\">OK1KFH<\/a> <a href=\"http:\/\/ok1kvk.cz\">OL7C<\/a> <a href=\"http:\/\/www.ok2kkw.com\">OK2KKW<\/a> <a href=\"http:\/\/www.ok1kpa.com\/\">OK1KPA<\/a> <a href=\"http:\/\/www.ok2kyz.wz.cz\">OK2KYZ<\/a> <a href=\"http:\/\/ok1krq.nagano.cz\/wiki\/Ok1krq\">OK2M<\/a> <a href=\"http:\/\/www.ok2kji.cninet.cz\/\">OK2KJI<\/a> <a href=\"http:\/\/ok2fkf.webnode.cz\/zavody\/\">OK2FKF<\/a> <a href=\"https:\/\/ok1uga.nagano.cz\/\" target=\"_blank\" rel=\"noopener\">OK1UGA <\/a><a href=\"http:\/\/web.telecom.cz\/ok1fhi\/ol7d.html\">OL7D<\/a>\u00a0<a href=\"http:\/\/www.ok1jfh.net\/ok1kfh\/\">OK1KFH<\/a> <a href=\"http:\/\/ok1teh.nagano.cz\/\">OK1TEH<\/a> <a href=\"http:\/\/www.ok1mcs.net\/\">OK1MCS<\/a> <a href=\"http:\/\/ok1opt.nagano.cz\/\">OK1OPT<\/a> <a href=\"http:\/\/blog.ok1cdj.com\/\">OK1CDJ<\/a> <a href=\"http:\/\/www.ok1dfc.com\/\">OK1DFC<\/a><br \/>\n<a href=\"http:\/\/www.om8a.org\/\">OM8A<\/a> <a href=\"http:\/\/www.om3khe.cq.sk\/\">OM6A<\/a> <a href=\"http:\/\/om3w.szm.com\/\">OM3W<\/a> <a href=\"http:\/\/www.om3kii.sk\/\">OM3KII<\/a><br \/>\n<a href=\"www.dr5a.de\/\">DR5A<\/a> <a href=\"http:\/\/dl0tud.tu-dresden.de\/dm7a\/ \">DM7A<\/a> <a href=\"http:\/\/dk9vz.com\/index.php\/dk0bn\/dk0bn\">DK0BN\/DR4A<\/a> <a href=\"http:\/\/www.dk5ew.de\">DK5EW \/ DA0Y<\/a> <a href=\"http:\/\/www.mydarc.de\/dl7afb\/\">DL7AFB<\/a> <a href=\"http:\/\/dl0kb.wordpress.com\">DL0KB<\/a> <a href=\"http:\/\/www.mydarc.de\/dk7dr\/09.html\">DK0CG<\/a> <a href=\"http:\/\/www.mydarc.de\/dk7dr\/09.html\">DL0BLG \/ DR5T<\/a> <a href=\"http:\/\/www.dl0gth.de\/\">DL0GTH<\/a> <a href=\"http:\/\/www.df5ai.net\/\">DF5AI<\/a> <a href=\"http:\/\/www.dk5ya.de\/\">DK5YA<\/a> <a href=\"http:\/\/www.dl0ar.de\/\">DL6NAA \/ DL0AR<\/a> <a href=\"http:\/\/www.db6nt.de\/startseite.html\">DB6NT \/ DK0NA<\/a> <a href=\"http:\/\/www.df2zc.de\/newsletter\/\">DF2ZC<\/a><br \/>\n<a href=\"http:\/\/www.pi4gn.com\/\">PI4GN<\/a> <a href=\"http:\/\/www.sk7mw.se\/\">SK7MW<\/a> <a href=\"http:\/\/www.sm2cew.com\/\">SM2CEW<\/a> <a href=\"http:\/\/www.altin.se\/sm1a\/ \">SM1A<\/a> <a href=\"http:\/\/sm7gvf.dyndns.org\/sm7gvf\/\">SM7GVF<\/a> <a href=\"http:\/\/www.sm2cew.com\/\">SM2CEW<\/a> <a href=\"http:\/\/www.sm4ive.com\/\">SM4IVE<\/a> <a href=\"http:\/\/www.sm5bsz.com\/\">SM5BSZ<\/a> <a href=\"http:\/\/www.mydarc.de\/la0by\/ \">LA0BY<\/a> <a href=\"http:\/\/www.printqsl.com\/lyac\/262\/ly2wr-2008\/\">LY2WR<\/a> <a href=\"http:\/\/www.arimodena.it\/Members\/ik4wku\/\">IK4WKU<\/a><br \/>\n<a href=\"http:\/\/slovhf.net\/coppermine\/displayimage\/album=26\/pos=3.html\">S57O<\/a> <a href=\"http:\/\/www.on4khg.be\/index.html\">ON4KHG<\/a><br \/>\n<a href=\"http:\/\/g7rau.demon.co.uk\/default.aspx?menu=20&amp;LOGINID=a&amp;LOGINKEY=a \">G7RAU<\/a> <a href=\"http:\/\/www.g4loh.com\/\">G4LOH<\/a> <a href=\"http:\/\/s78.photobucket.com\/user\/g4rra\/library\/?start=all&amp;page=1\">G4RRA<\/a> <a href=\"http:\/\/www.fourwinds.demon.co.uk\/\">G4KUX<\/a> <a href=\"http:\/\/www.g8gxp.com\/ \">G8GXP<\/a> <a href=\"http:\/\/www.g4dhf.com\/\">G4DHF<\/a> <a href=\"http:\/\/www.g4ddk.com\/\">G4DDK (LNA)<\/a> <a href=\"http:\/\/www.g4dcv.co.uk\/aradio.htm\">G4DCV<\/a><br \/>\n<a href=\"http:\/\/www.dxmaps.com\/about.html\">EA6VQ<\/a><br \/>\n<a href=\"http:\/\/www.rudius.net\/oz2m\/\">OZ2M<\/a> <a href=\"http:\/\/www.omanetti.fi\/mmaamaha\/\">OH8K<\/a> <a href=\"http:\/\/www.kolumbus.fi\/oh5iy\/\">OH5IY<\/a><br \/>\n<a href=\"http:\/\/ei3kd.73tu.com\/\">EI3KD<\/a> <a href=\"http:\/\/users.skynet.be\/on7eh\/\">ON7EH<\/a><br \/>\n<a href=\"http:\/\/ra3wdk.qrz.ru\/\">RA3WDK<\/a> <a href=\"http:\/\/ru1a.mirradio.ru\">RU1A<\/a><br \/>\n<a href=\"http:\/\/iz1esm.wordpress.com\/\">IZ1ESM<\/a> <a href=\"http:\/\/www.qsl.net\/jn63gn\/index2.html\">I5PVA\/IK5ZWU\/<\/a> <a href=\"http:\/\/www.pa2chr.nl\/\">PA2CHR<\/a><\/p>\n","protected":false},"excerpt":{"rendered":"<p>PROPAGACJA TR &#8211; Dukty &#8211; Tropo Ducting TR &#8211; Index refrakcji &#8211; TropoScatter TR &#8211; materia\u0142y DF5AI Mapa pogody Pogoda &#8211; ci\u015bnienie radar deszczu Mapy propagacji Mapa Rain scatter MS &#8211; Radar meteor\u00f3w DL1DBC MS &#8211; Radar meteor\u00f3w &#8211; SGO MS &#8211; Kalendarz roj\u00f3w meteorowych Kosmiczna pogodaAURORA Dane s\u0142oneczne 1 Dane s\u0142oneczne 2 FAI &#8211; &hellip; <a href=\"https:\/\/so3z.com\/?page_id=184\" class=\"more-link\">Czytaj dalej <span class=\"screen-reader-text\">Linki<\/span> <span class=\"meta-nav\">&rarr;<\/span><\/a><\/p>\n","protected":false},"author":1,"featured_media":0,"parent":0,"menu_order":9,"comment_status":"open","ping_status":"open","template":"","meta":{"footnotes":""},"class_list":["post-184","page","type-page","status-publish","hentry"],"_links":{"self":[{"href":"https:\/\/so3z.com\/index.php?rest_route=\/wp\/v2\/pages\/184","targetHints":{"allow":["GET"]}}],"collection":[{"href":"https:\/\/so3z.com\/index.php?rest_route=\/wp\/v2\/pages"}],"about":[{"href":"https:\/\/so3z.com\/index.php?rest_route=\/wp\/v2\/types\/page"}],"author":[{"embeddable":true,"href":"https:\/\/so3z.com\/index.php?rest_route=\/wp\/v2\/users\/1"}],"replies":[{"embeddable":true,"href":"https:\/\/so3z.com\/index.php?rest_route=%2Fwp%2Fv2%2Fcomments&post=184"}],"version-history":[{"count":128,"href":"https:\/\/so3z.com\/index.php?rest_route=\/wp\/v2\/pages\/184\/revisions"}],"predecessor-version":[{"id":4679,"href":"https:\/\/so3z.com\/index.php?rest_route=\/wp\/v2\/pages\/184\/revisions\/4679"}],"wp:attachment":[{"href":"https:\/\/so3z.com\/index.php?rest_route=%2Fwp%2Fv2%2Fmedia&parent=184"}],"curies":[{"name":"wp","href":"https:\/\/api.w.org\/{rel}","templated":true}]}}