{"id":19,"date":"2010-08-30T19:51:13","date_gmt":"2010-08-30T18:51:13","guid":{"rendered":"http:\/\/so3z.sp3iym.com\/?page_id=19"},"modified":"2021-02-08T02:25:41","modified_gmt":"2021-02-08T01:25:41","slug":"zawody","status":"publish","type":"page","link":"https:\/\/so3z.com\/?page_id=19","title":{"rendered":"Zawody"},"content":{"rendered":"<p><strong>Dyplomy:<\/strong><br \/>\n<a href=\"https:\/\/so3z.com\/wp-content\/uploads\/2010\/08\/Isub2016.png\"><img loading=\"lazy\" decoding=\"async\" class=\"alignnone size-medium wp-image-2680\" src=\"https:\/\/so3z.com\/wp-content\/uploads\/2010\/08\/Isub2016-300x210.png\" alt=\"I pr\u00f3by subregionalne 2016 - 144MHz\" width=\"300\" height=\"210\" srcset=\"https:\/\/so3z.com\/wp-content\/uploads\/2010\/08\/Isub2016-300x210.png 300w, https:\/\/so3z.com\/wp-content\/uploads\/2010\/08\/Isub2016-768x537.png 768w, https:\/\/so3z.com\/wp-content\/uploads\/2010\/08\/Isub2016-1024x716.png 1024w, https:\/\/so3z.com\/wp-content\/uploads\/2010\/08\/Isub2016.png 1056w\" sizes=\"auto, (max-width: 300px) 100vw, 300px\" \/><\/a><a href=\"https:\/\/so3z.com\/wp-content\/uploads\/2010\/08\/Isub2015.png\"><img loading=\"lazy\" decoding=\"async\" class=\"alignnone size-medium wp-image-2685\" src=\"https:\/\/so3z.com\/wp-content\/uploads\/2010\/08\/Isub2015-300x210.png\" alt=\"I pr\u00f3by subregionalne 2015\" width=\"300\" height=\"210\" srcset=\"https:\/\/so3z.com\/wp-content\/uploads\/2010\/08\/Isub2015-300x210.png 300w, https:\/\/so3z.com\/wp-content\/uploads\/2010\/08\/Isub2015-768x538.png 768w, https:\/\/so3z.com\/wp-content\/uploads\/2010\/08\/Isub2015-1024x717.png 1024w, https:\/\/so3z.com\/wp-content\/uploads\/2010\/08\/Isub2015.png 1057w\" sizes=\"auto, (max-width: 300px) 100vw, 300px\" \/><\/a> <a href=\"https:\/\/so3z.com\/wp-content\/uploads\/2010\/08\/letnie2014.png\"><img loading=\"lazy\" decoding=\"async\" class=\"alignnone size-medium wp-image-2682\" src=\"https:\/\/so3z.com\/wp-content\/uploads\/2010\/08\/letnie2014-300x210.png\" alt=\"Zawody letnie 2014\" width=\"300\" height=\"210\" srcset=\"https:\/\/so3z.com\/wp-content\/uploads\/2010\/08\/letnie2014-300x210.png 300w, https:\/\/so3z.com\/wp-content\/uploads\/2010\/08\/letnie2014-768x538.png 768w, https:\/\/so3z.com\/wp-content\/uploads\/2010\/08\/letnie2014-1024x717.png 1024w, https:\/\/so3z.com\/wp-content\/uploads\/2010\/08\/letnie2014.png 1243w\" sizes=\"auto, (max-width: 300px) 100vw, 300px\" \/><\/a> <a href=\"https:\/\/so3z.com\/wp-content\/uploads\/2010\/08\/IIsub2014.png\"><img loading=\"lazy\" decoding=\"async\" class=\"alignnone size-medium wp-image-2684\" src=\"https:\/\/so3z.com\/wp-content\/uploads\/2010\/08\/IIsub2014-300x210.png\" alt=\"II Pr\u00f3by subregionalne 2014\" width=\"300\" height=\"210\" srcset=\"https:\/\/so3z.com\/wp-content\/uploads\/2010\/08\/IIsub2014-300x210.png 300w, https:\/\/so3z.com\/wp-content\/uploads\/2010\/08\/IIsub2014-768x537.png 768w, https:\/\/so3z.com\/wp-content\/uploads\/2010\/08\/IIsub2014-1024x716.png 1024w, https:\/\/so3z.com\/wp-content\/uploads\/2010\/08\/IIsub2014.png 1057w\" sizes=\"auto, (max-width: 300px) 100vw, 300px\" \/><\/a> <a href=\"https:\/\/so3z.com\/wp-content\/uploads\/2010\/08\/Isub2014.png\"><img loading=\"lazy\" decoding=\"async\" class=\"alignnone size-medium wp-image-2683\" src=\"https:\/\/so3z.com\/wp-content\/uploads\/2010\/08\/Isub2014-300x209.png\" alt=\"I Pr\u00f3by subregionalne 2014\" width=\"300\" height=\"209\" srcset=\"https:\/\/so3z.com\/wp-content\/uploads\/2010\/08\/Isub2014-300x209.png 300w, https:\/\/so3z.com\/wp-content\/uploads\/2010\/08\/Isub2014-768x536.png 768w, https:\/\/so3z.com\/wp-content\/uploads\/2010\/08\/Isub2014-1024x715.png 1024w, https:\/\/so3z.com\/wp-content\/uploads\/2010\/08\/Isub2014.png 1057w\" sizes=\"auto, (max-width: 300px) 100vw, 300px\" \/><\/a> <a href=\"https:\/\/so3z.com\/wp-content\/uploads\/2010\/08\/IIIsub2008.png\"><img loading=\"lazy\" decoding=\"async\" class=\"alignnone size-medium wp-image-2681\" src=\"https:\/\/so3z.com\/wp-content\/uploads\/2010\/08\/IIIsub2008-300x210.png\" alt=\"III Pr\u00f3by subregionalne 2008\" width=\"300\" height=\"210\" srcset=\"https:\/\/so3z.com\/wp-content\/uploads\/2010\/08\/IIIsub2008-300x210.png 300w, https:\/\/so3z.com\/wp-content\/uploads\/2010\/08\/IIIsub2008-768x538.png 768w, https:\/\/so3z.com\/wp-content\/uploads\/2010\/08\/IIIsub2008-1024x718.png 1024w, https:\/\/so3z.com\/wp-content\/uploads\/2010\/08\/IIIsub2008.png 1056w\" sizes=\"auto, (max-width: 300px) 100vw, 300px\" \/><\/a><\/p>\n<p>W zawodach loguj\u0119 w Tucnaku. Jest to doskona\u0142y program o wielu mo\u017cliwo\u015bciach. Po\u015bwi\u0119c\u0119 mu osobny artyku\u0142.<br \/>\nU\u017cywam r\u00f3wnie\u017c Airscouta, kt\u00f3ry zawsze umo\u017cliwia z\u0142apanie kilkunastu kilkudziesi\u0119ciu \u0142\u0105czno\u015bci wi\u0119cej dzi\u0119ki odbiciom od samolot\u00f3w.<br \/>\nPoza tym nagrywam \u0142\u0105czno\u015bci w Audacity, u\u017cywam LiveMUFa, ON4KST. Bardzo przydatn\u0105 rzecz\u0105 jest gadaczka w moim IC-7100 jak i funkcja MPAD &#8211; umo\u017cliwiaj\u0105ca zapami\u0119tanie 5 lub 10 cz\u0119stotliwo\u015bci z VFO i szybkie prze\u0142\u0105czanie mi\u0119dzy nimi.<br \/>\nKilka razy u\u017cywa\u0142em prze\u0142\u0105cznika antenowego oraz kilku system\u00f3w dw\u00f3ch na sta\u0142ych kierunkach, a jednym na rotorze.<\/p>\n<p>Lista zawod\u00f3w w jakich pracowa\u0142em pod znakiem SO3Z oraz kr\u00f3tki opis. Na samym dole kilka s\u0142\u00f3w o pracy jako Multioperator wraz z zespo\u0142em SN7L.<\/p>\n<p><a href=\"https:\/\/so3z.com\/?page_id=633\">I Pr\u00f3by subregionalne 2013<\/a><br \/>\n<a href=\"https:\/\/so3z.com\/?page_id=578\">VHF IARU 2012<\/a><br \/>\n<a href=\"https:\/\/so3z.com\/?page_id=556\">III IPr\u00f3by subregionalne 2012<\/a><br \/>\n<a href=\"https:\/\/so3z.com\/?page_id=329\">VHF IARU 2011<\/a><br \/>\n<a href=\"https:\/\/so3z.com\/?page_id=256\">II Pr\u00f3by subregionalne 2011<\/a><br \/>\n<a href=\"https:\/\/so3z.com\/?page_id=145\">I Pr\u00f3by subregionalne 2011<\/a><br \/>\n<a href=\"https:\/\/so3z.com\/?page_id=126\">II Pr\u00f3by subregionalne 2010<\/a><br \/>\n<a href=\"https:\/\/so3z.com\/?page_id=124\">VHF IARU 2009<\/a><br \/>\n<a href=\"https:\/\/so3z.com\/?page_id=122\">III Pr\u00f3by subregionalne 2009<\/a><br \/>\n<a href=\"https:\/\/so3z.com\/?p=1896\">Zawody Letnie &#8217;14<\/a><\/p>\n<hr \/>\n<p>Wcze\u015bniejsze starty jako SP3IYM:<\/p>\n<p>&nbsp;<\/p>\n<table>\n<tbody>\n<tr>\n<td width=\"40\"><b>Year<\/b><\/td>\n<td width=\"160\"><b>Contest<\/b><\/td>\n<td width=\"40\"><b>Place<\/b><\/td>\n<td width=\"40\"><b>Points<\/b><\/td>\n<td width=\"50\"><b>QSO<\/b><\/td>\n<td width=\"120\"><b>ODX<\/b><\/td>\n<td width=\"280\"><b>Remarks<\/b><\/td>\n<\/tr>\n<tr>\n<td>2009<\/td>\n<td>2nd Subregional 2m<\/td>\n<td>?<\/td>\n<td>59230<\/td>\n<td>141<\/td>\n<td>HB9GT 803 km<\/td>\n<td>as sp3iym; 150W + 3x 7el DK7ZB<\/td>\n<\/tr>\n<tr>\n<td>2009<\/td>\n<td>1st Subregional 70cm<\/td>\n<td>6<\/td>\n<td>4415<\/td>\n<td>14<\/td>\n<td>S51ZO 641 km<\/td>\n<td>as sp3iym; 10W + 16el DK7ZB<\/td>\n<\/tr>\n<tr>\n<td>2008<\/td>\n<td>MMC 2m<\/td>\n<td>9<\/td>\n<td>23533<\/td>\n<td>55<\/td>\n<td>9A4M 794km<\/td>\n<td>as sp3iym; 25W + 10el DK7ZB<\/td>\n<\/tr>\n<tr>\n<td>2008<\/td>\n<td>VHF IARU 2m<\/td>\n<td>31<\/td>\n<td>8011<\/td>\n<td>14<\/td>\n<td>9A5Y 766km<\/td>\n<td>as sp3iym; 25W + 10el DK7ZB<\/td>\n<\/tr>\n<tr>\n<td>2008<\/td>\n<td>3rd Subregional 2m<\/td>\n<td><b>1<\/b><\/td>\n<td>55700<\/td>\n<td>138<\/td>\n<td>HB9GT 803km<\/td>\n<td>as sp3iym; 25W + 10el DK7ZB<\/td>\n<\/tr>\n<tr>\n<td>2008<\/td>\n<td>2nd Subregional 2m<\/td>\n<td>3<\/td>\n<td>54694<\/td>\n<td>131<\/td>\n<td>HB9GT 803km<\/td>\n<td>as sp3iym; 25W + 2x 7el DK7ZB<\/td>\n<\/tr>\n<tr>\n<td>2007<\/td>\n<td>3rd Subregional 2m<\/td>\n<td>12<\/td>\n<td>25869<\/td>\n<td>73<\/td>\n<td>9A5Y 766km<\/td>\n<td>as sp3iym; 10W + 8el DK7ZB<\/td>\n<\/tr>\n<tr>\n<td>2007<\/td>\n<td>2nd Subregional 2m<\/td>\n<td>27<\/td>\n<td>5980<\/td>\n<td>19<\/td>\n<td>9A5Y 766km<\/td>\n<td>as sp3iym; 10W + 8el DK7ZB<\/td>\n<\/tr>\n<tr>\n<td>2007<\/td>\n<td>1st Subregional 2m<\/td>\n<td>7<\/td>\n<td>19512<\/td>\n<td>49<\/td>\n<td>HB9GT 803km<\/td>\n<td>as sp3iym; 10W + 8el DK7ZB<\/td>\n<\/tr>\n<\/tbody>\n<\/table>\n<hr \/>\n<p>&nbsp;<\/p>\n<p>W 2013 roku zosta\u0142em zaproszony przez Ma\u0107ka SP7TEE do uczestnictwa w zawodach z zespo\u0142em SN7L.<\/p>\n<p>Pracowa\u0142em wielokrotnie z tym wspania\u0142ym zespo\u0142em z kilkana\u015bcie razy z G\u00f3ry Szrenicy osi\u0105gaj\u0105c 4 miejsce w VHF IARU, z G\u00f3ry Kamie\u0144sk kilkukrotnie.<br \/>\n<a href=\"https:\/\/so3z.com\/wp-content\/uploads\/2021\/02\/sn7.jpg\">Po wielu staraniach uda\u0142o nam si\u0119 wystartowa\u0107 r\u00f3wnie\u017c z G\u00f3ry \u015anie\u017cka zdobywaj\u0105 Jako multioperator wsp\u00f3lnie z zespo\u0142em SN7L \u2013 1 miejsce w VHF IARU Contest 2019<\/a><\/p>\n","protected":false},"excerpt":{"rendered":"<p>Dyplomy: W zawodach loguj\u0119 w Tucnaku. Jest to doskona\u0142y program o wielu mo\u017cliwo\u015bciach. Po\u015bwi\u0119c\u0119 mu osobny artyku\u0142. U\u017cywam r\u00f3wnie\u017c Airscouta, kt\u00f3ry zawsze umo\u017cliwia z\u0142apanie kilkunastu kilkudziesi\u0119ciu \u0142\u0105czno\u015bci wi\u0119cej dzi\u0119ki odbiciom od samolot\u00f3w. Poza tym nagrywam \u0142\u0105czno\u015bci w Audacity, u\u017cywam LiveMUFa, ON4KST. Bardzo przydatn\u0105 rzecz\u0105 jest gadaczka w moim IC-7100 jak i funkcja MPAD &#8211; umo\u017cliwiaj\u0105ca &hellip; <a href=\"https:\/\/so3z.com\/?page_id=19\" class=\"more-link\">Czytaj dalej <span class=\"screen-reader-text\">Zawody<\/span> <span class=\"meta-nav\">&rarr;<\/span><\/a><\/p>\n","protected":false},"author":1,"featured_media":0,"parent":0,"menu_order":7,"comment_status":"open","ping_status":"open","template":"","meta":{"footnotes":""},"class_list":["post-19","page","type-page","status-publish","hentry"],"_links":{"self":[{"href":"https:\/\/so3z.com\/index.php?rest_route=\/wp\/v2\/pages\/19","targetHints":{"allow":["GET"]}}],"collection":[{"href":"https:\/\/so3z.com\/index.php?rest_route=\/wp\/v2\/pages"}],"about":[{"href":"https:\/\/so3z.com\/index.php?rest_route=\/wp\/v2\/types\/page"}],"author":[{"embeddable":true,"href":"https:\/\/so3z.com\/index.php?rest_route=\/wp\/v2\/users\/1"}],"replies":[{"embeddable":true,"href":"https:\/\/so3z.com\/index.php?rest_route=%2Fwp%2Fv2%2Fcomments&post=19"}],"version-history":[{"count":43,"href":"https:\/\/so3z.com\/index.php?rest_route=\/wp\/v2\/pages\/19\/revisions"}],"predecessor-version":[{"id":3975,"href":"https:\/\/so3z.com\/index.php?rest_route=\/wp\/v2\/pages\/19\/revisions\/3975"}],"wp:attachment":[{"href":"https:\/\/so3z.com\/index.php?rest_route=%2Fwp%2Fv2%2Fmedia&parent=19"}],"curies":[{"name":"wp","href":"https:\/\/api.w.org\/{rel}","templated":true}]}}