{"id":1987,"date":"2014-09-08T17:40:46","date_gmt":"2014-09-08T16:40:46","guid":{"rendered":"http:\/\/so3z.com\/?page_id=1987"},"modified":"2016-05-24T20:45:22","modified_gmt":"2016-05-24T19:45:22","slug":"2014-vhf-iaru","status":"publish","type":"page","link":"https:\/\/so3z.com\/?page_id=1987","title":{"rendered":"2014 &#8211; VHF IARU"},"content":{"rendered":"<p><strong>SN7L  JO70SS  Szrenica Mountain 1362m ASL <\/strong><br \/>\n<H2 style=\"color:red;\">  5 miejsce w Europie w kategorii MultiOp !!! <\/H2> <\/p>\n<p>SN7L contest team (SP7TEE, SP7HKK, SP7MTU, SP7OGP,  SP3IYM). We made 884 QSO on 2m, and about 358000 points, 128 WWLs, 26 DXCC. ODX on 2m was OH4MVH with QRB 1462km.<br \/>\n<a href=\"https:\/\/so3z.com\/wp-content\/uploads\/2014\/09\/vhf.jpg\"><img loading=\"lazy\" decoding=\"async\" src=\"https:\/\/so3z.com\/wp-content\/uploads\/2014\/09\/vhf-300x300.jpg\" alt=\"\" title=\"vhf\" width=\"300\" height=\"300\" class=\"alignnone size-medium wp-image-1995\" srcset=\"https:\/\/so3z.com\/wp-content\/uploads\/2014\/09\/vhf-300x300.jpg 300w, https:\/\/so3z.com\/wp-content\/uploads\/2014\/09\/vhf-150x150.jpg 150w, https:\/\/so3z.com\/wp-content\/uploads\/2014\/09\/vhf-1024x1024.jpg 1024w, https:\/\/so3z.com\/wp-content\/uploads\/2014\/09\/vhf.jpg 1800w\" sizes=\"auto, (max-width: 300px) 100vw, 300px\" \/><\/a><\/p>\n<hr \/>\n<p><strong>SN7L JO70SS  czyli schronisko na Szrenicy 1362m n.p.m. ju\u017c od czwartku przed zawodami. <\/strong><br \/>\nPo raz kolejny do\u0142\u0105czy\u0142em do teamu SN7L  pracowali\u015bmy (SP7TEE, SP7HKK, SP7MTU, SP7OGP, SP3IYM) na mocno zmodyfikowanym Yaesu FT-1000MP i transwerterze projektu i wykonania Ma\u0107ka SP7TEE. Postawienie wszystkich system\u00f3w posz\u0142o bardzo sprawnie &#8211; dzi\u0119ki niezast\u0105pionemu Wojtkowi SP7HKK. By\u0142 drobny problem z jednym systemem zaraz po zamontowaniu, ale wynika\u0142 on z wady produkcyjnej jednej z anten ale dzi\u0119ki wsp\u00f3lnej burzy m\u00f3zg\u00f3w i umiej\u0119tno\u015bciom alpinistycznym Zbyszka SP7MTU problem zosta\u0142 rozwi\u0105zany. W czasie zawod\u00f3w nie mieli\u015bmy problem\u00f3w ze sprz\u0119tem.  4km od nas w tym samym lokatorze pracowa\u0142 Jirka OK1HWU &#8211; stwierdzi\u0142, \u017ce nasz sygna\u0142 jest idealny +\/- 3kHz &#8211; nieprzeszkadzali\u015bmy sobie. Przed zawodami jak zwykle OK1KKD twierdzili, \u017ce generujemy zak\u0142\u00f3cenia (137km &#8211; widoczno\u015b\u0107 mi\u0119dzy antenami), jednak tym razem dowiedzia\u0142em si\u0119, \u017ce maj\u0105 IC-910H tak wi\u0119c nawet nie by\u0142o o czym dyskutowa\u0107 gdy stacje inne bli\u017csze raportuj\u0105 nasz sygna\u0142 jako idealny.<br \/>\nJa w czasie w kt\u00f3rym nie siedzia\u0142em przy mikrofonie skupia\u0142em si\u0119 na ON4KST i skedach Tropo i APscatter. Co wydaje si\u0119 przynios\u0142o oczekiwane efekty. Warunki mimo \u0142adnego ODXa gorsze ni\u017c w zesz\u0142ym roku, tropo wisia\u0142o nad SP w czasie zawod\u00f3w, mniej DL w logu, za to 80 x SP robi wra\u017cenie, Koledzy oby tak dalej.<\/p>\n<p><a href=\"https:\/\/picasaweb.google.com\/103529879792333468916\/SN7LVHFIARU2014?noredirect=1\">GALERIA<\/a><br \/<\/p>\n<p>Przed zawodami mieli\u015bmy przepi\u0119kn\u0105 inwersj\u0119 jakiej jeszcze na \u017cywo nie widzia\u0142em <a href=\"https:\/\/picasaweb.google.com\/102961223707632102176\/SudetyChmuryInwersja0914?noredirect=1#\">GALERIA z inwersj\u0105<\/a> <\/p>\n<p> Przed zawodami zrobi\u0142em 80 \u0142\u0105czno\u015bci, mi\u0119dzy innym OH4MVH 1462km, OH6KTL 1337km, OH4LA 1208km, SM5KWU 989km, I6BQI 933km. Tropo by\u0142o znacznie lepsze ju\u017c dwa dni i w przed dzie\u0144 zawod\u00f3w, s\u0142ysza\u0142em bikony LA8VHF SK4MPI OH2VHF.<\/p>\n<p>A sprz\u0119t to:<br \/>\n2m: mocno zmodyfikowany FT-1000MP,  Transverter zrobiony przez SP7TEE, drivery, 60m kabli (x3), rotory (x3), wzmacniacze 500W, LNA (x3), dwa zestawy 2x 12el YU7EF i jeden zestaw 2x 12el DK7ZB<br \/>\nNo i komputery do logowania, KST, gadaczki.<\/p>\n<p> <a href=\"https:\/\/picasaweb.google.com\/103529879792333468916\/SN7LVHFIARU2014?noredirect=1\"> Moja Galeria <\/a><br \/>\n<BR \/><\/p>\n<hr \/>\n<p>884QSO, 358000pkt,  128WWLs, 26 DXCCs,   ok. 405 avg QRB<br \/>\n<strong>TOP QRB 144MHz<\/strong><br \/>\n<a href=\"https:\/\/so3z.com\/SN7L\/09-2014-144MHz\/\">AUDIO RECORDS<\/a><\/p>\n<table>\n<tr>\n<td>\n<a href=\"https:\/\/so3z.com\/SN7L\/09-2014-144MHz\/OH4MVH-KP32-1463km.mp3\">OH4MVH  KP32 1462km<\/a><br \/>\nOH1MN KP10 1174km<br \/>\nSM3BEI JP81 1171km<br \/>\n<a href=\"https:\/\/so3z.com\/SN7L\/09-2014-144MHz\/OH1ND-KP00-1151km.mp3\">OH1ND KP00 1150km<\/a><br \/>\nSM4DXO JP71 1144km<br \/>\nSK90ZK JP70 1093km<br \/>\n<a href=\"https:\/\/so3z.com\/SN7L\/09-2014-144MHz\/LA0BY-JO59-1068km.mp3\">LA0BY JO59 1068km<\/a><br \/>\n<a href=\"https:\/\/so3z.com\/SN7L\/09-2014-144MHz\/SK0EN-JO99-1045km.mp3\">SK0EN JO99 1044km<\/a><br \/>\n<a href=\"https:\/\/so3z.com\/SN7L\/09-2014-144MHz\/SM5EPO-JP80-1043km.mp3\">SM5EPO JP80 1042km<\/a><br \/>\n<a href=\"https:\/\/so3z.com\/SN7L\/09-2014-144MHz\/G8P-JO01-992km.mp3\">G8P JO01 991km<\/a><br \/>\n<a href=\"https:\/\/so3z.com\/SN7L\/09-2014-144MHz\/SM0GWX-JO89-958km.mp3\">SM0GWX JO89 958km<\/a><br \/>\nI6BQI JN72 934km<br \/>\nIK1AZV JN34 925km<br \/>\n<a href=\"https:\/\/so3z.com\/SN7L\/09-2014-144MHz\/SM5P-JO88-915km.mp3\">SM5P JO88 915km<\/a>\n<\/td>\n<p><TD><br \/>\n<a href=\"https:\/\/so3z.com\/SN7L\/09-2014-144MHz\/SM6BFE-JO68-905km.mp3\">SM6BFE JO68 905km<\/a><br \/>\nIQ0HV\/0 JN63 877km<br \/>\n<a href=\"https:\/\/so3z.com\/SN7L\/09-2014-144MHz\/IK4WKU-0-JN63-865km.mp3\">IK4WKU\/0  JN63  864km<\/a><br \/>\nIZ1XGD JN35 863km<br \/>\n<a href=\"https:\/\/so3z.com\/SN7L\/09-2014-144MHz\/F4EGA-JO10-859km.mp3\">F4EGA JO10 859km<\/a><br \/>\n<a href=\"https:\/\/so3z.com\/SN7L\/09-2014-144MHz\/F0GTK-JO10-848km.mp3\">F0GTK JO10 848km<\/a><br \/>\n<a href=\"https:\/\/so3z.com\/SN7L\/09-2014-144MHz\/SK6QA-JO58-848km.mp3\">SK6QA JO58 848km<\/a><br \/>\n<a href=\"https:\/\/so3z.com\/SN7L\/09-2014-144MHz\/EU1AB-KO33-840km.mp3\">EU1AB KO33 840km<\/a><br \/>\n<a href=\"https:\/\/so3z.com\/SN7L\/09-2014-144MHz\/IK6EIW-JN63-836km.mp3\">IK6EIW JN63 836km<\/a><br \/>\n<a href=\"https:\/\/so3z.com\/SN7L\/09-2014-144MHz\/ON4LDP-JO10-834km.mp3\">ON4LDP  JO10   834km<\/a><br \/>\n<a href=\"https:\/\/so3z.com\/SN7L\/09-2014-144MHz\/IK5ZWU-6-JN63-833km.mp3\">IK5ZWU\/6  JN63  833km <\/a><br \/>\nSA6AIN  JO68   829km<br \/>\n<a href=\"https:\/\/so3z.com\/SN7L\/09-2014-144MHz\/TM0W-JN36-829km.mp3\">TM0W JN36 829km<\/a><br \/>\n<a href=\"https:\/\/so3z.com\/SN7L\/09-2014-144MHz\/SM6NET-JO68-829km.mp3\">SM6NET JO68 829km<\/a>\n<\/td>\n<td>\n<a href=\"https:\/\/so3z.com\/SN7L\/09-2014-144MHz\/IK2CFR-JN44-826km.mp3\">IK2CFR JN44 826km<\/a><br \/>\nIZ1POA JN44   825km<br \/>\nON4AIQ JO10 825km<br \/>\nPA3HFJ JO11 823km  100W, 11EL<br \/>\nOP7V JO10   819km<br \/>\nPA5KM JO11 818km<br \/>\nIW1CKM  JN45   818km<br \/>\n<a href=\"https:\/\/so3z.com\/SN7L\/09-2014-144MHz\/I2XAV-1-JN44-817km.mp3\">I2XAV\/1  JN44   817km<\/a><br \/>\n<a href=\"https:\/\/so3z.com\/SN7L\/09-2014-144MHz\/ON4KHG-JO10-816km.mp3\">ON4KHG  JO10   816km<\/a><br \/>\n<a href=\"https:\/\/so3z.com\/SN7L\/09-2014-144MHz\/YT7C-JN94-812km.mp3\">YT7C JN94 812km<\/a><br \/>\n<a href=\"https:\/\/so3z.com\/SN7L\/09-2014-144MHz\/F8KHO-P-JN29-806km.mp3\">F8KHO\/P JN29 806km<\/a><br \/>\nIQ3LX\/4 JN63 806km<br \/>\n<a href=\"https:\/\/so3z.com\/SN7L\/09-2014-144MHz\/9A1CBM-JN83-805km.mp3\">9A1CBM JN83 805km<\/a><br \/>\n<a href=\"https:\/\/so3z.com\/SN7L\/09-2014-144MHz\/PA6NL-JO21-803km.mp3\">PA6NL JO21 803km<\/a><br \/>\n<a href=\"https:\/\/so3z.com\/SN7L\/09-2014-144MHz\/SA6CBY-JO57-799km.mp3\">SA6CBY JO57 799km 50W!<\/a>\n<\/td>\n<\/tr>\n<\/table>\n<p><\/p>\n<p>Nasz sygna\u0142 u Mateja OK1TEH JO70FD przed zawodami.<br \/>\n<iframe loading=\"lazy\" width=\"480\" height=\"360\" src=\"\/\/www.youtube.com\/embed\/i7mrObj1Ov4?rel=0\" frameborder=\"0\" allowfullscreen><\/iframe><br \/>\n<a href=\"https:\/\/so3z.com\/wp-content\/uploads\/2014\/09\/vhf1.jpg\"><img loading=\"lazy\" decoding=\"async\" src=\"https:\/\/so3z.com\/wp-content\/uploads\/2014\/09\/vhf1-300x300.jpg\" alt=\"\" title=\"vhf1\" width=\"300\" height=\"300\" class=\"alignnone size-medium wp-image-1997\" srcset=\"https:\/\/so3z.com\/wp-content\/uploads\/2014\/09\/vhf1-300x300.jpg 300w, https:\/\/so3z.com\/wp-content\/uploads\/2014\/09\/vhf1-150x150.jpg 150w, https:\/\/so3z.com\/wp-content\/uploads\/2014\/09\/vhf1-1024x1024.jpg 1024w, https:\/\/so3z.com\/wp-content\/uploads\/2014\/09\/vhf1.jpg 1800w\" sizes=\"auto, (max-width: 300px) 100vw, 300px\" \/><\/a><br \/>\n<\/p>\n<hr \/>\n<p><\/p>\n<p>  DXCCs: 26<br \/>\n&#8212;&#8212;&#8212;&#8212;-<br \/>\n  DL: 383      S5: 20      ON:  8     UA2:  2<br \/>\n  PA: 36       F:  11      OZ:  8      LA:  1<br \/>\n  SP: 83      LY:  10      OH:  3       G:   1<br \/>\n   I: 29      OE:  21      YU:  5      YL:   1<br \/>\n  OK: 157      OM:  21      UR:  6      YO:   1<br \/>\n  SM: 26      HA:  14      E7:  4<br \/>\n  9A: 22      HB:  9      EU:  2    <\/p>\n","protected":false},"excerpt":{"rendered":"<p>SN7L JO70SS Szrenica Mountain 1362m ASL 5 miejsce w Europie w kategorii MultiOp !!! SN7L contest team (SP7TEE, SP7HKK, SP7MTU, SP7OGP, SP3IYM). We made 884 QSO on 2m, and about 358000 points, 128 WWLs, 26 DXCC. ODX on 2m was OH4MVH with QRB 1462km. SN7L JO70SS czyli schronisko na Szrenicy 1362m n.p.m. ju\u017c od czwartku &hellip; <a href=\"https:\/\/so3z.com\/?page_id=1987\" class=\"more-link\">Czytaj dalej <span class=\"screen-reader-text\">2014 &#8211; VHF IARU<\/span> <span class=\"meta-nav\">&rarr;<\/span><\/a><\/p>\n","protected":false},"author":1,"featured_media":0,"parent":19,"menu_order":17,"comment_status":"closed","ping_status":"closed","template":"","meta":{"footnotes":""},"class_list":["post-1987","page","type-page","status-publish","hentry"],"_links":{"self":[{"href":"https:\/\/so3z.com\/index.php?rest_route=\/wp\/v2\/pages\/1987","targetHints":{"allow":["GET"]}}],"collection":[{"href":"https:\/\/so3z.com\/index.php?rest_route=\/wp\/v2\/pages"}],"about":[{"href":"https:\/\/so3z.com\/index.php?rest_route=\/wp\/v2\/types\/page"}],"author":[{"embeddable":true,"href":"https:\/\/so3z.com\/index.php?rest_route=\/wp\/v2\/users\/1"}],"replies":[{"embeddable":true,"href":"https:\/\/so3z.com\/index.php?rest_route=%2Fwp%2Fv2%2Fcomments&post=1987"}],"version-history":[{"count":23,"href":"https:\/\/so3z.com\/index.php?rest_route=\/wp\/v2\/pages\/1987\/revisions"}],"predecessor-version":[{"id":2528,"href":"https:\/\/so3z.com\/index.php?rest_route=\/wp\/v2\/pages\/1987\/revisions\/2528"}],"up":[{"embeddable":true,"href":"https:\/\/so3z.com\/index.php?rest_route=\/wp\/v2\/pages\/19"}],"wp:attachment":[{"href":"https:\/\/so3z.com\/index.php?rest_route=%2Fwp%2Fv2%2Fmedia&parent=1987"}],"curies":[{"name":"wp","href":"https:\/\/api.w.org\/{rel}","templated":true}]}}