{"id":2068,"date":"2014-10-29T14:22:03","date_gmt":"2014-10-29T13:22:03","guid":{"rendered":"http:\/\/so3z.com\/?page_id=2068"},"modified":"2021-02-07T22:31:13","modified_gmt":"2021-02-07T21:31:13","slug":"lna-144mhz-ha8et","status":"publish","type":"page","link":"https:\/\/so3z.com\/?page_id=2068","title":{"rendered":"LNA 144MHZ &#8211; HA8ET"},"content":{"rendered":"<p><a href=\"http:\/\/www.ha8et.hu\/ext.htm\">Zlutowan\u0105 zestrojon\u0105 p\u0142ytk\u0119 kupi\u0142em od HA8ET za 45euro.<\/a><br \/>\nPrzeka\u017aniki nowe uda\u0142o mi si\u0119 kupi\u0107 od Marka SP4MPB.<br \/>\nAndrzej SP8XXN okablowa\u0142 mi LNA i z\u0142o\u017cy\u0142 do obudowy.<br \/>\nPrzeka\u017aniki maj\u0105 odpowiedni\u0105 separacj\u0105 mi\u0119dzy portami &#8211; pozwalaj\u0105 na przeniesienie ponad 1,5kW mocy.<\/p>\n<p><a href=\"https:\/\/so3z.com\/wp-content\/uploads\/2011\/12\/LNA.jpg\"><img loading=\"lazy\" decoding=\"async\" class=\"alignnone size-medium wp-image-2589\" src=\"https:\/\/so3z.com\/wp-content\/uploads\/2011\/12\/LNA-168x300.jpg\" alt=\"LNA\" width=\"168\" height=\"300\" srcset=\"https:\/\/so3z.com\/wp-content\/uploads\/2011\/12\/LNA-168x300.jpg 168w, https:\/\/so3z.com\/wp-content\/uploads\/2011\/12\/LNA.jpg 547w\" sizes=\"auto, (max-width: 168px) 100vw, 168px\" \/><\/a> <a href=\"https:\/\/so3z.com\/wp-content\/uploads\/2014\/10\/IMG_0008.jpg\"><img loading=\"lazy\" decoding=\"async\" class=\"alignnone size-medium wp-image-2070\" title=\"IMG_0008\" src=\"https:\/\/so3z.com\/wp-content\/uploads\/2014\/10\/IMG_0008-300x225.jpg\" alt=\"\" width=\"300\" height=\"225\" srcset=\"https:\/\/so3z.com\/wp-content\/uploads\/2014\/10\/IMG_0008-300x225.jpg 300w, https:\/\/so3z.com\/wp-content\/uploads\/2014\/10\/IMG_0008-1024x768.jpg 1024w, https:\/\/so3z.com\/wp-content\/uploads\/2014\/10\/IMG_0008.jpg 1632w\" sizes=\"auto, (max-width: 300px) 100vw, 300px\" \/><\/a><a href=\"https:\/\/so3z.com\/wp-content\/uploads\/2014\/10\/IMG_0010.jpg\"><img loading=\"lazy\" decoding=\"async\" class=\"alignnone size-medium wp-image-2071\" title=\"IMG_0010\" src=\"https:\/\/so3z.com\/wp-content\/uploads\/2014\/10\/IMG_0010-300x225.jpg\" alt=\"\" width=\"300\" height=\"225\" srcset=\"https:\/\/so3z.com\/wp-content\/uploads\/2014\/10\/IMG_0010-300x225.jpg 300w, https:\/\/so3z.com\/wp-content\/uploads\/2014\/10\/IMG_0010-1024x768.jpg 1024w, https:\/\/so3z.com\/wp-content\/uploads\/2014\/10\/IMG_0010.jpg 1632w\" sizes=\"auto, (max-width: 300px) 100vw, 300px\" \/><\/a><br \/>\n<a href=\"https:\/\/so3z.com\/wp-content\/uploads\/2014\/10\/IMG_0014.jpg\"><img loading=\"lazy\" decoding=\"async\" class=\"alignnone size-medium wp-image-2072\" title=\"IMG_0014\" src=\"https:\/\/so3z.com\/wp-content\/uploads\/2014\/10\/IMG_0014-300x225.jpg\" alt=\"\" width=\"300\" height=\"225\" srcset=\"https:\/\/so3z.com\/wp-content\/uploads\/2014\/10\/IMG_0014-300x225.jpg 300w, https:\/\/so3z.com\/wp-content\/uploads\/2014\/10\/IMG_0014-1024x768.jpg 1024w, https:\/\/so3z.com\/wp-content\/uploads\/2014\/10\/IMG_0014.jpg 1632w\" sizes=\"auto, (max-width: 300px) 100vw, 300px\" \/><\/a><a href=\"https:\/\/so3z.com\/wp-content\/uploads\/2014\/10\/IMG_0011.jpg\"><img loading=\"lazy\" decoding=\"async\" class=\"alignnone size-medium wp-image-2073\" title=\"IMG_0011\" src=\"https:\/\/so3z.com\/wp-content\/uploads\/2014\/10\/IMG_0011-300x225.jpg\" alt=\"\" width=\"300\" height=\"225\" srcset=\"https:\/\/so3z.com\/wp-content\/uploads\/2014\/10\/IMG_0011-300x225.jpg 300w, https:\/\/so3z.com\/wp-content\/uploads\/2014\/10\/IMG_0011-1024x768.jpg 1024w, https:\/\/so3z.com\/wp-content\/uploads\/2014\/10\/IMG_0011.jpg 1632w\" sizes=\"auto, (max-width: 300px) 100vw, 300px\" \/><\/a><br \/>\n<a href=\"https:\/\/so3z.com\/wp-content\/uploads\/2014\/10\/IMG_0009.jpg\"><img loading=\"lazy\" decoding=\"async\" class=\"alignnone size-medium wp-image-2074\" title=\"IMG_0009\" src=\"https:\/\/so3z.com\/wp-content\/uploads\/2014\/10\/IMG_0009-225x300.jpg\" alt=\"\" width=\"225\" height=\"300\" srcset=\"https:\/\/so3z.com\/wp-content\/uploads\/2014\/10\/IMG_0009-225x300.jpg 225w, https:\/\/so3z.com\/wp-content\/uploads\/2014\/10\/IMG_0009-768x1024.jpg 768w, https:\/\/so3z.com\/wp-content\/uploads\/2014\/10\/IMG_0009.jpg 1224w\" sizes=\"auto, (max-width: 225px) 100vw, 225px\" \/><\/a><a href=\"https:\/\/so3z.com\/wp-content\/uploads\/2021\/02\/20160921_165417_HDR-scaled.jpg\"><img loading=\"lazy\" decoding=\"async\" class=\"alignnone size-medium wp-image-3834\" src=\"https:\/\/so3z.com\/wp-content\/uploads\/2021\/02\/20160921_165417_HDR-300x169.jpg\" alt=\"\" width=\"300\" height=\"169\" srcset=\"https:\/\/so3z.com\/wp-content\/uploads\/2021\/02\/20160921_165417_HDR-300x169.jpg 300w, https:\/\/so3z.com\/wp-content\/uploads\/2021\/02\/20160921_165417_HDR-1024x576.jpg 1024w, https:\/\/so3z.com\/wp-content\/uploads\/2021\/02\/20160921_165417_HDR-768x432.jpg 768w, https:\/\/so3z.com\/wp-content\/uploads\/2021\/02\/20160921_165417_HDR-1536x864.jpg 1536w, https:\/\/so3z.com\/wp-content\/uploads\/2021\/02\/20160921_165417_HDR-2048x1152.jpg 2048w\" sizes=\"auto, (max-width: 300px) 100vw, 300px\" \/><\/a><a href=\"https:\/\/so3z.com\/wp-content\/uploads\/2021\/02\/20160921_165421_HDR-scaled.jpg\"><img loading=\"lazy\" decoding=\"async\" class=\"alignnone size-medium wp-image-3835\" src=\"https:\/\/so3z.com\/wp-content\/uploads\/2021\/02\/20160921_165421_HDR-300x169.jpg\" alt=\"\" width=\"300\" height=\"169\" srcset=\"https:\/\/so3z.com\/wp-content\/uploads\/2021\/02\/20160921_165421_HDR-300x169.jpg 300w, https:\/\/so3z.com\/wp-content\/uploads\/2021\/02\/20160921_165421_HDR-1024x576.jpg 1024w, https:\/\/so3z.com\/wp-content\/uploads\/2021\/02\/20160921_165421_HDR-768x432.jpg 768w, https:\/\/so3z.com\/wp-content\/uploads\/2021\/02\/20160921_165421_HDR-1536x864.jpg 1536w, https:\/\/so3z.com\/wp-content\/uploads\/2021\/02\/20160921_165421_HDR-2048x1152.jpg 2048w\" sizes=\"auto, (max-width: 300px) 100vw, 300px\" \/><\/a><a href=\"https:\/\/so3z.com\/wp-content\/uploads\/2021\/02\/20160921_165424_HDR-scaled.jpg\"><img loading=\"lazy\" decoding=\"async\" class=\"alignnone size-medium wp-image-3836\" src=\"https:\/\/so3z.com\/wp-content\/uploads\/2021\/02\/20160921_165424_HDR-300x169.jpg\" alt=\"\" width=\"300\" height=\"169\" srcset=\"https:\/\/so3z.com\/wp-content\/uploads\/2021\/02\/20160921_165424_HDR-300x169.jpg 300w, https:\/\/so3z.com\/wp-content\/uploads\/2021\/02\/20160921_165424_HDR-1024x576.jpg 1024w, https:\/\/so3z.com\/wp-content\/uploads\/2021\/02\/20160921_165424_HDR-768x432.jpg 768w, https:\/\/so3z.com\/wp-content\/uploads\/2021\/02\/20160921_165424_HDR-1536x864.jpg 1536w, https:\/\/so3z.com\/wp-content\/uploads\/2021\/02\/20160921_165424_HDR-2048x1152.jpg 2048w\" sizes=\"auto, (max-width: 300px) 100vw, 300px\" \/><\/a><a href=\"https:\/\/so3z.com\/wp-content\/uploads\/2021\/02\/20160921_165431_HDR-scaled.jpg\"><img loading=\"lazy\" decoding=\"async\" class=\"alignnone size-medium wp-image-3837\" src=\"https:\/\/so3z.com\/wp-content\/uploads\/2021\/02\/20160921_165431_HDR-169x300.jpg\" alt=\"\" width=\"169\" height=\"300\" srcset=\"https:\/\/so3z.com\/wp-content\/uploads\/2021\/02\/20160921_165431_HDR-169x300.jpg 169w, https:\/\/so3z.com\/wp-content\/uploads\/2021\/02\/20160921_165431_HDR-576x1024.jpg 576w, https:\/\/so3z.com\/wp-content\/uploads\/2021\/02\/20160921_165431_HDR-768x1365.jpg 768w, https:\/\/so3z.com\/wp-content\/uploads\/2021\/02\/20160921_165431_HDR-864x1536.jpg 864w, https:\/\/so3z.com\/wp-content\/uploads\/2021\/02\/20160921_165431_HDR-1152x2048.jpg 1152w, https:\/\/so3z.com\/wp-content\/uploads\/2021\/02\/20160921_165431_HDR-scaled.jpg 1440w\" sizes=\"auto, (max-width: 169px) 100vw, 169px\" \/><\/a><\/p>\n","protected":false},"excerpt":{"rendered":"<p>Zlutowan\u0105 zestrojon\u0105 p\u0142ytk\u0119 kupi\u0142em od HA8ET za 45euro. Przeka\u017aniki nowe uda\u0142o mi si\u0119 kupi\u0107 od Marka SP4MPB. Andrzej SP8XXN okablowa\u0142 mi LNA i z\u0142o\u017cy\u0142 do obudowy. Przeka\u017aniki maj\u0105 odpowiedni\u0105 separacj\u0105 mi\u0119dzy portami &#8211; pozwalaj\u0105 na przeniesienie ponad 1,5kW mocy.<\/p>\n","protected":false},"author":1,"featured_media":0,"parent":49,"menu_order":0,"comment_status":"closed","ping_status":"closed","template":"","meta":{"footnotes":""},"class_list":["post-2068","page","type-page","status-publish","hentry"],"_links":{"self":[{"href":"https:\/\/so3z.com\/index.php?rest_route=\/wp\/v2\/pages\/2068","targetHints":{"allow":["GET"]}}],"collection":[{"href":"https:\/\/so3z.com\/index.php?rest_route=\/wp\/v2\/pages"}],"about":[{"href":"https:\/\/so3z.com\/index.php?rest_route=\/wp\/v2\/types\/page"}],"author":[{"embeddable":true,"href":"https:\/\/so3z.com\/index.php?rest_route=\/wp\/v2\/users\/1"}],"replies":[{"embeddable":true,"href":"https:\/\/so3z.com\/index.php?rest_route=%2Fwp%2Fv2%2Fcomments&post=2068"}],"version-history":[{"count":8,"href":"https:\/\/so3z.com\/index.php?rest_route=\/wp\/v2\/pages\/2068\/revisions"}],"predecessor-version":[{"id":3840,"href":"https:\/\/so3z.com\/index.php?rest_route=\/wp\/v2\/pages\/2068\/revisions\/3840"}],"up":[{"embeddable":true,"href":"https:\/\/so3z.com\/index.php?rest_route=\/wp\/v2\/pages\/49"}],"wp:attachment":[{"href":"https:\/\/so3z.com\/index.php?rest_route=%2Fwp%2Fv2%2Fmedia&parent=2068"}],"curies":[{"name":"wp","href":"https:\/\/api.w.org\/{rel}","templated":true}]}}