{"id":2175,"date":"2015-02-12T11:01:37","date_gmt":"2015-02-12T10:01:37","guid":{"rendered":"http:\/\/so3z.com\/?page_id=2175"},"modified":"2016-11-21T12:24:07","modified_gmt":"2016-11-21T11:24:07","slug":"tropo-101112-02-2015","status":"publish","type":"page","link":"https:\/\/so3z.com\/?page_id=2175","title":{"rendered":"Tropo = 10-12.02.2015"},"content":{"rendered":"<p><a href=\"https:\/\/so3z.com\/wp-content\/uploads\/2015\/02\/tropo1.jpg\"><img loading=\"lazy\" decoding=\"async\" src=\"https:\/\/so3z.com\/wp-content\/uploads\/2015\/02\/tropo1-300x257.jpg\" alt=\"\" title=\"tropo1\" width=\"300\" height=\"257\" class=\"alignnone size-medium wp-image-2201\" srcset=\"https:\/\/so3z.com\/wp-content\/uploads\/2015\/02\/tropo1-300x257.jpg 300w, https:\/\/so3z.com\/wp-content\/uploads\/2015\/02\/tropo1-1024x880.jpg 1024w, https:\/\/so3z.com\/wp-content\/uploads\/2015\/02\/tropo1.jpg 1576w\" sizes=\"auto, (max-width: 300px) 100vw, 300px\" \/><\/a> <br \/>\nW dniu 10.02.2015 zacz\u0119\u0142o si\u0119 znakomite TROPO jakiego ostatnio u siebie nie mia\u0142em od 2007 roku.<\/p>\n<p>Pierwszy raz odbiera\u0142em bikony <a href=\"https:\/\/www.youtube.com\/watch?v=njNOx7skYLw\">ON0VHF (max 529)<\/a>, <a href=\"https:\/\/www.youtube.com\/watch?v=9II-i62TU3k\">DB0FGB (max 569)<\/a>, <a href=\"https:\/\/www.youtube.com\/watch?v=QOZBjyviocQ\">DB0MMO (max 549)<\/a>, <a href=\"https:\/\/www.youtube.com\/watch?v=ahjQMvtMGmA\">OH2VHF (max 549)<\/a>. S\u0142ysza\u0142em r\u00f3wnie\u017c bikony <a href=\"https:\/\/www.youtube.com\/watch?v=73vLfkrnCH8\">LA8VHF (max 589)<\/a>, <a href=\"https:\/\/www.youtube.com\/watch?v=u-QoQqSQ2xo\">SK4MPI (max 569)<\/a>,<a href=\"https:\/\/www.youtube.com\/watch?v=gMtRB5BcIEA\"> SK1VHF (max 539)<\/a>, SK7VHF, OZ7IGY, OZ4UHF, DM0HVL. <\/p>\n<p>Zrobilem ponad 100 QSO. Zacz\u0119\u0142o si\u0119 od QSO CW z Johnem <a href=\"https:\/\/www.youtube.com\/watch?v=Vl68utWcilE\">G4SWX JO02R (400W 4x 16el)<\/a> pierwsze QSO by\u0142o z sygna\u0142em 419\/529  ale potem John wychodzi\u0142 nawet na 58.<\/p>\n<p>\nPierwszego dnia uda\u0142o mi si\u0119 poprawi\u0107 m\u00f3j ODX Tropo &#8211; Zrobi\u0142em QSO z EI3KD Mark IO51VW na cw (nast\u0119pnego dnia na SSB! &#8211; mam nagranie).<br \/>\nTropo d\u0142ugo utrzymywa\u0142o si\u0119 pomi\u0119dzy Wyspami Brytyjskimi a DL\/SP. 11.02 zacz\u0119\u0142o si\u0119 powoli przesuwa\u0107 na p\u00f3\u0142nocny zach\u00f3d. Pojawi\u0142y si\u0119 pot\u0119\u017cne sygna\u0142y z LA ale tylko kilka stacji by\u0142o aktywnych.<br \/>\nZrobi\u0142em pierwszy raz na Tropo z JO82 Finlandi\u0119. 2 nowe kwadraty JO47 i JO56. <\/p>\n<p>12.02 S\u0142yszalne SK4MPI i OH2VHF przez wi\u0119kszo\u015b\u0107 dnia. Pracowa\u0142em od rana zdalnie na cw. Nadal urzymywa\u0142 si\u0119 dukt na Szwecj\u0119, Finlandi\u0119, Estoni\u0119, \u0141otw\u0119, Litw\u0119.<br \/>\nZrobi\u0142em kilka stacji z SM, OH, ES, YL, LY. Nowe lokator KO19 i KO36 (#383)na cw.<br \/>\nNiestety pracuj\u0105c remote nie by\u0142em w stanie nagrywa\u0107 \u0142\u0105czno\u015bci wi\u0119c niekt\u00f3rych nagra\u0144 nie ma szczeg\u00f3lnie z rana 12.02.<br \/>\nNa niekt\u00f3rych nagraniach stacje s\u0105 s\u0142abe bo dukt si\u0119 ko\u0144czy\u0142 albo zaczyna\u0142. Ale potem pojawia\u0142y si\u0119 cz\u0119sto z sygnalami 59.<br \/>\nOH2VHF ostatni raz s\u0142yszany o 20:10 UTC 12.02.2015.<\/p>\n<p>Wielka szkoda, \u017ce aktywno\u015b\u0107 ze skandynawii nie by\u0142a wi\u0119ksza, poza tym zero stacji z UA1 a by\u0142o mo\u017cna zrobi\u0107 bez problemu.<br \/>\nNajsilniejsze sygna\u0142y z JO02\/JO30\/JO59\/KP30\/KO37 nawet do 59\/599.<br \/>\nOdbiera\u0142em r\u00f3wnie\u017c: GW8JLY\/P IO81, SM4DXO JP71, SM4AIQ, GM8FFX, G4KWQ IO92,<br \/>\n12.02.2015 rano odbiera\u0142 mnie RA1AC KO49VV  z raportem 419. (80w 4x 8el)<\/p>\n<p>(Marek SP4MPB zrobi\u0142 r\u00f3wnie\u017c EI3KD 1939km na 144MHz)<br \/>\nWarto zajrze\u0107 na stron\u0119 Mark-a EI3KD <a href=\"http:\/\/ei3kd.73tu.com\/?p=846#more-846\">WWW <\/a><\/p>\n<p><a href=\"https:\/\/docs.google.com\/spreadsheet\/ccc?key=0AsJ1I9ME76zsdFA4QVZoUExZTEhlcHdFNW9BNER2N0E&#038;usp=sharing\"><br \/>\n== PE\u0141EN LOG 2015== <\/a><\/p>\n<p><strong>TOP DX:  (nagrania niebawem)<\/strong><br \/>\n<strong>EI3KD IO51VW 1714km<\/strong> <a href=\"https:\/\/so3z.com\/records\/tropo\/2015\/EI3KD-SSB.ogg\"> REC SSB <\/a> | <a href=\"https:\/\/so3z.com\/records\/tropo\/2015\/EI3KD-CW.ogg\"> REC CW<\/a> = M\u00f3j sygna\u0142 u EI3KD:  <a href=\"http:\/\/ei3kd.73tu.com\/wp-content\/uploads\/2015\/02\/110215_2m_tr_sp3iym.mp3\">SSB<\/a><br \/>\nG4RRA IO80BS 1450km<br \/>\nG3SMT IO82KV 1356km  <a href=\"https:\/\/so3z.com\/records\/tropo\/2015\/G3SMT.ogg\">REC SSB<\/a><br \/>\nGM6VXB IO97AQ 1339km <a href=\"https:\/\/so3z.com\/records\/tropo\/2015\/GM6VXB.ogg\">REC SSB<\/a> | <a href=\"https:\/\/www.youtube.com\/watch?v=9TS19fyMdyo\">YOUTUBE<\/a><br \/>\nGM4AFF IO86TS 1336km <a href=\"https:\/\/so3z.com\/records\/tropo\/2015\/GM4AFF.ogg\">REC SSB<\/a><br \/>\nG7RAU IO90IR 1275km  <a href=\"https:\/\/so3z.com\/records\/tropo\/2015\/G7RAU.ogg\">REC CW<\/a><br \/>\nG4KUX IO94BP 1270km <a href=\"https:\/\/so3z.com\/records\/tropo\/2015\/G4KUX-SSB.ogg\">REC SSB<\/a> | <a href=\"http:\/\/sp3iym.com\/files\/records\/tropo\/2015\/G4KUX-CW.ogg\">REC CW<\/a><br \/>\nG4EHD IO93BS 1267km <a href=\"https:\/\/so3z.com\/records\/tropo\/2015\/G4EHD.ogg\">REC SSB<\/a><br \/>\nG8GXP IO93FQ 1245km <a href=\"https:\/\/so3z.com\/records\/tropo\/2015\/G8GXP.ogg\">REC SSB<\/a> | <a href=\"https:\/\/www.youtube.com\/watch?v=PhFDiJUxUp8\">YOUTUBE<\/a><br \/>\nG4DHF IO92UU 1166km <a href=\"https:\/\/so3z.com\/records\/tropo\/2015\/G4DHF.ogg\">REC SSB<\/a><br \/>\nG4YHF IO92XW 1149km <a href=\"https:\/\/so3z.com\/records\/tropo\/2015\/G4YHF.ogg\">REC SSB<\/a><br \/>\nG4EAT JO01HR 1120km <a href=\"https:\/\/so3z.com\/records\/tropo\/2015\/G4EAT-1.ogg\">REC SSB 1<\/a> | <a href=\"http:\/\/sp3iym.com\/files\/records\/tropo\/2015\/G4EAT-2.ogg\">REC SSB 2<\/a><br \/>\nG3MLO JO01MD 1105km<br \/>\nOH5LK KP30ON 1104km <a href=\"https:\/\/so3z.com\/records\/tropo\/2015\/OH5LK.ogg\">REC SSB<\/a><br \/>\nG4SWX JO02RF 1055km <a href=\"https:\/\/so3z.com\/records\/tropo\/2015\/G4SWX-CW.ogg\">REC CW<\/a> | <a href=\"https:\/\/www.youtube.com\/watch?v=Vl68utWcilE\">YOUTUBE<\/a><br \/>\nOH1XT KP01UK 1047km <a href=\"https:\/\/so3z.com\/records\/tropo\/2015\/OH1XT.ogg\">REC CW<\/a><br \/>\nOH2FQV KP20MF 1004km<br \/>\nOH1MN KP10FO 974km<br \/>\nLA3EQ JO28XJ 961km <a href=\"https:\/\/so3z.com\/records\/tropo\/2015\/LA3EQ.ogg\">REC SSB<\/a> | <a href=\"https:\/\/www.youtube.com\/watch?v=_pCKQ-sGoHY\">YOUTUBE<\/a><br \/>\nOH1ND KP00XL 951km <a href=\"https:\/\/so3z.com\/records\/tropo\/2015\/OH1ND.ogg\">REC SSB<\/a> | <a href=\"https:\/\/www.youtube.com\/watch?v=QXobXqHu-V8\">YOUTUBE<\/a><br \/>\nOH2AUK KO19TX 939km<br \/>\nLA0BY JO59IX 931km <a href=\"https:\/\/so3z.com\/records\/tropo\/2015\/LA0BY.ogg\">REC SSB<\/a> | <a href=\"https:\/\/www.youtube.com\/watch?v=hi_xgNZf4gM\">YOUTUBE<\/a><br \/>\nON4KHG JO10XO 923km<br \/>\nES1CW KO29HK 918km<br \/>\nSM4HFI JP70TO 916km<br \/>\nSM4ONW JP70QN\t915km <a href=\"https:\/\/so3z.com\/records\/tropo\/2015\/SM4ONW.ogg\">REC SSB<\/a><br \/>\nES3RF KO29IF 901km <a href=\"https:\/\/so3z.com\/records\/tropo\/2015\/ES3RF.ogg\">REC CW<\/a><br \/>\nSM4BDQ JP80FG 877km <a href=\"https:\/\/so3z.com\/records\/tropo\/2015\/SM4BDQ.ogg\"> REC SSB<\/a> | <a href=\"https:\/\/www.youtube.com\/watch?v=m8-gV0oTANk\">YOUTUBE<\/a><br \/>\nYL3GEA KO37QM 876km<br \/>\nLA1YKA JO59IK 875km <a href=\"https:\/\/so3z.com\/records\/tropo\/2015\/LA1YKA.ogg\">REC SSB<\/a><br \/>\nYL2FZ KO37QI 865km <a href=\"https:\/\/so3z.com\/records\/tropo\/2015\/YL2FZ.ogg\">REC SSB<\/a><br \/>\nON4PS JO20KQ 858km<br \/>\nLB1PG JO59FE 858km <a href=\"https:\/\/so3z.com\/records\/tropo\/2015\/LB1PG.ogg\">REC SSB<\/a><br \/>\nLA6LCA JO59FE 858km <a href=\"https:\/\/so3z.com\/records\/tropo\/2015\/LA6LCA.ogg\">REC SSB<\/a><br \/>\nYL2GD KO37ML 857km<br \/>\nSK0EN JO99JX 852km<br \/>\nSM5CUI JO89WW\t841km <a href=\"https:\/\/so3z.com\/records\/tropo\/2015\/SM5CUI.ogg\">REC SSB<\/a><br \/>\nYL2GUV KO37KE 830km <a href=\"https:\/\/so3z.com\/records\/tropo\/2015\/YL2GUVogg\">REC SSB<\/a><br \/>\nSK5AA JO89JT 826km <a href=\"https:\/\/so3z.com\/records\/tropo\/2015\/SK5AA.ogg\">REC SSB<\/a><br \/>\nSM5ZBJ JO89GR 817km <a href=\"https:\/\/so3z.com\/records\/tropo\/2015\/SM5ZBJ.ogg\">REC SSB<\/a><br \/>\nYL2EM KO36QM 815km<br \/>\nSM4GGC JO69RK 814km <a href=\"https:\/\/so3z.com\/records\/tropo\/2015\/SM4GGC.ogg\">REC SSB<\/a><\/p>\n<p>\n<strong>Archive maps from William Hepburn <a href=\"http:\/\/www.dxinfocentre.com\/\"> http:\/\/www.dxinfocentre.com\/ <\/a><\/strong><br \/>\n<a href=\"https:\/\/so3z.com\/wp-content\/uploads\/2015\/02\/tropo.gif\"><img loading=\"lazy\" decoding=\"async\" src=\"https:\/\/so3z.com\/wp-content\/uploads\/2015\/02\/tropo.gif\" alt=\"\" title=\"tropo\" width=\"600\" height=\"450\" class=\"alignnone size-full wp-image-2231\" srcset=\"https:\/\/so3z.com\/wp-content\/uploads\/2015\/02\/tropo.gif 690w, https:\/\/so3z.com\/wp-content\/uploads\/2015\/02\/tropo-300x225.gif 300w\" sizes=\"auto, (max-width: 600px) 100vw, 600px\" \/><\/a> <a href=\"https:\/\/so3z.com\/wp-content\/uploads\/2015\/02\/pressure.gif\"><img loading=\"lazy\" decoding=\"async\" src=\"https:\/\/so3z.com\/wp-content\/uploads\/2015\/02\/pressure.gif\" alt=\"\" title=\"pressure\" width=\"500\" height=\"511\" class=\"alignnone size-full wp-image-2234\" srcset=\"https:\/\/so3z.com\/wp-content\/uploads\/2015\/02\/pressure.gif 500w, https:\/\/so3z.com\/wp-content\/uploads\/2015\/02\/pressure-293x300.gif 293w\" sizes=\"auto, (max-width: 500px) 100vw, 500px\" \/><\/a><\/p>\n","protected":false},"excerpt":{"rendered":"<p>W dniu 10.02.2015 zacz\u0119\u0142o si\u0119 znakomite TROPO jakiego ostatnio u siebie nie mia\u0142em od 2007 roku. Pierwszy raz odbiera\u0142em bikony ON0VHF (max 529), DB0FGB (max 569), DB0MMO (max 549), OH2VHF (max 549). S\u0142ysza\u0142em r\u00f3wnie\u017c bikony LA8VHF (max 589), SK4MPI (max 569), SK1VHF (max 539), SK7VHF, OZ7IGY, OZ4UHF, DM0HVL. Zrobilem ponad 100 QSO. Zacz\u0119\u0142o si\u0119 od &hellip; <a href=\"https:\/\/so3z.com\/?page_id=2175\" class=\"more-link\">Czytaj dalej <span class=\"screen-reader-text\">Tropo = 10-12.02.2015<\/span> <span class=\"meta-nav\">&rarr;<\/span><\/a><\/p>\n","protected":false},"author":1,"featured_media":0,"parent":2669,"menu_order":13,"comment_status":"closed","ping_status":"closed","template":"","meta":{"footnotes":""},"class_list":["post-2175","page","type-page","status-publish","hentry"],"_links":{"self":[{"href":"https:\/\/so3z.com\/index.php?rest_route=\/wp\/v2\/pages\/2175","targetHints":{"allow":["GET"]}}],"collection":[{"href":"https:\/\/so3z.com\/index.php?rest_route=\/wp\/v2\/pages"}],"about":[{"href":"https:\/\/so3z.com\/index.php?rest_route=\/wp\/v2\/types\/page"}],"author":[{"embeddable":true,"href":"https:\/\/so3z.com\/index.php?rest_route=\/wp\/v2\/users\/1"}],"replies":[{"embeddable":true,"href":"https:\/\/so3z.com\/index.php?rest_route=%2Fwp%2Fv2%2Fcomments&post=2175"}],"version-history":[{"count":52,"href":"https:\/\/so3z.com\/index.php?rest_route=\/wp\/v2\/pages\/2175\/revisions"}],"predecessor-version":[{"id":2710,"href":"https:\/\/so3z.com\/index.php?rest_route=\/wp\/v2\/pages\/2175\/revisions\/2710"}],"up":[{"embeddable":true,"href":"https:\/\/so3z.com\/index.php?rest_route=\/wp\/v2\/pages\/2669"}],"wp:attachment":[{"href":"https:\/\/so3z.com\/index.php?rest_route=%2Fwp%2Fv2%2Fmedia&parent=2175"}],"curies":[{"name":"wp","href":"https:\/\/api.w.org\/{rel}","templated":true}]}}