{"id":2240,"date":"2015-03-08T20:20:19","date_gmt":"2015-03-08T19:20:19","guid":{"rendered":"http:\/\/so3z.com\/?page_id=2240"},"modified":"2015-03-11T21:39:41","modified_gmt":"2015-03-11T20:39:41","slug":"2015-i-iaru","status":"publish","type":"page","link":"https:\/\/so3z.com\/?page_id=2240","title":{"rendered":"2015 &#8211; I IARU"},"content":{"rendered":"<h1>SO3Z JO82LJ<\/H1> <br \/>\nIcom IC-7100 + PA GS-31B 500W + 40 metr\u00f3w 7\/8&#8243; + 14el OWL DK7ZB Yagi  @40m npt (120m npm) <br \/>\n<strong>QSO:<\/strong> 262<br \/>\n<strong>Punkty:<\/strong> 103000<br \/>\n<strong>LOC: <\/strong>78<br \/>\n<strong>DXCC:<\/strong> 17<br \/>\n<strong>ODX:<\/strong> I5PVA\/6 JN63GN 1035km <\/p>\n<table>\n<tr>\n<td>\nTOP DX:<br \/>\nI5PVA\/6 1035km<br \/>\nYU7ACO 872km<br \/>\nHB9RF 850km<br \/>\n9A0V 819km<br \/>\nDK1CM 817km<br \/>\nSM4GGC 812km<br \/>\n9A1N 783km<br \/>\n9A8D 778km<br \/>\nDR5T 759km<br \/>\nSM6BFE 758km<br \/>\nPA2CHR 727km<br \/>\nS57Q 715km<br \/>\nOZ11A 700km<br \/>\nSK6QA 713km<br \/>\nPE2TV 707km<\/td>\n<td><a href=\"https:\/\/so3z.com\/wp-content\/uploads\/2015\/03\/1st-2015.jpg\"><img loading=\"lazy\" decoding=\"async\" src=\"https:\/\/so3z.com\/wp-content\/uploads\/2015\/03\/1st-2015-300x300.jpg\" alt=\"\" title=\"1st-2015\" width=\"300\" height=\"300\" class=\"alignnone size-medium wp-image-2244\" srcset=\"https:\/\/so3z.com\/wp-content\/uploads\/2015\/03\/1st-2015-300x300.jpg 300w, https:\/\/so3z.com\/wp-content\/uploads\/2015\/03\/1st-2015-150x150.jpg 150w, https:\/\/so3z.com\/wp-content\/uploads\/2015\/03\/1st-2015-1024x1024.jpg 1024w, https:\/\/so3z.com\/wp-content\/uploads\/2015\/03\/1st-2015.jpg 1800w\" sizes=\"auto, (max-width: 300px) 100vw, 300px\" \/><\/a><\/td>\n<\/tr>\n<\/table>\n<p><strong>DL x103 |  SP x54 | OK x45 | OE x10 | HA x9 | SM x8 | OM x7 |  S5 x6 | OZ x5 | 9A\/PA\/LY x3 | UR x2 | YU\/I\/EU\/HB x1 <\/strong><\/p>\n<p>Single OP,  QRV 21h.<\/p>\n<p>Warunki na pocz\u0105tku zawod\u00f3w by\u0142y kiepskie, jednak tropo przesuwa\u0142o si\u0119 w moj\u0105 stron\u0119.<br \/>\nMa\u0142o stacji z OK i 9A w logu, jednak jest to m\u00f3j najlepszy wynik w marcu jak do tej pory.<br \/>\nCzesi korzystali prawdopodobnie z tropo i standardowo obr\u00f3ceni byli na UK. Podobnie ze stacjami z JN58\/59.<br \/>\nI5PVA\/6 s\u0142ysza\u0142em wielokrotnie w zawodach ale dopiero pod koniec uda\u0142o si\u0119 wym\u0119czy\u0107 QSO na CW. Mam kilka nagra\u0144 &#8211; obrobi\u0119 i wrzuc\u0119.<br \/>\nJest to moja pierwsza stacja na tropo z W\u0142och. (pomijam czarymary i zgadywanki JT65). Jest to te\u017c m\u00f3j nowy ODX w zawodach.<br \/>\n\u0141\u0105czno\u015bci z HB9RF nie jestem pewien bo by\u0142a na granicy czytelno\u015bci i to z QSB.<br \/>\nBardzo dobre sygna\u0142y z JO90 i JN99 szczeg\u00f3lnie drugiego dnia &#8211; nawet stacje 10W \ud83d\ude42<br \/>\nS\u0142ysza\u0142em jeszcze S58M, SM7MRL, SK0EN. Liczy\u0142em na stacje z Francji ale nie s\u0142ysza\u0142em ani jednej.<br \/>\nDwa zestawy antenowe w zawodach to minimum&#8230; 14el super do wy\u0142apywania s\u0142abych sygna\u0142\u00f3w ale ju\u017c nie do CQ&#8230; co chwil\u0119 kto\u015b mi si\u0119 \u0142adowa\u0142 na cz\u0119stotliwo\u015b\u0107.<br \/>\nMimo \u017ce pierwsz\u0105 po\u0142ow\u0119 zawod\u00f3w pracowa\u0142em na 144.191.5, a potem od 4UTC w niedziel\u0119 na 144.314.5. Poprzedni zestaw 2x 9el lepiej si\u0119 sprawdza\u0142 przy wywo\u0142aniu og\u00f3lnym.  Niestety jak zwykle nie zd\u0105\u017cy\u0142em za\u0142o\u017cy\u0107 ani LNA, ani 4x 8el OWL &#8211; ale przywioz\u0142em je ju\u017c do klubu. Wi\u0119c to kwestia dni.<br \/>\nDocelowo b\u0119d\u0119 mia\u0142 3 zestawy: 14el, 4x 8el (H), 3x 8el (jedna nad drug\u0105).<br \/>\nIC-7100 sprawdza si\u0119 bardzo dobrze, lokalna stacja 10km odemnie z moc\u0105 250W nie przeszkadza\u0142a nic a nic.<\/p>\n<p>China Noise&#8230;<br \/>\nJe\u017celi nie uda\u0142o si\u0119 z kim\u015b przeprowadzi\u0107 \u0142\u0105czno\u015bci to spiesz\u0119 wyja\u015bni\u0107.<br \/>\n500W+14dBd na 11 pietrze powoduje \u017ce s\u0142ycha\u0107 mnie 700km i dalej.<br \/>\nJednak szumy miejskie (Pozna\u0144 z ponad 500 tys. mieszka\u0144c\u00f3w) utrudniaj\u0105 skutecznie odbi\u00f3r niskich sygna\u0142\u00f3w (stacje 7el i 50W powy\u017cej 200km). Niestety gdybym pracowa\u0142 z terenu eliminuj\u0119 problemy z odbiorem &#8211; jednak rzecz\u0105 niemo\u017cliw\u0105 jest zasilenie PA du\u017cej mocy.<br \/>\nNajwi\u0119ksze problemy mam z kierunkami 280-250 stopni (centrum Poznania &#8211; bez w\u0142\u0105czonego NB impulsowe szumy na S-7),  80-90 stopni (linia 110kV, szpitalny parking z o\u015bwietleniem LEDowym, browar Lecha, centrum handlowe M1) i okresowo kierunki 145-160 stopni (lotnisko wojskowe Krzesiny, linia 110kV). <\/p>\n<p>W czasie zawod\u00f3w szczeg\u00f3lnie w niedziel\u0119 mo\u017cna by\u0142o odczu\u0107 lokalne (~300km) ale silne tropo stacje z JO73\/71\/70 JO90\/JN99 mia\u0142y na s-metrze sygna\u0142y powy\u017cej S-7 nawet przy kilku elementach i mocach poni\u017cej 50W.<\/p>\n","protected":false},"excerpt":{"rendered":"<p>SO3Z JO82LJ Icom IC-7100 + PA GS-31B 500W + 40 metr\u00f3w 7\/8&#8243; + 14el OWL DK7ZB Yagi @40m npt (120m npm) QSO: 262 Punkty: 103000 LOC: 78 DXCC: 17 ODX: I5PVA\/6 JN63GN 1035km TOP DX: I5PVA\/6 1035km YU7ACO 872km HB9RF 850km 9A0V 819km DK1CM 817km SM4GGC 812km 9A1N 783km 9A8D 778km DR5T 759km SM6BFE 758km &hellip; <a href=\"https:\/\/so3z.com\/?page_id=2240\" class=\"more-link\">Czytaj dalej <span class=\"screen-reader-text\">2015 &#8211; I IARU<\/span> <span class=\"meta-nav\">&rarr;<\/span><\/a><\/p>\n","protected":false},"author":1,"featured_media":0,"parent":19,"menu_order":18,"comment_status":"closed","ping_status":"closed","template":"","meta":{"footnotes":""},"class_list":["post-2240","page","type-page","status-publish","hentry"],"_links":{"self":[{"href":"https:\/\/so3z.com\/index.php?rest_route=\/wp\/v2\/pages\/2240","targetHints":{"allow":["GET"]}}],"collection":[{"href":"https:\/\/so3z.com\/index.php?rest_route=\/wp\/v2\/pages"}],"about":[{"href":"https:\/\/so3z.com\/index.php?rest_route=\/wp\/v2\/types\/page"}],"author":[{"embeddable":true,"href":"https:\/\/so3z.com\/index.php?rest_route=\/wp\/v2\/users\/1"}],"replies":[{"embeddable":true,"href":"https:\/\/so3z.com\/index.php?rest_route=%2Fwp%2Fv2%2Fcomments&post=2240"}],"version-history":[{"count":19,"href":"https:\/\/so3z.com\/index.php?rest_route=\/wp\/v2\/pages\/2240\/revisions"}],"predecessor-version":[{"id":2261,"href":"https:\/\/so3z.com\/index.php?rest_route=\/wp\/v2\/pages\/2240\/revisions\/2261"}],"up":[{"embeddable":true,"href":"https:\/\/so3z.com\/index.php?rest_route=\/wp\/v2\/pages\/19"}],"wp:attachment":[{"href":"https:\/\/so3z.com\/index.php?rest_route=%2Fwp%2Fv2%2Fmedia&parent=2240"}],"curies":[{"name":"wp","href":"https:\/\/api.w.org\/{rel}","templated":true}]}}