{"id":2313,"date":"2015-05-03T16:56:45","date_gmt":"2015-05-03T15:56:45","guid":{"rendered":"http:\/\/so3z.com\/?page_id=2313"},"modified":"2018-05-07T18:03:02","modified_gmt":"2018-05-07T17:03:02","slug":"2015-ii-iaru","status":"publish","type":"page","link":"https:\/\/so3z.com\/?page_id=2313","title":{"rendered":"2015 &#8211; II IARU"},"content":{"rendered":"<p>Niestety w ostatnim tygodniu przed zawodami robotnicy remontuj\u0105cy blok ukradli i zniszczyli moje nowe 4 x 8el na 2m. Tak wi\u0119c wystartowa\u0142em na IC-7100, 500W, 14el OWL.<\/p>\n<p>Ju\u017c przed zawodami warunki dopisywa\u0142y &#8211; uda\u0142o mi si\u0119 zrobi\u0107 YT5TAS JN94SD 936km (operator Teamu YT4B)<br \/>\n<iframe loading=\"lazy\" width=\"560\" height=\"315\" src=\"https:\/\/www.youtube.com\/embed\/r5qDyYHauiA?rel=0\" frameborder=\"0\" allowfullscreen><\/iframe><\/p>\n<p>Warunki na pocz\u0105tku zawod\u00f3w by\u0142y dziwne i s\u0142abe na DL i OK, a mocne i dobre na YU\/HA do tego silny Tropo Scatter powoduj\u0105cy zniekszta\u0142cenia i d\u017awi\u0119k niczym zorzowy &#8211;  z kierunk\u00f3w cz\u0119sto 40-50 stopni od kierunku bezpo\u015bredniego. Po sukcesie z YT5TAS tu\u017c przed zawodami powiedzia\u0142em, \u017ce czekam na rozpocz\u0119cie zawod\u00f3w i zawo\u0142am od razu no i jako pierwsz\u0105 \u0142\u0105czno\u015b\u0107 uda\u0142o si\u0119 przeprowadzi\u0107 z YT4B. (20 minut mi\u0119dzy \u0142\u0105czno\u015bciami). YT5C do kt\u00f3rego mam 840km &#8211; dobija\u0142 do S-9 podczas \u0142\u0105czno\u015bci \ud83d\ude42 YU7ACO 873km momentami a\u017c do S-5. Bez LNA!<br \/>\nDrugiego dnia bardzo s\u0142abe warunki przez Ba\u0142tyk, ani jednej stacji RA2\/LY\/YL w logu. Mia\u0142em wra\u017cenie jakby ma\u0142o OK i DL pracowa\u0142o &#8211; ale to raczej nieprawda bo DA0FF przekroczyli 1000 QSO, po prostu mniej ni\u017c zwykle obracali si\u0119 na SP. Po raz kolejny w logu wi\u0119cej stacji SP ni\u017c OK. Tym razem dopisa\u0142o SP8 &#8211; mniej jakby SP2! Dzi\u0119ki za \u0142\u0105czno\u015bci. I zn\u00f3w okaza\u0142o si\u0119, \u017ce 14el jest zdecydowanie za w\u0105ska do wo\u0142ania CQ mimo 500W. Mimo kradzie\u017cy nowych anten, musz\u0119 przygotowa\u0107 jaki\u015b vertical stack szerszych anten. Pewnie sko\u0144czy si\u0119 na 4x 6el SP9FYS + 3x 8el DK7ZB, pytanie tylko kiedy skoro niebawem przeprowadzka do SP5, ale zdalna stacja zostaje \ud83d\ude42<\/p>\n<p><strong>QSO: 237  Punkty: 100335  \u015brednie QRB 423km 79 lokator\u00f3w  16 DXCC<\/strong><\/p>\n<table>\n<tr>\n<td>\nTOP DX:<br \/>\n<a href=\"https:\/\/so3z.com\/records\/2nd2015\/I5PVA-6-JN63GN-1036km.ogg\">I5PVA\/6 JN63  1036km<\/a><br \/>\n<a href=\"https:\/\/so3z.com\/records\/2nd2015\/YT4B-JN94-937km.ogg\">YT4B JN94 937km<\/a><br \/>\nHB9GF JN37  881km<br \/>\nYU7ACO KN05 873km<br \/>\nYT5C KN05 841km<br \/>\n9A0V JN95 819km<br \/>\nDK1CM JN37 818 km<br \/>\nHB9EFK JN47 788km<br \/>\n9A1N JN85 784km<br \/>\n9A8D JN95 779km<br \/>\nYU7C JN95 761km<br \/>\nSM6BFE JO68 759km<br \/>\nYU7ECD KN05 754km<br \/>\nDK0IR JN48 749km<br \/>\n9A9R JN85 747km<br \/>\n9A1W JN75 740km<br \/>\nDM1CG JO30 739km<br \/>\nS53D JN76 725km<br \/>\nS57Q JN76 715km<br \/>\nSK6QA JO58 713km<br \/>\nHA8IH KN06 710km<br \/>\nQRB 700-600km 28 qso<br \/>\nQRB 600-500km 27 qso\n<\/td>\n<td> <a href=\"https:\/\/so3z.com\/wp-content\/uploads\/2015\/05\/2ndSUB.jpg\"><img loading=\"lazy\" decoding=\"async\" src=\"https:\/\/so3z.com\/wp-content\/uploads\/2015\/05\/2ndSUB-269x300.jpg\" alt=\"\" title=\"2ndSUB\" width=\"269\" height=\"300\" class=\"alignnone size-medium wp-image-2318\" srcset=\"https:\/\/so3z.com\/wp-content\/uploads\/2015\/05\/2ndSUB-269x300.jpg 269w, https:\/\/so3z.com\/wp-content\/uploads\/2015\/05\/2ndSUB-921x1024.jpg 921w, https:\/\/so3z.com\/wp-content\/uploads\/2015\/05\/2ndSUB.jpg 1364w\" sizes=\"auto, (max-width: 269px) 100vw, 269px\" \/><\/a><\/td>\n<\/tr>\n<\/table>\n<p>CD nast\u0105pi&#8230;.<\/p>\n<p>S\u0142ysza\u0142em <a href=\"https:\/\/so3z.com\/records\/2nd2015\/IQ4AX--JN54-996km.ogg\">IQ4AX JN54 991km i na CW<\/a> i na SSB jednak nie uda\u0142o si\u0119 przeprowadzi\u0107 QSO.<br \/>\nS\u0142ysza\u0142em r\u00f3wnie\u017c HB9RF jn47fb 850km, YO2LZA kn05rk 840km, DL0LN, DH1GEP, OM0WR, S58M, HG6Z, ale niestety nie dowo\u0142a\u0142em si\u0119.<br \/>\nMam troch\u0119 nagra\u0144 mo\u017ce kiedy\u015b znajd\u0119 czas by obrobi\u0107. W ramach ciekawostki jak kto\u015b lubi pos\u0142ucha\u0107 DX\u00f3w &#8211; wrzuci\u0142em troch\u0119 nagra\u0144 z SN7L z lat ubieg\u0142ych <a href=\"https:\/\/so3z.com\/SN7L\/\"> LINK<\/a><\/p>\n<p><iframe loading=\"lazy\" width=\"560\" height=\"315\" src=\"https:\/\/www.youtube.com\/embed\/27nmWFjYv5A\" frameborder=\"0\" allowfullscreen><\/iframe><br \/>\n<\/p>\n<p><iframe loading=\"lazy\" width=\"560\" height=\"315\" src=\"https:\/\/www.youtube.com\/embed\/zg6ueoAViiA\" frameborder=\"0\" allowfullscreen><\/iframe><br \/>\n<\/p>\n<p><iframe loading=\"lazy\" width=\"560\" height=\"315\" src=\"https:\/\/www.youtube.com\/embed\/6eG--0OZ-u4\" frameborder=\"0\" allowfullscreen><\/iframe><\/p>\n<p>\n<a href=\"https:\/\/so3z.com\/wp-content\/uploads\/2015\/05\/20150503_045734.jpg\"><img loading=\"lazy\" decoding=\"async\" src=\"https:\/\/so3z.com\/wp-content\/uploads\/2015\/05\/20150503_045734-300x168.jpg\" alt=\"\" title=\"20150503_045734\" width=\"300\" height=\"168\" class=\"alignnone size-medium wp-image-2321\" srcset=\"https:\/\/so3z.com\/wp-content\/uploads\/2015\/05\/20150503_045734-300x168.jpg 300w, https:\/\/so3z.com\/wp-content\/uploads\/2015\/05\/20150503_045734-1024x576.jpg 1024w\" sizes=\"auto, (max-width: 300px) 100vw, 300px\" \/><\/a><a href=\"https:\/\/so3z.com\/wp-content\/uploads\/2015\/05\/20150503_045745.jpg\"><img loading=\"lazy\" decoding=\"async\" src=\"https:\/\/so3z.com\/wp-content\/uploads\/2015\/05\/20150503_045745-300x168.jpg\" alt=\"\" title=\"20150503_045745\" width=\"300\" height=\"168\" class=\"alignnone size-medium wp-image-2322\" srcset=\"https:\/\/so3z.com\/wp-content\/uploads\/2015\/05\/20150503_045745-300x168.jpg 300w, https:\/\/so3z.com\/wp-content\/uploads\/2015\/05\/20150503_045745-1024x576.jpg 1024w\" sizes=\"auto, (max-width: 300px) 100vw, 300px\" \/><\/a><br \/>\n<a href=\"https:\/\/so3z.com\/wp-content\/uploads\/2015\/05\/20150503_052048.jpg\"><img loading=\"lazy\" decoding=\"async\" src=\"https:\/\/so3z.com\/wp-content\/uploads\/2015\/05\/20150503_052048-300x168.jpg\" alt=\"\" title=\"20150503_052048\" width=\"300\" height=\"168\" class=\"alignnone size-medium wp-image-2323\" srcset=\"https:\/\/so3z.com\/wp-content\/uploads\/2015\/05\/20150503_052048-300x168.jpg 300w, https:\/\/so3z.com\/wp-content\/uploads\/2015\/05\/20150503_052048-1024x576.jpg 1024w\" sizes=\"auto, (max-width: 300px) 100vw, 300px\" \/><\/a><a href=\"https:\/\/so3z.com\/wp-content\/uploads\/2015\/05\/20150503_052916.jpg\"><img loading=\"lazy\" decoding=\"async\" src=\"https:\/\/so3z.com\/wp-content\/uploads\/2015\/05\/20150503_052916-300x168.jpg\" alt=\"\" title=\"20150503_052916\" width=\"300\" height=\"168\" class=\"alignnone size-medium wp-image-2324\" srcset=\"https:\/\/so3z.com\/wp-content\/uploads\/2015\/05\/20150503_052916-300x168.jpg 300w, https:\/\/so3z.com\/wp-content\/uploads\/2015\/05\/20150503_052916-1024x576.jpg 1024w\" sizes=\"auto, (max-width: 300px) 100vw, 300px\" \/><\/a><br \/>\n<a href=\"https:\/\/so3z.com\/wp-content\/uploads\/2015\/05\/20150503_052935.jpg\"><img loading=\"lazy\" decoding=\"async\" src=\"https:\/\/so3z.com\/wp-content\/uploads\/2015\/05\/20150503_052935-300x168.jpg\" alt=\"\" title=\"20150503_052935\" width=\"300\" height=\"168\" class=\"alignnone size-medium wp-image-2325\" srcset=\"https:\/\/so3z.com\/wp-content\/uploads\/2015\/05\/20150503_052935-300x168.jpg 300w, https:\/\/so3z.com\/wp-content\/uploads\/2015\/05\/20150503_052935-1024x576.jpg 1024w, https:\/\/so3z.com\/wp-content\/uploads\/2015\/05\/20150503_052935.jpg 1248w\" sizes=\"auto, (max-width: 300px) 100vw, 300px\" \/><\/a><\/p>\n","protected":false},"excerpt":{"rendered":"<p>Niestety w ostatnim tygodniu przed zawodami robotnicy remontuj\u0105cy blok ukradli i zniszczyli moje nowe 4 x 8el na 2m. Tak wi\u0119c wystartowa\u0142em na IC-7100, 500W, 14el OWL. Ju\u017c przed zawodami warunki dopisywa\u0142y &#8211; uda\u0142o mi si\u0119 zrobi\u0107 YT5TAS JN94SD 936km (operator Teamu YT4B) Warunki na pocz\u0105tku zawod\u00f3w by\u0142y dziwne i s\u0142abe na DL i OK, &hellip; <a href=\"https:\/\/so3z.com\/?page_id=2313\" class=\"more-link\">Czytaj dalej <span class=\"screen-reader-text\">2015 &#8211; II IARU<\/span> <span class=\"meta-nav\">&rarr;<\/span><\/a><\/p>\n","protected":false},"author":1,"featured_media":0,"parent":19,"menu_order":19,"comment_status":"closed","ping_status":"closed","template":"","meta":{"footnotes":""},"class_list":["post-2313","page","type-page","status-publish","hentry"],"_links":{"self":[{"href":"https:\/\/so3z.com\/index.php?rest_route=\/wp\/v2\/pages\/2313","targetHints":{"allow":["GET"]}}],"collection":[{"href":"https:\/\/so3z.com\/index.php?rest_route=\/wp\/v2\/pages"}],"about":[{"href":"https:\/\/so3z.com\/index.php?rest_route=\/wp\/v2\/types\/page"}],"author":[{"embeddable":true,"href":"https:\/\/so3z.com\/index.php?rest_route=\/wp\/v2\/users\/1"}],"replies":[{"embeddable":true,"href":"https:\/\/so3z.com\/index.php?rest_route=%2Fwp%2Fv2%2Fcomments&post=2313"}],"version-history":[{"count":22,"href":"https:\/\/so3z.com\/index.php?rest_route=\/wp\/v2\/pages\/2313\/revisions"}],"predecessor-version":[{"id":3163,"href":"https:\/\/so3z.com\/index.php?rest_route=\/wp\/v2\/pages\/2313\/revisions\/3163"}],"up":[{"embeddable":true,"href":"https:\/\/so3z.com\/index.php?rest_route=\/wp\/v2\/pages\/19"}],"wp:attachment":[{"href":"https:\/\/so3z.com\/index.php?rest_route=%2Fwp%2Fv2%2Fmedia&parent=2313"}],"curies":[{"name":"wp","href":"https:\/\/api.w.org\/{rel}","templated":true}]}}