{"id":2424,"date":"2015-09-08T17:04:06","date_gmt":"2015-09-08T16:04:06","guid":{"rendered":"http:\/\/so3z.com\/?page_id=2424"},"modified":"2015-09-10T09:51:29","modified_gmt":"2015-09-10T08:51:29","slug":"2015-vhf-iaru","status":"publish","type":"page","link":"https:\/\/so3z.com\/?page_id=2424","title":{"rendered":"2015 &#8211; VHF IARU"},"content":{"rendered":"<p><strong>SN7L JO70SS Szrenica 1362m ASL<\/strong><br \/>\n<strong>VHF IARU 2015<\/strong><br \/>\n<strong>QSO: 838,  Points: ~ 338 000,  WWLs: 112,  DXCCs: 22,  AVG: 403km\/QSO<\/strong><\/p>\n<p>Ten Tec Omni VI (modified by SP7TEE) + Transverter SP7TEE (extremly high IP3 \/ selectivity setup)<br \/>\nSSPA \/ LNA at mast, 3x antenna systems (2x 12el YU7EF \/ 2x 12el YU7EF \/ 2x 12el DK7ZB)<br \/>\n<br \/>\nSN7L in VHF IARU &#8217;15 =  SP7TEE, SP7HKK, SP7OGP, SP7MTU, SQ7HKK, SP3IYM<br \/>\n<br \/>\n<a href=\"https:\/\/so3z.com\/wp-content\/uploads\/2015\/09\/SN7L.jpg\"><img loading=\"lazy\" decoding=\"async\" src=\"https:\/\/so3z.com\/wp-content\/uploads\/2015\/09\/SN7L-300x300.jpg\" alt=\"\" title=\"SN7L VHF IARU 2015\" width=\"300\" height=\"300\" class=\"alignnone size-medium wp-image-2427\" srcset=\"https:\/\/so3z.com\/wp-content\/uploads\/2015\/09\/SN7L-300x300.jpg 300w, https:\/\/so3z.com\/wp-content\/uploads\/2015\/09\/SN7L-150x150.jpg 150w, https:\/\/so3z.com\/wp-content\/uploads\/2015\/09\/SN7L-1024x1024.jpg 1024w, https:\/\/so3z.com\/wp-content\/uploads\/2015\/09\/SN7L.jpg 1600w\" sizes=\"auto, (max-width: 300px) 100vw, 300px\" \/><\/a><\/p>\n<p><strong>TOP QRB above 800km: <\/strong><\/p>\n<table>\n<tr>\n<td><strong>LA0BY JO59 1068km<\/strong><\/td>\n<td>SK6QA JO58 848km<\/td>\n<td>PA5KT JO11 818km<\/td>\n<tr\/>\n<tr>\n<td>LZ9A KN13 1017km<\/td>\n<td>F5SE\/p JN19 843km<\/td>\n<td>IW1CKM JN45 818km<\/td>\n<tr\/>\n<tr>\n<td>G3M JO01 1010km<\/td>\n<td>IK6EIW JN63 836km<\/td>\n<td>I2XAV\/1 JN44 817km<\/td>\n<tr\/>\n<tr>\n<td>G0VHF\/p JO01 997km<\/td>\n<td>OT7E JO11 836km<\/td>\n<td>ON4KHG JO10 816km<\/td>\n<tr\/>\n<tr>\n<td>G8P JO01 992km<\/td>\n<td>ON4LDP JO10 834km<\/td>\n<td>IZ6SAC JN63 815km<\/td>\n<tr\/>\n<tr>\n<td>G4CDN JO02 987km<\/td>\n<td>I5PVA\/6 JN63 833km<\/td>\n<td>YT1X JN94 812km<\/td>\n<tr\/>\n<tr>\n<td>I1AXE JN34 925km<\/td>\n<td>SM6NET JO68 829km<\/td>\n<td>IW2CTQ\/4 JN63 810km<\/td>\n<tr\/>\n<tr>\n<td>F6HPP\/p JN19 890km<\/td>\n<td>SA6AIN JO68 829km<\/td>\n<td>9A1CBM JN83 805km<\/td>\n<tr\/>\n<tr>\n<td>F6HJO\/p JN27 890km<\/td>\n<td>TM0W JN36 829km<\/td>\n<td>PA6NL JO21 803km<\/td>\n<tr\/>\n<tr>\n<td>ON4WY JO11 882km<\/td>\n<td>IO2V JN44 826km<\/td>\n<td>IK4ADE JN54 801km<\/td>\n<tr\/>\n<tr>\n<td>F6IPR JN27 871km<\/td>\n<td>IZ1ESM JN45 825km<\/td>\n<td>UW3E\/p KO31 800km<\/td>\n<tr\/>\n<tr>\n<td>F6FTB\/p JN27 857km<\/td>\n<td>PA3HFJ JO11 823km<\/td>\n<td>SA6CBY JO57 799km<\/td>\n<tr\/>\n<tr>\n<td>ON4MFX JO10 867km<\/td>\n<td>PA0INA JO11 818km<\/td>\n<td><\/td>\n<tr\/>\n<tr>\n<td>F8KCF\/p JN36 859km<\/td>\n<td>PA5KM JO11 818km<\/td>\n<td><\/td>\n<tr\/>\n<\/table>\n<p>Po raz kolejny do\u0142\u0105czy\u0142em do teamu SN7L na Szrenicy, kt\u00f3ry w sk\u0142adzie Maciek SP7TEE,  Zbyszek SP7MTU,  Wojtek SP7HKK, Piotr SP7OGP, Przemek SQ7HKK, Andrzej SP3IYM wystartowali\u015bmy w najwa\u017cniejszych zawodach w roku VHF IARU Contest.<\/p>\n<p>Ja z przyczyn losowych dotar\u0142em sp\u00f3\u017aniony niestety dopiero w czwartek po godzinie 18 na miejsce &#8211; ekipa SN7L postawi\u0142a ju\u017c pierwszy system przed moim przyjazdem.<\/p>\n<p>Stawianie anten posz\u0142o sprawnie i bez przeszk\u00f3d. Pogoda w pi\u0105tek dopisywa\u0142a, ale by\u0142o wida\u0107 frontowe chmury zapowiadaj\u0105ce zmian\u0119 pogody. Warunki by\u0142y przeci\u0119tne z lekkimi przeb\u0142yskami w kierunku na JN27 i kierunek po\u0142udniowy i po\u0142udniowo wschodni.<\/p>\n<p>Niedziela przywita\u0142a nas nad ranem deszczem ze \u015bniegiem! i temperatur\u0105 3 stopnie C, porywistym bardzo silnym wiatrem, potem pada\u0142 ju\u017c tylko deszcz, ale wia\u0107 nie przesta\u0142o. Mieli\u015bmy momentami QRN i du\u017ce problemy z obracaniem dw\u00f3ch system\u00f3w antenowych pod wiatr. St\u0105d tylko 64 stacje z SP w logu \ud83d\ude41  Natomiast zaskakuj\u0105co dobre warunki by\u0142y na S5 \/ 9A  i pierwszy raz ze Szrenicy uda\u0142o si\u0119 zrobi\u0107 Bu\u0142gari\u0119 (LZ). Z dalekich stacji jedyn\u0105 stacj\u0105, kt\u00f3r\u0105 s\u0142yszeli\u015bmy, a nie zrobili\u015bmy \u0142\u0105czno\u015bci to G8T JO01.<\/p>\n<p>Systemy antenowe sk\u0142adali\u015bmy przez 4h ca\u0142kowicie przemoczeni i zmarzni\u0119ci. Tylko dzi\u0119ki wcze\u015bniejszym do\u015bwiadczeniom, pomys\u0142om i pracy Wojtka SP7HKK dotycz\u0105ccyh systemu podnoszenia masztu, olinowania, wci\u0105garki uda\u0142o si\u0119 anteny po\u0142o\u017cy\u0107 mimo silnego wiatru bez \u017cadnego uszkodzenia.<\/p>\n<p><strong><a href=\"https:\/\/goo.gl\/photos\/VuCPyEDweZGmBA5k9\">GALERIA ZDJ\u0118\u0106<\/a><\/strong><\/p>\n<p>Ilo\u015bc stacji z danego kraju posortowana wg. ilo\u015bci punkt\u00f3w \u0142\u0105cznie<br \/>\nDL: 376, PA: 32, I: 31, OK: 153, SP: 64, F: 22, S5: 26, 9A: 22, HB: 12, ON: 10, OE: 23, HA: 13, SM: 8, UR: 7, OM: 15, YU: 6, G: 4, OZ: 5, E7: 4, LY: 3 , LA: 1, LZ: 1<br \/>\n<br \/>\nQRB >1000km: 3<br \/>\nQRB 999-900km: 4<br \/>\nQRB 899-800km: 32<br \/>\nQRB 799-700km: 54<br \/>\nQRB 699-600km: 100<\/p>\n<p>Video record made by \/ nagranie nades\u0142a\u0142 Frank PA4EME<br \/>\n<iframe loading=\"lazy\" width=\"640\" height=\"360\" src=\"https:\/\/www.youtube.com\/embed\/Sd76-TdLh4k\" frameborder=\"0\" allowfullscreen><\/iframe><\/p>\n<hr \/>\n<p>Ze zg\u0142oszonych wst\u0119pnych wynik\u00f3w wynika, \u017ce wyprzedzi\u0142y nas teamy DA0FF, DL0GTH, G8P.<br \/>\nListy zg\u0142oszonych log\u00f3w:<br \/>\n<a href=\"http:\/\/www.rsgbcc.org\/cgi-bin\/claim.pl?Contest=144MHz%20Trophy&#038;year=2015\">G<\/a>, <a href=\"https:\/\/contestrobot.pe1itr.com\/claim.php?jaar=2015&#038;contest_nr=168\">PA<\/a>, <a href=\"http:\/\/contest.pk-ukf.org.pl\/contest.php?vid=7f9d91559f6c906da94cab522d1cce93&#038;typ=iaru_vhf&#038;year=2015&#038;what=rcvd&#038;country=SP\">SP<\/a>, <a href=\"http:\/\/www.hamradio.hr\/vhfrobot\/index.php?What=p&#038;CID=2015-09-05\">9A<\/a>, <a href=\"http:\/\/slovhf.net\/claimed.html\">S5<\/a>, <a href=\"http:\/\/www.vhfcontest.net\/getlog\/claimsql.php?refer=1&#038;cat=2&#038;zavod=85&#038;lang=cz&#038;kat=&#038;country=1&#038;power=0&#038;vyber=Vyber\">OK<\/a>, <a href=\"http:\/\/www.vhfcontest.net\/getlog\/gentxtsql.php?zavod=85&#038;country=2\">OM<\/a>, <a href=\"http:\/\/concours.r-e-f.org\/logrecus\/visu.php?periode=2015&#038;contest=iaruvhf\">F<\/a>, <a href=\"http:\/\/iaru.oevsv.at\/v_part\/prg_list.php?reset=1&#038;start=1&#038;master_v_part_cont_id=90&#038;master_v_part_vw=v_upld\">IARU<\/a><\/p>\n","protected":false},"excerpt":{"rendered":"<p>SN7L JO70SS Szrenica 1362m ASL VHF IARU 2015 QSO: 838, Points: ~ 338 000, WWLs: 112, DXCCs: 22, AVG: 403km\/QSO Ten Tec Omni VI (modified by SP7TEE) + Transverter SP7TEE (extremly high IP3 \/ selectivity setup) SSPA \/ LNA at mast, 3x antenna systems (2x 12el YU7EF \/ 2x 12el YU7EF \/ 2x 12el DK7ZB) &hellip; <a href=\"https:\/\/so3z.com\/?page_id=2424\" class=\"more-link\">Czytaj dalej <span class=\"screen-reader-text\">2015 &#8211; VHF IARU<\/span> <span class=\"meta-nav\">&rarr;<\/span><\/a><\/p>\n","protected":false},"author":1,"featured_media":0,"parent":19,"menu_order":21,"comment_status":"closed","ping_status":"closed","template":"","meta":{"footnotes":""},"class_list":["post-2424","page","type-page","status-publish","hentry"],"_links":{"self":[{"href":"https:\/\/so3z.com\/index.php?rest_route=\/wp\/v2\/pages\/2424","targetHints":{"allow":["GET"]}}],"collection":[{"href":"https:\/\/so3z.com\/index.php?rest_route=\/wp\/v2\/pages"}],"about":[{"href":"https:\/\/so3z.com\/index.php?rest_route=\/wp\/v2\/types\/page"}],"author":[{"embeddable":true,"href":"https:\/\/so3z.com\/index.php?rest_route=\/wp\/v2\/users\/1"}],"replies":[{"embeddable":true,"href":"https:\/\/so3z.com\/index.php?rest_route=%2Fwp%2Fv2%2Fcomments&post=2424"}],"version-history":[{"count":16,"href":"https:\/\/so3z.com\/index.php?rest_route=\/wp\/v2\/pages\/2424\/revisions"}],"predecessor-version":[{"id":2443,"href":"https:\/\/so3z.com\/index.php?rest_route=\/wp\/v2\/pages\/2424\/revisions\/2443"}],"up":[{"embeddable":true,"href":"https:\/\/so3z.com\/index.php?rest_route=\/wp\/v2\/pages\/19"}],"wp:attachment":[{"href":"https:\/\/so3z.com\/index.php?rest_route=%2Fwp%2Fv2%2Fmedia&parent=2424"}],"curies":[{"name":"wp","href":"https:\/\/api.w.org\/{rel}","templated":true}]}}