{"id":2453,"date":"2015-11-09T09:21:43","date_gmt":"2015-11-09T08:21:43","guid":{"rendered":"http:\/\/so3z.com\/?page_id=2453"},"modified":"2016-11-21T12:23:39","modified_gmt":"2016-11-21T11:23:39","slug":"tropo-27-10-5-11","status":"publish","type":"page","link":"https:\/\/so3z.com\/?page_id=2453","title":{"rendered":"Tropo = 27.10-5.11.2015"},"content":{"rendered":"<p>Dzi\u0119ki rozleg\u0142emu wy\u017cowi nad Europ\u0105 panowa\u0142y znakomite warunki Tropo.<br \/>\nPrzeprowadzi\u0142em 220 \u0142\u0105czno\u015bci, warunki dla SP by\u0142y do\u015b\u0107 sprzyjaj\u0105ce, cho\u0107 raz po raz tropo by\u0142o za daleko, a czasem za blisko. Ale uda\u0142o mi si\u0119 zrobi\u0107 kilka nowych lokator\u00f3w. Wszystko dzi\u0119ki zdalnej stacji &#8211; na ten temat planuje obszerny artyku\u0142 niebawem.<br \/>\n<em>kliknij by powi\u0119kszy\u0107<\/em><br \/>\n<a href=\"https:\/\/so3z.com\/wp-content\/uploads\/2015\/11\/tropo27-10-5-11.jpg\"><img loading=\"lazy\" decoding=\"async\" src=\"https:\/\/so3z.com\/wp-content\/uploads\/2015\/11\/tropo27-10-5-11-300x300.jpg\" alt=\"\" title=\"tropo27-10--5-11\" width=\"300\" height=\"300\" class=\"alignnone size-medium wp-image-2455\" srcset=\"https:\/\/so3z.com\/wp-content\/uploads\/2015\/11\/tropo27-10-5-11-300x300.jpg 300w, https:\/\/so3z.com\/wp-content\/uploads\/2015\/11\/tropo27-10-5-11-150x150.jpg 150w, https:\/\/so3z.com\/wp-content\/uploads\/2015\/11\/tropo27-10-5-11-1024x1024.jpg 1024w, https:\/\/so3z.com\/wp-content\/uploads\/2015\/11\/tropo27-10-5-11.jpg 1600w\" sizes=\"auto, (max-width: 300px) 100vw, 300px\" \/><\/a><\/p>\n<p><a href=\"https:\/\/so3z.com\/records\/tropo\/2015\/27.10-5.11\/\">NAGRANIA<\/a><br \/>\n<a href=\"https:\/\/docs.google.com\/spreadsheets\/d\/1OvLXhmwwh1dI4zaTw-wnt_YttJi8UzN6LKzSQETO9Zc\/edit#gid=19\">LOG<\/a><\/p>\n<p>Pierwszy raz odbiera\u0142em bikony LA8VHF i SK7VHF na 599+10dB na s-metrze bez przedwzmacniacza!<br \/>\nOZ7IGY i OZ4UHF by\u0142y niewiele s\u0142absze &#8222;tylko&#8221; 599. S\u0142yszalne by\u0142y r\u00f3wnie\u017c bikony SK4MPI, SK1VHF, OH2VHF, DM0PR, DB0FGB, DB0LBV, SR9VHK. Niestety najlepszy dukt na skandynawie by\u0142 w godzinach po\u0142udniowych w dzie\u0144 pracuj\u0105cy st\u0105d niestety nie uda\u0142o si\u0119 zrobi\u0107 wi\u0119cej \u0142\u0105czno\u015bci.<\/p>\n<p>Bardzo ciesz\u0105 \u0142\u0105czno\u015bci z UA1 i UA3, niestety w kierunku wschodnim mam ogromny poziom szum\u00f3w, odbierali mnie jeszcze UA3WM i RV3YM.<\/p>\n","protected":false},"excerpt":{"rendered":"<p>Dzi\u0119ki rozleg\u0142emu wy\u017cowi nad Europ\u0105 panowa\u0142y znakomite warunki Tropo. Przeprowadzi\u0142em 220 \u0142\u0105czno\u015bci, warunki dla SP by\u0142y do\u015b\u0107 sprzyjaj\u0105ce, cho\u0107 raz po raz tropo by\u0142o za daleko, a czasem za blisko. Ale uda\u0142o mi si\u0119 zrobi\u0107 kilka nowych lokator\u00f3w. Wszystko dzi\u0119ki zdalnej stacji &#8211; na ten temat planuje obszerny artyku\u0142 niebawem. kliknij by powi\u0119kszy\u0107 NAGRANIA LOG &hellip; <a href=\"https:\/\/so3z.com\/?page_id=2453\" class=\"more-link\">Czytaj dalej <span class=\"screen-reader-text\">Tropo = 27.10-5.11.2015<\/span> <span class=\"meta-nav\">&rarr;<\/span><\/a><\/p>\n","protected":false},"author":1,"featured_media":0,"parent":2669,"menu_order":15,"comment_status":"closed","ping_status":"closed","template":"","meta":{"footnotes":""},"class_list":["post-2453","page","type-page","status-publish","hentry"],"_links":{"self":[{"href":"https:\/\/so3z.com\/index.php?rest_route=\/wp\/v2\/pages\/2453","targetHints":{"allow":["GET"]}}],"collection":[{"href":"https:\/\/so3z.com\/index.php?rest_route=\/wp\/v2\/pages"}],"about":[{"href":"https:\/\/so3z.com\/index.php?rest_route=\/wp\/v2\/types\/page"}],"author":[{"embeddable":true,"href":"https:\/\/so3z.com\/index.php?rest_route=\/wp\/v2\/users\/1"}],"replies":[{"embeddable":true,"href":"https:\/\/so3z.com\/index.php?rest_route=%2Fwp%2Fv2%2Fcomments&post=2453"}],"version-history":[{"count":3,"href":"https:\/\/so3z.com\/index.php?rest_route=\/wp\/v2\/pages\/2453\/revisions"}],"predecessor-version":[{"id":2709,"href":"https:\/\/so3z.com\/index.php?rest_route=\/wp\/v2\/pages\/2453\/revisions\/2709"}],"up":[{"embeddable":true,"href":"https:\/\/so3z.com\/index.php?rest_route=\/wp\/v2\/pages\/2669"}],"wp:attachment":[{"href":"https:\/\/so3z.com\/index.php?rest_route=%2Fwp%2Fv2%2Fmedia&parent=2453"}],"curies":[{"name":"wp","href":"https:\/\/api.w.org\/{rel}","templated":true}]}}