{"id":2462,"date":"2015-11-09T09:37:29","date_gmt":"2015-11-09T08:37:29","guid":{"rendered":"http:\/\/so3z.com\/?page_id=2462"},"modified":"2017-03-27T19:04:29","modified_gmt":"2017-03-27T18:04:29","slug":"tropo-23-10","status":"publish","type":"page","link":"https:\/\/so3z.com\/?page_id=2462","title":{"rendered":"Tropo = 23.10.2015"},"content":{"rendered":"<p>Dzi\u0119ki silnemu wy\u017cowi pojawi\u0142o si\u0119 wspania\u0142e tropo, kt\u00f3re umo\u017cliwi\u0142o mi przeprowadzenie pierwszego QSO  SP-EA na tropo na 144MHz. W logu stacje r\u00f3wnie\u017c z Francji i Wielkiej Brytanii.<br \/>\nTropo rozpocz\u0119\u0142o si\u0119 przed po\u0142udniem odbiera\u0142em z QSB G4RRA i G4DCV na telegrafii jednak z powodu miejskich zak\u0142\u00f3ce\u0144 nie uda\u0142o si\u0119 skompletowa\u0107 \u0142\u0105czno\u015bci, obaj Koledzy r\u00f3wnie\u017c mnie odbierali. Potem uda\u0142o si\u0119 na JT65A zrobi\u0107 dwie \u0142\u0105czno\u015bci &#8211; odbiera\u0142 mnie EI3KD na JT65A 1714km. EA1MX by\u0142 pierwsz\u0105 stacj\u0105 z Hiszpanii z kt\u00f3r\u0105 uda\u0142o mi si\u0119 skompletowa\u0107 \u0142\u0105czno\u015b\u0107. Nast\u0119pn\u0105 stacj\u0105 by\u0142 EA1HRR \u0142\u0105czno\u015b\u0107 bez jakichkolwiek problem\u00f3w u mnie 50W i 14el na CW, u niego 50W i 5el sygna\u0142y 559 w dobie strony.  EA1GCN by\u0142 u mnie s\u0142yszalny przez ponad 2 godziny z maksymalnym sygna\u0142em 59! na smetrze bez LNA. \u0141\u0105czno\u015b\u0107 uda\u0142o si\u0119 skompletowa\u0107 na SSB moc\u0105 30W &#8211; gdy\u017c po opuszczeniu radioshacku zostawi\u0142em zdaln\u0105 stacj\u0119 bez pod\u0142\u0105czonego wzmacniacza.<br \/>\nWiem, \u017ce r\u00f3wnie\u017c Marek SP4MPB odbiera\u0142 t\u0105 stacj\u0119 (QRB ok. 2230km).<\/p>\n<p><em>kliknij by powi\u0119kszy\u0107<\/em><br \/>\n<a href=\"https:\/\/so3z.com\/wp-content\/uploads\/2015\/11\/tropo23-10.jpg\"><img loading=\"lazy\" decoding=\"async\" src=\"https:\/\/so3z.com\/wp-content\/uploads\/2015\/11\/tropo23-10-300x230.jpg\" alt=\"\" title=\"tropo23-10\" width=\"300\" height=\"230\" class=\"alignnone size-medium wp-image-2463\" srcset=\"https:\/\/so3z.com\/wp-content\/uploads\/2015\/11\/tropo23-10-300x230.jpg 300w, https:\/\/so3z.com\/wp-content\/uploads\/2015\/11\/tropo23-10-1024x786.jpg 1024w, https:\/\/so3z.com\/wp-content\/uploads\/2015\/11\/tropo23-10.jpg 1309w\" sizes=\"auto, (max-width: 300px) 100vw, 300px\" \/><\/a><\/p>\n<p><a href=\"https:\/\/so3z.com\/records\/tropo\/2015\/23.10\/\">NAGRANIA<\/a><\/p>\n<p><strong>TOP QRB<\/strong><br \/>\nEA1GCN  IN73DM 1940km SSB 57\/57 (moc 30W zdalnie &#8211; m\u00f3j nowy ODX tropo)<br \/>\nEA1MX  IN73XK 1849km CW\/SSB 32\/539  (pierwsza \u0142\u0105czno\u015b\u0107 tropo SP &#8211; EA na 2m)<br \/>\nEA1HRR  IN83JJ 1797km CW 559\/559 (moc 50W zdalnie)<br \/>\nF8GGD IN95UQ 1460km CW 439\/519<br \/>\nGW8JLY IO81JM 1381km JT65A -27\/-23<br \/>\nF6APE IN97QI 1375km SSB\/CW 53\/539  (moc 50W zdalnie)<br \/>\nF5AEN JN06CP 1367km SSB 56\/51 (moc 30W zdalnie)<br \/>\nG7RAU IO90IR 1272km CW 579\/599<br \/>\nF1NZC JN15MR 1255km SSB 55\/55<br \/>\nF5XU JN15MT 1247km SSB 57\/57<br \/>\nG4DCV  IO91OF 1224km JT65A -17\/-11<br \/>\nF1CXX JN18AT 1126km SSB 55\/52  (moc 30W zdalnie)<br \/>\nF5SE\/P JN19XH 973km CW 559\/529 (moc 50W zdalnie)<br \/>\nHB9SLU JN36MU 942km SSB 43\/55<br \/>\nON4KHG JO10XO 920km  SSB 54\/52<br \/>\nDK1CM JN37WV 820km SSB 57\/57<br \/>\n<\/p>\n<p><iframe loading=\"lazy\" width=\"560\" height=\"315\" src=\"https:\/\/www.youtube.com\/embed\/JDh99u8r9eM?rel=0\" frameborder=\"0\" allowfullscreen><\/iframe><\/p>\n","protected":false},"excerpt":{"rendered":"<p>Dzi\u0119ki silnemu wy\u017cowi pojawi\u0142o si\u0119 wspania\u0142e tropo, kt\u00f3re umo\u017cliwi\u0142o mi przeprowadzenie pierwszego QSO SP-EA na tropo na 144MHz. W logu stacje r\u00f3wnie\u017c z Francji i Wielkiej Brytanii. Tropo rozpocz\u0119\u0142o si\u0119 przed po\u0142udniem odbiera\u0142em z QSB G4RRA i G4DCV na telegrafii jednak z powodu miejskich zak\u0142\u00f3ce\u0144 nie uda\u0142o si\u0119 skompletowa\u0107 \u0142\u0105czno\u015bci, obaj Koledzy r\u00f3wnie\u017c mnie odbierali. &hellip; <a href=\"https:\/\/so3z.com\/?page_id=2462\" class=\"more-link\">Czytaj dalej <span class=\"screen-reader-text\">Tropo = 23.10.2015<\/span> <span class=\"meta-nav\">&rarr;<\/span><\/a><\/p>\n","protected":false},"author":1,"featured_media":0,"parent":2669,"menu_order":14,"comment_status":"closed","ping_status":"closed","template":"","meta":{"footnotes":""},"class_list":["post-2462","page","type-page","status-publish","hentry"],"_links":{"self":[{"href":"https:\/\/so3z.com\/index.php?rest_route=\/wp\/v2\/pages\/2462","targetHints":{"allow":["GET"]}}],"collection":[{"href":"https:\/\/so3z.com\/index.php?rest_route=\/wp\/v2\/pages"}],"about":[{"href":"https:\/\/so3z.com\/index.php?rest_route=\/wp\/v2\/types\/page"}],"author":[{"embeddable":true,"href":"https:\/\/so3z.com\/index.php?rest_route=\/wp\/v2\/users\/1"}],"replies":[{"embeddable":true,"href":"https:\/\/so3z.com\/index.php?rest_route=%2Fwp%2Fv2%2Fcomments&post=2462"}],"version-history":[{"count":7,"href":"https:\/\/so3z.com\/index.php?rest_route=\/wp\/v2\/pages\/2462\/revisions"}],"predecessor-version":[{"id":2762,"href":"https:\/\/so3z.com\/index.php?rest_route=\/wp\/v2\/pages\/2462\/revisions\/2762"}],"up":[{"embeddable":true,"href":"https:\/\/so3z.com\/index.php?rest_route=\/wp\/v2\/pages\/2669"}],"wp:attachment":[{"href":"https:\/\/so3z.com\/index.php?rest_route=%2Fwp%2Fv2%2Fmedia&parent=2462"}],"curies":[{"name":"wp","href":"https:\/\/api.w.org\/{rel}","templated":true}]}}