{"id":2471,"date":"2015-11-09T10:19:15","date_gmt":"2015-11-09T09:19:15","guid":{"rendered":"http:\/\/so3z.com\/?page_id=2471"},"modified":"2016-11-21T12:22:52","modified_gmt":"2016-11-21T11:22:52","slug":"tropo-1-2-10","status":"publish","type":"page","link":"https:\/\/so3z.com\/?page_id=2471","title":{"rendered":"Tropo = 1 i 2.10.2015"},"content":{"rendered":"<p>Dobre otwarcie tropo na wyspy brytyjskie. By\u0142em odbierany r\u00f3wnie\u017c przez GW7SMV, 2E0NEY, s\u0142ysza\u0142em te\u017c GI4SNA IO64XM 1534km, G8DOH IO92FA,  G1MHU IO93GO.<\/p>\n<p><a href=\"https:\/\/so3z.com\/wp-content\/uploads\/2015\/11\/tropo1-2-10.jpg\"><img loading=\"lazy\" decoding=\"async\" src=\"https:\/\/so3z.com\/wp-content\/uploads\/2015\/11\/tropo1-2-10-281x300.jpg\" alt=\"\" title=\"tropo1-2-10\" width=\"281\" height=\"300\" class=\"alignnone size-medium wp-image-2472\" srcset=\"https:\/\/so3z.com\/wp-content\/uploads\/2015\/11\/tropo1-2-10-281x300.jpg 281w, https:\/\/so3z.com\/wp-content\/uploads\/2015\/11\/tropo1-2-10.jpg 906w\" sizes=\"auto, (max-width: 281px) 100vw, 281px\" \/><\/a><\/p>\n<p><strong>TOP QRB<\/strong><br \/>\nGM4JJJ IO86GB\t1382km<br \/>\nG3SMT IO82KV    1352km<br \/>\nMW1LCR IO82KW 1351km<br \/>\nG0GXT IO82RL     1322km<br \/>\nM0VXX\/p IO82RJ\t1319km<br \/>\nG4KWQ  IO92AQ   1276km<br \/>\nG7RAU IO90IR     1272km<br \/>\nG4OJY  IO94BS    1267km<br \/>\nG4EHD IO93BS    1267km<br \/>\nG8GXP IO93FQ     1242km<br \/>\nG1EZF IO93FT      1241km<br \/>\nG4DBN IO93NR    1198km<br \/>\nG4DHF IO92UU    1163km<br \/>\nM0CGL JO03BF    1133km<br \/>\nG4SWX JO02RF   1052km<br \/>\nG4CDN JO02SS   1040km<\/p>\n","protected":false},"excerpt":{"rendered":"<p>Dobre otwarcie tropo na wyspy brytyjskie. By\u0142em odbierany r\u00f3wnie\u017c przez GW7SMV, 2E0NEY, s\u0142ysza\u0142em te\u017c GI4SNA IO64XM 1534km, G8DOH IO92FA, G1MHU IO93GO. TOP QRB GM4JJJ IO86GB 1382km G3SMT IO82KV 1352km MW1LCR IO82KW 1351km G0GXT IO82RL 1322km M0VXX\/p IO82RJ 1319km G4KWQ IO92AQ 1276km G7RAU IO90IR 1272km G4OJY IO94BS 1267km G4EHD IO93BS 1267km G8GXP IO93FQ 1242km G1EZF IO93FT &hellip; <a href=\"https:\/\/so3z.com\/?page_id=2471\" class=\"more-link\">Czytaj dalej <span class=\"screen-reader-text\">Tropo = 1 i 2.10.2015<\/span> <span class=\"meta-nav\">&rarr;<\/span><\/a><\/p>\n","protected":false},"author":1,"featured_media":0,"parent":2669,"menu_order":14,"comment_status":"closed","ping_status":"closed","template":"","meta":{"footnotes":""},"class_list":["post-2471","page","type-page","status-publish","hentry"],"_links":{"self":[{"href":"https:\/\/so3z.com\/index.php?rest_route=\/wp\/v2\/pages\/2471","targetHints":{"allow":["GET"]}}],"collection":[{"href":"https:\/\/so3z.com\/index.php?rest_route=\/wp\/v2\/pages"}],"about":[{"href":"https:\/\/so3z.com\/index.php?rest_route=\/wp\/v2\/types\/page"}],"author":[{"embeddable":true,"href":"https:\/\/so3z.com\/index.php?rest_route=\/wp\/v2\/users\/1"}],"replies":[{"embeddable":true,"href":"https:\/\/so3z.com\/index.php?rest_route=%2Fwp%2Fv2%2Fcomments&post=2471"}],"version-history":[{"count":5,"href":"https:\/\/so3z.com\/index.php?rest_route=\/wp\/v2\/pages\/2471\/revisions"}],"predecessor-version":[{"id":2707,"href":"https:\/\/so3z.com\/index.php?rest_route=\/wp\/v2\/pages\/2471\/revisions\/2707"}],"up":[{"embeddable":true,"href":"https:\/\/so3z.com\/index.php?rest_route=\/wp\/v2\/pages\/2669"}],"wp:attachment":[{"href":"https:\/\/so3z.com\/index.php?rest_route=%2Fwp%2Fv2%2Fmedia&parent=2471"}],"curies":[{"name":"wp","href":"https:\/\/api.w.org\/{rel}","templated":true}]}}