{"id":2502,"date":"2016-03-08T10:55:54","date_gmt":"2016-03-08T09:55:54","guid":{"rendered":"http:\/\/so3z.com\/?page_id=2502"},"modified":"2016-03-10T09:23:20","modified_gmt":"2016-03-10T08:23:20","slug":"2016-i-iaru","status":"publish","type":"page","link":"https:\/\/so3z.com\/?page_id=2502","title":{"rendered":"2016 &#8211; I IARU"},"content":{"rendered":"<h1>SO3Z JO82LJ<\/H1> <br \/>\nIcom IC-7100 (mod ALC\/PWR + IF SDR) + PA GS-31B 500W<br \/>\n1) 14el OWL DK7ZB Yagi  na rotorze (ok. 25 stopni w horyzoncie)<br \/>\n2) 2x 6el SP9FYS qtf 170   (52 stopnie w horyzoncie)<br \/>\n3) 2x 6el SP9FYS qtf 245   (52 stopnie w horyzoncie)<br \/>\n<a href=\"https:\/\/so3z.com\/wp-content\/uploads\/2016\/03\/1proby.jpg\"><img loading=\"lazy\" decoding=\"async\" src=\"https:\/\/so3z.com\/wp-content\/uploads\/2016\/03\/1proby-300x168.jpg\" alt=\"\" title=\"1proby\" width=\"300\" height=\"168\" class=\"alignnone size-medium wp-image-2505\" srcset=\"https:\/\/so3z.com\/wp-content\/uploads\/2016\/03\/1proby-300x168.jpg 300w, https:\/\/so3z.com\/wp-content\/uploads\/2016\/03\/1proby-1024x576.jpg 1024w\" sizes=\"auto, (max-width: 300px) 100vw, 300px\" \/><\/a><\/p>\n<p>@40m npt (120m npm) <br \/>\n<strong>QSO:<\/strong> 202<br \/>\n<strong>Punkty:<\/strong> 82000<br \/>\n<strong>LOC: <\/strong>61<br \/>\n<strong>DXCC:<\/strong> 14<br \/>\n<strong>ODX:<\/strong> YU7ACO KN05 872km <\/p>\n<table>\n<tr>\n<td>\nTOP DX:<br \/>\nYU7ACO KN05 872km<br \/>\nYU7W JN95 826km<br \/>\n9A0V JN95 819km<br \/>\n9A4V JN95 795km<br \/>\n9A1N JN85 783km<br \/>\n9A8D JN95 778km<br \/>\n9A6K JN95 769km<br \/>\nSM6BFE JO68 758km<br \/>\n9A2YF JN85 755km<br \/>\n9A1KDE JN95 753km<br \/>\n9A9R JN85 747km<br \/>\nDK5EW JN48 741km<br \/>\n9A1E JN85 733km<br \/>\nSK6QA  713km<\/p>\n<\/td>\n<td><a href=\"https:\/\/so3z.com\/wp-content\/uploads\/2016\/03\/1sub16.jpg\"><img loading=\"lazy\" decoding=\"async\" src=\"https:\/\/so3z.com\/wp-content\/uploads\/2016\/03\/1sub16-150x150.jpg\" alt=\"\" title=\"1sub16\" width=\"150\" height=\"150\" class=\"alignnone size-thumbnail wp-image-2514\" srcset=\"https:\/\/so3z.com\/wp-content\/uploads\/2016\/03\/1sub16-150x150.jpg 150w, https:\/\/so3z.com\/wp-content\/uploads\/2016\/03\/1sub16-300x298.jpg 300w, https:\/\/so3z.com\/wp-content\/uploads\/2016\/03\/1sub16-1024x1020.jpg 1024w, https:\/\/so3z.com\/wp-content\/uploads\/2016\/03\/1sub16.jpg 1179w\" sizes=\"auto, (max-width: 150px) 100vw, 150px\" \/><\/a><\/td>\n<\/tr>\n<\/table>\n<p><strong>DL x66 |  OK x40 | SP x39 | 9A x10 | HA x10 | OM x12 | OE x8 |  SM x6 | S5 x4 | YU x2 | OZ x2 | PA\/LY\/EU x1 <\/strong> brak w logu HB9\/F\/UR\/UA2 <\/p>\n<p><a href=\"https:\/\/so3z.com\/wp-content\/uploads\/2016\/03\/subregional1.png\"><img loading=\"lazy\" decoding=\"async\" src=\"https:\/\/so3z.com\/wp-content\/uploads\/2016\/03\/subregional1-300x168.png\" alt=\"\" title=\"subregional1\" width=\"300\" height=\"168\" class=\"alignnone size-medium wp-image-2504\" srcset=\"https:\/\/so3z.com\/wp-content\/uploads\/2016\/03\/subregional1-300x168.png 300w, https:\/\/so3z.com\/wp-content\/uploads\/2016\/03\/subregional1-1024x575.png 1024w, https:\/\/so3z.com\/wp-content\/uploads\/2016\/03\/subregional1.png 1366w\" sizes=\"auto, (max-width: 300px) 100vw, 300px\" \/><\/a><br \/>\nSingle OP,  QRV 19h.<\/p>\n<p>Warunki na pocz\u0105tku zawod\u00f3w by\u0142y przyzwoite, mocne sygna\u0142y z HA i S5 &#8211; potem ju\u017c tylko gorzej.<br \/>\nMa\u0142o stacji z DL i S5 w logu. Sygna\u0142y by\u0142y tak s\u0142abe i du\u017ce qsb wyst\u0119powa\u0142em, \u017ce nagranie od razu do kosza trafi\u0142o, nie s\u0142ysza\u0142em stacji z W\u0142och, Szwajcarii czy Francji<br \/>\nPierwsz\u0105 po\u0142ow\u0119 zawod\u00f3w pracowa\u0142em w okolicach 144.191, a potem od 4UTC w niedziel\u0119 na 144.233.<br \/>\nIC-7100 ju\u017c po modyfikacji ALC &#8211; normalna moc SSB &#8211; cho\u0107 wida\u0107 piki mocy ponad norm\u0119.<br \/>\nDo\u0142o\u017cony interfejs IF SDR zaprojektowany przez Jacka SP1CNV &#8211; za tym RTL SDR i program HDSDR sprz\u0119gni\u0119ty z omnirigiem. Lewy klik myszy &#8211; drugi odbiornik poprzez kart\u0119 d\u017awi\u0119kow\u0105 komputera, prawy klik myszy wstrojenie radia w sygna\u0142 na wodospadzie. Rewelacja !<br \/>\n<a href=\"https:\/\/so3z.com\/wp-content\/uploads\/2016\/03\/contest.png\"><img loading=\"lazy\" decoding=\"async\" src=\"https:\/\/so3z.com\/wp-content\/uploads\/2016\/03\/contest-300x187.png\" alt=\"\" title=\"contest\" width=\"300\" height=\"187\" class=\"alignnone size-medium wp-image-2503\" srcset=\"https:\/\/so3z.com\/wp-content\/uploads\/2016\/03\/contest-300x187.png 300w, https:\/\/so3z.com\/wp-content\/uploads\/2016\/03\/contest-1024x640.png 1024w, https:\/\/so3z.com\/wp-content\/uploads\/2016\/03\/contest.png 1680w\" sizes=\"auto, (max-width: 300px) 100vw, 300px\" \/><\/a><br \/>\nTa modyfikacja zostanie dok\u0142adnie opisana i dodana do PDFa Jacka SP1CNV &#8211; ale r\u00f3wnie\u017c na mojej stronie to zamieszcz\u0119 &#8211; pozosta\u0142y kosmetyczne poprawki &#8211; wyci\u0105gni\u0119cie zasilania z innego punktu, by ograniczy\u0107 wp\u0142yw nadajnika na sdr.<br \/>\n<a href=\"https:\/\/so3z.com\/wp-content\/uploads\/2016\/03\/20160220_184736_HDR.jpg\"><img loading=\"lazy\" decoding=\"async\" src=\"https:\/\/so3z.com\/wp-content\/uploads\/2016\/03\/20160220_184736_HDR-300x119.jpg\" alt=\"\" title=\"20160220_184736_HDR\" width=\"300\" height=\"119\" class=\"alignnone size-medium wp-image-2508\" srcset=\"https:\/\/so3z.com\/wp-content\/uploads\/2016\/03\/20160220_184736_HDR-300x119.jpg 300w, https:\/\/so3z.com\/wp-content\/uploads\/2016\/03\/20160220_184736_HDR-1024x407.jpg 1024w, https:\/\/so3z.com\/wp-content\/uploads\/2016\/03\/20160220_184736_HDR.jpg 1964w\" sizes=\"auto, (max-width: 300px) 100vw, 300px\" \/><\/a><\/p>\n<p>Standardowo przez p\u00f3\u0142 zawod\u00f3w kierunki 135-175 stopni zaszumione nawet do S-5.<br \/>\nA szkoda bo by\u0142 to kierunek gdzie momentami by\u0142y lepsze warunki w por\u00f3wnaniu ze wszystkimi innymi kierunkami. Co w maju ? nie wiem. By\u0107 mo\u017ce nie wystartuj\u0119 w zawodach.<\/p>\n","protected":false},"excerpt":{"rendered":"<p>SO3Z JO82LJ Icom IC-7100 (mod ALC\/PWR + IF SDR) + PA GS-31B 500W 1) 14el OWL DK7ZB Yagi na rotorze (ok. 25 stopni w horyzoncie) 2) 2x 6el SP9FYS qtf 170 (52 stopnie w horyzoncie) 3) 2x 6el SP9FYS qtf 245 (52 stopnie w horyzoncie) @40m npt (120m npm) QSO: 202 Punkty: 82000 LOC: 61 &hellip; <a href=\"https:\/\/so3z.com\/?page_id=2502\" class=\"more-link\">Czytaj dalej <span class=\"screen-reader-text\">2016 &#8211; I IARU<\/span> <span class=\"meta-nav\">&rarr;<\/span><\/a><\/p>\n","protected":false},"author":1,"featured_media":0,"parent":19,"menu_order":22,"comment_status":"closed","ping_status":"closed","template":"","meta":{"footnotes":""},"class_list":["post-2502","page","type-page","status-publish","hentry"],"_links":{"self":[{"href":"https:\/\/so3z.com\/index.php?rest_route=\/wp\/v2\/pages\/2502","targetHints":{"allow":["GET"]}}],"collection":[{"href":"https:\/\/so3z.com\/index.php?rest_route=\/wp\/v2\/pages"}],"about":[{"href":"https:\/\/so3z.com\/index.php?rest_route=\/wp\/v2\/types\/page"}],"author":[{"embeddable":true,"href":"https:\/\/so3z.com\/index.php?rest_route=\/wp\/v2\/users\/1"}],"replies":[{"embeddable":true,"href":"https:\/\/so3z.com\/index.php?rest_route=%2Fwp%2Fv2%2Fcomments&post=2502"}],"version-history":[{"count":6,"href":"https:\/\/so3z.com\/index.php?rest_route=\/wp\/v2\/pages\/2502\/revisions"}],"predecessor-version":[{"id":2515,"href":"https:\/\/so3z.com\/index.php?rest_route=\/wp\/v2\/pages\/2502\/revisions\/2515"}],"up":[{"embeddable":true,"href":"https:\/\/so3z.com\/index.php?rest_route=\/wp\/v2\/pages\/19"}],"wp:attachment":[{"href":"https:\/\/so3z.com\/index.php?rest_route=%2Fwp%2Fv2%2Fmedia&parent=2502"}],"curies":[{"name":"wp","href":"https:\/\/api.w.org\/{rel}","templated":true}]}}