{"id":2533,"date":"2016-07-14T07:24:41","date_gmt":"2016-07-14T06:24:41","guid":{"rendered":"http:\/\/so3z.com\/?page_id=2533"},"modified":"2016-07-14T09:54:10","modified_gmt":"2016-07-14T08:54:10","slug":"2016-iii-iaru","status":"publish","type":"page","link":"https:\/\/so3z.com\/?page_id=2533","title":{"rendered":"2016 &#8211; III IARU"},"content":{"rendered":"<p><strong>SN7L JO70SS Szrenica Mountain 1362m ASL<\/strong><br \/>\nSN7L contest team (SP7TEE, SP7HKK, SP7MTU, SP7VVB, SO3Z, SO3AK, SQ3SWF, SQ3PCL, SQ7OYG). I was qrv with Maciek SP7TEE and Wojtek SP7HKK on 2m station. We made 710 QSO on 2m, and about 273000 points. ODX on 2m was LA0BY with QRB 1068km. WWLs 103, DXCCs 24. <br \/> <br \/>\nOn 70cm SO3AK, SQ3SWF, SQ3PCL made 182 QSO about 57000 points and ODX 992km<br \/>\nOn 3cm Maciek SP7VVB made ? QSO about ? points and ODX ?km.<\/p>\n<p><a href=\"https:\/\/goo.gl\/photos\/A81w7S4WL9m4vQQW6\">GALLERY<\/a><br \/>\n<a href=\"https:\/\/so3z.com\/SN7L\/07-2016-144MHz\/\">AUDIO RECORDS qso above 600km<\/a><\/p>\n<hr \/>\n<p><\/p>\n<p>SN7L JO70SS czyli schronisko na Szrenicy 1362m n.p.m.<br \/>\nZn\u00f3w mia\u0142em okazj\u0119 by\u0107 operatorem pod znakiem SN7L, na Szrenic\u0119 z Poznania przyjechali ju\u017c w czwartek Olgierd SQ3SWF, Kuba SQ3PCL, Grzegorz SO3AK (ex SP3VZY) ja do\u0142\u0105czy\u0142em niestety dopiero w pi\u0105tek w nocy do ekipy klubu SP7PGK czyli Ma\u0107ka SP7TEE, Wojtka SP7HKK, Zbyszka SP7MTU, Macieja SP7VVB, Gabriela SQ7OYG.<br \/>\nOlgierd SQ3SWF i Kuba SQ3PCL i Grzegorz SO3AK pracowali na 70cm, Maciek SP7TEE, Wojtek SP7HKK i ja na 2m &#8211; w nocy usiad\u0142 na CW na 2m r\u00f3wnie\u017c Grzegorz SO3AK. Opr\u00f3cz tego na 3cm pracowa\u0142 Maciej SP7VVB.<\/p>\n<p>A sprz\u0119t to:<br \/>\n<strong>3cm<\/strong> FT-857, TRV 5W, offset 60cm<br \/>\n<strong>70cm:<\/strong> Yaesu FT-736R, 60m kabla, a za nim wzmacniacz i moc oko\u0142o 350W oraz przedwzmacniacz a na maszcie rotor \u017cyrardowski i 2x 21el DK7ZB.<br \/>\n<strong>2m:<\/strong> zmodyfikowany Ten Tec Omni VI, Transverter zrobiony przez SP7TEE, drivery, prze\u0142\u0105cznik antenowy, r\u00f3wnie\u017c po 60m kabla (x2), rotory (x2), wzmacniacze 500W, LNA (x2), 2x 2x 12el YU7EF<br \/>\nNo i komputery do logowania, KST, gadaczki.<\/p>\n<p>Aktywno\u015b\u0107 niska, warunki bardzo przeci\u0119tne z lekkimi przeb\u0142yskami w nocy i nad ranem na G, wi\u0119ksz\u0105 cz\u0119\u015b\u0107 zawod\u00f3w lekkie tropo nad g\u00f3rami na po\u0142udnie na 9A\/YU\/UR (zas\u0142oni\u0119te kierunki).<\/p>\n<table>\n<tr>\n<td>\n<strong>TOP QRB 144MHz<\/strong><br \/>\nLA0BY JO59 1068km<br \/>\nG0FBB\/p JO01 1021km<br \/>\nG4ZAP\/p JO01 997km<br \/>\nG5LK\/P JO01 992km<br \/>\nG4CDN JO02 987km<br \/>\nSM6BFE JO68 905km<br \/>\nTM2F JN18 895km<br \/>\nIK1EGC JN35 848km<br \/>\nON4LDP JO10 834km<br \/>\nIQ5NN JN63 833km<br \/>\nON5AEN JO10 825km<br \/>\nON4AIQ JO10 825km<br \/>\nPA3HFJ JO11 823km<br \/>\nPA5KT JO11 818km<br \/>\nIZ1FKS JN45 817km<br \/>\nON4KHG JO10 816km<br \/>\nYU5PD KN04 816km<br \/>\nOZ5GX JO57 808km<br \/>\nF6KSD\/p JN36 807km<br \/>\n9A50CBM JN83 805km<br \/>\nIK4ZHH JN63 803km<br \/>\nUW3E\/p KO31 800km<br \/>\n<\/td>\n<td><a href=\"https:\/\/so3z.com\/wp-content\/uploads\/2016\/07\/2m.jpg\"><img loading=\"lazy\" decoding=\"async\" src=\"https:\/\/so3z.com\/wp-content\/uploads\/2016\/07\/2m-300x296.jpg\" alt=\"\" title=\"2m\" width=\"300\" height=\"296\" class=\"alignnone size-medium wp-image-2534\" srcset=\"https:\/\/so3z.com\/wp-content\/uploads\/2016\/07\/2m-300x296.jpg 300w, https:\/\/so3z.com\/wp-content\/uploads\/2016\/07\/2m.jpg 941w\" sizes=\"auto, (max-width: 300px) 100vw, 300px\" \/><\/a><\/td>\n<\/tr>\n<\/table>\n<p><\/p>\n<p><a href=\"https:\/\/goo.gl\/photos\/A81w7S4WL9m4vQQW6\">GALERIA<\/a><br \/>\n<a href=\"https:\/\/so3z.com\/SN7L\/07-2016-144MHz\/\">NAGRANIA QSO powy\u017cej 600km<\/a><\/p>\n<p>Ilo\u015b\u0107 stacji posegregowanych punktami z poszczeg\u00f3lnych kraj\u00f3w:<br \/>\nDL x315, OK x167, I x26, PA x24, 9A x20, HB x15, S5 x17,  F x11, SP x28, OM x22, UR x11, LY x8, YU x6, ON x5, G x4, HA x8, OZ x6, OE x10, SM x2, UA2 x2, LA x1, E7 x1, LX x1, EU x1<\/p>\n","protected":false},"excerpt":{"rendered":"<p>SN7L JO70SS Szrenica Mountain 1362m ASL SN7L contest team (SP7TEE, SP7HKK, SP7MTU, SP7VVB, SO3Z, SO3AK, SQ3SWF, SQ3PCL, SQ7OYG). I was qrv with Maciek SP7TEE and Wojtek SP7HKK on 2m station. We made 710 QSO on 2m, and about 273000 points. ODX on 2m was LA0BY with QRB 1068km. WWLs 103, DXCCs 24. On 70cm SO3AK, &hellip; <a href=\"https:\/\/so3z.com\/?page_id=2533\" class=\"more-link\">Czytaj dalej <span class=\"screen-reader-text\">2016 &#8211; III IARU<\/span> <span class=\"meta-nav\">&rarr;<\/span><\/a><\/p>\n","protected":false},"author":1,"featured_media":0,"parent":19,"menu_order":23,"comment_status":"closed","ping_status":"closed","template":"","meta":{"footnotes":""},"class_list":["post-2533","page","type-page","status-publish","hentry"],"_links":{"self":[{"href":"https:\/\/so3z.com\/index.php?rest_route=\/wp\/v2\/pages\/2533","targetHints":{"allow":["GET"]}}],"collection":[{"href":"https:\/\/so3z.com\/index.php?rest_route=\/wp\/v2\/pages"}],"about":[{"href":"https:\/\/so3z.com\/index.php?rest_route=\/wp\/v2\/types\/page"}],"author":[{"embeddable":true,"href":"https:\/\/so3z.com\/index.php?rest_route=\/wp\/v2\/users\/1"}],"replies":[{"embeddable":true,"href":"https:\/\/so3z.com\/index.php?rest_route=%2Fwp%2Fv2%2Fcomments&post=2533"}],"version-history":[{"count":7,"href":"https:\/\/so3z.com\/index.php?rest_route=\/wp\/v2\/pages\/2533\/revisions"}],"predecessor-version":[{"id":2541,"href":"https:\/\/so3z.com\/index.php?rest_route=\/wp\/v2\/pages\/2533\/revisions\/2541"}],"up":[{"embeddable":true,"href":"https:\/\/so3z.com\/index.php?rest_route=\/wp\/v2\/pages\/19"}],"wp:attachment":[{"href":"https:\/\/so3z.com\/index.php?rest_route=%2Fwp%2Fv2%2Fmedia&parent=2533"}],"curies":[{"name":"wp","href":"https:\/\/api.w.org\/{rel}","templated":true}]}}