{"id":2552,"date":"2016-09-13T10:51:56","date_gmt":"2016-09-13T09:51:56","guid":{"rendered":"http:\/\/so3z.com\/?page_id=2552"},"modified":"2016-09-13T18:21:18","modified_gmt":"2016-09-13T17:21:18","slug":"2016-vhf-iaru","status":"publish","type":"page","link":"https:\/\/so3z.com\/?page_id=2552","title":{"rendered":"2016 &#8211; VHF IARU"},"content":{"rendered":"<h2> SN7L  JO70SS  1362m ASL <\/H2><\/p>\n<p><b> QSO: 836<br \/>\nPKT: 329001<br \/>\nODX: F4GLD\/p JN15 1038km<br \/>\nLOC: 115<br \/>\n<\/b><br \/>\n<a href=\"https:\/\/goo.gl\/photos\/Q2FsHQmV5XDxNhMv9\">GALERIA<\/a><\/p>\n<p><a href=\"https:\/\/so3z.com\/wp-content\/uploads\/2016\/09\/P1100526.jpg\"><img loading=\"lazy\" decoding=\"async\" src=\"https:\/\/so3z.com\/wp-content\/uploads\/2016\/09\/P1100526-300x225.jpg\" alt=\"\" title=\"P1100526\" width=\"300\" height=\"225\" class=\"alignnone size-medium wp-image-2559\" srcset=\"https:\/\/so3z.com\/wp-content\/uploads\/2016\/09\/P1100526-300x225.jpg 300w, https:\/\/so3z.com\/wp-content\/uploads\/2016\/09\/P1100526-1024x768.jpg 1024w\" sizes=\"auto, (max-width: 300px) 100vw, 300px\" \/><\/a><br \/>\nKolejny rok z rz\u0119du wybra\u0142em si\u0119 z ekip\u0105 SN7L na Szrenic\u0119.<br \/>\nTym razem sk\u0142ad zespo\u0142u to SP7TEE, SP7HKK, SP7OGP, SP7MTU, SO3Z, SQ3PCL, SQ7OYG.<br \/>\nW czwartek od rana zaskoczy\u0142a nas znakomita pogoda. Zero wiatru, bezchmurne niebo i 25 st C.<br \/>\nW czwartek uda\u0142o si\u0119 postawi\u0107 3 du\u017ce systemy antenowe. W pi\u0105tek postawili\u015bmy dodatkowy 4 system.<br \/><a href=\"https:\/\/so3z.com\/wp-content\/uploads\/2016\/09\/P1100610.jpg\"><img loading=\"lazy\" decoding=\"async\" src=\"https:\/\/so3z.com\/wp-content\/uploads\/2016\/09\/P1100610-300x161.jpg\" alt=\"\" title=\"P1100610\" width=\"300\" height=\"161\" class=\"alignnone size-medium wp-image-2563\" srcset=\"https:\/\/so3z.com\/wp-content\/uploads\/2016\/09\/P1100610-300x161.jpg 300w, https:\/\/so3z.com\/wp-content\/uploads\/2016\/09\/P1100610-1024x552.jpg 1024w, https:\/\/so3z.com\/wp-content\/uploads\/2016\/09\/P1100610.jpg 1800w\" sizes=\"auto, (max-width: 300px) 100vw, 300px\" \/><\/a><BR \/><\/p>\n<p>Na pocz\u0105tku zawod\u00f3w warunki by\u0142y lekko podniesione niestety w niedziel\u0119 dotar\u0142 front nad SP i warunki znacznie si\u0119 pogorszy\u0142y, wia\u0142o 90km\/h.<br \/>\nAnteny demontowali\u015bmy w chmurze i deszczu. Deinstalacja system\u00f3w antenowych posz\u0142a r\u00f3wnie sprawnie co instalacja.<br \/>\nW niedziel\u0119 w nocy burza ze \u015bniegiem i temperatura oko\u0142o 5 stopni (to sa g\u00f3ry !).<\/p>\n<p>Generalnie w czasie zawod\u00f3w dopisywa\u0142o tropo na po\u0142udnie i po\u0142udniowy zach\u00f3d <br \/>(zrobili\u015bmy lokatory JN71 i JN72 i JN15).<\/p>\n<p>Bardzo cieszy wysoka aktywno\u015b\u0107 stacji z SP &#8211; 103 stacje przys\u0142a\u0142y logi. My zalogowali\u015bmy 78 stacji w logu &#8211; niestety w niedziel\u0119 ze wzgl\u0119du na ci\u0105g\u0142y silny wiatr (90km\/h) mieli\u015bmy du\u017ce problemy by obraca\u0107 anteny na wsch\u00f3d i p\u00f3\u0142nocny wsch\u00f3d.<\/p>\n<p>Pierwszy raz logowali\u015bmy na programie Tucnak w sieci &#8211; sprawdzi\u0142 si\u0119 bardzo dobrze. Pierwszy raz mieli\u015bmy drugie stanowisko FT-736R i 350W i 2x 6el do wyszukiwania stacji stoj\u0105cych na CQ.<\/p>\n<p>Jak zwykle byli\u015bmy na 144.173MHz, ale niestety w tych zawodach by\u0142y stosowane chwyty poni\u017cej pasa &#8211; OE1W sta\u0142o na CQ kilka godzin na naszej cz\u0119stotliwo\u015bci, a na skedy umawiali si\u0119 na innej qrg&#8230; szkoda komentowa\u0107. R\u00f3wnie\u017c OL1R oddalony od nas o 40km sta\u0142 na naszej cz\u0119stotliwo\u015bci i wo\u0142a\u0142 CQ &#8211; niemo\u017cliwe by nas nie odbiera\u0142 skoro robimy stacje vertical i 50W przy odleg\u0142o\u015bciach 500km&#8230; <\/p>\n<p>Stacjom na po\u0142udniu dopisa\u0142a propagacja &#8211; mieli tropo, a u nas przewala\u0142 si\u0119 front niestety.<\/p>\n<table>\n<tr>\n<td>\n<b>TOP QRB<\/B><\/p>\n<table>\n<tr>\n<td>F4GLD\/P       JN15VP 1038 km<\/td>\n<\/tr>\n<tr>\n<td>G8T           JO01KJ 1025 km<\/td>\n<\/tr>\n<tr>\n<td>G0VHF\/P       JO01PU  996 km<\/td>\n<\/tr>\n<tr>\n<td>IQ8BI         JN71HU  994 km <\/td>\n<\/tr>\n<tr>\n<td>G8P           JO01QD  991 km <\/td>\n<\/tr>\n<tr>\n<td>G4CDN         JO02SS  986 km <\/td>\n<\/tr>\n<tr>\n<td>LA6VBA        JO48NS  979 km<\/td>\n<\/tr>\n<tr>\n<td>I6\/OM1TF      JN72BD  965 km<\/td>\n<\/tr>\n<tr>\n<td>IK5RWX        JN52US  935 km<\/td>\n<\/tr>\n<tr>\n<td>IK1TBE        JN34QM  924 km<\/td>\n<\/tr>\n<tr>\n<td>F1EZG         JO10HE 916 km<\/td>\n<\/tr>\n<tr>\n<td>SM6BFE         JO68DQ 905 km<\/td>\n<\/tr>\n<\/table>\n<\/td>\n<td><a href=\"https:\/\/so3z.com\/wp-content\/uploads\/2016\/09\/map.jpg\"><img loading=\"lazy\" decoding=\"async\" src=\"https:\/\/so3z.com\/wp-content\/uploads\/2016\/09\/map-300x271.jpg\" alt=\"\" title=\"map\" width=\"300\" height=\"271\" class=\"alignnone size-medium wp-image-2567\" srcset=\"https:\/\/so3z.com\/wp-content\/uploads\/2016\/09\/map-300x271.jpg 300w, https:\/\/so3z.com\/wp-content\/uploads\/2016\/09\/map.jpg 731w\" sizes=\"auto, (max-width: 300px) 100vw, 300px\" \/><\/a><br \/>\n<a href=\"http:\/\/www.opencontest.org\/edi\/edimap.html?map=02SN7L.edi13092016014308000000\">MAPA<br \/>\n<\/a>\n<\/td>\n<\/tr>\n<\/table>\n<p><\/p>\n<p><b>DXCCs: 22<\/b><\/p>\n<table>\n<tr>\n<td>DL:138852 368<\/td>\n<td> S5: 13750  26<\/td>\n<td>OE:  5239  16<\/td>\n<td>   OZ:  1895   3<\/td>\n<\/tr>\n<tr>\n<td>I: 28389  38<\/td>\n<td>F: 11539  15<\/td>\n<td> YU:  5195   7<\/td>\n<td> LY:  1516   2<\/td>\n<\/tr>\n<tr>\n<td>SP: 22892  78 <\/td>\n<td>SM:  8753  13  <\/td>\n<td>HA:  4990  11   <\/td>\n<td> LA:   980   1  <\/td>\n<\/tr>\n<tr>\n<td>PA: 21258  30  <\/td>\n<td>OM:  6578  21  <\/td>\n<td> UR:  4245   7 <\/td>\n<td>   UA2:   547   1   <\/td>\n<\/tr>\n<tr>\n<td>OK: 20654 153 <\/td>\n<td>ON:  6335   8  <\/td>\n<td> G:  4002   4  <\/td>\n<td> <\/td>\n<\/tr>\n<tr>\n<td>9A: 14073  23    <\/td>\n<td>HB:  5249   8    <\/td>\n<td> E7:  2070   3 <\/td>\n<td><\/td>\n<\/tr>\n<\/table>\n<p><a href=\"https:\/\/so3z.com\/wp-content\/uploads\/2016\/09\/P1100577.jpg\"><img loading=\"lazy\" decoding=\"async\" src=\"https:\/\/so3z.com\/wp-content\/uploads\/2016\/09\/P1100577-300x225.jpg\" alt=\"\" title=\"P1100577\" width=\"300\" height=\"225\" class=\"alignnone size-medium wp-image-2565\" srcset=\"https:\/\/so3z.com\/wp-content\/uploads\/2016\/09\/P1100577-300x225.jpg 300w, https:\/\/so3z.com\/wp-content\/uploads\/2016\/09\/P1100577-1024x768.jpg 1024w\" sizes=\"auto, (max-width: 300px) 100vw, 300px\" \/><\/a><\/p>\n","protected":false},"excerpt":{"rendered":"<p>SN7L JO70SS 1362m ASL QSO: 836 PKT: 329001 ODX: F4GLD\/p JN15 1038km LOC: 115 GALERIA Kolejny rok z rz\u0119du wybra\u0142em si\u0119 z ekip\u0105 SN7L na Szrenic\u0119. Tym razem sk\u0142ad zespo\u0142u to SP7TEE, SP7HKK, SP7OGP, SP7MTU, SO3Z, SQ3PCL, SQ7OYG. W czwartek od rana zaskoczy\u0142a nas znakomita pogoda. Zero wiatru, bezchmurne niebo i 25 st C. W &hellip; <a href=\"https:\/\/so3z.com\/?page_id=2552\" class=\"more-link\">Czytaj dalej <span class=\"screen-reader-text\">2016 &#8211; VHF IARU<\/span> <span class=\"meta-nav\">&rarr;<\/span><\/a><\/p>\n","protected":false},"author":1,"featured_media":0,"parent":19,"menu_order":24,"comment_status":"closed","ping_status":"closed","template":"","meta":{"footnotes":""},"class_list":["post-2552","page","type-page","status-publish","hentry"],"_links":{"self":[{"href":"https:\/\/so3z.com\/index.php?rest_route=\/wp\/v2\/pages\/2552","targetHints":{"allow":["GET"]}}],"collection":[{"href":"https:\/\/so3z.com\/index.php?rest_route=\/wp\/v2\/pages"}],"about":[{"href":"https:\/\/so3z.com\/index.php?rest_route=\/wp\/v2\/types\/page"}],"author":[{"embeddable":true,"href":"https:\/\/so3z.com\/index.php?rest_route=\/wp\/v2\/users\/1"}],"replies":[{"embeddable":true,"href":"https:\/\/so3z.com\/index.php?rest_route=%2Fwp%2Fv2%2Fcomments&post=2552"}],"version-history":[{"count":23,"href":"https:\/\/so3z.com\/index.php?rest_route=\/wp\/v2\/pages\/2552\/revisions"}],"predecessor-version":[{"id":2580,"href":"https:\/\/so3z.com\/index.php?rest_route=\/wp\/v2\/pages\/2552\/revisions\/2580"}],"up":[{"embeddable":true,"href":"https:\/\/so3z.com\/index.php?rest_route=\/wp\/v2\/pages\/19"}],"wp:attachment":[{"href":"https:\/\/so3z.com\/index.php?rest_route=%2Fwp%2Fv2%2Fmedia&parent=2552"}],"curies":[{"name":"wp","href":"https:\/\/api.w.org\/{rel}","templated":true}]}}