{"id":256,"date":"2011-05-09T08:37:18","date_gmt":"2011-05-09T07:37:18","guid":{"rendered":"http:\/\/so3z.com\/?page_id=256"},"modified":"2016-11-19T08:42:58","modified_gmt":"2016-11-19T07:42:58","slug":"ii-iaru-contest-2011","status":"publish","type":"page","link":"https:\/\/so3z.com\/?page_id=256","title":{"rendered":"2011 &#8211; II IARU"},"content":{"rendered":"<p><strong>II Pr\u00f3by Subregionalne  &#8211; maj 2011<\/strong><br \/>\n<strong>QSO:<\/strong>157; <strong>Punkt\u00f3w:<\/strong>  62383 pkt <strong>ODX:<\/strong> HB9GT 803km  <strong>\u015arednie QRB:<\/strong> 397km\/qso<br \/>\n 55 lokator\u00f3w, 13 DXCC<br \/>\n<img loading=\"lazy\" decoding=\"async\" src=\"https:\/\/so3z.com\/2iaru2011.png\" alt=\"\" title=\"2iaru2011\" width=\"600\" height=\"600\" class=\"alignnone size-medium wp-image-276\" \/><br \/>\n<a href=\"https:\/\/so3z.com\/2iaru2011.png\">LINK do mapy<\/a><br \/>\n<a href=\"https:\/\/so3z.com\/records\/2nd2011\/\">NAGRANIA<\/a> &#8211; jeszcze nie wszystkie<\/p>\n<p>Pracowa\u0142em moc\u0105 nieca\u0142ych 30W z Icom IC-275A naprawionego przez <a href=\"http:\/\/sp7tee.pl\/index.php?option=com_content&#038;task=view&#038;id=8&#038;Itemid=13\">Ma\u0107ka SP7TEE (\u015bwietna robota POLECAM !)<\/a>, oko\u0142o 15m kabla Draka RF-7, antenie 9el G0KSC na rotorze na wysoko\u015bci 9m nad ziemi\u0105. <\/p>\n<p>Przed zawodami doszlifowa\u0142em obie anteny stroj\u0105 idealnie tam gdzie powinny przy Z=50Ohm, u\u017cy\u0142em niestety tylko jednej &#8211; bo zawsze brakuje r\u0105k by postawi\u0107 maszt stalowy kt\u00f3ry wa\u017cy pod 80kg i jest skr\u0119cany \u015brubami + rotor + anteny.<br \/>\nTrzeba odk\u0142ada\u0107 na jakie\u015b aluminium na korb\u0119.<\/p>\n<p>ODX HB9GT 803km <\/p>\n<p>Wszystko powy\u017cej 600km:<\/p>\n<p>HB9GT 803km<br \/>\n9A4M 794km<br \/>\nHB9FAP 790km<br \/>\nS53WW 770km<br \/>\nDK5EW 742km<br \/>\nDJ5NQ 741km<br \/>\nDR1D 740km<br \/>\nDR9A 733km<br \/>\nHG3A 708km<br \/>\nDR0P 707km<br \/>\nS50C 707km<br \/>\nDR4A 695km<br \/>\nDL6IAK 694km<br \/>\nPI4GN 688km<br \/>\nDK0ES 673km<br \/>\nS57M 664km<br \/>\nS56P 664km<br \/>\nDL6YBF 661km<br \/>\nS59P 657km<br \/>\nDF0MU 653km<br \/>\nDD7PA 644km<br \/>\nDL6NDW 643km<br \/>\nS53O 633km<br \/>\nS57O 632km<br \/>\nHG1Z 626km<br \/>\nDK5LO\/p 621km<br \/>\nDL2MAJ 613km<\/p>\n<p>Z dalekich stacji s\u0142ysza\u0142em IK5ZWU\/6 (1046km), IQ3AZ, PA4EME, PA0PVW, 9A2LX, 9A1W, S58M, S57C, OM5ZW,  DL0VS i chyba LX\/PA1TK\/P s\u0105dz\u0105c po lokatorze JN39AX &#8230; niebawem wi\u0119cej z notatek.<\/p>\n<p>Z polskich stacji s\u0142ysza\u0142em jeszcze bardzo s\u0142abo SP1WSR ale na granicy czytelno\u015bci, wo\u0142a\u0142em ale bez odzewu, oraz s\u0142ysza\u0142em SP1JNY, niestety nie odbiera\u0142em SP8WJW podczas um\u00f3wionego skeda. Jak zwykle SN9D\/SP9PZD wychodzili pot\u0119\u017cnie (ciekawe ile kilowat\u00f3w)  z odbiornikiem nie radz\u0105cy sobie z nat\u0119\u017ceniem sygna\u0142u od OK\/OM na Skrzycznym (SN7L jako\u015b sobie na Szrenicy radzi) &#8211; bo jak zwykle nie da\u0142o si\u0119 dowo\u0142a\u0107 gdy byli minimalnie bokiem anteny, dopiero jak s-metr przekroczy\u0142 9+60dB uda\u0142o si\u0119.<br \/>\nI o dziwo tak\u0105 sam\u0105 obserwacj\u0119 potwierdzaj\u0105 inni \ud83d\ude09 <\/p>\n<p>Warunki bardzo zmienne, g\u0142\u0119bokie silne qsb wyst\u0119powa\u0142o, ale generalnie warunki nie najgorsze. Opr\u00f3cz tego nadal silne zak\u0142\u00f3cenia w kierunkach 285-335 stopni od linii energetycznej \/ transformatora. Rewelacyjne sygna\u0142y w pierwszy dzie\u0144 od HA, 9A4M i HB9FAP potrafili wychyli\u0107 s-metr do S-5 przy odleg\u0142o\u015bci 790km. HB9GT wychyla\u0142 na S-3 to i tak wi\u0119cej ni\u017c zazwyczaj. Kilka pr\u00f3b na cw z IK5ZWU\/6 i IQ3AZ (s\u0142ysza\u0142em nawet na ssb) nie przynios\u0142y kompletnej \u0142\u0105czno\u015bci. Niemal kompletne \u0142\u0105czno\u015bci z 9A2LX i S57C zabrak\u0142o paru sekund dos\u0142ownie. Zastanawiam si\u0119 czy mo\u017cna ode mnie w og\u00f3le zrobi\u0107 W\u0142ochy na tropo. Profil terenu jest fatalny Sudety, Alpy po drodze.<\/p>\n<p>niestety bez zdj\u0119\u0107 i film\u00f3w tym razem &#8211; zapomnia\u0142em aparatu  :)u<\/p>\n","protected":false},"excerpt":{"rendered":"<p>II Pr\u00f3by Subregionalne &#8211; maj 2011 QSO:157; Punkt\u00f3w: 62383 pkt ODX: HB9GT 803km \u015arednie QRB: 397km\/qso 55 lokator\u00f3w, 13 DXCC LINK do mapy NAGRANIA &#8211; jeszcze nie wszystkie Pracowa\u0142em moc\u0105 nieca\u0142ych 30W z Icom IC-275A naprawionego przez Ma\u0107ka SP7TEE (\u015bwietna robota POLECAM !), oko\u0142o 15m kabla Draka RF-7, antenie 9el G0KSC na rotorze na wysoko\u015bci &hellip; <a href=\"https:\/\/so3z.com\/?page_id=256\" class=\"more-link\">Czytaj dalej <span class=\"screen-reader-text\">2011 &#8211; II IARU<\/span> <span class=\"meta-nav\">&rarr;<\/span><\/a><\/p>\n","protected":false},"author":1,"featured_media":0,"parent":19,"menu_order":0,"comment_status":"open","ping_status":"open","template":"","meta":{"footnotes":""},"class_list":["post-256","page","type-page","status-publish","hentry"],"_links":{"self":[{"href":"https:\/\/so3z.com\/index.php?rest_route=\/wp\/v2\/pages\/256","targetHints":{"allow":["GET"]}}],"collection":[{"href":"https:\/\/so3z.com\/index.php?rest_route=\/wp\/v2\/pages"}],"about":[{"href":"https:\/\/so3z.com\/index.php?rest_route=\/wp\/v2\/types\/page"}],"author":[{"embeddable":true,"href":"https:\/\/so3z.com\/index.php?rest_route=\/wp\/v2\/users\/1"}],"replies":[{"embeddable":true,"href":"https:\/\/so3z.com\/index.php?rest_route=%2Fwp%2Fv2%2Fcomments&post=256"}],"version-history":[{"count":41,"href":"https:\/\/so3z.com\/index.php?rest_route=\/wp\/v2\/pages\/256\/revisions"}],"predecessor-version":[{"id":2587,"href":"https:\/\/so3z.com\/index.php?rest_route=\/wp\/v2\/pages\/256\/revisions\/2587"}],"up":[{"embeddable":true,"href":"https:\/\/so3z.com\/index.php?rest_route=\/wp\/v2\/pages\/19"}],"wp:attachment":[{"href":"https:\/\/so3z.com\/index.php?rest_route=%2Fwp%2Fv2%2Fmedia&parent=256"}],"curies":[{"name":"wp","href":"https:\/\/api.w.org\/{rel}","templated":true}]}}