{"id":2711,"date":"2016-11-21T12:26:47","date_gmt":"2016-11-21T11:26:47","guid":{"rendered":"http:\/\/so3z.com\/?page_id=2711"},"modified":"2016-11-21T12:47:25","modified_gmt":"2016-11-21T11:47:25","slug":"zorza-20-01-2016","status":"publish","type":"page","link":"https:\/\/so3z.com\/?page_id=2711","title":{"rendered":"Aurora = 20.01.2016"},"content":{"rendered":"<p>Zorza zacz\u0119\u0142a si\u0119 ko\u0142o 13UTC zako\u0144czy\u0142a ko\u0142o 20UTC. 8 QSO, ODX GM4VVX 1487km, s\u0142ysza\u0142em 7 innych stacji.<br \/>\nA tak s\u0142yszalny by\u0142  <a href=\"https:\/\/www.youtube.com\/watch?v=RZzlBH9MPgo\">bikon zorzowy SK4MPI<\/a><br \/>\n<a href=\"https:\/\/so3z.com\/wp-content\/uploads\/2016\/01\/au-so3z.jpg\"><img loading=\"lazy\" decoding=\"async\" src=\"https:\/\/so3z.com\/wp-content\/uploads\/2016\/01\/au-so3z-300x149.jpg\" alt=\"\" title=\"au-so3z\" width=\"300\" height=\"149\" class=\"alignnone size-medium wp-image-2488\" srcset=\"https:\/\/so3z.com\/wp-content\/uploads\/2016\/01\/au-so3z-300x149.jpg 300w, https:\/\/so3z.com\/wp-content\/uploads\/2016\/01\/au-so3z.jpg 708w\" sizes=\"auto, (max-width: 300px) 100vw, 300px\" \/><\/a><\/p>\n","protected":false},"excerpt":{"rendered":"<p>Zorza zacz\u0119\u0142a si\u0119 ko\u0142o 13UTC zako\u0144czy\u0142a ko\u0142o 20UTC. 8 QSO, ODX GM4VVX 1487km, s\u0142ysza\u0142em 7 innych stacji. A tak s\u0142yszalny by\u0142 bikon zorzowy SK4MPI<\/p>\n","protected":false},"author":1,"featured_media":0,"parent":2669,"menu_order":0,"comment_status":"closed","ping_status":"closed","template":"","meta":{"footnotes":""},"class_list":["post-2711","page","type-page","status-publish","hentry"],"_links":{"self":[{"href":"https:\/\/so3z.com\/index.php?rest_route=\/wp\/v2\/pages\/2711","targetHints":{"allow":["GET"]}}],"collection":[{"href":"https:\/\/so3z.com\/index.php?rest_route=\/wp\/v2\/pages"}],"about":[{"href":"https:\/\/so3z.com\/index.php?rest_route=\/wp\/v2\/types\/page"}],"author":[{"embeddable":true,"href":"https:\/\/so3z.com\/index.php?rest_route=\/wp\/v2\/users\/1"}],"replies":[{"embeddable":true,"href":"https:\/\/so3z.com\/index.php?rest_route=%2Fwp%2Fv2%2Fcomments&post=2711"}],"version-history":[{"count":2,"href":"https:\/\/so3z.com\/index.php?rest_route=\/wp\/v2\/pages\/2711\/revisions"}],"predecessor-version":[{"id":2719,"href":"https:\/\/so3z.com\/index.php?rest_route=\/wp\/v2\/pages\/2711\/revisions\/2719"}],"up":[{"embeddable":true,"href":"https:\/\/so3z.com\/index.php?rest_route=\/wp\/v2\/pages\/2669"}],"wp:attachment":[{"href":"https:\/\/so3z.com\/index.php?rest_route=%2Fwp%2Fv2%2Fmedia&parent=2711"}],"curies":[{"name":"wp","href":"https:\/\/api.w.org\/{rel}","templated":true}]}}