{"id":2720,"date":"2016-11-21T12:47:58","date_gmt":"2016-11-21T11:47:58","guid":{"rendered":"http:\/\/so3z.com\/?page_id=2720"},"modified":"2016-11-21T12:47:58","modified_gmt":"2016-11-21T11:47:58","slug":"tropo-26-28-10-2014","status":"publish","type":"page","link":"https:\/\/so3z.com\/?page_id=2720","title":{"rendered":"Tropo = 26-28.10.2014"},"content":{"rendered":"<p>S\u0142ysza\u0142em bikony LA8VHF, SK1VHF.  Bikony SR5VHW, OZ4UHF, SK7VHF, SR9VHK momentami sz\u0142y na 599.<br \/>\nNiekompletna \u0142\u0105czno\u015b\u0107 z ON4KHG, s\u0142ysza\u0142 mnie PD7YY. Niestety tropo by\u0142o korzystniejsze znacznie dla SP1\/2\/4. Kiedy my si\u0119 doczekamy takiego tropo jak na zachodzie gdzie SM\/OZ\/PA\/DL robili EA\/F, a z kolei G robili YL po 1800km??? Bardzo wysokie szumy z miasta mia\u0142em, mimo dni pracuj\u0105cych spora aktywno\u015b\u0107 stacji DL i SP. Tropo w Polsk\u0119 by\u0142o bardzo dobre stacje Vertical 35W po 350km bez problemu &#8211; jednak zatrzymywa\u0142o si\u0119 na Bugu \ud83d\ude42 Liczy\u0142em na Ukrain\u0119, Rosj\u0119 &#8211; po raz kolejny nic z tego.<br \/>\n<a href=\"https:\/\/www.youtube.com\/watch?v=xZGZYCnIhbc\">SR5VHW Video<\/a> <a href=\"https:\/\/www.youtube.com\/watch?v=Br5QgWyYDls\">SR9VHK Video<\/a> <a href=\"https:\/\/www.youtube.com\/watch?v=fpb2_TD08nc\">SK7VHF Video<\/a> <a href=\"https:\/\/www.youtube.com\/watch?v=LXr_JGlBHd4\">SK1VHF Video<\/a> <a href=\"https:\/\/www.youtube.com\/watch?v=wg5zEsscom8\">OZ4UHF Video<\/a><\/p>\n<table>\n<tr>\n<td>\nTOP DX:<br \/>\nG7RAU 1275km<br \/>\nG4SWX 1055km<br \/>\nYU1EV 903km<br \/>\nDK1CM 819km<br \/>\nSM4GGC 812km<br \/>\nPA5MS 792km<br \/>\nDK5EW 741km<br \/>\nPE1BIW 735km<br \/>\nPA2CHR 729km<br \/>\nPE2AE 701km<br \/>\nDK7UP 721km\n<\/td>\n<td>\n<a href=\"https:\/\/so3z.com\/wp-content\/uploads\/2014\/10\/tropo26-27-28-102014.jpg\"><img loading=\"lazy\" decoding=\"async\" src=\"https:\/\/so3z.com\/wp-content\/uploads\/2014\/10\/tropo26-27-28-102014-300x300.jpg\" alt=\"\" title=\"tropo26-27-28-102014\" width=\"300\" height=\"300\" class=\"alignnone size-medium wp-image-2055\" srcset=\"https:\/\/so3z.com\/wp-content\/uploads\/2014\/10\/tropo26-27-28-102014-300x300.jpg 300w, https:\/\/so3z.com\/wp-content\/uploads\/2014\/10\/tropo26-27-28-102014-150x150.jpg 150w, https:\/\/so3z.com\/wp-content\/uploads\/2014\/10\/tropo26-27-28-102014-1024x1024.jpg 1024w, https:\/\/so3z.com\/wp-content\/uploads\/2014\/10\/tropo26-27-28-102014.jpg 1400w\" sizes=\"auto, (max-width: 300px) 100vw, 300px\" \/><\/a>\n<\/td>\n<\/tr>\n<\/table>\n","protected":false},"excerpt":{"rendered":"<p>S\u0142ysza\u0142em bikony LA8VHF, SK1VHF. Bikony SR5VHW, OZ4UHF, SK7VHF, SR9VHK momentami sz\u0142y na 599. Niekompletna \u0142\u0105czno\u015b\u0107 z ON4KHG, s\u0142ysza\u0142 mnie PD7YY. Niestety tropo by\u0142o korzystniejsze znacznie dla SP1\/2\/4. Kiedy my si\u0119 doczekamy takiego tropo jak na zachodzie gdzie SM\/OZ\/PA\/DL robili EA\/F, a z kolei G robili YL po 1800km??? Bardzo wysokie szumy z miasta mia\u0142em, mimo &hellip; <a href=\"https:\/\/so3z.com\/?page_id=2720\" class=\"more-link\">Czytaj dalej <span class=\"screen-reader-text\">Tropo = 26-28.10.2014<\/span> <span class=\"meta-nav\">&rarr;<\/span><\/a><\/p>\n","protected":false},"author":1,"featured_media":0,"parent":2669,"menu_order":0,"comment_status":"closed","ping_status":"closed","template":"","meta":{"footnotes":""},"class_list":["post-2720","page","type-page","status-publish","hentry"],"_links":{"self":[{"href":"https:\/\/so3z.com\/index.php?rest_route=\/wp\/v2\/pages\/2720","targetHints":{"allow":["GET"]}}],"collection":[{"href":"https:\/\/so3z.com\/index.php?rest_route=\/wp\/v2\/pages"}],"about":[{"href":"https:\/\/so3z.com\/index.php?rest_route=\/wp\/v2\/types\/page"}],"author":[{"embeddable":true,"href":"https:\/\/so3z.com\/index.php?rest_route=\/wp\/v2\/users\/1"}],"replies":[{"embeddable":true,"href":"https:\/\/so3z.com\/index.php?rest_route=%2Fwp%2Fv2%2Fcomments&post=2720"}],"version-history":[{"count":1,"href":"https:\/\/so3z.com\/index.php?rest_route=\/wp\/v2\/pages\/2720\/revisions"}],"predecessor-version":[{"id":2721,"href":"https:\/\/so3z.com\/index.php?rest_route=\/wp\/v2\/pages\/2720\/revisions\/2721"}],"up":[{"embeddable":true,"href":"https:\/\/so3z.com\/index.php?rest_route=\/wp\/v2\/pages\/2669"}],"wp:attachment":[{"href":"https:\/\/so3z.com\/index.php?rest_route=%2Fwp%2Fv2%2Fmedia&parent=2720"}],"curies":[{"name":"wp","href":"https:\/\/api.w.org\/{rel}","templated":true}]}}