{"id":2723,"date":"2016-11-21T12:56:57","date_gmt":"2016-11-21T11:56:57","guid":{"rendered":"http:\/\/so3z.com\/?page_id=2723"},"modified":"2016-11-21T12:56:57","modified_gmt":"2016-11-21T11:56:57","slug":"tropo-2728-09-2014","status":"publish","type":"page","link":"https:\/\/so3z.com\/?page_id=2723","title":{"rendered":"Tropo = 27\/28.09.2014"},"content":{"rendered":"<table>\n<tr>\n<td><strong>G7RAU 53\/55 IO90IR 1275km<\/strong><br \/>\nG1KAW\/p 55\/55 JO00EW 1156km<br \/>\nTM40KRK 51\/51 JN18AS 1128km<br \/>\nF6DKW 55\/55 JN18CS 1117km<br \/>\nG4CDN 52\/54 JO02SS 1044km<br \/>\nF1CTZ 53\/55 JO10JG 1013km<br \/>\nON5NY 53\/59 JO10MV 976km<br \/>\nF4EGA 52\/52 JO10QK 968km<br \/>\nON4KHG 51\/51 JO10XO 923km<br \/>\nES3RF 41\/33 KO29IF 901km<br \/>\nPA2DW -16\/-20 JO22GD 846km<br \/>\nPA2M 54\/57 JO21IP 844km<br \/>\n9A3K 52\/52 JN65UF 832km<br \/>\nSM4GGC 53\/53 JO69RK 814km<br \/>\nPA1BVM 52\/52 JO21RO 794km<br \/>\nPA5MS 53\/51 JO21RQ 792km<br \/>\nF6DCD 55\/55 JN38RQ 789km<br \/>\nF6DCD\/P 55\/55 JN38RQ 789km<br \/>\nPD1AHM 54\/57 JO21WF 774km<br \/>\nPA0PVW 57\/58 JO22VA 764km<br \/>\nDL6KA 55\/55 JO30DQ 763km<br \/>\nPD7YY 52\/55 JO21WW 759km<br \/>\nDL1KFS 59\/59 JO30FQ 752km<br \/>\n9A7PLT 59\/58 JN75RT 740km<br \/>\nDC1EI 57\/55 JO31FC 736km<br \/>\nPA2CHR 56\/59 JO32DB 729km<br \/>\nEU6AF 55\/59 KO35LA 721km<br \/>\nDF6WE 55\/54 JO31GO 720km<br \/>\nDL4KCA 57\/56 JO30JX 720km<br \/>\nDF1CF 59\/59 JN57FP 704km<br \/>\nDL3EAZ 53\/55 JO30PR 695km<br \/>\nPA4VHF 55\/55 JO32JE 693km<br \/>\nDL2OM 57\/59 JO30SN 685km<br \/>\nDJ6XH 59\/59 JN57MP 677km<br \/>\nDJ5AR 53\/53 JN49CV 672km<br \/>\nDC9YC 55\/55 JO31QK 667km<br \/>\nDL6YBF 55\/55 JO31OX 666km<br \/>\n9A5RJ 57\/59 JN86EL 659km<br \/>\nDH4FAJ 55\/57 JN49EX 657km<br \/>\nDG1RUG 53\/58 JO30XR 651km<br \/>\nDJ0QZ 59\/59 JN49LM 646km<br \/>\nDL9DBJ 59\/59 JO31VH 642km<br \/>\nDL5MCG 59\/59 JN58KH 627km<br \/>\nDL5DAJ\/P 57\/59 JO41BE 624km<br \/>\nDG5DJ 53\/58 JN58LI 619km<br \/>\nDL1FCL 57\/57 JO40II 617km<br \/>\nDG2KBC 55\/55 JN58MI 615km<br \/>\nDF5DL 57\/57 JN58TB 614km<br \/>\nDL8NP 58\/57 JN58SC 614km<br \/>\nDK1TR 57\/59 JN58VC 603km\n<\/td>\n<td><a href=\"https:\/\/so3z.com\/wp-content\/uploads\/2014\/10\/tr09141.jpeg\"><img loading=\"lazy\" decoding=\"async\" src=\"https:\/\/so3z.com\/wp-content\/uploads\/2014\/10\/tr09141-300x274.jpg\" alt=\"\" title=\"tr0914\" width=\"300\" height=\"274\" class=\"alignnone size-medium wp-image-2021\" srcset=\"https:\/\/so3z.com\/wp-content\/uploads\/2014\/10\/tr09141-300x274.jpg 300w, https:\/\/so3z.com\/wp-content\/uploads\/2014\/10\/tr09141.jpeg 1021w\" sizes=\"auto, (max-width: 300px) 100vw, 300px\" \/><\/a>\n<\/td>\n<\/tr>\n<\/table>\n<p>S\u0142ysza\u0142em F6DZS 1100km, F0GTK 959km, PD4H?, YU1EV 904km, YU1LA ~890km.<\/p>\n<p>DSP w IC-7100 dzia\u0142a doskonale by\u0142em w stanie us\u0142ysze\u0107 LA8VHF\/b 559 144.480 (nie \u0142atwo bo SR3VHX\/b jest 3km odemnie na 144.4815)<br \/>\nSR5VHW\/b dobija\u0142 do 579 na s-metrze w nocy z 28\/29.09.<\/p>\n<p>IC-7100E, 500W, 2x 9el OWL G0KSC 40m AGL (120m ASL)<br \/>\n<iframe loading=\"lazy\" width=\"480\" height=\"360\" src=\"\/\/www.youtube.com\/embed\/gVpBM3nX3Lw\" frameborder=\"0\" allowfullscreen><\/iframe><br \/>\n<iframe loading=\"lazy\" width=\"480\" height=\"360\" src=\"\/\/www.youtube.com\/embed\/DcAx7x5ZYwk\" frameborder=\"0\" allowfullscreen><\/iframe><\/p>\n","protected":false},"excerpt":{"rendered":"<p>G7RAU 53\/55 IO90IR 1275km G1KAW\/p 55\/55 JO00EW 1156km TM40KRK 51\/51 JN18AS 1128km F6DKW 55\/55 JN18CS 1117km G4CDN 52\/54 JO02SS 1044km F1CTZ 53\/55 JO10JG 1013km ON5NY 53\/59 JO10MV 976km F4EGA 52\/52 JO10QK 968km ON4KHG 51\/51 JO10XO 923km ES3RF 41\/33 KO29IF 901km PA2DW -16\/-20 JO22GD 846km PA2M 54\/57 JO21IP 844km 9A3K 52\/52 JN65UF 832km SM4GGC 53\/53 JO69RK &hellip; <a href=\"https:\/\/so3z.com\/?page_id=2723\" class=\"more-link\">Czytaj dalej <span class=\"screen-reader-text\">Tropo = 27\/28.09.2014<\/span> <span class=\"meta-nav\">&rarr;<\/span><\/a><\/p>\n","protected":false},"author":1,"featured_media":0,"parent":2669,"menu_order":0,"comment_status":"closed","ping_status":"closed","template":"","meta":{"footnotes":""},"class_list":["post-2723","page","type-page","status-publish","hentry"],"_links":{"self":[{"href":"https:\/\/so3z.com\/index.php?rest_route=\/wp\/v2\/pages\/2723","targetHints":{"allow":["GET"]}}],"collection":[{"href":"https:\/\/so3z.com\/index.php?rest_route=\/wp\/v2\/pages"}],"about":[{"href":"https:\/\/so3z.com\/index.php?rest_route=\/wp\/v2\/types\/page"}],"author":[{"embeddable":true,"href":"https:\/\/so3z.com\/index.php?rest_route=\/wp\/v2\/users\/1"}],"replies":[{"embeddable":true,"href":"https:\/\/so3z.com\/index.php?rest_route=%2Fwp%2Fv2%2Fcomments&post=2723"}],"version-history":[{"count":1,"href":"https:\/\/so3z.com\/index.php?rest_route=\/wp\/v2\/pages\/2723\/revisions"}],"predecessor-version":[{"id":2724,"href":"https:\/\/so3z.com\/index.php?rest_route=\/wp\/v2\/pages\/2723\/revisions\/2724"}],"up":[{"embeddable":true,"href":"https:\/\/so3z.com\/index.php?rest_route=\/wp\/v2\/pages\/2669"}],"wp:attachment":[{"href":"https:\/\/so3z.com\/index.php?rest_route=%2Fwp%2Fv2%2Fmedia&parent=2723"}],"curies":[{"name":"wp","href":"https:\/\/api.w.org\/{rel}","templated":true}]}}