{"id":2732,"date":"2016-11-30T10:50:05","date_gmt":"2016-11-30T09:50:05","guid":{"rendered":"http:\/\/so3z.com\/?page_id=2732"},"modified":"2016-11-30T10:51:34","modified_gmt":"2016-11-30T09:51:34","slug":"tropo-25-26-11-2016","status":"publish","type":"page","link":"https:\/\/so3z.com\/?page_id=2732","title":{"rendered":"Tropo = 25-26.11.2016"},"content":{"rendered":"<p>W dniach 25 i 26 listopada by\u0142o tropo.<br \/>\nNajwi\u0119cej skorzysta\u0142y stacje z SP1, o JO82 tylko momentami zahacza\u0142o.<br \/>\nW logu sporo stacji z Polski, a z DX\u00f3w G4KUX IO94 i G4CDN JO02 &#8211; obie stacje na 50W i 14el.<\/p>\n<p><a href=\"https:\/\/so3z.com\/wp-content\/uploads\/2016\/11\/tropo1.jpg\"><img loading=\"lazy\" decoding=\"async\" src=\"https:\/\/so3z.com\/wp-content\/uploads\/2016\/11\/tropo1-300x183.jpg\" alt=\"tropo1\" width=\"300\" height=\"183\" class=\"alignnone size-medium wp-image-2734\" srcset=\"https:\/\/so3z.com\/wp-content\/uploads\/2016\/11\/tropo1-300x183.jpg 300w, https:\/\/so3z.com\/wp-content\/uploads\/2016\/11\/tropo1-768x467.jpg 768w, https:\/\/so3z.com\/wp-content\/uploads\/2016\/11\/tropo1.jpg 784w\" sizes=\"auto, (max-width: 300px) 100vw, 300px\" \/><\/a><br \/>\n<a href=\"https:\/\/so3z.com\/wp-content\/uploads\/2016\/11\/tropo-UK1.gif\"><img loading=\"lazy\" decoding=\"async\" src=\"https:\/\/so3z.com\/wp-content\/uploads\/2016\/11\/tropo-UK1-300x219.gif\" alt=\"tropo-uk1\" width=\"300\" height=\"219\" class=\"alignnone size-medium wp-image-2733\" srcset=\"https:\/\/so3z.com\/wp-content\/uploads\/2016\/11\/tropo-UK1-300x219.gif 300w, https:\/\/so3z.com\/wp-content\/uploads\/2016\/11\/tropo-UK1-768x560.gif 768w, https:\/\/so3z.com\/wp-content\/uploads\/2016\/11\/tropo-UK1-1024x746.gif 1024w\" sizes=\"auto, (max-width: 300px) 100vw, 300px\" \/><\/a><\/p>\n","protected":false},"excerpt":{"rendered":"<p>W dniach 25 i 26 listopada by\u0142o tropo. Najwi\u0119cej skorzysta\u0142y stacje z SP1, o JO82 tylko momentami zahacza\u0142o. W logu sporo stacji z Polski, a z DX\u00f3w G4KUX IO94 i G4CDN JO02 &#8211; obie stacje na 50W i 14el.<\/p>\n","protected":false},"author":1,"featured_media":0,"parent":2669,"menu_order":0,"comment_status":"closed","ping_status":"closed","template":"","meta":{"footnotes":""},"class_list":["post-2732","page","type-page","status-publish","hentry"],"_links":{"self":[{"href":"https:\/\/so3z.com\/index.php?rest_route=\/wp\/v2\/pages\/2732","targetHints":{"allow":["GET"]}}],"collection":[{"href":"https:\/\/so3z.com\/index.php?rest_route=\/wp\/v2\/pages"}],"about":[{"href":"https:\/\/so3z.com\/index.php?rest_route=\/wp\/v2\/types\/page"}],"author":[{"embeddable":true,"href":"https:\/\/so3z.com\/index.php?rest_route=\/wp\/v2\/users\/1"}],"replies":[{"embeddable":true,"href":"https:\/\/so3z.com\/index.php?rest_route=%2Fwp%2Fv2%2Fcomments&post=2732"}],"version-history":[{"count":1,"href":"https:\/\/so3z.com\/index.php?rest_route=\/wp\/v2\/pages\/2732\/revisions"}],"predecessor-version":[{"id":2735,"href":"https:\/\/so3z.com\/index.php?rest_route=\/wp\/v2\/pages\/2732\/revisions\/2735"}],"up":[{"embeddable":true,"href":"https:\/\/so3z.com\/index.php?rest_route=\/wp\/v2\/pages\/2669"}],"wp:attachment":[{"href":"https:\/\/so3z.com\/index.php?rest_route=%2Fwp%2Fv2%2Fmedia&parent=2732"}],"curies":[{"name":"wp","href":"https:\/\/api.w.org\/{rel}","templated":true}]}}