{"id":2794,"date":"2017-05-08T13:56:23","date_gmt":"2017-05-08T12:56:23","guid":{"rendered":"http:\/\/so3z.com\/?page_id=2794"},"modified":"2017-05-14T21:21:05","modified_gmt":"2017-05-14T20:21:05","slug":"2017-ii-proby-subregionalne-sn7l","status":"publish","type":"page","link":"https:\/\/so3z.com\/?page_id=2794","title":{"rendered":"2017 &#8211; II pr\u00f3by subregionalne SN7L"},"content":{"rendered":"<p>W pi\u0105tek po pracy pojecha\u0142em na G\u00f3r\u0119 Kamie\u0144sk (390 metr\u00f3w npm) by do\u0142\u0105czy\u0107 do zespo\u0142u SN7L.<br \/>\nPierwszego dnia uda\u0142o si\u0119 postawi\u0107 dwa ni\u017csze systemy 2x 12el YU7EF i 2x 17el F9FT na ok. 10 metrowych masztach.<br \/>\nDrugiego dnia gdy przyjechali Koledzy z okolic Be\u0142chatowa i \u0141odzi podnie\u015bli\u015bmy maszt 19 metr\u00f3w na korb\u0119 z kilkoma   pi\u0119trami odci\u0105g\u00f3w, a na nim zestaw 2x 12el YU7EF. Niestety musia\u0142em w niedziel\u0119 rano po 3 godzinach snu wr\u00f3ci\u0107 do Warszawy.<br \/>\nPracowali\u015bmy tylko na 2 metrach tylko we dw\u00f3ch &#8211; ja i Maciek SP7TEE. Oczywi\u015bcie na miejscu byli niezast\u0105pieni Zbyszek SP7MTU i Gabi SQ7OYG.<\/p>\n<p>Przeprowadzili\u015bmy ok. 354 \u0142\u0105czno\u015bci i 158 tys punkt\u00f3w, 80 WWLoc, AVG 448km\/qso!<br \/>\nDu\u017cym zaskoczeniem by\u0142y moje nocne \u0142\u0105czno\u015bci na CW ze stacjami ukrai\u0144skimi z lokatorami KN38, <a href=\"https:\/\/so3z.com\/SN7L\/05-2017-144MHz\/UW4U-KN49-756km.mp3\">KN49<\/a>, <a href=\"https:\/\/so3z.com\/SN7L\/05-2017-144MHz\/EM3U-KN59-776km.mp3\">KN59<\/a> &#8211; prawdziwy rarytas mimo nie tak du\u017cej odleg\u0142o\u015bci. S\u0142ysza\u0142em r\u00f3wnie\u017c stacje ON3CF\/p ale mimo kilku pr\u00f3b nie uda\u0142o si\u0119 skompletowa\u0107 \u0142\u0105czno\u015bci. R\u00f3wnie\u017c I5MZY\/4 odbiera\u0142 nas ale nie uda\u0142o si\u0119 skompletowa\u0107 \u0142\u0105czno\u015bci.<\/p>\n<p><a href=\"https:\/\/goo.gl\/photos\/iqLWZjoQxN1Y29pMA\">GALERIA<\/a><br \/>\n<a href=\"http:\/\/lcbsweden.com\/www-sm7lcb\/maps\/qso_map\/map_output.htm?JO91QF;JO81BP;JO81MH;KN05BT;JN87IH;KN04CV;JN89WW;KN08XQ;JO80IL;JO61KB;JN98AH;JO62XE;JO90OG;JN99WX;JN99IO;JO90LD;JO90AK;JN99FP;JN99JK;JN58QH;JO90NF;JO62MS;KN08IO;KO10CB;JO72GI;JN58LT;JO60XI;JN98HR;JO71FG;KN09SQ;JO62NM;KO53EV;JN49QA;KN17DO;JN97WW;JN98FV;JN99JN;JO90CK;JN99LN;JN89WH;JN88QQ;JO73CE;JO50SF;JN98OI;JN79FP;JN85KV;JO40HH;JN98EP;JN98KU;JO81BS;JN97NN;JO90NC;JO62QO;KO00XB;JN79AP;JN79GB;JO42NC;KN05RD;JO84CE;JN79BC;JO70NB;JN95AE;JN85VQ;JO61PK;JO70IT;JN86LH;JO72HC;JO53UN;JN67OV;JO70BC;JN95SS;JN99FI;KN04OO;KN27EG;JN89UE;JN63BW;JN95PE;JN89IH;JN99BN;JN97OM;KN05IS;JO90RE;JN88EB;JO72GG;JN75RT;JN86AO;KN09PH;KN26TR;KN16NH;JO55XE;JO90MG;JN89PR;JN99DS;KO00JE;JN99MS;JO61SH;KN04GG;KN08PR;JN69RJ;KN05FJ;JN99CT;JN98KX;JN75OC;JN75VV;JN89JM;JO90KG;KN09IU;JN69NX;JN99IQ;JN96LX;JO94HI;JO83VE;JO73GL;JN95WG;JO60BE;JN97WM;JN63GN;JN79AI;JO51KW;JO61ER;KN18DO;JN99BS;JN58UA;JO71IX;JO90FE;JO50UF;JN99LD;JN94US;JO71IW;JO53LQ;JO43SV;JN68BI;KN06MQ;JO64ND;JN58RF;JO73HV;JN58TE;JO60PO;JN49LM;JN89DO;JO80DT;JN95KI;JN65UF;JN97WV;JO51FB;KN25BS;JN89PV;JN88WX;JN88ME;JN76JC;JN76IA;JN98BX;JN99CS;JN76PB;JN96EE;KN07BM;JO90MF;JN99AF;JN98FX;JN98KJ;JN47KW;KN29AT;JN48EQ;JN39VV;JO72HO;JO62IH;JO53CL;JN68QQ;JN48WM;JN88SI;JO80AV;JO51KV;JO80HC;JN88DC;JN37WB;JN95LM;JO60BH;JN89OI;KN04LP;JN68OD;JO70GC;JO71JJ;JN65EM;JN76PO;JN99CH;JN47QT;KO00MA;JO62WA;JO71EC;JN48MW;JN85OQ;JN78JM;JN75SM;JO80FF;JN87TB;JN86HF;JN88NG;JN68HW;KN08FB;JN59RJ;JN75OT;KO00RH;JN68GI;JO90PP;JO62GD;JO60UR;JO80IB;JN89SS;JO64RK;JN58OM;JN85QT;JO70BK;JN88UU;JN86KU;JO80FG;JN79US;JN48CO;JN77TX;JO82LK;JO90DE;JO71EQ;JN76UP;JN87WV;JN75DS;JO90EU;JN76VT;JO40XL;KN04AX;JO71HC;JO53KB;JN88RT;JN49GB;JN59UK;JN88RS;JO30EP;JN89QQ;KN38HQ;JN69OU;JO40QL;JO32PC;JO60OM;JO60UQ;JN88GR;JO71FC;JO50DO;JO60RN;JN79GO;KN59BT;JO60VR;KN49WV;JN54PF;JO65MJ;JO65DH;JO80AC;JO60VE;KN09RK;KN04ML;KN04FR;JN48ON;JN99AK;JO80CI;JN79BU;JN98HS;JN99EQ;JN88TR;JN86LK;JN98CW;JN48MB;JN89KE;JO50KQ;JN97LW;KN06EN;JO71CR;JO60QU;JN98PP;JO92GA;JO30EJ;JN89VS;JN77PC;KO02ME;JO60EB;JN97CS;JO54VC;JO70DB;JN77JE;JO62TF;KN09OQ;JN58QI;JN68PJ;JO70GS;JN99TC;JN85AO;JO50AN;JN98DF;JN95HN;JO52AP;JO51IJ;JO51XI;JO41QW;KN04GR;JN99EN;JN98NO;JO60ML;JN97LF;JO72GH;JO53WH;JN58GX;JO62FX;JN97CX;JO73MI;JO90XB;JO61GH;JO70CO;JO50LQ;JO40PG;JO70EQ;JN98BG;JO32TL;JN48IX;KN08AI;KN09SH;JO60JJ;JN79VS;JN89IW;JO42RG;JO43HB;JO74JA;JO82LJ;JO63PO;JN95EH;JO62OJ;JO62XN;JO64KE;JO54EG;JN95TI;JO90ND;JO90GE;JN97UT;JO81ND;JN48XK;JN68RF;JN68HD;\">MAPA 1<\/a><br \/>\n<a href=\"https:\/\/so3z.com\/wp-content\/uploads\/2017\/05\/sn7l2.jpg\"><img loading=\"lazy\" decoding=\"async\" src=\"https:\/\/so3z.com\/wp-content\/uploads\/2017\/05\/sn7l2-300x254.jpg\" alt=\"\" width=\"300\" height=\"254\" class=\"aligncenter size-medium wp-image-2801\" srcset=\"https:\/\/so3z.com\/wp-content\/uploads\/2017\/05\/sn7l2-300x254.jpg 300w, https:\/\/so3z.com\/wp-content\/uploads\/2017\/05\/sn7l2-768x649.jpg 768w, https:\/\/so3z.com\/wp-content\/uploads\/2017\/05\/sn7l2-1024x866.jpg 1024w, https:\/\/so3z.com\/wp-content\/uploads\/2017\/05\/sn7l2.jpg 1281w\" sizes=\"auto, (max-width: 300px) 100vw, 300px\" \/><\/a><\/p>\n<p><a href=\"https:\/\/so3z.com\/SN7L\/05-2017-144MHz\/\">NAGRANIA \/ AUDIO RECORDS<\/a><\/p>\n<p>TOP DX:<br \/>\n<a href=\"https:\/\/so3z.com\/SN7L\/05-2017-144MHz\/IQ5NN-JN63-995km.mp3\">IQ5NN JN63 995km<\/a><br \/>\n<a href=\"https:\/\/so3z.com\/SN7L\/05-2017-144MHz\/IK5CZI-4-JN54-985km.mp3\">IK5CZI\/4 JN54 985km<\/a><br \/>\n<a href=\"https:\/\/so3z.com\/SN7L\/05-2017-144MHz\/IK4ZHH-JN63-976km.mp3\">IK4ZHH JN63 976km<\/a><br \/>\n<a href=\"https:\/\/so3z.com\/SN7L\/05-2017-144MHz\/HB9GF-JN37-955km.mp3\">HB9GF JN37 955km<\/a><br \/>\n<a href=\"https:\/\/so3z.com\/SN7L\/05-2017-144MHz\/DL0AC-JO30-917km.mp3\">DL0AC JO30 917km<\/a><br \/>\n<a href=\"https:\/\/so3z.com\/SN7L\/05-2017-144MHz\/DL1KDA-JO30-913km.mp3\">DL1KDA JO30 913km<\/a><br \/>\n<a href=\"https:\/\/so3z.com\/SN7L\/05-2017-144MHz\/DK0A-JN48-851km.mp3\">DK0A JN48 851km<\/a><br \/>\n<a href=\"https:\/\/so3z.com\/SN7L\/05-2017-144MHz\/DR5T-JN47-840km.mp3\">DR5T JN47 840km<\/a><br \/>\n<a href=\"https:\/\/so3z.com\/SN7L\/05-2017-144MHz\/DF0MU-JO32-839km.mp3\">DF0MU JO32 839km<\/a><br \/>\n<a href=\"https:\/\/so3z.com\/SN7L\/05-2017-144MHz\/DR9A-JN48-836km.mp3\">DR9A JN48 836km<\/a><br \/>\n<a href=\"https:\/\/so3z.com\/SN7L\/05-2017-144MHz\/DK0BN-JN39-831km.mp3\">DK0BN JN39 831km<\/a><br \/>\n<a href=\"https:\/\/so3z.com\/SN7L\/05-2017-144MHz\/DK5EW-JN48-823km.mp3\">DK5EW JN48 823km<\/a><br \/>\n<a href=\"https:\/\/so3z.com\/SN7L\/05-2017-144MHz\/IQ3LX-JN65-818km.mp3\">IQ3LX JN65 818km<\/a><br \/>\n<a href=\"https:\/\/so3z.com\/SN7L\/05-2017-144MHz\/DL8YE-JO32-818km.mp3\">DL8YE JO32 818km<\/a><br \/>\n<a href=\"https:\/\/so3z.com\/SN7L\/05-2017-144MHz\/DL0MA-JN47-815km.mp3\">DL0MA JN47 815km<\/a><br \/>\n<a href=\"https:\/\/so3z.com\/SN7L\/05-2017-144MHz\/DK2GZ-JN49-808km.mp3\">DK2GZ JN49 808km<\/a><br \/>\n<a href=\"https:\/\/so3z.com\/SN7L\/05-2017-144MHz\/DL6IAK-JN48-801km.mp3\">DL6IAK JN48 801km<\/a><br \/>\n<a href=\"https:\/\/so3z.com\/SN7L\/05-2017-144MHz\/EW7T-KO53-800km.mp3\">EW7T KO53 800km<\/a><br \/>\nQRB 700-799km: 26 QSO <\/p>\n<p><iframe loading=\"lazy\" width=\"560\" height=\"315\" src=\"https:\/\/www.youtube.com\/embed\/ojIadk7zBFI\" frameborder=\"0\" allowfullscreen><\/iframe><\/p>\n<p>JN63GN before contest:<br \/>\n<iframe loading=\"lazy\" width=\"560\" height=\"315\" src=\"https:\/\/www.youtube.com\/embed\/7qK6vJw0_x4\" frameborder=\"0\" allowfullscreen><\/iframe><\/p>\n","protected":false},"excerpt":{"rendered":"<p>W pi\u0105tek po pracy pojecha\u0142em na G\u00f3r\u0119 Kamie\u0144sk (390 metr\u00f3w npm) by do\u0142\u0105czy\u0107 do zespo\u0142u SN7L. Pierwszego dnia uda\u0142o si\u0119 postawi\u0107 dwa ni\u017csze systemy 2x 12el YU7EF i 2x 17el F9FT na ok. 10 metrowych masztach. Drugiego dnia gdy przyjechali Koledzy z okolic Be\u0142chatowa i \u0141odzi podnie\u015bli\u015bmy maszt 19 metr\u00f3w na korb\u0119 z kilkoma pi\u0119trami &hellip; <a href=\"https:\/\/so3z.com\/?page_id=2794\" class=\"more-link\">Czytaj dalej <span class=\"screen-reader-text\">2017 &#8211; II pr\u00f3by subregionalne SN7L<\/span> <span class=\"meta-nav\">&rarr;<\/span><\/a><\/p>\n","protected":false},"author":1,"featured_media":0,"parent":19,"menu_order":25,"comment_status":"closed","ping_status":"closed","template":"","meta":{"footnotes":""},"class_list":["post-2794","page","type-page","status-publish","hentry"],"_links":{"self":[{"href":"https:\/\/so3z.com\/index.php?rest_route=\/wp\/v2\/pages\/2794","targetHints":{"allow":["GET"]}}],"collection":[{"href":"https:\/\/so3z.com\/index.php?rest_route=\/wp\/v2\/pages"}],"about":[{"href":"https:\/\/so3z.com\/index.php?rest_route=\/wp\/v2\/types\/page"}],"author":[{"embeddable":true,"href":"https:\/\/so3z.com\/index.php?rest_route=\/wp\/v2\/users\/1"}],"replies":[{"embeddable":true,"href":"https:\/\/so3z.com\/index.php?rest_route=%2Fwp%2Fv2%2Fcomments&post=2794"}],"version-history":[{"count":14,"href":"https:\/\/so3z.com\/index.php?rest_route=\/wp\/v2\/pages\/2794\/revisions"}],"predecessor-version":[{"id":2816,"href":"https:\/\/so3z.com\/index.php?rest_route=\/wp\/v2\/pages\/2794\/revisions\/2816"}],"up":[{"embeddable":true,"href":"https:\/\/so3z.com\/index.php?rest_route=\/wp\/v2\/pages\/19"}],"wp:attachment":[{"href":"https:\/\/so3z.com\/index.php?rest_route=%2Fwp%2Fv2%2Fmedia&parent=2794"}],"curies":[{"name":"wp","href":"https:\/\/api.w.org\/{rel}","templated":true}]}}