{"id":2828,"date":"2017-07-04T22:05:51","date_gmt":"2017-07-04T21:05:51","guid":{"rendered":"http:\/\/so3z.com\/?page_id=2828"},"modified":"2017-07-10T08:34:49","modified_gmt":"2017-07-10T07:34:49","slug":"2017-iii-iaru","status":"publish","type":"page","link":"https:\/\/so3z.com\/?page_id=2828","title":{"rendered":"2017 &#8211; III IARU"},"content":{"rendered":"<p>III Pr\u00f3by Subregionalne 2017  <strong>= SN7L  JO70SS 1362m n.p.m.=<\/strong><br \/>\n<img loading=\"lazy\" decoding=\"async\" src=\"https:\/\/so3z.com\/wp-content\/uploads\/2017\/07\/IMG_9761-1024x683.jpg\" alt=\"\" width=\"474\" height=\"316\" class=\"alignnone size-large wp-image-2861\" srcset=\"https:\/\/so3z.com\/wp-content\/uploads\/2017\/07\/IMG_9761-1024x683.jpg 1024w, https:\/\/so3z.com\/wp-content\/uploads\/2017\/07\/IMG_9761-300x200.jpg 300w, https:\/\/so3z.com\/wp-content\/uploads\/2017\/07\/IMG_9761-768x512.jpg 768w, https:\/\/so3z.com\/wp-content\/uploads\/2017\/07\/IMG_9761.jpg 1944w\" sizes=\"auto, (max-width: 474px) 100vw, 474px\" \/><\/p>\n<p>Ekipa <strong>SN7L<\/strong> w powi\u0119kszonym sk\u0142adzie tzn: SP7TEE, SP7MTU, SP7HKK, SP7VVB, SQ7OYG, SO3Z, SQ3SWF, SQ3PCL, SQ3PHA, SQ6POM, SQ9ZAQ, SQ9PBS pracowa\u0142a na 6m, 2m, 70cm, 3cm.<br \/>\nNa 3cm pracowa\u0142 Maciek SP7VVB moc 5W i offset 65cm.<br \/>\nNa 70cm pracowali Olgierd SQ3SWF, Kuba SQ3PCL, Leszek SQ3PHA, Marcin SQ6POM, Szymon SQ9ZAQ, Wojtek SQ9PBS<br \/>\nNa 2m pracowali Maciek SP7TEE, Wojtek SP7HKK, Andrzej SO3Z, Olgierd SQ3SWF<br \/>\nNa 6m pracowali Szymon SQ9ZAQ, Gabi SQ7OYG<br \/>\nW czwartek dotar\u0142em przed po\u0142udniem na miejsce. Pogoda by\u0142a najgorsza od kilu lat.<br \/>\n<a href=\"https:\/\/youtu.be\/QYUUdOLFSD0\">Chmura i wiatr 70-90km\/h przez wi\u0119kszo\u015b\u0107 czasu, a i momentami deszcz. Rozpogodzi\u0142o si\u0119 dopiero w niedziel\u0119.<\/a><\/p>\n<p><a href=\"https:\/\/goo.gl\/photos\/s9LuUJwyNsekwpwp8\">GALERIA 1<\/a> <a href=\"https:\/\/goo.gl\/photos\/osWuTvXNqt4SkQxE6\">GALERIA 2<\/a> <a href=\"https:\/\/goo.gl\/photos\/Sebo55zDnCub9RJp9\">GALERIA 3<\/a> <br \/>\n<a href=\"https:\/\/so3z.com\/SN7L\/07-2017-144MHz\/\">NAGRANIA AUDIO <\/a> <\/p>\n<p>W czwartek uda\u0142o si\u0119 postawi\u0107 tylko najmniejszy system 2x 6el DK7ZB na 2m.<br \/>\nW zwi\u0105zku z silnym wiatrem i innymi problemami zdecydowali\u015bmy si\u0119 postawi\u0107 tylko pojedyncze anteny, a nie zestawy po dwie anteny.<br \/>\nTzn. pierwszy system 1x 12el YU7EF, drugi system 1x 12el YU7EF (zazwyczaj by\u0142y 2x 12el), trzeci system 2x 6el DK7ZB na 144MHz. Jeden system musieli\u015bmy po\u0142o\u017cy\u0107 dwa razy i podmieni\u0107 anteny. Prace antenowe trwa\u0142y ca\u0142y pi\u0105tek. Na 432MHz r\u00f3wnie\u017c za\u0142o\u017cyli\u015bmy tylko pojedyncz\u0105 21el DK7ZB. Oznacza to, \u017ce na ka\u017cdym systemie z wyj\u0105tkiem 2x 6el, mieli\u015bmy ok 3dB mniej zysku. Jednak uda\u0142o si\u0119 poprawi\u0107 wynik z lipca zesz\u0142ego roku.<\/p>\n<p>Na 2m s\u0142yszeli\u015bmy r\u00f3wnie\u017c <a href=\"https:\/\/www.youtube.com\/watch?v=gACnlVFuO8c\">G3PYE\/p (1070km)<\/a>, nas z kolei odbiera\u0142 EW6FS (900km) je\u017celi chodzi o dalekie stacje. Mieli\u015bmy QRM od OK2IGG (OK2KGB) +5kHz od naszej cz\u0119stotliwo\u015bci, kt\u00f3ry mia\u0142 fatalny szeroki sygna\u0142.<br \/>\nNa 70cm odbierali\u015bmy <a href=\"https:\/\/so3z.com\/SN7L\/07-2017-144MHz\/G5LK-P-JO01-432MHz.ogg\">bardzo mocno G5LK\/p<\/a> jednak nie uda\u0142o si\u0119 dowo\u0142a\u0107.<br \/>\n<strong>144MHz:<\/strong><br \/>\nTen Tec Omni VI (modyfikowany) + transwerter SP7TEE + 3x PA &#038; LNA  + 1x 12el YU7EF, 1x 12el YU7EF, 2x 6el DK7ZB<\/p>\n<table>\n<tr>\n<td style=\"vertical-align: top;\">\n<strong>QSO : 752<\/strong><br \/>\n<strong>Punkty: 299760<\/strong><br \/>\n<strong>ODX: LA0BY 1067km<\/strong><br \/>\n<strong>WWL 106, DXCC 25, AVG 398,8km<\/strong><\/p>\n<p>QRB >800KM:<br \/>\n<a href=\"https:\/\/so3z.com\/SN7L\/07-2017-144MHz\/LA0BY-JO59-1068km.mp3\">LA0BY JO59 1067km<\/a> <a href=\"http:\/\/la0by.darc.de\/JO59IX_Setup_2m.jpg\">LA0BY Ant &#038; QTH<\/a><br \/>\n<a href=\"https:\/\/so3z.com\/SN7L\/07-2017-144MHz\/G4ZAP-P-JO01-997km.mp3\">G4ZAP\/p JO01 996km<\/a><br \/>\n<a href=\"https:\/\/so3z.com\/SN7L\/07-2017-144MHz\/G5LK-P-JO01-992km.mp3\">G5LK\/p JO01 991km<\/a><br \/>\n<a href=\"https:\/\/so3z.com\/SN7L\/07-2017-144MHz\/G4SWX-JO02-987km.mp3\">G4SWX JO02 986km<\/a><br \/>\n<a href=\"https:\/\/so3z.com\/SN7L\/07-2017-144MHz\/I6-OM1TF-JN72-966km.mp3\">I6\/OM1TF JN72 965km<\/a> <a href=\"http:\/\/www.om3ktr.sk\/om1tf\/pd17_om1tf.html\">read<\/a><br \/>\n<a href=\"https:\/\/so3z.com\/SN7L\/07-2017-144MHz\/I1AXE-JN34-925km.mp3\">I1AXE JN34 924km<\/a><br \/>\n<a href=\"https:\/\/so3z.com\/SN7L\/07-2017-144MHz\/F6KCP-P-JN18-910km.mp3\">F6KCP\/p JN18 909km<\/a><br \/>\n<a href=\"https:\/\/so3z.com\/SN7L\/07-2017-144MHz\/SM6BFE-JO68-905km.mp3\">SM6BFE JO68 904km<\/a><br \/>\n<a href=\"https:\/\/so3z.com\/SN7L\/07-2017-144MHz\/EU5AB-KO34-888km.mp3\">EU5AB KO34 887km<\/a><br \/>\n<a href=\"https:\/\/so3z.com\/SN7L\/07-2017-144MHz\/IK1EGC-JN35-848km.mp3\">IK1EGC JN35 847km<\/a><br \/>\n<a href=\"https:\/\/so3z.com\/SN7L\/07-2017-144MHz\/ON4LDP-JO10-834km.mp3\">ON4LDP JO10 834km<\/a><br \/>\n<a href=\"https:\/\/so3z.com\/SN7L\/07-2017-144MHz\/IQ5NN-JN63-833km.mp3\">IQ5NN JN63 833km<\/a><br \/>\n<a href=\"https:\/\/so3z.com\/SN7L\/07-2017-144MHz\/IQ1VM-JN44-826klm.mp3\">IQ1VM JN44 826km<\/a><br \/>\n<a href=\"https:\/\/so3z.com\/SN7L\/07-2017-144MHz\/OZ5AGJ-JO47-826km.mp3\">OZ5AGJ JO47 826km<\/a><br \/>\n<a href=\"https:\/\/so3z.com\/SN7L\/07-2017-144MHz\/PA3HFJ-JO11-823km.mp3\">PA3HFJ JO11 823km<\/a><br \/>\n<a href=\"https:\/\/so3z.com\/SN7L\/07-2017-144MHz\/IK5AMB-JN54-822km.mp3\">IK5AMB JN54 822km<\/a><br \/>\n<a href=\"https:\/\/so3z.com\/SN7L\/07-2017-144MHz\/PA5KT-JO11-818km.mp3\">PA5KT JO11 818km<\/a><br \/>\n<a href=\"https:\/\/so3z.com\/SN7L\/07-2017-144MHz\/I2XAV-1-JN44-817km.mp3\">I2XAV\/1 JN44 817km<\/a><br \/>\n<a href=\"https:\/\/so3z.com\/SN7L\/07-2017-144MHz\/ON4KHG-JO10-816km.mp3\">ON4KHG JO10 816km<\/a><br \/>\n<a href=\"https:\/\/so3z.com\/SN7L\/07-2017-144MHz\/IK4ZHH-JN63-803km.mp3\">IK4ZHH JN63 803km<\/a>\n<\/td>\n<td><a href=\"https:\/\/so3z.com\/wp-content\/uploads\/2017\/07\/sn7l-2m072017.jpg\"><img loading=\"lazy\" decoding=\"async\" src=\"https:\/\/so3z.com\/wp-content\/uploads\/2017\/07\/sn7l-2m072017-911x1024.jpg\" alt=\"\" width=\"474\" height=\"533\" class=\"alignleft\" \/><\/a><\/td>\n<\/tr>\n<\/table>\n<p>\n<BR \/><br \/>\nDL: 332, I: 38, OK: 163, PA: 30, SP: 43, HB: 14, 9A: 14, OZ: 13, S5: 14, OM: 20, OE: 17, F: 8, ON: 7, HA: 10, LY: 5, EU: 5, G: 3, YU: 4, SM: 4, UR: 4, LA: 1, UA2: 2, LX: 1, <\/p>\n<p><\/p>\n<hr \/>\n<hr \/>\n<p><\/p>\n<p><strong>432MHz:<\/strong><br \/>\nYaesu FT-736R + 350W &#038; LNA + 21el Yagi DK7ZB<br \/>\n<img loading=\"lazy\" decoding=\"async\" src=\"https:\/\/so3z.com\/wp-content\/uploads\/2017\/07\/IMG_9726-1024x683.jpg\" alt=\"\" width=\"474\" height=\"316\" class=\"alignnone size-large wp-image-2865\" srcset=\"https:\/\/so3z.com\/wp-content\/uploads\/2017\/07\/IMG_9726-1024x683.jpg 1024w, https:\/\/so3z.com\/wp-content\/uploads\/2017\/07\/IMG_9726-300x200.jpg 300w, https:\/\/so3z.com\/wp-content\/uploads\/2017\/07\/IMG_9726-768x512.jpg 768w, https:\/\/so3z.com\/wp-content\/uploads\/2017\/07\/IMG_9726.jpg 1944w\" sizes=\"auto, (max-width: 474px) 100vw, 474px\" \/><\/p>\n<table>\n<tr>\n<td style=\"vertical-align: top;\">\n<strong>QSO : 168<\/strong><br \/>\n<strong>Punkty: 49948<\/strong><br \/>\n<strong>ODX: IQ1KW JN34 922km<\/strong><br \/>\n<strong><\/strong><\/p>\n<p>TOP QRB:<br \/>\nIQ1KW JN34 922km<br \/>\nSM6BFE JO68 904km<br \/>\nPA5KM JO11 817km<br \/>\nI2FHW JN44 813km<br \/>\nIZ3NOC\/5 JN54 791km<br \/>\nI4CIV JN63 789km<br \/>\nIZ4JMU JN54 781km<br \/>\nOR6T JO20 748km<br \/>\nLY2WR KO24 735km<br \/>\nPA3CEV JO21 713km\n<\/td>\n<td><a href=\"https:\/\/so3z.com\/wp-content\/uploads\/2017\/07\/70CM.jpg\"><img loading=\"lazy\" decoding=\"async\" src=\"https:\/\/so3z.com\/wp-content\/uploads\/2017\/07\/70CM-872x1024.jpg\" alt=\"\" width=\"474\" height=\"557\" class=\"alignleft\" \/><\/a><\/td>\n<\/tr>\n<\/table>\n<p>DL: 51, OK: 69, I: 6, PA: 6, S5: 6, OM: 6, SP: 8, HA: 3, OZ: 2, 9A: 2, SM: 1, ON: 1, LY: 1, OE: 2, YU: 1, UR: 1, HB: 1, UA2 1<\/p>\n<p>\n<BR \/><\/p>\n<p><iframe loading=\"lazy\" width=\"560\" height=\"315\" src=\"https:\/\/www.youtube.com\/embed\/JTHFDIWmRrA\" frameborder=\"0\" allowfullscreen><\/iframe><\/p>\n","protected":false},"excerpt":{"rendered":"<p>III Pr\u00f3by Subregionalne 2017 = SN7L JO70SS 1362m n.p.m.= Ekipa SN7L w powi\u0119kszonym sk\u0142adzie tzn: SP7TEE, SP7MTU, SP7HKK, SP7VVB, SQ7OYG, SO3Z, SQ3SWF, SQ3PCL, SQ3PHA, SQ6POM, SQ9ZAQ, SQ9PBS pracowa\u0142a na 6m, 2m, 70cm, 3cm. Na 3cm pracowa\u0142 Maciek SP7VVB moc 5W i offset 65cm. Na 70cm pracowali Olgierd SQ3SWF, Kuba SQ3PCL, Leszek SQ3PHA, Marcin SQ6POM, Szymon &hellip; <a href=\"https:\/\/so3z.com\/?page_id=2828\" class=\"more-link\">Czytaj dalej <span class=\"screen-reader-text\">2017 &#8211; III IARU<\/span> <span class=\"meta-nav\">&rarr;<\/span><\/a><\/p>\n","protected":false},"author":1,"featured_media":0,"parent":19,"menu_order":26,"comment_status":"closed","ping_status":"closed","template":"","meta":{"footnotes":""},"class_list":["post-2828","page","type-page","status-publish","hentry"],"_links":{"self":[{"href":"https:\/\/so3z.com\/index.php?rest_route=\/wp\/v2\/pages\/2828","targetHints":{"allow":["GET"]}}],"collection":[{"href":"https:\/\/so3z.com\/index.php?rest_route=\/wp\/v2\/pages"}],"about":[{"href":"https:\/\/so3z.com\/index.php?rest_route=\/wp\/v2\/types\/page"}],"author":[{"embeddable":true,"href":"https:\/\/so3z.com\/index.php?rest_route=\/wp\/v2\/users\/1"}],"replies":[{"embeddable":true,"href":"https:\/\/so3z.com\/index.php?rest_route=%2Fwp%2Fv2%2Fcomments&post=2828"}],"version-history":[{"count":52,"href":"https:\/\/so3z.com\/index.php?rest_route=\/wp\/v2\/pages\/2828\/revisions"}],"predecessor-version":[{"id":2889,"href":"https:\/\/so3z.com\/index.php?rest_route=\/wp\/v2\/pages\/2828\/revisions\/2889"}],"up":[{"embeddable":true,"href":"https:\/\/so3z.com\/index.php?rest_route=\/wp\/v2\/pages\/19"}],"wp:attachment":[{"href":"https:\/\/so3z.com\/index.php?rest_route=%2Fwp%2Fv2%2Fmedia&parent=2828"}],"curies":[{"name":"wp","href":"https:\/\/api.w.org\/{rel}","templated":true}]}}