{"id":2920,"date":"2017-08-15T12:55:40","date_gmt":"2017-08-15T11:55:40","guid":{"rendered":"http:\/\/so3z.com\/?page_id=2920"},"modified":"2017-08-15T17:10:19","modified_gmt":"2017-08-15T16:10:19","slug":"perseidy-2017","status":"publish","type":"page","link":"https:\/\/so3z.com\/?page_id=2920","title":{"rendered":"Perseidy 2017"},"content":{"rendered":"<p>Szybkie podsumowanie mojej aktywno\u015bci podczas tegorocznych Perseid\u00f3w na 144MHz.<br \/>\n52 QSO (ok. 20 QSO random reszta skedy), kilka ekspedycji (EI9E, EI\/ON5GS\/p, UA1ZFG), a\u017c 13 nowych lokator\u00f3w, m\u00f3j nowy ODX MS 2309km, a za razem nowy kraj i first MS 2m SP-5B<br \/>\n<img loading=\"lazy\" decoding=\"async\" src=\"https:\/\/so3z.com\/wp-content\/uploads\/2017\/08\/perse.png\" alt=\"\" width=\"1000\" height=\"1000\" class=\"alignnone size-full wp-image-2918\" srcset=\"https:\/\/so3z.com\/wp-content\/uploads\/2017\/08\/perse.png 1400w, https:\/\/so3z.com\/wp-content\/uploads\/2017\/08\/perse-150x150.png 150w, https:\/\/so3z.com\/wp-content\/uploads\/2017\/08\/perse-300x300.png 300w, https:\/\/so3z.com\/wp-content\/uploads\/2017\/08\/perse-768x768.png 768w, https:\/\/so3z.com\/wp-content\/uploads\/2017\/08\/perse-1024x1024.png 1024w\" sizes=\"auto, (max-width: 1000px) 100vw, 1000px\" \/><br \/>\nTOP QRB:<br \/>\n5B4AIE KM64FT 2309km<br \/>\nUA6IE LN26 2080km<br \/>\nEA5DF IM99 1962km<br \/>\nRT4D LO21 1960km<br \/>\nEA6FB JM08 1922km<br \/>\n<BR \/><br \/>\nZ racji wyjazdu 12 i 13 sierpnia nie by\u0142em w tym roku w stanie popracowa\u0107 SSB MS. Ale i tak z poci\u0105gu relacji Warszawa &#8211; \u0141\u00f3d\u017a, a potem z samochodu (\u0141\u00f3d\u017a-Wroc\u0142aw-JO70UR) i hotelu \u0142\u0105czno\u015bci porobi\u0142em ze zdalnej stacji. S\u0142ysza\u0142em znacznie wi\u0119cej stacji, ale nie wszystkie wo\u0142a\u0142em. Na KST naliczy\u0142em jeszcze co najmniej 10 stacji z lokator\u00f3w, kt\u00f3re mi brakuj\u0105.<br \/>\nPierwszy porz\u0105dny r\u00f3j z LNA pod anten\u0105 &#8211; r\u00f3\u017cnica na plus ogromna mimo zak\u0142\u00f3ce\u0144, kt\u00f3re co prawda z wy\u0142\u0105czonym AGC a\u017c tak nie doskwiera\u0142y.<br \/>\nStacji SP te\u017c sporo walczy\u0142o &#8211; parena\u015bcie znak\u00f3w widzia\u0142em (chyba tylko SP4 brakowa\u0142o na moim ekranie).<br \/>\nWysoka aktywno\u015b\u0107 stacji rosyjskich na 144.360 MSK144 &#8211; stosunkowo nowym modzie bardzo wygodnym bo dekoder nie wypluwa \u015bmieci jak w przypadku FSK441.<\/p>\n<p>Tutaj troch\u0119 przyk\u0142adowych nagra\u0144 <a href=\"https:\/\/so3z.com\/files\/perseidy2017\/\">PLIKI<\/a>, kt\u00f3re mo\u017cna otworzy\u0107 w WSJT jak i MSHV, kt\u00f3ry ja osobi\u015bcie polecam.<br \/>\nI screeny mojego sygna\u0142u u 5B4AIE <a href=\"https:\/\/so3z.com\/files\/perseidy2017\/at5B4AIE-so3z.JPG\">(1)<\/a>, <a href=\"https:\/\/so3z.com\/files\/perseidy2017\/at5B4AIE-so3z_rrr.JPG\">(2)<\/a>, <a href=\"https:\/\/so3z.com\/files\/perseidy2017\/ua4uk.png\">UA4UK<\/a>, <a href=\"https:\/\/so3z.com\/files\/perseidy2017\/R1NI.png\">R1NI <\/a>jak i to co odebra\u0142em od <a href=\"https:\/\/so3z.com\/files\/perseidy2017\/ei9e.png\">EI9E<\/a>, <a href=\"https:\/\/so3z.com\/files\/perseidy2017\/pa3biy.png\">PA3BIY<\/a><\/p>\n<p>Przed maximum pr\u00f3bowa\u0142em kilka sked\u00f3w pomi\u0119dzy 1900km a 2100km (EA3GJO, LB6GG, EA1YV, RU4NG), pojawia\u0142y si\u0119 pojedyncze bursty, ale nie uda\u0142o si\u0119 skompletowa\u0107 ani jednej pe\u0142nej \u0142\u0105czno\u015bci.<br \/>\nDopiero 12 i 13 sierpnia nast\u0105pi\u0142a poprawa i du\u017ce zaskoczenie, tzn. nowy ODX MS 2309km z Cyprem, jak i \u0142\u0105czno\u015b\u0107 z UA6IE LN26 2080km, RT4D LO21 1960km.<\/p>\n<p>\u0141\u0105czno\u015b\u0107 z <a href=\"https:\/\/www.qrz.com\/db\/5B4AIE\">5B4AIE <\/a> trwa\u0142a ok. 40 minut, u mnie bursty 220\/5, 380\/9, 120\/3, 240\/8 u 5B4AIE wi\u0119cej burst\u00f3w i <a href=\"https:\/\/so3z.com\/files\/perseidy2017\/at5B4AIE-so3z_rrr.JPG\">finalny by\u0142 najmocniejszy ponad 1 sekund\u0119 i 11dB<\/a>.<br \/>\nNorman 5B4AIE u\u017cywa\u0142 du\u017cej mocy i dw\u00f3ch anten 9 elementowych co ciekawe jego stacja zasilana jest z akumulator\u00f3w oraz paneli s\u0142onecznych.<br \/>\nNorman zrobi\u0142 r\u00f3wnie\u017c F5VKV na odleg\u0142o\u015b\u0107 2359km i wiele stacji powy\u017cej 2100km z OE\/OK.<\/p>\n<p>Na zrzucie ekranu z komputera Normana, jak i na moim wida\u0107 ekstremalne zak\u0142\u00f3cenia &#8211; <a href=\"https:\/\/so3z.com\/wp-content\/uploads\/2017\/08\/zaklocenia.png\">podobno jest to uszkodzony satelita NO-44, nad kt\u00f3rym utracono kontrol\u0119, zak\u0142\u00f3ca w okolicach 144.380~144.390. <\/a><br \/>\nTe same zak\u0142\u00f3cenia potwierdzi\u0142 r\u00f3wnie\u017c Marcin SQ6POM.<\/p>\n<p>U mnie: Icom IC7100, PA 500W, LNA HA8ET, 40m kabla 1\/2&#8243;, 14el OWL no i remoterig+PC . <\/p>\n<p><b>UA1ANA KO69BW   100W &#038; 15el 1255km<b\/><br \/>\n<img loading=\"lazy\" decoding=\"async\" src=\"https:\/\/so3z.com\/wp-content\/uploads\/2017\/08\/ua1ana3.png\" alt=\"\" width=\"798\" height=\"692\" class=\" size-full wp-image-2933\" srcset=\"https:\/\/so3z.com\/wp-content\/uploads\/2017\/08\/ua1ana3.png 798w, https:\/\/so3z.com\/wp-content\/uploads\/2017\/08\/ua1ana3-300x260.png 300w, https:\/\/so3z.com\/wp-content\/uploads\/2017\/08\/ua1ana3-768x666.png 768w\" sizes=\"auto, (max-width: 798px) 100vw, 798px\" \/><br \/>\n<img loading=\"lazy\" decoding=\"async\" src=\"https:\/\/so3z.com\/wp-content\/uploads\/2017\/08\/ua1ana2.png\" alt=\"\" width=\"802\" height=\"988\" class=\" size-full wp-image-2934\" srcset=\"https:\/\/so3z.com\/wp-content\/uploads\/2017\/08\/ua1ana2.png 802w, https:\/\/so3z.com\/wp-content\/uploads\/2017\/08\/ua1ana2-244x300.png 244w, https:\/\/so3z.com\/wp-content\/uploads\/2017\/08\/ua1ana2-768x946.png 768w\" sizes=\"auto, (max-width: 802px) 100vw, 802px\" \/><br \/>\n<img loading=\"lazy\" decoding=\"async\" src=\"https:\/\/so3z.com\/wp-content\/uploads\/2017\/08\/ua1ana1.png\" alt=\"\" width=\"800\" height=\"794\" class=\" size-full wp-image-2935\" srcset=\"https:\/\/so3z.com\/wp-content\/uploads\/2017\/08\/ua1ana1.png 800w, https:\/\/so3z.com\/wp-content\/uploads\/2017\/08\/ua1ana1-150x150.png 150w, https:\/\/so3z.com\/wp-content\/uploads\/2017\/08\/ua1ana1-300x298.png 300w, https:\/\/so3z.com\/wp-content\/uploads\/2017\/08\/ua1ana1-768x762.png 768w\" sizes=\"auto, (max-width: 800px) 100vw, 800px\" \/><br \/>\n<br \/>\n<b>S50C<\/b><br \/>\n<img loading=\"lazy\" decoding=\"async\" src=\"https:\/\/so3z.com\/wp-content\/uploads\/2017\/08\/s50c.png\" alt=\"\" width=\"801\" height=\"557\" class=\" size-full wp-image-2939\" srcset=\"https:\/\/so3z.com\/wp-content\/uploads\/2017\/08\/s50c.png 801w, https:\/\/so3z.com\/wp-content\/uploads\/2017\/08\/s50c-300x209.png 300w, https:\/\/so3z.com\/wp-content\/uploads\/2017\/08\/s50c-768x534.png 768w\" sizes=\"auto, (max-width: 801px) 100vw, 801px\" \/><br \/>\n<br \/>\n<b>R6CS<\/b><br \/>\n<img loading=\"lazy\" decoding=\"async\" src=\"https:\/\/so3z.com\/wp-content\/uploads\/2017\/08\/r6cs-1.png\" alt=\"\" width=\"805\" height=\"970\" class=\" size-full wp-image-2942\" srcset=\"https:\/\/so3z.com\/wp-content\/uploads\/2017\/08\/r6cs-1.png 805w, https:\/\/so3z.com\/wp-content\/uploads\/2017\/08\/r6cs-1-249x300.png 249w, https:\/\/so3z.com\/wp-content\/uploads\/2017\/08\/r6cs-1-768x925.png 768w\" sizes=\"auto, (max-width: 805px) 100vw, 805px\" \/><br \/>\n<img loading=\"lazy\" decoding=\"async\" src=\"https:\/\/so3z.com\/wp-content\/uploads\/2017\/08\/r6cs-2.png\" alt=\"\" width=\"798\" height=\"716\" class=\" size-full wp-image-2944\" srcset=\"https:\/\/so3z.com\/wp-content\/uploads\/2017\/08\/r6cs-2.png 798w, https:\/\/so3z.com\/wp-content\/uploads\/2017\/08\/r6cs-2-300x269.png 300w, https:\/\/so3z.com\/wp-content\/uploads\/2017\/08\/r6cs-2-768x689.png 768w\" sizes=\"auto, (max-width: 798px) 100vw, 798px\" \/><br \/>\n<br \/>\n<b>GW8JLY and ON4KHG CQ<b\/><br \/>\n<img loading=\"lazy\" decoding=\"async\" src=\"https:\/\/so3z.com\/wp-content\/uploads\/2017\/08\/gw8jly-on4khg.png\" alt=\"\" width=\"802\" height=\"560\" class=\" size-full wp-image-2946\" srcset=\"https:\/\/so3z.com\/wp-content\/uploads\/2017\/08\/gw8jly-on4khg.png 802w, https:\/\/so3z.com\/wp-content\/uploads\/2017\/08\/gw8jly-on4khg-300x209.png 300w, https:\/\/so3z.com\/wp-content\/uploads\/2017\/08\/gw8jly-on4khg-768x536.png 768w\" sizes=\"auto, (max-width: 802px) 100vw, 802px\" \/><br \/>\n<br \/>\n<b>LB8DC JP60 (JP50)<\/B><br \/>\n<img loading=\"lazy\" decoding=\"async\" src=\"https:\/\/so3z.com\/wp-content\/uploads\/2017\/08\/lb8dc.png\" alt=\"\" width=\"800\" height=\"723\" class=\" size-full wp-image-2948\" srcset=\"https:\/\/so3z.com\/wp-content\/uploads\/2017\/08\/lb8dc.png 800w, https:\/\/so3z.com\/wp-content\/uploads\/2017\/08\/lb8dc-300x271.png 300w, https:\/\/so3z.com\/wp-content\/uploads\/2017\/08\/lb8dc-768x694.png 768w\" sizes=\"auto, (max-width: 800px) 100vw, 800px\" \/><br \/>\n<br \/>\n<b>OH6KTL<\/B><br \/>\n<img loading=\"lazy\" decoding=\"async\" src=\"https:\/\/so3z.com\/wp-content\/uploads\/2017\/08\/oh6ktl.png\" alt=\"\" width=\"800\" height=\"561\" class=\" size-full wp-image-2950\" srcset=\"https:\/\/so3z.com\/wp-content\/uploads\/2017\/08\/oh6ktl.png 800w, https:\/\/so3z.com\/wp-content\/uploads\/2017\/08\/oh6ktl-300x210.png 300w, https:\/\/so3z.com\/wp-content\/uploads\/2017\/08\/oh6ktl-768x539.png 768w\" sizes=\"auto, (max-width: 800px) 100vw, 800px\" \/><br \/>\n<br \/>\n<B>F6APE<\/B><br \/>\n<img loading=\"lazy\" decoding=\"async\" src=\"https:\/\/so3z.com\/wp-content\/uploads\/2017\/08\/f6ape.png\" alt=\"\" width=\"801\" height=\"561\" class=\" size-full wp-image-2951\" srcset=\"https:\/\/so3z.com\/wp-content\/uploads\/2017\/08\/f6ape.png 801w, https:\/\/so3z.com\/wp-content\/uploads\/2017\/08\/f6ape-300x210.png 300w, https:\/\/so3z.com\/wp-content\/uploads\/2017\/08\/f6ape-768x538.png 768w\" sizes=\"auto, (max-width: 801px) 100vw, 801px\" \/><br \/>\n<br \/>\n<B>UA6IE LN26 2080km<\/B><br \/>\n<img loading=\"lazy\" decoding=\"async\" src=\"https:\/\/so3z.com\/wp-content\/uploads\/2017\/08\/ua6ie.png\" alt=\"\" width=\"798\" height=\"556\" class=\" size-full wp-image-2952\" srcset=\"https:\/\/so3z.com\/wp-content\/uploads\/2017\/08\/ua6ie.png 798w, https:\/\/so3z.com\/wp-content\/uploads\/2017\/08\/ua6ie-300x209.png 300w, https:\/\/so3z.com\/wp-content\/uploads\/2017\/08\/ua6ie-768x535.png 768w\" sizes=\"auto, (max-width: 798px) 100vw, 798px\" \/><br \/>\n<br \/>\n<B>RT4D LO21 1960km<\/B><br \/>\n<img loading=\"lazy\" decoding=\"async\" src=\"https:\/\/so3z.com\/wp-content\/uploads\/2017\/08\/rt4d.png\" alt=\"\" width=\"803\" height=\"561\" class=\" size-full wp-image-2958\" srcset=\"https:\/\/so3z.com\/wp-content\/uploads\/2017\/08\/rt4d.png 803w, https:\/\/so3z.com\/wp-content\/uploads\/2017\/08\/rt4d-300x210.png 300w, https:\/\/so3z.com\/wp-content\/uploads\/2017\/08\/rt4d-768x537.png 768w\" sizes=\"auto, (max-width: 803px) 100vw, 803px\" \/><br \/>\n<br \/>\n<B>UA3WM<\/B><br \/>\n<img loading=\"lazy\" decoding=\"async\" src=\"https:\/\/so3z.com\/wp-content\/uploads\/2017\/08\/ua3wm.png\" alt=\"\" width=\"799\" height=\"562\" class=\" size-full wp-image-2953\" srcset=\"https:\/\/so3z.com\/wp-content\/uploads\/2017\/08\/ua3wm.png 799w, https:\/\/so3z.com\/wp-content\/uploads\/2017\/08\/ua3wm-300x211.png 300w, https:\/\/so3z.com\/wp-content\/uploads\/2017\/08\/ua3wm-768x540.png 768w\" sizes=\"auto, (max-width: 799px) 100vw, 799px\" \/><br \/>\n<br \/>\n<B>GW4BVE<\/B><br \/>\n<img loading=\"lazy\" decoding=\"async\" src=\"https:\/\/so3z.com\/wp-content\/uploads\/2017\/08\/GW4BVE.png\" alt=\"\" width=\"801\" height=\"560\" class=\" size-full wp-image-2955\" srcset=\"https:\/\/so3z.com\/wp-content\/uploads\/2017\/08\/GW4BVE.png 801w, https:\/\/so3z.com\/wp-content\/uploads\/2017\/08\/GW4BVE-300x210.png 300w, https:\/\/so3z.com\/wp-content\/uploads\/2017\/08\/GW4BVE-768x537.png 768w\" sizes=\"auto, (max-width: 801px) 100vw, 801px\" \/><br \/><\/p>\n","protected":false},"excerpt":{"rendered":"<p>Szybkie podsumowanie mojej aktywno\u015bci podczas tegorocznych Perseid\u00f3w na 144MHz. 52 QSO (ok. 20 QSO random reszta skedy), kilka ekspedycji (EI9E, EI\/ON5GS\/p, UA1ZFG), a\u017c 13 nowych lokator\u00f3w, m\u00f3j nowy ODX MS 2309km, a za razem nowy kraj i first MS 2m SP-5B TOP QRB: 5B4AIE KM64FT 2309km UA6IE LN26 2080km EA5DF IM99 1962km RT4D LO21 1960km &hellip; <a href=\"https:\/\/so3z.com\/?page_id=2920\" class=\"more-link\">Czytaj dalej <span class=\"screen-reader-text\">Perseidy 2017<\/span> <span class=\"meta-nav\">&rarr;<\/span><\/a><\/p>\n","protected":false},"author":1,"featured_media":0,"parent":2669,"menu_order":0,"comment_status":"closed","ping_status":"closed","template":"","meta":{"footnotes":""},"class_list":["post-2920","page","type-page","status-publish","hentry"],"_links":{"self":[{"href":"https:\/\/so3z.com\/index.php?rest_route=\/wp\/v2\/pages\/2920","targetHints":{"allow":["GET"]}}],"collection":[{"href":"https:\/\/so3z.com\/index.php?rest_route=\/wp\/v2\/pages"}],"about":[{"href":"https:\/\/so3z.com\/index.php?rest_route=\/wp\/v2\/types\/page"}],"author":[{"embeddable":true,"href":"https:\/\/so3z.com\/index.php?rest_route=\/wp\/v2\/users\/1"}],"replies":[{"embeddable":true,"href":"https:\/\/so3z.com\/index.php?rest_route=%2Fwp%2Fv2%2Fcomments&post=2920"}],"version-history":[{"count":29,"href":"https:\/\/so3z.com\/index.php?rest_route=\/wp\/v2\/pages\/2920\/revisions"}],"predecessor-version":[{"id":2965,"href":"https:\/\/so3z.com\/index.php?rest_route=\/wp\/v2\/pages\/2920\/revisions\/2965"}],"up":[{"embeddable":true,"href":"https:\/\/so3z.com\/index.php?rest_route=\/wp\/v2\/pages\/2669"}],"wp:attachment":[{"href":"https:\/\/so3z.com\/index.php?rest_route=%2Fwp%2Fv2%2Fmedia&parent=2920"}],"curies":[{"name":"wp","href":"https:\/\/api.w.org\/{rel}","templated":true}]}}