{"id":2972,"date":"2017-08-26T13:44:27","date_gmt":"2017-08-26T12:44:27","guid":{"rendered":"http:\/\/so3z.com\/?page_id=2972"},"modified":"2017-08-26T13:50:17","modified_gmt":"2017-08-26T12:50:17","slug":"tucnak","status":"publish","type":"page","link":"https:\/\/so3z.com\/?page_id=2972","title":{"rendered":"Tucnak"},"content":{"rendered":"<p><strong>Dzi\u015b par\u0119 s\u0142\u00f3w o <a href=\"http:\/\/tucnak.nagano.cz\/wiki\/Main_Page\">programie do logowania Tucnak napisanym przez OK1ZIA<\/a>.<\/strong><\/p>\n<p>Program zosta\u0142 napisany g\u0142\u00f3wnie z my\u015bl\u0105 o logowaniu zawod\u00f3w VHF+.<br \/>\nObs\u0142uguje generowanie pliku EDI, raport\u00f3w statystyk i map z zawod\u00f3w.<br \/>\nObs\u0142uguje sterowanie TRX po CAT, sterowanie Rotorami, nagrywania \u0142\u0105czno\u015bci, gadaczki SSB, keyera CW,<br \/>\n posiada mo\u017cliwo\u015b\u0107 pracy w sieci LAN, chat, obs\u0142ug\u0119 DX Clustra, ON4KST, posiada map\u0119 na kt\u00f3r\u0105 mo\u017cna nak\u0142ada\u0107 samoloty (AS) jak i opady deszczu (RS).<br \/>\nPracuje na systemach Windows, OS X, Linux, Android. Jest lekki i dzia\u0142a nawet na starych maszynach z minimum Windowsem XP.<br \/>\n<br \/<br \/>\nW 2012 t\u0142umaczenia manuala dokona\u0142 Bartek SP5QWB  <a href=\"http:\/\/tucnak.nagano.cz\/wiki\/images\/0\/02\/TucnakPolish.pdf\">INSTRUKCJA<\/a><br \/>\nJa przet\u0142umaczy\u0142em plansz\u0119 ze skr\u00f3tami klawiaturowymi  <a href=\"https:\/\/so3z.com\/tucnakPL.pdf\">SKR\u00d3TY KLAWISZOWE<\/a><br \/>\nMo\u017cna sobie wygenerowa\u0107 baz\u0119 znak\u00f3w i lokator\u00f3w do zawod\u00f3w &#8211; kt\u00f3r\u0105 przygotowa\u0142em ale z wiadomych wzgl\u0119d\u00f3w nie rozpowszechniam.<br \/>\nProgram sam w sobie posiada interfejs w j\u0119zyku polskim, kt\u00f3ry wybieramy przy pierwszym uruchomieniu klikaj\u0105c na <i>Language<\/i>. <\/p>\n<p>\nTucnak posiada gotowe schematy logowania do Zawod\u00f3w Subregionalnych \/ IARU UHF i VHF jak i innych np. NAC \/ SPAC, CQ WW, oraz zawod\u00f3w czeskich, brytyjskich i niemieckich.<br \/>\nSpos\u00f3b wprowadzania danych \u0142\u0105czno\u015bci jest konfigurowalny.<br \/>\nW zasadzie na tym powinienem poprzesta\u0107, gdy\u017c z jakiej racji podawa\u0107 wszystko wszystkim na tacy skoro program jest po polsku, ma instrukcj\u0119, opisane skr\u00f3ty klawiszowe.<br \/>\nTrzeba usi\u0105\u015b\u0107 i wypr\u00f3bowa\u0107 samemu. My na SN7L przestawili\u015bmy si\u0119 i przyzwyczaili\u015bmy do Tucnaka, w ci\u0105gu jednych czy dw\u00f3ch zawod\u00f3w.<br \/>\nMimo, \u017ce wiek operator\u00f3w jest r\u00f3\u017cny i przez wiele lat u\u017cywany by\u0142 inny program do logowania zawod\u00f3w.<br \/>\nZalet\u0105 niew\u0105tpliw\u0105 jak dla mnie jest interfejs w jednym oknie, z prze\u0142\u0105czanymi zak\u0142adkami poprzez skr\u00f3ty klawiszowe<br \/>\n&#8211; rozwi\u0105zanie znacznie szybsze gdy kto\u015b nabierze wprawy ni\u017c u\u017cywanie myszy.<br \/>\n<br \/>\nJedna rzecz, kt\u00f3ra moim zdaniem wymaga dopracowania to interfejs do ON4KST.<\/p>\n","protected":false},"excerpt":{"rendered":"<p>Dzi\u015b par\u0119 s\u0142\u00f3w o programie do logowania Tucnak napisanym przez OK1ZIA. Program zosta\u0142 napisany g\u0142\u00f3wnie z my\u015bl\u0105 o logowaniu zawod\u00f3w VHF+. Obs\u0142uguje generowanie pliku EDI, raport\u00f3w statystyk i map z zawod\u00f3w. Obs\u0142uguje sterowanie TRX po CAT, sterowanie Rotorami, nagrywania \u0142\u0105czno\u015bci, gadaczki SSB, keyera CW, posiada mo\u017cliwo\u015b\u0107 pracy w sieci LAN, chat, obs\u0142ug\u0119 DX Clustra, ON4KST, &hellip; <a href=\"https:\/\/so3z.com\/?page_id=2972\" class=\"more-link\">Czytaj dalej <span class=\"screen-reader-text\">Tucnak<\/span> <span class=\"meta-nav\">&rarr;<\/span><\/a><\/p>\n","protected":false},"author":1,"featured_media":0,"parent":49,"menu_order":0,"comment_status":"closed","ping_status":"closed","template":"","meta":{"footnotes":""},"class_list":["post-2972","page","type-page","status-publish","hentry"],"_links":{"self":[{"href":"https:\/\/so3z.com\/index.php?rest_route=\/wp\/v2\/pages\/2972","targetHints":{"allow":["GET"]}}],"collection":[{"href":"https:\/\/so3z.com\/index.php?rest_route=\/wp\/v2\/pages"}],"about":[{"href":"https:\/\/so3z.com\/index.php?rest_route=\/wp\/v2\/types\/page"}],"author":[{"embeddable":true,"href":"https:\/\/so3z.com\/index.php?rest_route=\/wp\/v2\/users\/1"}],"replies":[{"embeddable":true,"href":"https:\/\/so3z.com\/index.php?rest_route=%2Fwp%2Fv2%2Fcomments&post=2972"}],"version-history":[{"count":4,"href":"https:\/\/so3z.com\/index.php?rest_route=\/wp\/v2\/pages\/2972\/revisions"}],"predecessor-version":[{"id":2974,"href":"https:\/\/so3z.com\/index.php?rest_route=\/wp\/v2\/pages\/2972\/revisions\/2974"}],"up":[{"embeddable":true,"href":"https:\/\/so3z.com\/index.php?rest_route=\/wp\/v2\/pages\/49"}],"wp:attachment":[{"href":"https:\/\/so3z.com\/index.php?rest_route=%2Fwp%2Fv2%2Fmedia&parent=2972"}],"curies":[{"name":"wp","href":"https:\/\/api.w.org\/{rel}","templated":true}]}}