{"id":2992,"date":"2017-09-09T11:34:03","date_gmt":"2017-09-09T10:34:03","guid":{"rendered":"http:\/\/so3z.com\/?page_id=2992"},"modified":"2017-09-11T09:00:23","modified_gmt":"2017-09-11T08:00:23","slug":"aurora-08-09-2017","status":"publish","type":"page","link":"https:\/\/so3z.com\/?page_id=2992","title":{"rendered":"Aurora = 08.09.2017"},"content":{"rendered":"<p>By\u0142a to najsilniejsza zorza od parunastu lat. <a href=\"https:\/\/www.spaceweatherlive.com\/en\/news\/view\/301\/20170906-major-x933-solar-flare\">Spowodowana flar\u0105 X9.3 najmocniejsza od 13 lat<\/a>.<br \/>\nZorza si\u0119ga\u0142a lokator\u00f3w JN05\/JN55\/KN04\/KN13. Na moje CQ odpowiada\u0142o po 4-5 stacji r\u00f3wnocze\u015bnie, QRM i pileup by\u0142 duzy, a ja niestety jestem marnym telegrafist\u0105. Ponadto niestety by\u0142 to dzie\u0144 klubowy i spory ha\u0142as w radioshacku generowany przez 10 os\u00f3b. Zorza dost\u0119pna by\u0142a mi\u0119dzy azymutami 270 a 70 stopni. W noc poprzedzaj\u0105c\u0105 08.09.2017 r\u00f3wnie\u017c by\u0142a bardzo silna zorza SK4MPI 59A mi\u0119dzy 320 a 60 stopniami &#8211; ale na pa\u015bmie aktywny by\u0142 tylko SM7GVF.<br \/>\n<a href=\"https:\/\/so3z.com\/wp-content\/uploads\/2017\/09\/au.png\"><img loading=\"lazy\" decoding=\"async\" src=\"https:\/\/so3z.com\/wp-content\/uploads\/2017\/09\/au-1024x1024.png\" alt=\"\" width=\"474\" height=\"474\" class=\"alignnone size-large wp-image-2993\" srcset=\"https:\/\/so3z.com\/wp-content\/uploads\/2017\/09\/au-1024x1024.png 1024w, https:\/\/so3z.com\/wp-content\/uploads\/2017\/09\/au-150x150.png 150w, https:\/\/so3z.com\/wp-content\/uploads\/2017\/09\/au-300x300.png 300w, https:\/\/so3z.com\/wp-content\/uploads\/2017\/09\/au-768x768.png 768w, https:\/\/so3z.com\/wp-content\/uploads\/2017\/09\/au.png 1400w\" sizes=\"auto, (max-width: 474px) 100vw, 474px\" \/><\/a><\/p>\n<p>S\u0142ysza\u0142em G4KUX, ON4KHG, RW3XL na CW,  oraz G8GXP, GW8JLY, DF0MU na SSB. Ponadto na telegrafii ca\u0142a masa stacji DL, OK, SM, OZ, SP.<\/p>\n<p><img loading=\"lazy\" decoding=\"async\" src=\"https:\/\/so3z.com\/wp-content\/uploads\/2017\/09\/aurora-forecast-northern-hemisphere.jpg\" alt=\"\" width=\"474\" height=\"474\" class=\"alignnone size-large wp-image-2994\" srcset=\"https:\/\/so3z.com\/wp-content\/uploads\/2017\/09\/aurora-forecast-northern-hemisphere.jpg 800w, https:\/\/so3z.com\/wp-content\/uploads\/2017\/09\/aurora-forecast-northern-hemisphere-150x150.jpg 150w, https:\/\/so3z.com\/wp-content\/uploads\/2017\/09\/aurora-forecast-northern-hemisphere-300x300.jpg 300w, https:\/\/so3z.com\/wp-content\/uploads\/2017\/09\/aurora-forecast-northern-hemisphere-768x768.jpg 768w\" sizes=\"auto, (max-width: 474px) 100vw, 474px\" \/><\/p>\n<p>Zrobi\u0142em jeden nowy lokator LO05.<br \/>\nMoje \u0142\u0105czno\u015bci:<br \/>\n16:00\tDK5EW\tSSB AU\tJN48MB\t740km<br \/>\n15:47\tES6DO\tCW AU\tKO27WX\t839km<br \/>\n15:05\tF8DBF\tCW AU\tIN78RI  1583km<br \/>\n14:58\t9A1UN\tCW AU   JN65UG\t827km<br \/>\n14:52\tHA6VV\/p\tCW AU\tJN97WV\t542km<br \/>\n14:49\tOE5KE\tCW AU\tJN78EG\t494km<br \/>\n14:45\tUR5LX\tCW AU\tKO70WK\t1326km<br \/>\n14:43\tOM5LD\tCW AU\tJN98AH\t461km<br \/>\n14:28\tUR3EE\tCW AU\tKN88DC\t1450km<br \/>\n14:22\tRV3IG\tCW AU\tLO17FJ\t<b>1711km<\/b><br \/>\n14:17\tOM3WC\tCW AU\tJN88TI\t452km<br \/>\n14:14\tRD3FD\tCW AU\tLO05UT\t1648km  NEW # 481<br \/>\n13:48\tOK1TEH\tCW AU\tJO70FD\t305km<br \/>\n13:42\tGM3WOJ\tSSB AU\tIO77WS\t1461km<br \/>\n13:32\tDF1HF\tCW AU\tJO43WJ\t488km<br \/>\n13:28\tR3DX\tCW AU\tKO85OG\t1361km<\/p>\n","protected":false},"excerpt":{"rendered":"<p>By\u0142a to najsilniejsza zorza od parunastu lat. Spowodowana flar\u0105 X9.3 najmocniejsza od 13 lat. Zorza si\u0119ga\u0142a lokator\u00f3w JN05\/JN55\/KN04\/KN13. Na moje CQ odpowiada\u0142o po 4-5 stacji r\u00f3wnocze\u015bnie, QRM i pileup by\u0142 duzy, a ja niestety jestem marnym telegrafist\u0105. Ponadto niestety by\u0142 to dzie\u0144 klubowy i spory ha\u0142as w radioshacku generowany przez 10 os\u00f3b. Zorza dost\u0119pna by\u0142a &hellip; <a href=\"https:\/\/so3z.com\/?page_id=2992\" class=\"more-link\">Czytaj dalej <span class=\"screen-reader-text\">Aurora = 08.09.2017<\/span> <span class=\"meta-nav\">&rarr;<\/span><\/a><\/p>\n","protected":false},"author":1,"featured_media":0,"parent":2669,"menu_order":0,"comment_status":"closed","ping_status":"closed","template":"","meta":{"footnotes":""},"class_list":["post-2992","page","type-page","status-publish","hentry"],"_links":{"self":[{"href":"https:\/\/so3z.com\/index.php?rest_route=\/wp\/v2\/pages\/2992","targetHints":{"allow":["GET"]}}],"collection":[{"href":"https:\/\/so3z.com\/index.php?rest_route=\/wp\/v2\/pages"}],"about":[{"href":"https:\/\/so3z.com\/index.php?rest_route=\/wp\/v2\/types\/page"}],"author":[{"embeddable":true,"href":"https:\/\/so3z.com\/index.php?rest_route=\/wp\/v2\/users\/1"}],"replies":[{"embeddable":true,"href":"https:\/\/so3z.com\/index.php?rest_route=%2Fwp%2Fv2%2Fcomments&post=2992"}],"version-history":[{"count":4,"href":"https:\/\/so3z.com\/index.php?rest_route=\/wp\/v2\/pages\/2992\/revisions"}],"predecessor-version":[{"id":3002,"href":"https:\/\/so3z.com\/index.php?rest_route=\/wp\/v2\/pages\/2992\/revisions\/3002"}],"up":[{"embeddable":true,"href":"https:\/\/so3z.com\/index.php?rest_route=\/wp\/v2\/pages\/2669"}],"wp:attachment":[{"href":"https:\/\/so3z.com\/index.php?rest_route=%2Fwp%2Fv2%2Fmedia&parent=2992"}],"curies":[{"name":"wp","href":"https:\/\/api.w.org\/{rel}","templated":true}]}}