{"id":3010,"date":"2017-09-28T08:32:01","date_gmt":"2017-09-28T07:32:01","guid":{"rendered":"http:\/\/so3z.com\/?page_id=3010"},"modified":"2017-09-28T11:12:46","modified_gmt":"2017-09-28T10:12:46","slug":"tropo-i-aurora-27-09-2017","status":"publish","type":"page","link":"https:\/\/so3z.com\/?page_id=3010","title":{"rendered":"Tropo i Aurora 27.09.2017"},"content":{"rendered":"<p>Nad Europ\u0105 pojawi\u0142 si\u0119 silny rozleg\u0142y wy\u017c znad Rosji. Wi\u0119kszo\u015b\u0107 czasu by\u0142em poza duktem.<br \/>\nStacji jak zwykle niezbyt du\u017co, ale i tak nie najgorzej. 2 otwarcia zorzowe ponadto.<br \/>\nW ci\u0105gu dnia i wieczora bardzo wysoki QRM od linii 2x 110kV do kt\u00f3rej mam 100-300m w zale\u017cno\u015bci od kierunku.<\/p>\n<p>Najdalej s\u0142yszalny stabilnie i d\u0142ugo bikon OH9VHF 1655km  dobija\u0142 do 559 momentami. Przed spaniem pojawi\u0142 si\u0119 te\u017c pierwszy raz bikon SK2VHF JP94 1327km<br \/>\n<iframe loading=\"lazy\" width=\"560\" height=\"315\" src=\"https:\/\/www.youtube.com\/embed\/xOdCDOYKQSg?rel=0\" frameborder=\"0\" allowfullscreen><\/iframe><br \/>\n<iframe loading=\"lazy\" width=\"560\" height=\"315\" src=\"https:\/\/www.youtube.com\/embed\/D9IsTwHYSnc?rel=0\" frameborder=\"0\" allowfullscreen><\/iframe><\/p>\n<p>Tutaj film z kilkoma sygna\u0142ami zorzowymi:<br \/>\n<iframe loading=\"lazy\" width=\"560\" height=\"315\" src=\"https:\/\/www.youtube.com\/embed\/luEa3LJA5ic\" frameborder=\"0\" allowfullscreen><\/iframe><\/p>\n<p>Najmniejsz\u0105 stacj\u0105 by\u0142 OF5ZA z KP21 50W i 4el.<\/p>\n<p><strong>QSO Tropo:<\/strong><br \/>\nOF8UV KP34VJ 1471km<br \/>\nOH7HXH KP53HG 1451km<br \/>\nOH7RJ KP32UV 1327km<br \/>\nOH6RM KP32FP 1270km<br \/>\nOH4MVH KP32PG 1258km<br \/>\nOH3TE KP31HL 1167km<br \/>\nRM1A KO59BU 1160km<br \/>\nR1DM KO49XQ 1141km<br \/>\nR1DX KO49MP 1099km<br \/>\nOF5ZA KP21SA 1093km  50W,4EL !<br \/>\nES4EQ KO39CE 949km  NEW LOC#<br \/>\nOH1ND KP00XL 949km<br \/>\nES3RF KO29IF 900km<br \/>\nES2DF KO29GG 898km<br \/>\nES6FX KO37OW 895km<br \/>\nES3BM KO29JA 884km<br \/>\nYL2OK KO37AS 830km<\/p>\n<p>HRD: OH9VHF KP36 1655km (559), SK2VHF JP94 1327km (539), OH2VHF\/B KP20 (559)<br \/>\n<img loading=\"lazy\" decoding=\"async\" src=\"https:\/\/so3z.com\/wp-content\/uploads\/2017\/09\/27092017.jpg\" alt=\"\" width=\"966\" height=\"1077\" class=\"alignnone size-full wp-image-3011\" srcset=\"https:\/\/so3z.com\/wp-content\/uploads\/2017\/09\/27092017.jpg 966w, https:\/\/so3z.com\/wp-content\/uploads\/2017\/09\/27092017-269x300.jpg 269w, https:\/\/so3z.com\/wp-content\/uploads\/2017\/09\/27092017-768x856.jpg 768w, https:\/\/so3z.com\/wp-content\/uploads\/2017\/09\/27092017-918x1024.jpg 918w\" sizes=\"auto, (max-width: 966px) 100vw, 966px\" \/><\/p>\n<p><strong>QSO Aurora:<\/strong><br \/>\nES3RF KO29IF 900km<br \/>\nSM5EPO JP80MC 858km<br \/>\nSM0NUE JO99CQ? 816km<br \/>\nSM6BFE JO68DQ 758km<br \/>\nSM4IVE JO79SD 756km<br \/>\nSM5DFF JO88CN 687km<br \/>\nSM7GVF JO77GA 537km<\/p>\n<p>HRD on AU: R3CT KO86, SM0NKZ, SM5DWF, ES2DF, SK4MPI\/B, OH2VHF\/B<br \/>\n<img loading=\"lazy\" decoding=\"async\" src=\"https:\/\/so3z.com\/wp-content\/uploads\/2017\/09\/au27092017.jpg\" alt=\"\" width=\"1194\" height=\"1119\" class=\"alignnone size-full wp-image-3012\" srcset=\"https:\/\/so3z.com\/wp-content\/uploads\/2017\/09\/au27092017.jpg 1194w, https:\/\/so3z.com\/wp-content\/uploads\/2017\/09\/au27092017-300x281.jpg 300w, https:\/\/so3z.com\/wp-content\/uploads\/2017\/09\/au27092017-768x720.jpg 768w, https:\/\/so3z.com\/wp-content\/uploads\/2017\/09\/au27092017-1024x960.jpg 1024w\" sizes=\"auto, (max-width: 1194px) 100vw, 1194px\" \/><\/p>\n<p><br \/\n\n<br \/>\n<img loading=\"lazy\" decoding=\"async\" src=\"https:\/\/so3z.com\/wp-content\/uploads\/2017\/09\/56953951.gif\" alt=\"\" width=\"800\" height=\"540\" class=\"alignnone size-full wp-image-3022\" \/><\/p>\n<p><a href=\"http:\/\/www.dxinfocentre.com\/tropo_eeu.html\"><img decoding=\"async\" src=\"https:\/\/so3z.com\/files\/img\/tropo2017.gif\"  \/><\/a><\/p>\n<p><img loading=\"lazy\" decoding=\"async\" src=\"https:\/\/so3z.com\/wp-content\/uploads\/2017\/09\/highpressure.jpg\" alt=\"\" width=\"2549\" height=\"1229\" class=\"alignnone size-full wp-image-3020\" srcset=\"https:\/\/so3z.com\/wp-content\/uploads\/2017\/09\/highpressure.jpg 2549w, https:\/\/so3z.com\/wp-content\/uploads\/2017\/09\/highpressure-300x145.jpg 300w, https:\/\/so3z.com\/wp-content\/uploads\/2017\/09\/highpressure-768x370.jpg 768w, https:\/\/so3z.com\/wp-content\/uploads\/2017\/09\/highpressure-1024x494.jpg 1024w\" sizes=\"auto, (max-width: 2549px) 100vw, 2549px\" \/><\/p>\n","protected":false},"excerpt":{"rendered":"<p>Nad Europ\u0105 pojawi\u0142 si\u0119 silny rozleg\u0142y wy\u017c znad Rosji. Wi\u0119kszo\u015b\u0107 czasu by\u0142em poza duktem. Stacji jak zwykle niezbyt du\u017co, ale i tak nie najgorzej. 2 otwarcia zorzowe ponadto. W ci\u0105gu dnia i wieczora bardzo wysoki QRM od linii 2x 110kV do kt\u00f3rej mam 100-300m w zale\u017cno\u015bci od kierunku. Najdalej s\u0142yszalny stabilnie i d\u0142ugo bikon OH9VHF &hellip; <a href=\"https:\/\/so3z.com\/?page_id=3010\" class=\"more-link\">Czytaj dalej <span class=\"screen-reader-text\">Tropo i Aurora 27.09.2017<\/span> <span class=\"meta-nav\">&rarr;<\/span><\/a><\/p>\n","protected":false},"author":1,"featured_media":0,"parent":2669,"menu_order":0,"comment_status":"closed","ping_status":"closed","template":"","meta":{"footnotes":""},"class_list":["post-3010","page","type-page","status-publish","hentry"],"_links":{"self":[{"href":"https:\/\/so3z.com\/index.php?rest_route=\/wp\/v2\/pages\/3010","targetHints":{"allow":["GET"]}}],"collection":[{"href":"https:\/\/so3z.com\/index.php?rest_route=\/wp\/v2\/pages"}],"about":[{"href":"https:\/\/so3z.com\/index.php?rest_route=\/wp\/v2\/types\/page"}],"author":[{"embeddable":true,"href":"https:\/\/so3z.com\/index.php?rest_route=\/wp\/v2\/users\/1"}],"replies":[{"embeddable":true,"href":"https:\/\/so3z.com\/index.php?rest_route=%2Fwp%2Fv2%2Fcomments&post=3010"}],"version-history":[{"count":10,"href":"https:\/\/so3z.com\/index.php?rest_route=\/wp\/v2\/pages\/3010\/revisions"}],"predecessor-version":[{"id":3034,"href":"https:\/\/so3z.com\/index.php?rest_route=\/wp\/v2\/pages\/3010\/revisions\/3034"}],"up":[{"embeddable":true,"href":"https:\/\/so3z.com\/index.php?rest_route=\/wp\/v2\/pages\/2669"}],"wp:attachment":[{"href":"https:\/\/so3z.com\/index.php?rest_route=%2Fwp%2Fv2%2Fmedia&parent=3010"}],"curies":[{"name":"wp","href":"https:\/\/api.w.org\/{rel}","templated":true}]}}