{"id":3100,"date":"2017-12-18T09:57:34","date_gmt":"2017-12-18T08:57:34","guid":{"rendered":"http:\/\/so3z.com\/?page_id=3100"},"modified":"2024-09-17T17:04:08","modified_gmt":"2024-09-17T15:04:08","slug":"10el-lt-yagi-yu7ef","status":"publish","type":"page","link":"https:\/\/so3z.com\/?page_id=3100","title":{"rendered":"10el LT Yagi YU7EF"},"content":{"rendered":"<p>Doskona\u0142a antena zaprojektowana przez Popa YU7EF z nastawieniem na jak najni\u017csze listki boczne, a co za tym idzie niskie szumy.<br \/>\nPoza tym antena jest stabilna przy sporej wilgoci i ma niez\u0142e t\u0142umienie prz\u00f3d ty\u0142.<\/p>\n<figure id=\"attachment_3102\" aria-describedby=\"caption-attachment-3102\" style=\"width: 1110px\" class=\"wp-caption alignnone\"><img loading=\"lazy\" decoding=\"async\" class=\"size-full wp-image-3102\" src=\"https:\/\/so3z.com\/wp-content\/uploads\/2017\/12\/EF0210LT_Dimensions.jpg\" alt=\"YU7EF 10el LT Yagi wymiary\" width=\"1110\" height=\"747\" srcset=\"https:\/\/so3z.com\/wp-content\/uploads\/2017\/12\/EF0210LT_Dimensions.jpg 1110w, https:\/\/so3z.com\/wp-content\/uploads\/2017\/12\/EF0210LT_Dimensions-300x202.jpg 300w, https:\/\/so3z.com\/wp-content\/uploads\/2017\/12\/EF0210LT_Dimensions-768x517.jpg 768w, https:\/\/so3z.com\/wp-content\/uploads\/2017\/12\/EF0210LT_Dimensions-1024x689.jpg 1024w\" sizes=\"auto, (max-width: 1110px) 100vw, 1110px\" \/><figcaption id=\"caption-attachment-3102\" class=\"wp-caption-text\">YU7EF 10el LT Yagi wymiary<\/figcaption><\/figure>\n<figure id=\"attachment_3103\" aria-describedby=\"caption-attachment-3103\" style=\"width: 1000px\" class=\"wp-caption alignnone\"><img loading=\"lazy\" decoding=\"async\" class=\"size-full wp-image-3103\" src=\"https:\/\/so3z.com\/wp-content\/uploads\/2017\/12\/EF0210LT_WiMo_Folded-Dipole.jpg\" alt=\"YU7EF 10el LT dipol p\u0119tlowy\" width=\"1000\" height=\"496\" srcset=\"https:\/\/so3z.com\/wp-content\/uploads\/2017\/12\/EF0210LT_WiMo_Folded-Dipole.jpg 1000w, https:\/\/so3z.com\/wp-content\/uploads\/2017\/12\/EF0210LT_WiMo_Folded-Dipole-300x149.jpg 300w, https:\/\/so3z.com\/wp-content\/uploads\/2017\/12\/EF0210LT_WiMo_Folded-Dipole-768x381.jpg 768w\" sizes=\"auto, (max-width: 1000px) 100vw, 1000px\" \/><figcaption id=\"caption-attachment-3103\" class=\"wp-caption-text\">YU7EF 10el LT dipol p\u0119tlowy<\/figcaption><\/figure>\n<figure id=\"attachment_3101\" aria-describedby=\"caption-attachment-3101\" style=\"width: 667px\" class=\"wp-caption alignnone\"><img loading=\"lazy\" decoding=\"async\" class=\"size-full wp-image-3101\" src=\"https:\/\/so3z.com\/wp-content\/uploads\/2017\/12\/144-yu7ef-10el-wimo-H_V-bc4mm.jpg\" alt=\"YU7EF 10el LT charakterystyka \" width=\"667\" height=\"667\" srcset=\"https:\/\/so3z.com\/wp-content\/uploads\/2017\/12\/144-yu7ef-10el-wimo-H_V-bc4mm.jpg 667w, https:\/\/so3z.com\/wp-content\/uploads\/2017\/12\/144-yu7ef-10el-wimo-H_V-bc4mm-150x150.jpg 150w, https:\/\/so3z.com\/wp-content\/uploads\/2017\/12\/144-yu7ef-10el-wimo-H_V-bc4mm-300x300.jpg 300w\" sizes=\"auto, (max-width: 667px) 100vw, 667px\" \/><figcaption id=\"caption-attachment-3101\" class=\"wp-caption-text\">YU7EF 10el LT charakterystyka z dipolem u\u0142o\u017conym niesymetrycznie<\/figcaption><\/figure>\n<figure id=\"attachment_3104\" aria-describedby=\"caption-attachment-3104\" style=\"width: 511px\" class=\"wp-caption alignnone\"><img loading=\"lazy\" decoding=\"async\" class=\"size-full wp-image-3104\" src=\"https:\/\/so3z.com\/wp-content\/uploads\/2017\/12\/144-yu7ef-10el-wimo-SWR-DRY-bc4mm.jpg\" alt=\"YU7EF 10el LT SWR\" width=\"511\" height=\"282\" srcset=\"https:\/\/so3z.com\/wp-content\/uploads\/2017\/12\/144-yu7ef-10el-wimo-SWR-DRY-bc4mm.jpg 511w, https:\/\/so3z.com\/wp-content\/uploads\/2017\/12\/144-yu7ef-10el-wimo-SWR-DRY-bc4mm-300x166.jpg 300w\" sizes=\"auto, (max-width: 511px) 100vw, 511px\" \/><figcaption id=\"caption-attachment-3104\" class=\"wp-caption-text\">YU7EF 10el LT SWR<\/figcaption><\/figure>\n<figure id=\"attachment_3105\" aria-describedby=\"caption-attachment-3105\" style=\"width: 608px\" class=\"wp-caption alignnone\"><img loading=\"lazy\" decoding=\"async\" class=\"size-full wp-image-3105\" src=\"https:\/\/so3z.com\/wp-content\/uploads\/2017\/12\/144-yu7ef-10el-wimo-SWR-WET.jpg\" alt=\"YU7EF 10el LT Yagi SWR na deszczu\" width=\"608\" height=\"584\" srcset=\"https:\/\/so3z.com\/wp-content\/uploads\/2017\/12\/144-yu7ef-10el-wimo-SWR-WET.jpg 608w, https:\/\/so3z.com\/wp-content\/uploads\/2017\/12\/144-yu7ef-10el-wimo-SWR-WET-300x288.jpg 300w\" sizes=\"auto, (max-width: 608px) 100vw, 608px\" \/><figcaption id=\"caption-attachment-3105\" class=\"wp-caption-text\">YU7EF 10el LT Yagi SWR na deszczu<\/figcaption><\/figure>\n<hr \/>\n<p>By osi\u0105gn\u0105\u0107 jak najmocniej wyt\u0142umione listki boczne mo\u017cna sfazowa\u0107 zestaw poni\u017cej optymalnej odleg\u0142o\u015bci.<br \/>\nHorizontal = 2.5 m<br \/>\nVertical = 2.4 m<br \/>\nTracimy oko\u0142o 0.6dB zysku ale otrzymujemy niemal idealn\u0105 charakterystyk\u0119 promieniowania.<\/p>\n<figure id=\"attachment_3111\" aria-describedby=\"caption-attachment-3111\" style=\"width: 619px\" class=\"wp-caption alignnone\"><img loading=\"lazy\" decoding=\"async\" class=\"size-full wp-image-3111\" src=\"https:\/\/so3z.com\/wp-content\/uploads\/2017\/12\/420x20EF0210LT_E20Pattern.gif\" alt=\"4x Yagi 10el LT charakterystyka w elewacji\" width=\"619\" height=\"648\" \/><figcaption id=\"caption-attachment-3111\" class=\"wp-caption-text\">4x Yagi 10el LT charakterystyka w elewacji<\/figcaption><\/figure>\n<figure id=\"attachment_3113\" aria-describedby=\"caption-attachment-3113\" style=\"width: 619px\" class=\"wp-caption alignnone\"><img loading=\"lazy\" decoding=\"async\" class=\"size-full wp-image-3113\" src=\"https:\/\/so3z.com\/wp-content\/uploads\/2017\/12\/420x20EF0210LT_H20Pattern.gif\" alt=\"4x 10el LT Yagi charakterystyka w horyzoncie\" width=\"619\" height=\"648\" \/><figcaption id=\"caption-attachment-3113\" class=\"wp-caption-text\">4x 10el LT Yagi charakterystyka w horyzoncie<\/figcaption><\/figure>\n<p>W tej sytuacji &#8211; 4 anten w uk\u0142adzie H parametry kszta\u0142tuj\u0105 si\u0119 nast\u0119puj\u0105co:<\/p>\n<p>Zysk 19.16 dBi<br \/>\nTa 211.4 \u00b0K<br \/>\nG\/T -4.09 dB<\/p>\n<p>i pierwszy listek boczny na poziomie -18dB w stosunku do listka g\u0142\u00f3wnego.<\/p>\n","protected":false},"excerpt":{"rendered":"<p>Doskona\u0142a antena zaprojektowana przez Popa YU7EF z nastawieniem na jak najni\u017csze listki boczne, a co za tym idzie niskie szumy. Poza tym antena jest stabilna przy sporej wilgoci i ma niez\u0142e t\u0142umienie prz\u00f3d ty\u0142. By osi\u0105gn\u0105\u0107 jak najmocniej wyt\u0142umione listki boczne mo\u017cna sfazowa\u0107 zestaw poni\u017cej optymalnej odleg\u0142o\u015bci. Horizontal = 2.5 m Vertical = 2.4 m &hellip; <a href=\"https:\/\/so3z.com\/?page_id=3100\" class=\"more-link\">Czytaj dalej <span class=\"screen-reader-text\">10el LT Yagi YU7EF<\/span> <span class=\"meta-nav\">&rarr;<\/span><\/a><\/p>\n","protected":false},"author":1,"featured_media":0,"parent":3841,"menu_order":0,"comment_status":"closed","ping_status":"closed","template":"","meta":{"footnotes":""},"class_list":["post-3100","page","type-page","status-publish","hentry"],"_links":{"self":[{"href":"https:\/\/so3z.com\/index.php?rest_route=\/wp\/v2\/pages\/3100","targetHints":{"allow":["GET"]}}],"collection":[{"href":"https:\/\/so3z.com\/index.php?rest_route=\/wp\/v2\/pages"}],"about":[{"href":"https:\/\/so3z.com\/index.php?rest_route=\/wp\/v2\/types\/page"}],"author":[{"embeddable":true,"href":"https:\/\/so3z.com\/index.php?rest_route=\/wp\/v2\/users\/1"}],"replies":[{"embeddable":true,"href":"https:\/\/so3z.com\/index.php?rest_route=%2Fwp%2Fv2%2Fcomments&post=3100"}],"version-history":[{"count":9,"href":"https:\/\/so3z.com\/index.php?rest_route=\/wp\/v2\/pages\/3100\/revisions"}],"predecessor-version":[{"id":3848,"href":"https:\/\/so3z.com\/index.php?rest_route=\/wp\/v2\/pages\/3100\/revisions\/3848"}],"up":[{"embeddable":true,"href":"https:\/\/so3z.com\/index.php?rest_route=\/wp\/v2\/pages\/3841"}],"wp:attachment":[{"href":"https:\/\/so3z.com\/index.php?rest_route=%2Fwp%2Fv2%2Fmedia&parent=3100"}],"curies":[{"name":"wp","href":"https:\/\/api.w.org\/{rel}","templated":true}]}}