{"id":3154,"date":"2018-05-06T16:37:53","date_gmt":"2018-05-06T15:37:53","guid":{"rendered":"http:\/\/so3z.com\/?page_id=3154"},"modified":"2018-05-08T18:49:51","modified_gmt":"2018-05-08T17:49:51","slug":"ii-iaru-so3z-jo82lj","status":"publish","type":"page","link":"https:\/\/so3z.com\/?page_id=3154","title":{"rendered":"2018 &#8211; II IARU &#8211; SO3Z JO82LJ"},"content":{"rendered":"<p>Tym razem:<br \/>\n<b>203 QSO, 88007 pkt,  73 lokatory,  17 DXCC, \u015brednia 433km\/qso<\/b><\/p>\n<p>ICOM IC-7100, PA 500W, kabel 1\/2&#8243;, LNA HA8ET ~18dB, 14el OWL @ 40m npt (11 pi\u0119tro), logowa\u0142em tradycyjnie w Tucnaku.  <\/p>\n<p>mega dziwne warunki W\u0142och\u00f3w by\u0142o s\u0142ycha\u0107 przez 3\/4 zawod\u00f3w &#8211; musia\u0142a by\u0107 mega inwersja nad Alpami. Ma\u0142o stacji z 9A i S5, s\u0142abo s\u0142yszalni OK, dobrze sz\u0142o na zach\u00f3d.<br \/>\nNie kompletne: IZ5FDD\/4 JN54PF, s\u0142ysza\u0142em 9A1CRS JN95AE, i innych. QRV by\u0142em ok. 19-20 godzin. Pierwszego dnia kr\u0119ci\u0142a si\u0119 zorza, s\u0142ysza\u0142em tylko SM4KYN 51A przez par\u0119 minut ale nie dowo\u0142a\u0142em si\u0119.<\/p>\n<p>I tradycyjnie mega zak\u0142\u00f3cenia od linii 2x 110kV &#8211; odechciewa si\u0119 pracy przy radiu powoli.<br \/>\nUKE by\u0142o potwierdzi\u0142o&#8230; teraz czekam a\u017c ENEA Operator ogarnie te pordzewia\u0142e s\u0142upy, stare izolatory i stare ubrudzone przewody mniejszej \u015brednicy ni\u017c te montowane obecnie &#8211; przenosz\u0105ce pot\u0119\u017cne moce. Ciekawe ile lat to jeszcze potrwa. Zak\u0142\u00f3ce\u0144 nie mia\u0142em tylko od ok. 2 w nocy do 5 rano (najmniejsze obci\u0105\u017cenie linii?)<\/p>\n<p><a href=\"http:\/\/www.opencontest.org\/edi\/map\/201808051441185693461VYPY7\">MAPA 1<\/a><\/p>\n<p><img loading=\"lazy\" decoding=\"async\" src=\"https:\/\/so3z.com\/wp-content\/uploads\/2018\/05\/mapa.jpg\" alt=\"\" width=\"803\" height=\"954\" class=\"alignnone size-full wp-image-3166\" srcset=\"https:\/\/so3z.com\/wp-content\/uploads\/2018\/05\/mapa.jpg 803w, https:\/\/so3z.com\/wp-content\/uploads\/2018\/05\/mapa-253x300.jpg 253w, https:\/\/so3z.com\/wp-content\/uploads\/2018\/05\/mapa-768x912.jpg 768w\" sizes=\"auto, (max-width: 803px) 100vw, 803px\" \/><br \/>\n<a href=\"http:\/\/vhfcontests.pk-ukf.pl\/?contest=692\" rel=\"noopener\" target=\"_blank\">WYNIKI<\/a><\/p>\n<p><b>TOP 10 DX:<\/b><br \/>\n<a href=\"https:\/\/so3z.com\/records\/2nd2018\/IQ5NN-JN63-1035km.ogg\" rel=\"noopener\" target=\"_blank\">IQ5NN JN63 1035km<\/a> <a href=\"https:\/\/www.facebook.com\/iq5nn\/\">(FB IQ5NN)<\/a> <a href=\"https:\/\/www.youtube.com\/watch?v=4ot5t6pKhpI\">video<\/a><br \/>\n<a href=\"https:\/\/so3z.com\/records\/2nd2018\/IQ3LX-JN54-989km.ogg\" rel=\"noopener\" target=\"_blank\">IQ3LX JN54 989km<\/a> <a href=\"https:\/\/www.facebook.com\/Iq3lx\/\">(FB IQ3LX)<\/a><br \/>\n<a href=\"https:\/\/so3z.com\/records\/2nd2018\/IO2V-JN54-986km.ogg\" rel=\"noopener\" target=\"_blank\">IO2V JN54 986km<\/a>  <a href=\"https:\/\/www.youtube.com\/watch?v=miyU0aCWpLM\">video<\/a><br \/>\n<a href=\"https:\/\/scontent-waw1-1.xx.fbcdn.net\/v\/t1.0-9\/31936504_10209729342065259_7496838442773381120_o.jpg?_nc_cat=0&#038;_nc_eui2=v1%3AAeENV2eyMeJA5MUBGYXlZPaq5fzh7ju7dDO9MlNMHkfDFBPtNQ6G1W84LJd2pTkjg834O2A9nWQSPHGUQ4kOemrSgj_463_IhsS_u8Tan0gR9A&#038;oh=b3de795681e720522202bedcef92fbbe&#038;oe=5B85EF39\" rel=\"noopener\" target=\"_blank\">YU7ACO KN05 870km<\/a><br \/>\nYU7W JN95RD 826km<br \/>\n9A0V JN95 820km<br \/>\n<a href=\"https:\/\/so3z.com\/records\/2nd2018\/ON8CF-P-JO20-808km.ogg\" rel=\"noopener\" target=\"_blank\">ON8CF\/P JO20 808km<\/a><br \/>\n9A4V JN95 795km<br \/>\n9A7D JN95 788km<br \/>\nHB9EFK JN47 787km<\/p>\n<p><iframe loading=\"lazy\" width=\"560\" height=\"315\" src=\"https:\/\/www.youtube.com\/embed\/4ot5t6pKhpI?rel=0\" frameborder=\"0\" allow=\"autoplay; encrypted-media\" allowfullscreen><\/iframe><br \/>\n<br \/>\n<iframe loading=\"lazy\" width=\"560\" height=\"315\" src=\"https:\/\/www.youtube.com\/embed\/miyU0aCWpLM?rel=0\" frameborder=\"0\" allow=\"autoplay; encrypted-media\" allowfullscreen><\/iframe><br \/>\n<a href=\"https:\/\/so3z.com\/wp-content\/uploads\/2018\/05\/20180406_170422.jpg\"><img loading=\"lazy\" decoding=\"async\" src=\"https:\/\/so3z.com\/wp-content\/uploads\/2018\/05\/20180406_170422-1024x576.jpg\" alt=\"\" width=\"474\" height=\"267\" class=\"alignnone size-large wp-image-3173\" srcset=\"https:\/\/so3z.com\/wp-content\/uploads\/2018\/05\/20180406_170422-1024x576.jpg 1024w, https:\/\/so3z.com\/wp-content\/uploads\/2018\/05\/20180406_170422-300x169.jpg 300w, https:\/\/so3z.com\/wp-content\/uploads\/2018\/05\/20180406_170422-768x432.jpg 768w\" sizes=\"auto, (max-width: 474px) 100vw, 474px\" \/><\/a><\/p>\n","protected":false},"excerpt":{"rendered":"<p>Tym razem: 203 QSO, 88007 pkt, 73 lokatory, 17 DXCC, \u015brednia 433km\/qso ICOM IC-7100, PA 500W, kabel 1\/2&#8243;, LNA HA8ET ~18dB, 14el OWL @ 40m npt (11 pi\u0119tro), logowa\u0142em tradycyjnie w Tucnaku. mega dziwne warunki W\u0142och\u00f3w by\u0142o s\u0142ycha\u0107 przez 3\/4 zawod\u00f3w &#8211; musia\u0142a by\u0107 mega inwersja nad Alpami. Ma\u0142o stacji z 9A i S5, s\u0142abo &hellip; <a href=\"https:\/\/so3z.com\/?page_id=3154\" class=\"more-link\">Czytaj dalej <span class=\"screen-reader-text\">2018 &#8211; II IARU &#8211; SO3Z JO82LJ<\/span> <span class=\"meta-nav\">&rarr;<\/span><\/a><\/p>\n","protected":false},"author":1,"featured_media":0,"parent":19,"menu_order":28,"comment_status":"closed","ping_status":"closed","template":"","meta":{"footnotes":""},"class_list":["post-3154","page","type-page","status-publish","hentry"],"_links":{"self":[{"href":"https:\/\/so3z.com\/index.php?rest_route=\/wp\/v2\/pages\/3154","targetHints":{"allow":["GET"]}}],"collection":[{"href":"https:\/\/so3z.com\/index.php?rest_route=\/wp\/v2\/pages"}],"about":[{"href":"https:\/\/so3z.com\/index.php?rest_route=\/wp\/v2\/types\/page"}],"author":[{"embeddable":true,"href":"https:\/\/so3z.com\/index.php?rest_route=\/wp\/v2\/users\/1"}],"replies":[{"embeddable":true,"href":"https:\/\/so3z.com\/index.php?rest_route=%2Fwp%2Fv2%2Fcomments&post=3154"}],"version-history":[{"count":13,"href":"https:\/\/so3z.com\/index.php?rest_route=\/wp\/v2\/pages\/3154\/revisions"}],"predecessor-version":[{"id":3174,"href":"https:\/\/so3z.com\/index.php?rest_route=\/wp\/v2\/pages\/3154\/revisions\/3174"}],"up":[{"embeddable":true,"href":"https:\/\/so3z.com\/index.php?rest_route=\/wp\/v2\/pages\/19"}],"wp:attachment":[{"href":"https:\/\/so3z.com\/index.php?rest_route=%2Fwp%2Fv2%2Fmedia&parent=3154"}],"curies":[{"name":"wp","href":"https:\/\/api.w.org\/{rel}","templated":true}]}}