{"id":3220,"date":"2018-07-09T19:57:37","date_gmt":"2018-07-09T18:57:37","guid":{"rendered":"http:\/\/so3z.com\/?page_id=3220"},"modified":"2018-07-11T07:23:12","modified_gmt":"2018-07-11T06:23:12","slug":"iii-iaru-sn7l-jo70ss","status":"publish","type":"page","link":"https:\/\/so3z.com\/?page_id=3220","title":{"rendered":"III IARU &#8211; SN7L JO70SS"},"content":{"rendered":"<p>SN7L team were active from Szrenica Mountain close to Polish and Czech border  1362m ASL<br \/>\n(this time SP7TEE, SP7HKK, SP7MTU, SQ7OYG, SO3Z, SQ3SWF, SQ3PCL, SQ3PHA &#8211; team members from JO91 and JO82\/KO02) <\/p>\n<p>144MHz: Ten Tec Omni VI (moded) + transverter SP7TEE + QRO,LNA + 2x 2x12el YU7EF + 2x 6el DK7ZB + 2x 6el SP9FYS Yagis<br \/>\n432MHz: FT736R + 350W,LNA, 2x 21el DK7ZB<\/p>\n<p>On 144MHz we (SP7TEE, SP7HKK, SO3Z, SQ3SWF) made 792 QSO and 318000 points with ODX  1182km M0NFD\/p IO94<\/p>\n<p>On 432MHz we (SQ3SWF, SQ3PCL, SQ3PHA, SQ7OYG) made  206? QSO and 65000? points with ODX 1000km<\/p>\n<p>We had one problem &#8230; with one station&#8230;<br \/>\nsome Guys from Czech (it wasn&#8217;t OK4C &#8211; sorry!!!) doesn&#8217;t understand simple phisics and geometry&#8230; 1st Fresnel zone, Line of sight, dynamic and selectivity of the RX path etc.  <\/p>\n<p><a href=\"https:\/\/so3z.com\/wp-content\/uploads\/2018\/07\/2m.jpg\"><img loading=\"lazy\" decoding=\"async\" src=\"https:\/\/so3z.com\/wp-content\/uploads\/2018\/07\/2m-1024x966.jpg\" alt=\"\" width=\"474\" height=\"447\" class=\"alignnone size-large wp-image-3224\" srcset=\"https:\/\/so3z.com\/wp-content\/uploads\/2018\/07\/2m-1024x966.jpg 1024w, https:\/\/so3z.com\/wp-content\/uploads\/2018\/07\/2m-300x283.jpg 300w, https:\/\/so3z.com\/wp-content\/uploads\/2018\/07\/2m-768x725.jpg 768w, https:\/\/so3z.com\/wp-content\/uploads\/2018\/07\/2m.jpg 1184w\" sizes=\"auto, (max-width: 474px) 100vw, 474px\" \/><\/a><\/p>\n<p>==============================================================================================<\/p>\n<p>Ekipa SN7L startowa\u0142a z JO70SS 1362m n.p.m.  w sk\u0142adzie Maciek SP7TEE, Wojtek SP7HKK, Zbyszek SP7MTU, Gabi SQ7OYG, Andrzej SO3Z, Olgierd SQ3SWF,  Kuba SQ3PCL, Leszek SQ3PHA.<\/p>\n<p>Przyjechali\u015bmy w czwartek rano, wszystkie systemy stan\u0119\u0142y ju\u017c pierwszego dnia, w pi\u0105tek zosta\u0142o pod\u0142\u0105czenie trzech wzmacniaczy, sprawdzenie mocy, azymut\u00f3w anten itd.<br \/>\nPogoda dopisa\u0142a by\u0142o ciep\u0142o w dzie\u0144, niekt\u00f3re din bezchmurne niebo z widoczn\u0105 inwersj\u0105 na p\u00f3\u0142nocy.<br \/>\nOd czwartku do soboty odbierali\u015bmy bikon LA8VHF 980km nawet do 559. R\u00f3wnie\u017c SK6VHF jak i SK1VHF, propagacja by\u0142a podniesiona r\u00f3wnie\u017c na zach\u00f3d gdy\u017c regularnie w qsb s\u0142ycha\u0107 by\u0142o PI7CIS I ON0VHF.<\/p>\n<p>Na 144MHz zrobili\u015bmy 792 QSO, 318000 PKT,  401km\/QSO, 114 WWL, 23 DXCC, w logu a\u017c 10x UK<\/p>\n<p>TOP 10 DX<br \/>\nM0NFD\/P IO94 1182km<br \/>\nG0OLE\/P IO93 1156km<br \/>\nG0FBB\/P JO01 1010km<br \/>\nG3XDY JO02 1002km<br \/>\nG6IPU\/P JO02 999km<br \/>\nG4ZAP\/P JO01 996km<br \/>\nG4SFY JO02 994km<br \/>\nG5LK\/P JO01 991km<br \/>\nG4CDN JO02 986km<br \/>\nG4SWX JO02 986km<\/p>\n<p>(pierwszy raz od dawien dawna bez LA0BY JO59 w logu &#8211; propagacja by\u0142a specyficzna bardzo i selektywna)<br \/>\nLiczba QSO wg. ilo\u015bci punkt\u00f3w.<\/p>\n<p>DL: 326 , I: 40 , OK: 177 , PA: 23 , SP: 51 , HB:18 , G: 10 , F: 13 , OM: 26 , 9A: 13 , ON: 10 , S5: 13 , LY: 8 , SM: 9 , OE: 17 , HA: 10 , YU: 6 , OZ: 7 , UR: 6 , EU: 5 , E7: 2 , UA2: 2<\/p>\n<p><a href=\"https:\/\/photos.app.goo.gl\/BS117xCemjJFGdpb7\">GALERIA<\/a><br \/>\nMapka i nagrania p\u00f3\u017aniej.<\/p>\n<p>Na 432MHz zrobili\u015bmy oko\u0142o 206 QSO i 65000? pkt  (podam p\u00f3\u017aniej dok\u0142adniejsze dane)<br \/>\nNa 70cm uda\u0142o si\u0119 zrobi\u0107 a\u017c 3 stacje z Anglii \ud83d\ude42<\/p>\n<p>Dzi\u0119kujemy za wszystkie QSO i do us\u0142yszenia w VHF IARU ,  Thanks for all QSO and CU in VHF IARU !<br \/>\n<a href=\"https:\/\/so3z.com\/wp-content\/uploads\/2018\/07\/SN7L-2018.jpg\"><img loading=\"lazy\" decoding=\"async\" src=\"https:\/\/so3z.com\/wp-content\/uploads\/2018\/07\/SN7L-2018-1024x769.jpg\" alt=\"\" width=\"474\" height=\"356\" class=\"alignnone size-large wp-image-3229\" srcset=\"https:\/\/so3z.com\/wp-content\/uploads\/2018\/07\/SN7L-2018-1024x769.jpg 1024w, https:\/\/so3z.com\/wp-content\/uploads\/2018\/07\/SN7L-2018-300x225.jpg 300w, https:\/\/so3z.com\/wp-content\/uploads\/2018\/07\/SN7L-2018-768x577.jpg 768w, https:\/\/so3z.com\/wp-content\/uploads\/2018\/07\/SN7L-2018.jpg 1735w\" sizes=\"auto, (max-width: 474px) 100vw, 474px\" \/><\/a><\/p>\n","protected":false},"excerpt":{"rendered":"<p>SN7L team were active from Szrenica Mountain close to Polish and Czech border 1362m ASL (this time SP7TEE, SP7HKK, SP7MTU, SQ7OYG, SO3Z, SQ3SWF, SQ3PCL, SQ3PHA &#8211; team members from JO91 and JO82\/KO02) 144MHz: Ten Tec Omni VI (moded) + transverter SP7TEE + QRO,LNA + 2x 2x12el YU7EF + 2x 6el DK7ZB + 2x 6el SP9FYS &hellip; <a href=\"https:\/\/so3z.com\/?page_id=3220\" class=\"more-link\">Czytaj dalej <span class=\"screen-reader-text\">III IARU &#8211; SN7L JO70SS<\/span> <span class=\"meta-nav\">&rarr;<\/span><\/a><\/p>\n","protected":false},"author":1,"featured_media":0,"parent":19,"menu_order":0,"comment_status":"closed","ping_status":"closed","template":"","meta":{"footnotes":""},"class_list":["post-3220","page","type-page","status-publish","hentry"],"_links":{"self":[{"href":"https:\/\/so3z.com\/index.php?rest_route=\/wp\/v2\/pages\/3220","targetHints":{"allow":["GET"]}}],"collection":[{"href":"https:\/\/so3z.com\/index.php?rest_route=\/wp\/v2\/pages"}],"about":[{"href":"https:\/\/so3z.com\/index.php?rest_route=\/wp\/v2\/types\/page"}],"author":[{"embeddable":true,"href":"https:\/\/so3z.com\/index.php?rest_route=\/wp\/v2\/users\/1"}],"replies":[{"embeddable":true,"href":"https:\/\/so3z.com\/index.php?rest_route=%2Fwp%2Fv2%2Fcomments&post=3220"}],"version-history":[{"count":12,"href":"https:\/\/so3z.com\/index.php?rest_route=\/wp\/v2\/pages\/3220\/revisions"}],"predecessor-version":[{"id":3234,"href":"https:\/\/so3z.com\/index.php?rest_route=\/wp\/v2\/pages\/3220\/revisions\/3234"}],"up":[{"embeddable":true,"href":"https:\/\/so3z.com\/index.php?rest_route=\/wp\/v2\/pages\/19"}],"wp:attachment":[{"href":"https:\/\/so3z.com\/index.php?rest_route=%2Fwp%2Fv2%2Fmedia&parent=3220"}],"curies":[{"name":"wp","href":"https:\/\/api.w.org\/{rel}","templated":true}]}}