{"id":3248,"date":"2018-09-08T11:15:38","date_gmt":"2018-09-08T10:15:38","guid":{"rendered":"http:\/\/so3z.com\/?page_id=3248"},"modified":"2018-09-10T01:19:38","modified_gmt":"2018-09-10T00:19:38","slug":"vhf-iaru-sn7l-jo70ur","status":"publish","type":"page","link":"https:\/\/so3z.com\/?page_id=3248","title":{"rendered":"VHF IARU &#8211; SN7L JO70UR"},"content":{"rendered":"<p>SN7L JO70UR 1603 m n.p.m. &#8211; VHF IARU R1 2018<br \/>\n934 QSO \/ 370000 punkt\u00f3w \/ ODX 1113km \/ 125 kwadrat\u00f3w<\/p>\n<p><a href=\"https:\/\/so3z.com\/wp-content\/uploads\/2018\/09\/20180903201733.png\"><img loading=\"lazy\" decoding=\"async\" src=\"https:\/\/so3z.com\/wp-content\/uploads\/2018\/09\/20180903201733-1024x1024.png\" alt=\"\" width=\"474\" height=\"474\" class=\"alignnone size-large wp-image-3251\" srcset=\"https:\/\/so3z.com\/wp-content\/uploads\/2018\/09\/20180903201733-1024x1024.png 1024w, https:\/\/so3z.com\/wp-content\/uploads\/2018\/09\/20180903201733-150x150.png 150w, https:\/\/so3z.com\/wp-content\/uploads\/2018\/09\/20180903201733-300x300.png 300w, https:\/\/so3z.com\/wp-content\/uploads\/2018\/09\/20180903201733-768x768.png 768w, https:\/\/so3z.com\/wp-content\/uploads\/2018\/09\/20180903201733.png 1600w\" sizes=\"auto, (max-width: 474px) 100vw, 474px\" \/><\/a><\/p>\n<p>By\u0142 to nasz pierwszy start ze \u015anie\u017cki.<\/p>\n<p>Na wst\u0119pie dzi\u0119kujemy IMGW i pracownikom obserwatorium za go\u015bcin\u0119 i cierpliwo\u015b\u0107 oraz zainteresowanie.<br \/>\nDzi\u0119kujemy r\u00f3wnie\u017c wszystkim stacjom polskim, kt\u00f3re da\u0142y nam punkty i cierpliwie nas wo\u0142a\u0142y. W logu a\u017c 186 znak\u00f3w stacji z SP!<\/p>\n<p>Pracowali\u015bmy na transceiverze Ten-Tec Omni VI (mod SP7TEE) + transwerter SP7TEE, 11el (6el) na g\u00f3rnym tarasie i trzy systemy 2x 6el na ni\u017cszym tarasie obserwatorium + QRO, LNA.<\/p>\n<p>QSOs above 800km:<br \/>\n&#8212;&#8212;&#8212;&#8212;&#8212;&#8212;-<br \/>\nLZ7J KN22 1113km, LA0BY JO59 1075km, LZ3A KN12 1069km, SK0EN JO99 1046km, G8T JO01 1037km, G3XDY JO02 1015km, G0VHF\/P JO01 1008km, G8P JO01 1003km, I4CVC JN71 986km, IK5RWX JN52 935km, I1AXE JN34 930km, SM6BFE JO68 912km, F6HPP\/P JN19 902km, TM2F JN19 889km, TM2BD JN19 869km, F8KCF\/P JN36 866km, YT4ZZ KN04 864km, YU1VG KN03 858km, YO8RHM KN37 854km, IK1EGC JN35 853km, ON4LDP JO10 846km, IZ5NFD JN44 840km, IQ8BI JN63 839km, TM0W JN36 837km, YT1R JN93 835km, IQ5NN JN63 833km, IK6EIW JN63 833km, IZ1ESM JN45 830km, PA5KM JO11 830km, I1BPU JN44 829km, ON4KHG JO10 828km, I2XAV\/1 JN44 821km, IK5AMB JN54 823km, IW1CKM JN45 823km, IZ1RFS JN45 823km, IZ1FKS JN45 822km, IW2CTQ JN63 809km, IK4ADE JN54 802km<\/p>\n<p>Ekipa SN7L w sk\u0142adzie SP7TEE, SP7HKK, SP7MTU, SQ7OYG, SO3Z, SQ3SWF, SP5XMU dotar\u0142a na \u015anie\u017ck\u0119 w czwartek, pogoda dopisywa\u0142a a\u017c do pi\u0105tkowej nocy . Niestety, przez ca\u0142\u0105 sobot\u0119 przechodzi\u0142 nad nami front atmosferyczny, byli\u015bmy w chmurze, wiatr i deszcz powodowa\u0142 problemy z antenami, w wyniku czego odm\u00f3wi\u0142 pos\u0142usze\u0144stwa jeden ze wzmacniaczy. W \u015brodku nocy konieczne by\u0142o zdemontowanie d\u0142ugiej 11el anteny i za\u0142o\u017cenie zapasowej 6el. Uszkodzony wzmacniacz zosta\u0142 zast\u0105piony zapasowym, ale zlokalizowanym w shacku, przy radiu.<\/p>\n<p>Warunki propagacyjne by\u0142y zdecydowanie poni\u017cej przeci\u0119tnych. W logu mniej ni\u017c zwykle stacji z DL i OK. Noc\u0105 uda\u0142o si\u0119 przeprowadzi\u0107 sporo \u0142\u0105czno\u015bci na CW.<\/p>\n<p>Nowa lokalizacja ma ogromny potencja\u0142, pierwszy start uwa\u017camy za udany i wyci\u0105gamy sporo wniosk\u00f3w na przysz\u0142o\u015b\u0107. W czasie zawod\u00f3w mieli\u015bmy ogromny QRM od stacji OL1R&#8230; mimo, \u017ce mieli\u015bmy bli\u017csze stacje QRO pracuj\u0105ce bli\u017cej naszej cz\u0119stotliwo\u015bci. S\u0142yszeli\u015bmy jeszcze jedn\u0105 stacj\u0119 z LZ, jak i jeszcze IK7FPU z JN71.<\/p>\n<p><a href=\"https:\/\/photos.app.goo.gl\/XHAcZMjGDKkZ9bnD6\" rel=\"noopener\" target=\"_blank\">GALERIA<\/a><\/p>\n<p>Raz jeszcze dzi\u0119kujemy za \u0142\u0105czno\u015bci z Wami i zapraszamy do udzia\u0142u w kolejnych zawodach!<\/p>\n<p>&#8212;&#8212;&#8212;&#8212;&#8212;&#8212;&#8212;&#8212;&#8212;&#8212;&#8212;&#8212;&#8212;&#8212;&#8212;&#8211;<\/p>\n<p>SN7L JO70UR 1603m AGL &#8211; VHF IARU R1 2018<br \/>\n934 QSO \/ 370000 pts \/ ODX 1113km \/ 125 grid squares<\/p>\n<p>First of all, we would like to thank Institude of Meteorology and Water Management and employees of \u015anie\u017cka observatory for the patience, engagement and hospitality.<br \/>\nBig thanks to all stations, who patiently called us and gave us the points.<\/p>\n<p>We have been using Ten-Tec Omni VI transceiver + SP7TEE VHF transverter 11 el (6 el) on the upper balcony and three 2&#215;6 el antenna systems on the lower balcony + QRO &amp; LNA.<\/p>\n<p>SN7L Team, consisting of SP7TEE, SP7HKK, SP7MTU, SQ7OYG, SO3Z, SQ3SWF, SP5XMU reached the top of \u015anie\u017cka mountain on Thursday morning. The weather was really pleasant until friday night. During the whole Saturday there was a weather front coming over us, severe rain caused some problems with the antennas and we have lost one of the amplifiers. In the middle of the night, we had to replace 11 el long yagi with 6 el backup one, a backup amplifier was installed inside the shack, increasing our rx feedline loss.<\/p>\n<p>Propagation was way below the usual, much less DL and OK stations in the log. At night, we managed to work many stations using CW.<\/p>\n<p>We consider the first start from \u015anie\u017cka mountaing a success &#8211; there&#8217;s lot of potential in this place and we have already made a lot of observations and conclusions.<\/p>\n<p>During the contest we struggled with severe QRM from OL1R, despite the presence of equally strong stations even closer to our frequency.<\/p>\n<p><a href=\"https:\/\/photos.app.goo.gl\/XHAcZMjGDKkZ9bnD6\" rel=\"noopener\" target=\"_blank\">GALERIA<\/a><\/p>\n<p>Once again, thank you all for all the contacts and we&#8217;d be delighted to meet you again during next VHF contests!<br \/>\n<a href=\"https:\/\/so3z.com\/wp-content\/uploads\/2018\/09\/20180903201726.png\"><img loading=\"lazy\" decoding=\"async\" src=\"https:\/\/so3z.com\/wp-content\/uploads\/2018\/09\/20180903201726-1024x1024.png\" alt=\"\" width=\"474\" height=\"474\" class=\"alignnone size-large wp-image-3253\" srcset=\"https:\/\/so3z.com\/wp-content\/uploads\/2018\/09\/20180903201726-1024x1024.png 1024w, https:\/\/so3z.com\/wp-content\/uploads\/2018\/09\/20180903201726-150x150.png 150w, https:\/\/so3z.com\/wp-content\/uploads\/2018\/09\/20180903201726-300x300.png 300w, https:\/\/so3z.com\/wp-content\/uploads\/2018\/09\/20180903201726-768x768.png 768w, https:\/\/so3z.com\/wp-content\/uploads\/2018\/09\/20180903201726.png 1600w\" sizes=\"auto, (max-width: 474px) 100vw, 474px\" \/><\/a><br \/>\n<a href=\"https:\/\/so3z.com\/wp-content\/uploads\/2018\/09\/40684803_1051718991653938_1411853018319552512_o.jpg\"><img loading=\"lazy\" decoding=\"async\" src=\"https:\/\/so3z.com\/wp-content\/uploads\/2018\/09\/40684803_1051718991653938_1411853018319552512_o-1024x512.jpg\" alt=\"\" width=\"474\" height=\"237\" class=\"alignnone size-large wp-image-3254\" srcset=\"https:\/\/so3z.com\/wp-content\/uploads\/2018\/09\/40684803_1051718991653938_1411853018319552512_o-1024x512.jpg 1024w, https:\/\/so3z.com\/wp-content\/uploads\/2018\/09\/40684803_1051718991653938_1411853018319552512_o-300x150.jpg 300w, https:\/\/so3z.com\/wp-content\/uploads\/2018\/09\/40684803_1051718991653938_1411853018319552512_o-768x384.jpg 768w\" sizes=\"auto, (max-width: 474px) 100vw, 474px\" \/><\/a><\/p>\n","protected":false},"excerpt":{"rendered":"<p>SN7L JO70UR 1603 m n.p.m. &#8211; VHF IARU R1 2018 934 QSO \/ 370000 punkt\u00f3w \/ ODX 1113km \/ 125 kwadrat\u00f3w By\u0142 to nasz pierwszy start ze \u015anie\u017cki. Na wst\u0119pie dzi\u0119kujemy IMGW i pracownikom obserwatorium za go\u015bcin\u0119 i cierpliwo\u015b\u0107 oraz zainteresowanie. Dzi\u0119kujemy r\u00f3wnie\u017c wszystkim stacjom polskim, kt\u00f3re da\u0142y nam punkty i cierpliwie nas wo\u0142a\u0142y. W &hellip; <a href=\"https:\/\/so3z.com\/?page_id=3248\" class=\"more-link\">Czytaj dalej <span class=\"screen-reader-text\">VHF IARU &#8211; SN7L JO70UR<\/span> <span class=\"meta-nav\">&rarr;<\/span><\/a><\/p>\n","protected":false},"author":1,"featured_media":0,"parent":0,"menu_order":0,"comment_status":"closed","ping_status":"closed","template":"","meta":{"footnotes":""},"class_list":["post-3248","page","type-page","status-publish","hentry"],"_links":{"self":[{"href":"https:\/\/so3z.com\/index.php?rest_route=\/wp\/v2\/pages\/3248","targetHints":{"allow":["GET"]}}],"collection":[{"href":"https:\/\/so3z.com\/index.php?rest_route=\/wp\/v2\/pages"}],"about":[{"href":"https:\/\/so3z.com\/index.php?rest_route=\/wp\/v2\/types\/page"}],"author":[{"embeddable":true,"href":"https:\/\/so3z.com\/index.php?rest_route=\/wp\/v2\/users\/1"}],"replies":[{"embeddable":true,"href":"https:\/\/so3z.com\/index.php?rest_route=%2Fwp%2Fv2%2Fcomments&post=3248"}],"version-history":[{"count":5,"href":"https:\/\/so3z.com\/index.php?rest_route=\/wp\/v2\/pages\/3248\/revisions"}],"predecessor-version":[{"id":3258,"href":"https:\/\/so3z.com\/index.php?rest_route=\/wp\/v2\/pages\/3248\/revisions\/3258"}],"wp:attachment":[{"href":"https:\/\/so3z.com\/index.php?rest_route=%2Fwp%2Fv2%2Fmedia&parent=3248"}],"curies":[{"name":"wp","href":"https:\/\/api.w.org\/{rel}","templated":true}]}}