{"id":3342,"date":"2018-11-06T00:30:47","date_gmt":"2018-11-05T23:30:47","guid":{"rendered":"http:\/\/so3z.com\/?page_id=3342"},"modified":"2018-11-06T00:31:57","modified_gmt":"2018-11-05T23:31:57","slug":"tropo-9-11-10-2018","status":"publish","type":"page","link":"https:\/\/so3z.com\/?page_id=3342","title":{"rendered":"Tropo =  9 &#8211; 11.10.2018"},"content":{"rendered":"<p>Do tej pory zrobi\u0142em \u0142\u0105czno\u015bci na FT8 z EI3KD, G4CDN (CW), R5WM,  UA3YCX, RK2P,  R3LW,  RK3AF, RA3EL, EW8W, EW8AAA, EU1AI (CW), EW8CN, EW6EM, EW6X, EW8KT, EW6FS (CW), UT5EL\/A, UR3VKE, UR3EE, UT8AL, UT2VR, UT8LE, UT2SW, UR5LX (CW) YL2FZ, SM5EPO (FT8+CW), SM0KAK (CW), SM0NCL, SM5EPC, SA0CCA, SK4AO (CW\/SSB), SK0EN (CW), SK3MF (CW\/SSB), OH1ND, OH6KTL (FT8+CW\/SSB), OH3LWP = u mnie IC7100 50W 14el LNA<\/p>\n<p>S\u0142ysza\u0142em G4RRA IO80, G4TRA, G8JLY, G4KUX IO94, M1BXF, G3YDY, GW3TKH, GW4HDF, M0CGL, M0UKR, PB0AHX, PE1BIW, ON4PS JO20, UA3IDQ KO66, UT8LN KN89, US5QEQ KN77, UT4LA KN89, LA0BY JO59. S\u0142ysza\u0142em r\u00f3wnie\u017c bikon SK4MPI i OH2VHF.<br \/>\n\u0141adnie wychodzi\u0142 EI3KD -4dB, \u0142\u0105czno\u015b\u0107 zrobi\u0142em z 50W. Niestety mia\u0142em na pocz\u0105tku problemy z nadawaniem poprzez remote wi\u0119c wielu stacji nie uda\u0142o si\u0119 zrobi\u0107. Po po\u0142udniu zrobi\u0142em G4CDN na CW 599\/599 (Richard chwile p\u00f3\u017aniej zrobi\u0142 QSO na FT8 2195km). S\u0142ysza\u0142em \u0142\u0105czno\u015bci R5WM, UT8AL &#8211; zrobili \u0142\u0105czno\u015bci po 2100-2200km z G4CDN i G4SWX. Widzia\u0142em, \u017ce John G4SWX zrobi\u0142 KO82 2380km p\u00f3\u017aniej.<\/p>\n<p>Mnie s\u0142ysza\u0142 r\u00f3wnie\u017c OH6ZZ KP12<\/p>\n<p><a href=\"https:\/\/so3z.com\/wp-content\/uploads\/2018\/10\/20181012073345.png\"><img loading=\"lazy\" decoding=\"async\" src=\"https:\/\/so3z.com\/wp-content\/uploads\/2018\/10\/20181012073345-1024x1024.png\" alt=\"\" width=\"474\" height=\"474\" class=\"alignnone size-large wp-image-3326\" srcset=\"https:\/\/so3z.com\/wp-content\/uploads\/2018\/10\/20181012073345-1024x1024.png 1024w, https:\/\/so3z.com\/wp-content\/uploads\/2018\/10\/20181012073345-150x150.png 150w, https:\/\/so3z.com\/wp-content\/uploads\/2018\/10\/20181012073345-300x300.png 300w, https:\/\/so3z.com\/wp-content\/uploads\/2018\/10\/20181012073345-768x768.png 768w, https:\/\/so3z.com\/wp-content\/uploads\/2018\/10\/20181012073345.png 1200w\" sizes=\"auto, (max-width: 474px) 100vw, 474px\" \/><\/a><\/p>\n<p>Pogoda idealna na dukty &#8211; du\u017ca amplituda temperatur, w dzie\u0144 ciep\u0142o, zero wiatru i mg\u0142y.<br \/>\nRozleg\u0142y ciep\u0142y wy\u017c.<br \/>\nTemperatura na wysoko\u015bci 500m na foto<a href=\"https:\/\/so3z.com\/wp-content\/uploads\/2018\/10\/43522982_1217914431682750_5337943801107316736_o.png\"><img loading=\"lazy\" decoding=\"async\" src=\"https:\/\/so3z.com\/wp-content\/uploads\/2018\/10\/43522982_1217914431682750_5337943801107316736_o-1024x791.png\" alt=\"\" width=\"474\" height=\"366\" class=\"alignnone size-large wp-image-3281\" srcset=\"https:\/\/so3z.com\/wp-content\/uploads\/2018\/10\/43522982_1217914431682750_5337943801107316736_o-1024x791.png 1024w, https:\/\/so3z.com\/wp-content\/uploads\/2018\/10\/43522982_1217914431682750_5337943801107316736_o-300x232.png 300w, https:\/\/so3z.com\/wp-content\/uploads\/2018\/10\/43522982_1217914431682750_5337943801107316736_o-768x593.png 768w, https:\/\/so3z.com\/wp-content\/uploads\/2018\/10\/43522982_1217914431682750_5337943801107316736_o.png 1100w\" sizes=\"auto, (max-width: 474px) 100vw, 474px\" \/><\/a><\/p>\n<p><a href=\"https:\/\/so3z.com\/wp-content\/uploads\/2018\/10\/cisnienie.jpg\"><img loading=\"lazy\" decoding=\"async\" src=\"https:\/\/so3z.com\/wp-content\/uploads\/2018\/10\/cisnienie-1024x516.jpg\" alt=\"\" width=\"474\" height=\"239\" class=\"alignnone size-large wp-image-3301\" srcset=\"https:\/\/so3z.com\/wp-content\/uploads\/2018\/10\/cisnienie-1024x516.jpg 1024w, https:\/\/so3z.com\/wp-content\/uploads\/2018\/10\/cisnienie-300x151.jpg 300w, https:\/\/so3z.com\/wp-content\/uploads\/2018\/10\/cisnienie-768x387.jpg 768w, https:\/\/so3z.com\/wp-content\/uploads\/2018\/10\/cisnienie.jpg 1469w\" sizes=\"auto, (max-width: 474px) 100vw, 474px\" \/><\/a><br \/>\n<a href=\"https:\/\/so3z.com\/wp-content\/uploads\/2018\/10\/syno111018.png\"><img loading=\"lazy\" decoding=\"async\" src=\"https:\/\/so3z.com\/wp-content\/uploads\/2018\/10\/syno111018-759x1024.png\" alt=\"\" width=\"474\" height=\"639\" class=\"alignnone size-large wp-image-3328\" srcset=\"https:\/\/so3z.com\/wp-content\/uploads\/2018\/10\/syno111018-759x1024.png 759w, https:\/\/so3z.com\/wp-content\/uploads\/2018\/10\/syno111018-222x300.png 222w, https:\/\/so3z.com\/wp-content\/uploads\/2018\/10\/syno111018-768x1036.png 768w, https:\/\/so3z.com\/wp-content\/uploads\/2018\/10\/syno111018.png 800w\" sizes=\"auto, (max-width: 474px) 100vw, 474px\" \/><\/a><\/p>\n","protected":false},"excerpt":{"rendered":"<p>Do tej pory zrobi\u0142em \u0142\u0105czno\u015bci na FT8 z EI3KD, G4CDN (CW), R5WM, UA3YCX, RK2P, R3LW, RK3AF, RA3EL, EW8W, EW8AAA, EU1AI (CW), EW8CN, EW6EM, EW6X, EW8KT, EW6FS (CW), UT5EL\/A, UR3VKE, UR3EE, UT8AL, UT2VR, UT8LE, UT2SW, UR5LX (CW) YL2FZ, SM5EPO (FT8+CW), SM0KAK (CW), SM0NCL, SM5EPC, SA0CCA, SK4AO (CW\/SSB), SK0EN (CW), SK3MF (CW\/SSB), OH1ND, OH6KTL (FT8+CW\/SSB), OH3LWP = &hellip; <a href=\"https:\/\/so3z.com\/?page_id=3342\" class=\"more-link\">Czytaj dalej <span class=\"screen-reader-text\">Tropo =  9 &#8211; 11.10.2018<\/span> <span class=\"meta-nav\">&rarr;<\/span><\/a><\/p>\n","protected":false},"author":1,"featured_media":0,"parent":2669,"menu_order":0,"comment_status":"closed","ping_status":"closed","template":"","meta":{"footnotes":""},"class_list":["post-3342","page","type-page","status-publish","hentry"],"_links":{"self":[{"href":"https:\/\/so3z.com\/index.php?rest_route=\/wp\/v2\/pages\/3342","targetHints":{"allow":["GET"]}}],"collection":[{"href":"https:\/\/so3z.com\/index.php?rest_route=\/wp\/v2\/pages"}],"about":[{"href":"https:\/\/so3z.com\/index.php?rest_route=\/wp\/v2\/types\/page"}],"author":[{"embeddable":true,"href":"https:\/\/so3z.com\/index.php?rest_route=\/wp\/v2\/users\/1"}],"replies":[{"embeddable":true,"href":"https:\/\/so3z.com\/index.php?rest_route=%2Fwp%2Fv2%2Fcomments&post=3342"}],"version-history":[{"count":2,"href":"https:\/\/so3z.com\/index.php?rest_route=\/wp\/v2\/pages\/3342\/revisions"}],"predecessor-version":[{"id":3348,"href":"https:\/\/so3z.com\/index.php?rest_route=\/wp\/v2\/pages\/3342\/revisions\/3348"}],"up":[{"embeddable":true,"href":"https:\/\/so3z.com\/index.php?rest_route=\/wp\/v2\/pages\/2669"}],"wp:attachment":[{"href":"https:\/\/so3z.com\/index.php?rest_route=%2Fwp%2Fv2%2Fmedia&parent=3342"}],"curies":[{"name":"wp","href":"https:\/\/api.w.org\/{rel}","templated":true}]}}