{"id":3432,"date":"2019-06-28T11:25:33","date_gmt":"2019-06-28T10:25:33","guid":{"rendered":"http:\/\/so3z.com\/?page_id=3432"},"modified":"2019-06-29T22:19:47","modified_gmt":"2019-06-29T21:19:47","slug":"tropo-27-28-06-2019","status":"publish","type":"page","link":"https:\/\/so3z.com\/?page_id=3432","title":{"rendered":"Tropo = 27-29.06.2019"},"content":{"rendered":"\n<p>,Pod koniec czerwca znad Afryki dotar\u0142y upa\u0142y &#8211; temperatura we Francji dobi\u0142a do 40 stopni, a w Polsce do 38 stopni. Do tego wy\u017c, mo\u017cna by\u0142o spodziewa\u0107 si\u0119 warunk\u00f3w. Niestety oba dni sp\u0119dzi\u0142em w pracy tak\u017ce w gr\u0119 wchodzi\u0142o tylko CW i FT8. Na CW przeprowadzi\u0142em dos\u0142ownie 7 QSO w tym z G4RRA. Na FT8 znacznie wi\u0119ksz\u0105 ilo\u015b\u0107. <br><br>S\u0142ysza\u0142em takie stacje jak: M1BXF, M0DHO, M0VMV, G4SWX, G3KZR, G8ECI, G4LPP, G4CUI, PA3PM, G4MJC, G3ZNU, G4SFY, G6WRW, G3YEG, G0GXT, F4HRD, F6MHQ, PA2CHR, PE4A, PA3PCV, PD4R, ON4IQ, PA3EWP, PD0LEO, PI4TX, PE1OPK, PA1DDE, PA3CLP, LA0GE, LA8AV. Ja z kolei by\u0142em odbierany przez stacje takie jak: PH4X, PH2M, G0OFE, M0DHO, G1IDZ, G4CUI, G8ECI, G8MIA, G4LOH, G4UCJ, G8DJF, G3TCG, G4ATX, MX0CNS, F5APQ, GI4SNA, G8GXP, GM4GUF, ON8CF<br><br>Pracowa\u0142em na 50W, przedwzmacniaczu, antena 14el OWL ZB.<\/p>\n\n\n\n<figure class=\"wp-block-image\"><img loading=\"lazy\" decoding=\"async\" width=\"1024\" height=\"497\" src=\"https:\/\/so3z.com\/wp-content\/uploads\/2019\/06\/tropo-1024x497.jpg\" alt=\"\" class=\"wp-image-3462\" srcset=\"https:\/\/so3z.com\/wp-content\/uploads\/2019\/06\/tropo-1024x497.jpg 1024w, https:\/\/so3z.com\/wp-content\/uploads\/2019\/06\/tropo-300x145.jpg 300w, https:\/\/so3z.com\/wp-content\/uploads\/2019\/06\/tropo-768x372.jpg 768w\" sizes=\"auto, (max-width: 1024px) 100vw, 1024px\" \/><\/figure>\n\n\n\n<p>LOG by QRB:<br>G7RAU IN79 1561km FT8 (heard CW)<br>F6DBI IN88 1497km FT8<br>G4ALY IO70 1477km FT8<br>G4RRA IO80 1445km FT8+CW<br>GW4HDF IO81 1378km FT8<br>GW7SMV IO81 1368km FT8<br>G4ZYY IO90 1321km FT8<br>G8TTI IO81 1307km FT8<br>G4TRA IO81 1306km FT8<br>M0PNN IO82 1303km FT8<br>G8JLY IO82 1293km FT8<br>G8OFA IO91 1290km FT8<br>G4KWQ IO92 1277km FT8<br>G0MTN IO92 1275km FT8<br>G4VPD IO92 1275km FT8<br>G3LTF IO91 1269km CW<br>G3YPD IO92 1265km FT8<br>G4MKF IO91 1260km FT8<br>G8EKG IO92 1253km FT8<br>G8VHI IO92 1251km CW\/SSB+FT8<br>G4AEP IO91 1240km FT8<br>G4VQZ IO90 1235km FT8<br>G4DCV IO91 1225km FT8<br>G4YTL IO92 1222km CW<br>M0PNT IO92 1221km FT8<br>G4RGK IO91 1217km CW<br>G4FTC IO91 1216km FT8<br>M5MD IO91 1191km FT8<br>M0CVX IO93 1178km FT8<br>G8RWG IO91 1177km FT8<br>G0PQO IO92 1174km FT8<br>G4DHF IO92 1163km FT8<br>M1DNJ JO01 1136km FT8<br>M0CGL JO03 1133km FT8<br>G8HGN JO01 1131km FT8<br>G3YDY JO01 1129km FT8<br>M1BXF JO02 1124km FT8<br>G4IJE JO01 1119km FT8<br>M0GWF JO01 1112km FT8<br>G4DBW JO01 1094km FT8<br>F1UFX JN19 1069km FT8<br>F4FWT JO00 1048km FT8<br>G4CDN JO02 1041km CW<br>ON4KHG JO10 921km FT8<br>ON8KW JO20 899km FT8<br>ON4POO JO20 897km FT8<br>ON4PS JO20 856km CW<br>PA2M JO21 842km FT8<br>PA3BIY JO22 840km CW<br>PA5WT JO22 838km FT8<br>PH4X JO22 831km FT8<br>PA0JMV JO21 807km CW<br>PA0VHA\/P JO21 FT8<br>PA1BVM JO21 794km FT8<br>ON6NL JO21 785km FT8<br>PD0PVL JO22 748km FT8<br>PA3CWN JO33 742km FT8<br>i kilka wi\u0119cej na mniejsze odleg\u0142o\u015bci.<br><br>noc\u0105 z 28\/29 pojawi\u0142 si\u0119 bikon LA8VHF (549) zwiastuj\u0105cy propagacj\u0119 na Skandynawi\u0119. Mapki wskazuj\u0105 szanse na \u0142\u0105czno\u015b\u0107 nawet z OY.  Fingers crossed.<br> <\/p>\n\n\n\n<p><br><\/p>\n\n\n\n<figure class=\"wp-block-image\"><img loading=\"lazy\" decoding=\"async\" width=\"800\" height=\"618\" src=\"https:\/\/so3z.com\/wp-content\/uploads\/2019\/06\/eur012.jpg\" alt=\"\" class=\"wp-image-3434\" srcset=\"https:\/\/so3z.com\/wp-content\/uploads\/2019\/06\/eur012.jpg 800w, https:\/\/so3z.com\/wp-content\/uploads\/2019\/06\/eur012-300x232.jpg 300w, https:\/\/so3z.com\/wp-content\/uploads\/2019\/06\/eur012-768x593.jpg 768w\" sizes=\"auto, (max-width: 800px) 100vw, 800px\" \/><\/figure>\n\n\n\n<figure class=\"wp-block-image\"><img loading=\"lazy\" decoding=\"async\" width=\"800\" height=\"618\" src=\"https:\/\/so3z.com\/wp-content\/uploads\/2019\/06\/eur015.jpg\" alt=\"\" class=\"wp-image-3435\" srcset=\"https:\/\/so3z.com\/wp-content\/uploads\/2019\/06\/eur015.jpg 800w, https:\/\/so3z.com\/wp-content\/uploads\/2019\/06\/eur015-300x232.jpg 300w, https:\/\/so3z.com\/wp-content\/uploads\/2019\/06\/eur015-768x593.jpg 768w\" sizes=\"auto, (max-width: 800px) 100vw, 800px\" \/><\/figure>\n\n\n\n<figure class=\"wp-block-image\"><img loading=\"lazy\" decoding=\"async\" width=\"800\" height=\"618\" src=\"https:\/\/so3z.com\/wp-content\/uploads\/2019\/06\/eur018.jpg\" alt=\"\" class=\"wp-image-3436\" srcset=\"https:\/\/so3z.com\/wp-content\/uploads\/2019\/06\/eur018.jpg 800w, https:\/\/so3z.com\/wp-content\/uploads\/2019\/06\/eur018-300x232.jpg 300w, https:\/\/so3z.com\/wp-content\/uploads\/2019\/06\/eur018-768x593.jpg 768w\" sizes=\"auto, (max-width: 800px) 100vw, 800px\" \/><\/figure>\n\n\n\n<figure class=\"wp-block-image\"><img loading=\"lazy\" decoding=\"async\" width=\"800\" height=\"618\" src=\"https:\/\/so3z.com\/wp-content\/uploads\/2019\/06\/eur021.jpg\" alt=\"\" class=\"wp-image-3437\" srcset=\"https:\/\/so3z.com\/wp-content\/uploads\/2019\/06\/eur021.jpg 800w, https:\/\/so3z.com\/wp-content\/uploads\/2019\/06\/eur021-300x232.jpg 300w, https:\/\/so3z.com\/wp-content\/uploads\/2019\/06\/eur021-768x593.jpg 768w\" sizes=\"auto, (max-width: 800px) 100vw, 800px\" \/><\/figure>\n\n\n\n<figure class=\"wp-block-image\"><img loading=\"lazy\" decoding=\"async\" width=\"800\" height=\"618\" src=\"https:\/\/so3z.com\/wp-content\/uploads\/2019\/06\/eur0181.jpg\" alt=\"\" class=\"wp-image-3438\" srcset=\"https:\/\/so3z.com\/wp-content\/uploads\/2019\/06\/eur0181.jpg 800w, https:\/\/so3z.com\/wp-content\/uploads\/2019\/06\/eur0181-300x232.jpg 300w, https:\/\/so3z.com\/wp-content\/uploads\/2019\/06\/eur0181-768x593.jpg 768w\" sizes=\"auto, (max-width: 800px) 100vw, 800px\" \/><\/figure>\n\n\n\n<figure class=\"wp-block-image\"><img loading=\"lazy\" decoding=\"async\" width=\"800\" height=\"618\" src=\"https:\/\/so3z.com\/wp-content\/uploads\/2019\/06\/eur0211.jpg\" alt=\"\" class=\"wp-image-3439\" srcset=\"https:\/\/so3z.com\/wp-content\/uploads\/2019\/06\/eur0211.jpg 800w, https:\/\/so3z.com\/wp-content\/uploads\/2019\/06\/eur0211-300x232.jpg 300w, https:\/\/so3z.com\/wp-content\/uploads\/2019\/06\/eur0211-768x593.jpg 768w\" sizes=\"auto, (max-width: 800px) 100vw, 800px\" \/><\/figure>\n\n\n\n<figure class=\"wp-block-image\"><img loading=\"lazy\" decoding=\"async\" width=\"800\" height=\"618\" src=\"https:\/\/so3z.com\/wp-content\/uploads\/2019\/06\/eur018-1.jpg\" alt=\"\" class=\"wp-image-3449\" srcset=\"https:\/\/so3z.com\/wp-content\/uploads\/2019\/06\/eur018-1.jpg 800w, https:\/\/so3z.com\/wp-content\/uploads\/2019\/06\/eur018-1-300x232.jpg 300w, https:\/\/so3z.com\/wp-content\/uploads\/2019\/06\/eur018-1-768x593.jpg 768w\" sizes=\"auto, (max-width: 800px) 100vw, 800px\" \/><\/figure>\n\n\n\n<figure class=\"wp-block-image\"><img loading=\"lazy\" decoding=\"async\" width=\"800\" height=\"618\" src=\"https:\/\/so3z.com\/wp-content\/uploads\/2019\/06\/eur021-1.jpg\" alt=\"\" class=\"wp-image-3451\" srcset=\"https:\/\/so3z.com\/wp-content\/uploads\/2019\/06\/eur021-1.jpg 800w, https:\/\/so3z.com\/wp-content\/uploads\/2019\/06\/eur021-1-300x232.jpg 300w, https:\/\/so3z.com\/wp-content\/uploads\/2019\/06\/eur021-1-768x593.jpg 768w\" sizes=\"auto, (max-width: 800px) 100vw, 800px\" \/><\/figure>\n\n\n\n<p>Bikon SR3VHX by\u0142 raportowany przez G1EZF IO93, G4KWQ IO92, PA2M, DL6BF .<\/p>\n\n\n\n<p>screen od GW7SMV <\/p>\n\n\n\n<figure class=\"wp-block-image\"><img loading=\"lazy\" decoding=\"async\" width=\"1024\" height=\"576\" src=\"https:\/\/so3z.com\/wp-content\/uploads\/2019\/06\/tropo2019-1024x576.jpg\" alt=\"\" class=\"wp-image-3447\" srcset=\"https:\/\/so3z.com\/wp-content\/uploads\/2019\/06\/tropo2019-1024x576.jpg 1024w, https:\/\/so3z.com\/wp-content\/uploads\/2019\/06\/tropo2019-300x169.jpg 300w, https:\/\/so3z.com\/wp-content\/uploads\/2019\/06\/tropo2019-768x432.jpg 768w, https:\/\/so3z.com\/wp-content\/uploads\/2019\/06\/tropo2019.jpg 1200w\" sizes=\"auto, (max-width: 1024px) 100vw, 1024px\" \/><\/figure>\n","protected":false},"excerpt":{"rendered":"<p>,Pod koniec czerwca znad Afryki dotar\u0142y upa\u0142y &#8211; temperatura we Francji dobi\u0142a do 40 stopni, a w Polsce do 38 stopni. Do tego wy\u017c, mo\u017cna by\u0142o spodziewa\u0107 si\u0119 warunk\u00f3w. Niestety oba dni sp\u0119dzi\u0142em w pracy tak\u017ce w gr\u0119 wchodzi\u0142o tylko CW i FT8. Na CW przeprowadzi\u0142em dos\u0142ownie 7 QSO w tym z G4RRA. Na FT8 &hellip; <a href=\"https:\/\/so3z.com\/?page_id=3432\" class=\"more-link\">Czytaj dalej <span class=\"screen-reader-text\">Tropo = 27-29.06.2019<\/span> <span class=\"meta-nav\">&rarr;<\/span><\/a><\/p>\n","protected":false},"author":1,"featured_media":0,"parent":2669,"menu_order":0,"comment_status":"closed","ping_status":"closed","template":"","meta":{"footnotes":""},"class_list":["post-3432","page","type-page","status-publish","hentry"],"_links":{"self":[{"href":"https:\/\/so3z.com\/index.php?rest_route=\/wp\/v2\/pages\/3432","targetHints":{"allow":["GET"]}}],"collection":[{"href":"https:\/\/so3z.com\/index.php?rest_route=\/wp\/v2\/pages"}],"about":[{"href":"https:\/\/so3z.com\/index.php?rest_route=\/wp\/v2\/types\/page"}],"author":[{"embeddable":true,"href":"https:\/\/so3z.com\/index.php?rest_route=\/wp\/v2\/users\/1"}],"replies":[{"embeddable":true,"href":"https:\/\/so3z.com\/index.php?rest_route=%2Fwp%2Fv2%2Fcomments&post=3432"}],"version-history":[{"count":19,"href":"https:\/\/so3z.com\/index.php?rest_route=\/wp\/v2\/pages\/3432\/revisions"}],"predecessor-version":[{"id":3468,"href":"https:\/\/so3z.com\/index.php?rest_route=\/wp\/v2\/pages\/3432\/revisions\/3468"}],"up":[{"embeddable":true,"href":"https:\/\/so3z.com\/index.php?rest_route=\/wp\/v2\/pages\/2669"}],"wp:attachment":[{"href":"https:\/\/so3z.com\/index.php?rest_route=%2Fwp%2Fv2%2Fmedia&parent=3432"}],"curies":[{"name":"wp","href":"https:\/\/api.w.org\/{rel}","templated":true}]}}