{"id":3470,"date":"2019-07-08T16:01:33","date_gmt":"2019-07-08T15:01:33","guid":{"rendered":"http:\/\/so3z.com\/?page_id=3470"},"modified":"2019-07-10T08:44:29","modified_gmt":"2019-07-10T07:44:29","slug":"iii-iaru-sn7l-jo70ur","status":"publish","type":"page","link":"https:\/\/so3z.com\/?page_id=3470","title":{"rendered":"III IARU &#8211; SN7L JO70UR"},"content":{"rendered":"\n<figure class=\"wp-block-image\"><img loading=\"lazy\" decoding=\"async\" width=\"1024\" height=\"1024\" src=\"https:\/\/so3z.com\/wp-content\/uploads\/2019\/07\/jo70-1024x1024.png\" alt=\"\" class=\"wp-image-3471\" srcset=\"https:\/\/so3z.com\/wp-content\/uploads\/2019\/07\/jo70-1024x1024.png 1024w, https:\/\/so3z.com\/wp-content\/uploads\/2019\/07\/jo70-150x150.png 150w, https:\/\/so3z.com\/wp-content\/uploads\/2019\/07\/jo70-300x300.png 300w, https:\/\/so3z.com\/wp-content\/uploads\/2019\/07\/jo70-768x768.png 768w, https:\/\/so3z.com\/wp-content\/uploads\/2019\/07\/jo70.png 1800w\" sizes=\"auto, (max-width: 1024px) 100vw, 1024px\" \/><\/figure>\n\n\n\n<p><strong>955 QSO  390575 pkt  ODX 1075km  115WWL  avg 409km\/QSO<\/strong><br><br><br><strong>More you will find on<\/strong><a href=\"https:\/\/www.facebook.com\/SN7L.VHF\/\"><strong> facebook profile of SN7L team <\/strong><\/a><\/p>\n\n\n\n<p><a href=\"https:\/\/photos.app.goo.gl\/d4f5oc72ByEwTVeF8\" target=\"_blank\" rel=\"noreferrer noopener\" aria-label=\"GALERIA  (otwiera si\u0119 na nowej zak\u0142adce)\">GALERIA <\/a><\/p>\n\n\n\n<p>Przede wszystkim dzi\u0119kujemy pracownikom IMGW za go\u015bcin\u0119 i akceptacj\u0119. Kolejne podzi\u0119kowania nale\u017c\u0105 si\u0119 Karkonoskiemu Parkowi Narodowemu za wyra\u017cenie zgody na wjazd na \u015anie\u017ck\u0119.<br>Bez nich nie by\u0142o by mo\u017cliwe osi\u0105gni\u0119cie tak wspania\u0142ego rezultatu z tej lokalizacji. <\/p>\n\n\n\n<p>Wszystko wskazuje na to, \u017ce jest to najlepszy wynik w tych zawodach w Europie \ud83d\ude42 <\/p>\n\n\n\n<p>Wi\u0119kszo\u015b\u0107 ekipy dojecha\u0142a na miejsce ju\u017c w \u015brod\u0119. Ja mam do JO70UR prawie 500km i niestety jecha\u0142em w nocy by by\u0107 na rano w czwartek pod wyci\u0105giem na Kop\u0119.<br><br>Pracowali\u015bmy na wysoce zmodyfikowanym Kenwoodzie TS-850s, transwerterze produkcji Ma\u0107ka SP7TEE, 4 systemach antenowych:  2x 12el YU7EF, 12el YU7EF, 4x 6el SP9FYS (na sta\u0142e na zach\u00f3d) , 2x 6el DK7ZB wraz z QRO i przedwzmacniaczami. <br><br>Wszystko zagra\u0142o tak jak trzeba, zero awarii w czasie zawod\u00f3w. Przed zawodami mieli\u015bmy jedn\u0105 awari\u0119 niestety. Nowy zestaw z przerobion\u0105 cz\u0119\u015bci\u0105 odbiornika sprawdzi\u0142 si\u0119 idealnie, nowe LNA r\u00f3wnie\u017c, nowe 4x 6el ustawione na stale na zach\u00f3d r\u00f3wnie\u017c.<br><br>OK1HWU oceni\u0142, \u017ce nasz silny sygna\u0142 z najwy\u017cszej lokalizacji w JO70 przy wykorzystaniu QRO zajmuje tylko +\/- 6-7kHz na zwyk\u0142ym TRXie i jest jednym z najlepszych s\u0142yszalnych w okolicy. Oczywi\u015bcie jest to zas\u0142uga wysokich umiej\u0119tno\u015bci in\u017cynierskich projektowych Ma\u0107ka SP7TEE, a bezpo\u015brednio niskim szumom fazowym naszych urz\u0105dze\u0144.<br>Nasz sygna\u0142 nadawczy dobrej jako\u015bci jest dla nas pewnym problemem. Przysuwaj\u0105 si\u0119 do naszej cz\u0119stotliwo\u015bci inne silne stacje, kt\u00f3re maj\u0105 za nic jako\u015b\u0107 sygna\u0142u przeszkadzaj\u0105c niejednokrotnie w komfortowej pracy.<br><br>Warunki w czasie zawod\u00f3w by\u0142y przeci\u0119tne.<br>Anteny sk\u0142adali\u015bmy w du\u017cym wietrze. Ekipa zje\u017cd\u017ca\u0142a w poniedzia\u0142ek rano, a ja zwin\u0105\u0142em si\u0119 zaraz po z\u0142o\u017ceniu wszystkich system\u00f3w antenowych. Zszed\u0142em do Karpacza i 500km drogi powrotnej do KO02 \ud83d\ude42<br><\/p>\n\n\n\n<p>S\u0142ysza\u0142y nas stacje z JO00, JO10, IO93, IO82, JO00, JO01, JO02, JO03, KN22, KN13, .<\/p>\n\n\n\n<h2 class=\"wp-block-heading\">  TOP 10 DX QSOs:<\/h2>\n\n\n\n<p>LA0BY         JO59 1075 km<br> M0HRF\/P       JO01 1045 km<br> G0FBB\/P       JO01 1032 km<br> LZ2T          KN13 1027 km<br> G4ZAP\/P       JO01 1008 km<br> G5LK\/P        JO01 1003 km<br> G4CDN         JO02  999 km<br> G4CKB         JO02  999 km<br> G4SWX         JO02  999 km<br> F8KGU         JN19  972 km<\/p>\n\n\n\n<h2 class=\"wp-block-heading\"> DXCCs: 27<\/h2>\n\n\n\n<p>DL:150331 361,      9A: 15601  26,      UR:  6195  10,      E7:  1365   2,    <br>    I: 33109  45,    HA: 10596  22,      ON:  6180   8,      LA:  1076   1,    <br>   OK: 31211 216,       F: 10520  14,      HB:  5470   8,      LZ:  1028   1,    <br>   YU: 20729  28,      S5:  9228  18,      OZ:  5060   8,      T7:   794   1,    <br>   PA: 16644  23,      YO:  8584  13,     SM:  4488   7,     UA2:   559   1,    <br>   SP: 15900  57,       G:  7092   7,      LY:  3734   5,      UA:   545   1,    <br>   OM: 15606  47,      OE:  6839  22 ,     EU:  2091   3,   <\/p>\n\n\n\n<figure class=\"wp-block-image\"><img loading=\"lazy\" decoding=\"async\" width=\"1024\" height=\"768\" src=\"https:\/\/so3z.com\/wp-content\/uploads\/2019\/07\/20190705_201607-1024x768.jpg\" alt=\"\" class=\"wp-image-3479\" srcset=\"https:\/\/so3z.com\/wp-content\/uploads\/2019\/07\/20190705_201607-1024x768.jpg 1024w, https:\/\/so3z.com\/wp-content\/uploads\/2019\/07\/20190705_201607-300x225.jpg 300w, https:\/\/so3z.com\/wp-content\/uploads\/2019\/07\/20190705_201607-768x576.jpg 768w\" sizes=\"auto, (max-width: 1024px) 100vw, 1024px\" \/><\/figure>\n\n\n\n<figure class=\"wp-block-image\"><img loading=\"lazy\" decoding=\"async\" width=\"1024\" height=\"683\" src=\"https:\/\/so3z.com\/wp-content\/uploads\/2019\/07\/MG_5043-1024x683.jpg\" alt=\"\" class=\"wp-image-3480\" srcset=\"https:\/\/so3z.com\/wp-content\/uploads\/2019\/07\/MG_5043-1024x683.jpg 1024w, https:\/\/so3z.com\/wp-content\/uploads\/2019\/07\/MG_5043-300x200.jpg 300w, https:\/\/so3z.com\/wp-content\/uploads\/2019\/07\/MG_5043-768x512.jpg 768w\" sizes=\"auto, (max-width: 1024px) 100vw, 1024px\" \/><\/figure>\n\n\n\n<figure class=\"wp-block-image\"><img loading=\"lazy\" decoding=\"async\" width=\"1024\" height=\"768\" src=\"https:\/\/so3z.com\/wp-content\/uploads\/2019\/07\/20190705_183246-1024x768.jpg\" alt=\"\" class=\"wp-image-3481\" srcset=\"https:\/\/so3z.com\/wp-content\/uploads\/2019\/07\/20190705_183246-1024x768.jpg 1024w, https:\/\/so3z.com\/wp-content\/uploads\/2019\/07\/20190705_183246-300x225.jpg 300w, https:\/\/so3z.com\/wp-content\/uploads\/2019\/07\/20190705_183246-768x576.jpg 768w\" sizes=\"auto, (max-width: 1024px) 100vw, 1024px\" \/><figcaption><br><\/figcaption><\/figure>\n\n\n\n<figure class=\"wp-block-image\"><img loading=\"lazy\" decoding=\"async\" width=\"1024\" height=\"768\" src=\"https:\/\/so3z.com\/wp-content\/uploads\/2019\/07\/20190704_071422-1024x768.jpg\" alt=\"\" class=\"wp-image-3482\" srcset=\"https:\/\/so3z.com\/wp-content\/uploads\/2019\/07\/20190704_071422-1024x768.jpg 1024w, https:\/\/so3z.com\/wp-content\/uploads\/2019\/07\/20190704_071422-300x225.jpg 300w, https:\/\/so3z.com\/wp-content\/uploads\/2019\/07\/20190704_071422-768x576.jpg 768w\" sizes=\"auto, (max-width: 1024px) 100vw, 1024px\" \/><\/figure>\n\n\n\n<figure class=\"wp-block-image\"><img loading=\"lazy\" decoding=\"async\" width=\"1024\" height=\"768\" src=\"https:\/\/so3z.com\/wp-content\/uploads\/2019\/07\/20190705_183253-1024x768.jpg\" alt=\"\" class=\"wp-image-3483\" srcset=\"https:\/\/so3z.com\/wp-content\/uploads\/2019\/07\/20190705_183253-1024x768.jpg 1024w, https:\/\/so3z.com\/wp-content\/uploads\/2019\/07\/20190705_183253-300x225.jpg 300w, https:\/\/so3z.com\/wp-content\/uploads\/2019\/07\/20190705_183253-768x576.jpg 768w\" sizes=\"auto, (max-width: 1024px) 100vw, 1024px\" \/><\/figure>\n","protected":false},"excerpt":{"rendered":"<p>955 QSO 390575 pkt ODX 1075km 115WWL avg 409km\/QSO More you will find on facebook profile of SN7L team GALERIA Przede wszystkim dzi\u0119kujemy pracownikom IMGW za go\u015bcin\u0119 i akceptacj\u0119. Kolejne podzi\u0119kowania nale\u017c\u0105 si\u0119 Karkonoskiemu Parkowi Narodowemu za wyra\u017cenie zgody na wjazd na \u015anie\u017ck\u0119.Bez nich nie by\u0142o by mo\u017cliwe osi\u0105gni\u0119cie tak wspania\u0142ego rezultatu z tej lokalizacji. &hellip; <a href=\"https:\/\/so3z.com\/?page_id=3470\" class=\"more-link\">Czytaj dalej <span class=\"screen-reader-text\">III IARU &#8211; SN7L JO70UR<\/span> <span class=\"meta-nav\">&rarr;<\/span><\/a><\/p>\n","protected":false},"author":1,"featured_media":0,"parent":0,"menu_order":0,"comment_status":"closed","ping_status":"closed","template":"","meta":{"footnotes":""},"class_list":["post-3470","page","type-page","status-publish","hentry"],"_links":{"self":[{"href":"https:\/\/so3z.com\/index.php?rest_route=\/wp\/v2\/pages\/3470","targetHints":{"allow":["GET"]}}],"collection":[{"href":"https:\/\/so3z.com\/index.php?rest_route=\/wp\/v2\/pages"}],"about":[{"href":"https:\/\/so3z.com\/index.php?rest_route=\/wp\/v2\/types\/page"}],"author":[{"embeddable":true,"href":"https:\/\/so3z.com\/index.php?rest_route=\/wp\/v2\/users\/1"}],"replies":[{"embeddable":true,"href":"https:\/\/so3z.com\/index.php?rest_route=%2Fwp%2Fv2%2Fcomments&post=3470"}],"version-history":[{"count":11,"href":"https:\/\/so3z.com\/index.php?rest_route=\/wp\/v2\/pages\/3470\/revisions"}],"predecessor-version":[{"id":3491,"href":"https:\/\/so3z.com\/index.php?rest_route=\/wp\/v2\/pages\/3470\/revisions\/3491"}],"wp:attachment":[{"href":"https:\/\/so3z.com\/index.php?rest_route=%2Fwp%2Fv2%2Fmedia&parent=3470"}],"curies":[{"name":"wp","href":"https:\/\/api.w.org\/{rel}","templated":true}]}}