{"id":3515,"date":"2019-12-03T15:44:21","date_gmt":"2019-12-03T14:44:21","guid":{"rendered":"http:\/\/so3z.com\/?page_id=3515"},"modified":"2021-02-07T23:59:23","modified_gmt":"2021-02-07T22:59:23","slug":"niesamowite-dxy-na-144mhz","status":"publish","type":"page","link":"https:\/\/so3z.com\/?page_id=3515","title":{"rendered":"Niesamowite DXy na 144MHz"},"content":{"rendered":"\r\n<p style=\"text-align: left;\">Artyku\u0142 b\u0119dzie d\u0142ugi, ale chyba warto przeczyta\u0107.<br \/>W ostatnich latach pad\u0142o wiele rekord\u00f3w w moim ulubionym pa\u015bmie 144MHz. I to pomimo bardzo niskiej aktywno\u015bci s\u0142onecznej. Wiele z rekord\u00f3w, kt\u00f3re pad\u0142y to mieszanki propagacji np. Tropo z Warstw\u0105 sporadyczn\u0105. Czy Tropo z odbiciami od meteor\u00f3w. Nawi\u0105zano pierwsze \u0142\u0105czno\u015bci w poprzek Atlantyku. R\u00f3wnie\u017c rekordowe \u0142\u0105czno\u015bci zorzowe sprzed lat wskazywa\u0142y by na udzia\u0142 tropo, bo geometria i wyst\u0119powanie zjawiska zorzy nie wskazuje na mo\u017cliwo\u015b\u0107 osi\u0105gni\u0119cia takich odleg\u0142o\u015bci, sprawa ma si\u0119 podobnie w przypadku odbi\u0107 meteorytowych.<\/p>\r\n\r\n\r\n\r\n<p>W 2018 i 2019 roku w regionie 1 IARU wiele si\u0119 zmieni\u0142o. <br \/>Do tej pory rekordy regionu I IARU wygl\u0105da\u0142y nast\u0119puj\u0105co:<br \/><br \/><em>Pasmo Propagacja Znak a Lokator Znka b Lokator Mod Data Odleg\u0142o\u015b\u0107<\/em><br \/><em>144 MHz TR D44TS HK77KE = M0VRL IO70PO SSB 2015-07-09 4130<\/em>km<br \/><em>144 MHz TR M0VRL IO70PO = D44TD HK86NO SSB 2011-08-10 4106km<\/em><br \/><em>144 MHz TR G4LOH IO70JC = D44TD HK86NO CW 2007-08-04 4041km<\/em><br \/><em>144 MHz TR EB8BRZ IL27HK = YT3I KN05HP SSB 2009-06-08 3757km<\/em><br \/><em>144 MHz TR EI5FK IO51RT = RW1ZC\/MM IK18PQ SSB 2005-08-15 3745km<\/em><br \/>O Polskim akcencie ODX\u00f3w z 2009 roku na samym ko\u0144cu artyku\u0142u<\/p>\r\n\r\n\r\n\r\n<p>Zesp\u00f3\u0142 D4C posiada du\u017c\u0105 stacj\u0119 kontestow\u0105 KF, ale r\u00f3wnie\u017c zdaln\u0105 stacj\u0119 umo\u017cliwiaj\u0105c\u0105 prac\u0119 na pasmach UKF, jak i du\u017cy zesp\u00f3\u0142 bikon\u00f3w po\u0142o\u017cony na wysoko\u015bci 750m n.p.m. w lokatorze HK76. Wi\u0119cej na ich stronie : <a href=\"http:\/\/d4c.cc\/\">http:\/\/d4c.cc\/ <\/a>Daje to du\u017ce mo\u017cliwo\u015bci sondowania propagacji w ich kierunku. Praca z tej stacji odbywa\u0142a si\u0119 przy r\u00f3\u017cnych otwarciach pod r\u00f3\u017cnymi znakami, czasem zdalnie, czasem przy obecno\u015bci operatora w shacku. To w\u0142a\u015bnie ta ekipa mia\u0142a najwi\u0119ksze udzia\u0142y w biciu rekord\u00f3w.<br \/><br \/>Du\u017cy udzia\u0142 w biciu kolejnych rekord\u00f3w mia\u0142a emisja FT8, kt\u00f3ra pozwala na reverse beaconing. Niejednokrotnie pierw nawi\u0105zywano \u0142\u0105czno\u015b\u0107 na FT8, nast\u0119pnie ponawiaj\u0105c j\u0105 na SSB czy CW.<br \/>Lokalizacja na g\u00f3rze otoczonej morzem do tego w szeroko\u015bciach geograficznych oko\u0142o r\u00f3wnikowych sprzyja i u\u0142atwia powstawanie niesamowicie silnych dukt\u00f3w nad oceanem. Potrafi wyst\u0119powa\u0107 ogromna amplituda temperatur.<\/p>\r\n\r\n\r\n\r\n<div class=\"wp-block-image\">\r\n<figure class=\"alignleft\"><a href=\"https:\/\/so3z.com\/wp-content\/uploads\/2019\/12\/ei3kd.png\"><img loading=\"lazy\" decoding=\"async\" width=\"183\" height=\"300\" class=\"wp-image-3519\" src=\"https:\/\/so3z.com\/wp-content\/uploads\/2019\/12\/ei3kd-183x300.png\" alt=\"\" srcset=\"https:\/\/so3z.com\/wp-content\/uploads\/2019\/12\/ei3kd-183x300.png 183w, https:\/\/so3z.com\/wp-content\/uploads\/2019\/12\/ei3kd.png 456w\" sizes=\"auto, (max-width: 183px) 100vw, 183px\" \/><\/a><\/figure>\r\n<\/div>\r\n\r\n\r\n\r\n<div class=\"wp-block-image\">\r\n<figure class=\"alignright\"><img loading=\"lazy\" decoding=\"async\" width=\"235\" height=\"300\" class=\"wp-image-3520\" src=\"https:\/\/so3z.com\/wp-content\/uploads\/2019\/12\/05-aug-2018-d-235x300.jpg\" alt=\"F5LEN propagation tropo map\" srcset=\"https:\/\/so3z.com\/wp-content\/uploads\/2019\/12\/05-aug-2018-d-235x300.jpg 235w, https:\/\/so3z.com\/wp-content\/uploads\/2019\/12\/05-aug-2018-d.jpg 619w\" sizes=\"auto, (max-width: 235px) 100vw, 235px\" \/><\/figure>\r\n<\/div>\r\n\r\n\r\n\r\n<p>W 2018 pad\u0142y \u0142\u0105czno\u015bci Tropo najpierw z Irlandii &#8211; Mark EI3KD nawi\u0105za\u0142 \u0142\u0105czno\u015b\u0107 z D4Z na odleg\u0142o\u015b\u0107 4163km z wykorzystaniem CW. Akurat na miejscu przebywa\u0142 EA8FF i pod\u0142\u0105czy\u0142 TRX pod anten\u0119 <a href=\"http:\/\/d4c.cc\/beacons\/\">bikona D4C<\/a><br \/>Wyposa\u017cenie stacji: <br \/>EI3KD: FT-857,11el F9FT, tylko 7m nad gruntem, przedwzmacniacz pod anten\u0105, moc 400W.<br \/>D4Z: IC-275, max 100W, 2 zestakowane dipole w 3 kierunkach (system antenowy bikona, bez przedwzmacniacza. (op. EA8FF)<\/p>\r\n\r\n\r\n\r\n<p>Nie s\u0105 to silne stacje EME! <a href=\"https:\/\/www.facebook.com\/D4C.D41CV.VHFandUP\/videos\/2203085269719626\/\">Tutaj nagranie \u0142\u0105czno\u015bci po stronie D4Z <\/a><a href=\"https:\/\/www.youtube.com\/watch?v=oAUSTpfNiV8\">Tutaj nagranie \u0142\u0105czno\u015bci po stronie EI3KD<\/a><br \/>Wcze\u015bniej tego samego dnia beacon D4C na 144.436MHz by\u0142 raportowany poprzez DXCluster o 8:37 przez GI6ATZ w lokatorze IO74AJ na dystansie 4476km, oraz przez GM4ZJI o 16:40 w lokatorze IO86KE przy odleg\u0142o\u015bci 4739km! Bikon pracowa\u0142 moc\u0105 14W (obecnie 50W) i <a href=\"https:\/\/scontent.fwaw6-1.fna.fbcdn.net\/v\/t1.0-9\/45256706_2331303183564500_6360640651758927872_o.jpg?_nc_cat=105&amp;_nc_ohc=iD-qhynatncAQmsn5qONiIlFL7mYS4m1yQA52QPzAqjxv40TRKffxvkuw&amp;_nc_ht=scontent.fwaw6-1.fna&amp;oh=035e5c65d5e4a6e1ab476c6c8452f758&amp;oe=5E83D378\">ma dook\u00f3ln\u0105 anten\u0119 w postacie 3x 2x dipol<\/a>. Tego dnia D4Z przeprowadzi\u0142 r\u00f3wnie\u017c \u0142\u0105czno\u015bci SSB z G4LOH i G7RAU. Tak\u017ce dukt by\u0142 obecny rano i popo\u0142udniu i wskazywa\u0142y te spoty na szybk\u0105 mo\u017cliwo\u015b\u0107 pobicia rekordu co nast\u0105pi\u0142o pare miesi\u0119cy p\u00f3\u017aniej..<\/p>\r\n\r\n\r\n\r\n<p><a href=\"https:\/\/www.youtube.com\/watch?v=QSP1rWKCciw\">4 sierpnia 2018 GI4SNA odbiera\u0142 bikon D4C\/B przy odleg\u0142o\u015bci 4492km, jednak nie przeprowadzono \u0142\u0105czno\u015bci.<\/a><\/p>\r\n\r\n\r\n\r\n<div class=\"wp-block-image\">\r\n<figure class=\"alignleft\"><a href=\"https:\/\/so3z.com\/wp-content\/uploads\/2019\/12\/D4Z.png\"><img loading=\"lazy\" decoding=\"async\" width=\"183\" height=\"300\" class=\"wp-image-3526\" src=\"https:\/\/so3z.com\/wp-content\/uploads\/2019\/12\/D4Z-183x300.png\" alt=\"\" srcset=\"https:\/\/so3z.com\/wp-content\/uploads\/2019\/12\/D4Z-183x300.png 183w, https:\/\/so3z.com\/wp-content\/uploads\/2019\/12\/D4Z.png 506w\" sizes=\"auto, (max-width: 183px) 100vw, 183px\" \/><\/a><\/figure>\r\n<\/div>\r\n\r\n\r\n\r\n<div class=\"wp-block-image\">\r\n<figure class=\"alignright\"><img loading=\"lazy\" decoding=\"async\" width=\"240\" height=\"300\" class=\"wp-image-3531\" src=\"https:\/\/so3z.com\/wp-content\/uploads\/2019\/12\/25-sept-2018-d4z-2-240x300.jpg\" alt=\"\" srcset=\"https:\/\/so3z.com\/wp-content\/uploads\/2019\/12\/25-sept-2018-d4z-2-240x300.jpg 240w, https:\/\/so3z.com\/wp-content\/uploads\/2019\/12\/25-sept-2018-d4z-2.jpg 620w\" sizes=\"auto, (max-width: 240px) 100vw, 240px\" \/><\/figure>\r\n<\/div>\r\n\r\n\r\n\r\n<p>Kolejne rekordy pad\u0142y r\u00f3wnie\u017c na tej samej trasie w dniu 25 wrze\u015bnia 2018 roku. W pierwszej kolejno\u015bci EI3KD ponowi\u0142 sw\u00f3j rekord zn\u00f3w na CW, nast\u0119pnie GW0KZG w IO71LW zachodniej cz\u0119\u015bci Walii przeprowadzi\u0142 \u0142\u0105czno\u015b\u0107 z D4Z przy odleg\u0142o\u015bci 4270 km. Jednak to nie by\u0142 koniec, gdy\u017c minut\u0119 p\u00f3\u017aniej G3SMT z IO82KV przeprowadzi\u0142 \u0142\u0105czno\u015b\u0107 na CW ustanawiaj\u0105c nowy rekord z wykorzystaniem tylko Tropo przy odleg\u0142o\u015bci 4431km!<br \/>Przeprowadzono r\u00f3wnie\u017c kilka \u0142\u0105czno\u015bci na FT8 spod znaku D41CV.<br \/><br \/>.<\/p>\r\n\r\n\r\n\r\n<p>&nbsp;<\/p>\r\n\r\n\r\n\r\n<p>..<\/p>\r\n\r\n\r\n\r\n<p>..<\/p>\r\n\r\n\r\n\r\n<p>&nbsp;<\/p>\r\n\r\n\r\n\r\n<div class=\"wp-block-image\">\r\n<figure class=\"alignleft\"><a href=\"https:\/\/so3z.com\/wp-content\/uploads\/2019\/12\/Zrzut-ekranu-2019-12-3-o-17.29.50.png\"><img loading=\"lazy\" decoding=\"async\" width=\"281\" height=\"300\" class=\"wp-image-3563 aligncenter\" src=\"https:\/\/so3z.com\/wp-content\/uploads\/2019\/12\/Zrzut-ekranu-2019-12-3-o-17.29.50-281x300.png\" alt=\"\" srcset=\"https:\/\/so3z.com\/wp-content\/uploads\/2019\/12\/Zrzut-ekranu-2019-12-3-o-17.29.50-281x300.png 281w, https:\/\/so3z.com\/wp-content\/uploads\/2019\/12\/Zrzut-ekranu-2019-12-3-o-17.29.50-768x820.png 768w, https:\/\/so3z.com\/wp-content\/uploads\/2019\/12\/Zrzut-ekranu-2019-12-3-o-17.29.50-959x1024.png 959w, https:\/\/so3z.com\/wp-content\/uploads\/2019\/12\/Zrzut-ekranu-2019-12-3-o-17.29.50.png 1244w\" sizes=\"auto, (max-width: 281px) 100vw, 281px\" \/><\/a><\/figure>\r\n<\/div>\r\n\r\n\r\n\r\n<p><strong>9.06.2019 <\/strong>roku nast\u0105pi\u0142 kolejny prze\u0142omowy dzie\u0144 dla stacji S5\/I . Pojawi\u0142 si\u0119 morski dukt tropo z Wysp Zielonego Przyl\u0105dka a\u017c po po\u0142udnie Hiszpanii, do tego pojawi\u0142a si\u0119 warstwa sporadyczna mi\u0119dzy W\u0142ochami a Hiszpani\u0105.<br \/><br \/>Pad\u0142 rekord 4809km S57A JN65TW &#8211; D41CV HK76MU na FT8<\/p>\r\n\r\n\r\n\r\n<p>D41CV by\u0142 s\u0142yszany przez OE3NFC JN88 5107km, kt\u00f3ry mia\u0142 4x 7el LFA + LNA ! I3MEK odbiera\u0142 ponad 3 godziny przy odleg\u0142o\u015bci 4662km, a IU4FEI mia\u0142 tylko 70 W i 5el QSO na odleg\u0142o\u015b\u0107 4563km !<br \/><br \/><\/p>\r\n\r\n\r\n\r\n<p>&nbsp;<\/p>\r\n\r\n\r\n\r\n<div class=\"wp-block-image\">\r\n<figure class=\"alignright\"><img loading=\"lazy\" decoding=\"async\" width=\"300\" height=\"217\" class=\"wp-image-3537 aligncenter\" src=\"https:\/\/so3z.com\/wp-content\/uploads\/2019\/12\/D41CV-FG8OJ-First-Trans-Atlantic-144-Mhz-Contact-f5len-map-300x217.jpg\" alt=\"\" srcset=\"https:\/\/so3z.com\/wp-content\/uploads\/2019\/12\/D41CV-FG8OJ-First-Trans-Atlantic-144-Mhz-Contact-f5len-map-300x217.jpg 300w, https:\/\/so3z.com\/wp-content\/uploads\/2019\/12\/D41CV-FG8OJ-First-Trans-Atlantic-144-Mhz-Contact-f5len-map.jpg 620w\" sizes=\"auto, (max-width: 300px) 100vw, 300px\" \/><\/figure>\r\n<\/div>\r\n\r\n\r\n\r\n<p>Kolejna historyczna chwila nast\u0105pi\u0142a <strong>16.06.2019 <\/strong>D41CV (nadal zesp\u00f3\u0142 D4C) przeprowadzi\u0142 \u0142\u0105czno\u015b\u0107 dzi\u0119ki tropo w poprzek Atlantyku do Guadelupe FG8OJ FK96IG 3867km z wykorzystaniem FT8.<br \/>D41CV u\u017cywa\u0142 500W i nadal anten bikona natomiast FG8OJ mia\u0142 100W i 14el anten\u0119 d\u0142ugo\u015bci 3.7m.<br \/>Nast\u0119pn\u0105 stacj\u0105 by\u0142 FG4ST z odleg\u0142o\u015bci\u0105 3911km nadaj\u0105c tylko 50W i pionow\u0105 anten\u0105 dook\u00f3ln\u0105 ! Bardzo silny dukt trwa\u0142 w nast\u0119pnych dniach tzn. od 18 do 22 czerwca. <br \/><br \/><strong>18.06.2019<\/strong> D41CV przeprowadzi\u0142 \u0142\u0105czno\u015b\u0107 z Puerto Rico WP4G FK68wk na FT8 na dystansie 4358 km!. WP4G u\u017cywa\u0142 4 x 12 el Yagi. D41CV skompletowa\u0142 nast\u0119pnie QSO z FG4ST FK96dh w Guadeloupe = 3911 km. Nast\u0119pnie z FM5AN FK94kq z Martyniki = 3872 km. FM5AN u\u017cywa\u0142 50W i 9 el DK7ZB yagi.<br \/><br \/><strong>19.06.2019<\/strong> D41CV przeprowadzi\u0142 QSO z KP4EIT FK68sh 4393km r\u00f3wnie\u017c na FT8 i NP4BM FK68lm 4450km<br \/><br \/><strong>20.06.2019<\/strong> D41CV przeprowadzi\u0142 QSO z 9Y4D FK90gg z Trinidad i Tobago 4006km na FT8, 9Y4D u\u017cywa\u0142 100W i 7el Yagi. <br \/>Nast\u0119pnie spod znaku D4Z uda\u0142o si\u0119 przeprowadzi\u0107 QSO na CW z FG8OJ. Tu\u017c przed p\u00f3\u0142noc\u0105 D41CV zrobi\u0142 QSO na FT8 z Saint Lucia J69DS FK94ma 3865km.<br \/><br \/><strong>21.06.2019<\/strong> QSO z FM0LU FK94lo 3867km<br \/><br \/>Dzi\u0119ki PSK Reporterowi mo\u017cna by\u0142o \u015bledzi\u0107 propagacj\u0119 i du\u017c\u0105 ilo\u015b\u0107 spot\u00f3w, kt\u00f3rych ilo\u015b\u0107 zacz\u0119\u0142a male\u0107 22 czerwca.<br \/>Stacje kt\u00f3re s\u0142ysza\u0142y b\u0105d\u017a by\u0142y s\u0142yszane przez D41CV: NP4BM FK68lm 4450km, KP4EIT FK68sh 4393km, WP4JCF FK68ve 4371km, WP3DN FK68vk 4365km, WP4G FK68wk 4358km, 9Y4D FK90gg 4006km, FG4ST FK96dh 3911km, FG5GH FK96EF? 3903km, FM5AN FK94kq 3872 km, FG8OJ FK96IG 3867km, FM0LU FK94lo 3867km, J69DS FK94ma 3865km, FM1LF FK94lp 3864km<\/p>\r\n\r\n\r\n\r\n<figure class=\"wp-block-image\"><a href=\"https:\/\/so3z.com\/wp-content\/uploads\/2019\/12\/KARAIBY.png\"><img loading=\"lazy\" decoding=\"async\" width=\"1024\" height=\"432\" class=\"wp-image-3546\" src=\"https:\/\/so3z.com\/wp-content\/uploads\/2019\/12\/KARAIBY-1024x432.png\" alt=\"\" srcset=\"https:\/\/so3z.com\/wp-content\/uploads\/2019\/12\/KARAIBY-1024x432.png 1024w, https:\/\/so3z.com\/wp-content\/uploads\/2019\/12\/KARAIBY-300x127.png 300w, https:\/\/so3z.com\/wp-content\/uploads\/2019\/12\/KARAIBY-768x324.png 768w, https:\/\/so3z.com\/wp-content\/uploads\/2019\/12\/KARAIBY.png 1104w\" sizes=\"auto, (max-width: 1024px) 100vw, 1024px\" \/><\/a>\r\n<figcaption>zrzut z PSK Reportera (nie wszystkie to pe\u0142ne QSO)<\/figcaption>\r\n<\/figure>\r\n\r\n\r\n\r\n<ul class=\"wp-block-gallery columns-3 is-cropped wp-block-gallery-1 is-layout-flex wp-block-gallery-is-layout-flex\">\r\n<li class=\"blocks-gallery-item\">\r\n<figure><a href=\"https:\/\/so3z.com\/wp-content\/uploads\/2019\/12\/D41CV-WP4G-Trans-Atlantic-144-Mhz-Contact-ft8-screen2.jpg\"><img loading=\"lazy\" decoding=\"async\" width=\"620\" height=\"384\" class=\"wp-image-3547\" src=\"https:\/\/so3z.com\/wp-content\/uploads\/2019\/12\/D41CV-WP4G-Trans-Atlantic-144-Mhz-Contact-ft8-screen2.jpg\" alt=\"\" data-id=\"3547\" data-link=\"https:\/\/so3z.com\/?attachment_id=3547\" srcset=\"https:\/\/so3z.com\/wp-content\/uploads\/2019\/12\/D41CV-WP4G-Trans-Atlantic-144-Mhz-Contact-ft8-screen2.jpg 620w, https:\/\/so3z.com\/wp-content\/uploads\/2019\/12\/D41CV-WP4G-Trans-Atlantic-144-Mhz-Contact-ft8-screen2-300x186.jpg 300w\" sizes=\"auto, (max-width: 620px) 100vw, 620px\" \/><\/a><\/figure>\r\n<\/li>\r\n<li class=\"blocks-gallery-item\">\r\n<figure><a href=\"https:\/\/so3z.com\/wp-content\/uploads\/2019\/12\/D41CV-Trans-Atlantic-144-Mhz-9y4d.jpg\"><img loading=\"lazy\" decoding=\"async\" width=\"500\" height=\"338\" class=\"wp-image-3548\" src=\"https:\/\/so3z.com\/wp-content\/uploads\/2019\/12\/D41CV-Trans-Atlantic-144-Mhz-9y4d.jpg\" alt=\"\" data-id=\"3548\" data-link=\"https:\/\/so3z.com\/?attachment_id=3548\" srcset=\"https:\/\/so3z.com\/wp-content\/uploads\/2019\/12\/D41CV-Trans-Atlantic-144-Mhz-9y4d.jpg 500w, https:\/\/so3z.com\/wp-content\/uploads\/2019\/12\/D41CV-Trans-Atlantic-144-Mhz-9y4d-300x203.jpg 300w\" sizes=\"auto, (max-width: 500px) 100vw, 500px\" \/><\/a><\/figure>\r\n<\/li>\r\n<li class=\"blocks-gallery-item\">\r\n<figure><a href=\"https:\/\/so3z.com\/wp-content\/uploads\/2019\/12\/D41CV-FG8OJ-First-Trans-Atlantic-144-Mhz-Contact-ft8-screen2-1.jpg\"><img loading=\"lazy\" decoding=\"async\" width=\"620\" height=\"547\" class=\"wp-image-3549\" src=\"https:\/\/so3z.com\/wp-content\/uploads\/2019\/12\/D41CV-FG8OJ-First-Trans-Atlantic-144-Mhz-Contact-ft8-screen2-1.jpg\" alt=\"\" data-id=\"3549\" data-link=\"https:\/\/so3z.com\/?attachment_id=3549\" srcset=\"https:\/\/so3z.com\/wp-content\/uploads\/2019\/12\/D41CV-FG8OJ-First-Trans-Atlantic-144-Mhz-Contact-ft8-screen2-1.jpg 620w, https:\/\/so3z.com\/wp-content\/uploads\/2019\/12\/D41CV-FG8OJ-First-Trans-Atlantic-144-Mhz-Contact-ft8-screen2-1-300x265.jpg 300w\" sizes=\"auto, (max-width: 620px) 100vw, 620px\" \/><\/a><\/figure>\r\n<\/li>\r\n<li class=\"blocks-gallery-item\">\r\n<figure><a href=\"https:\/\/so3z.com\/wp-content\/uploads\/2019\/12\/D41CV-FG8OJ-First-Trans-Atlantic-144-Mhz-Contact-ft8-screen-1.jpg\"><img loading=\"lazy\" decoding=\"async\" width=\"620\" height=\"355\" class=\"wp-image-3550\" src=\"https:\/\/so3z.com\/wp-content\/uploads\/2019\/12\/D41CV-FG8OJ-First-Trans-Atlantic-144-Mhz-Contact-ft8-screen-1.jpg\" alt=\"\" data-id=\"3550\" data-link=\"https:\/\/so3z.com\/?attachment_id=3550\" srcset=\"https:\/\/so3z.com\/wp-content\/uploads\/2019\/12\/D41CV-FG8OJ-First-Trans-Atlantic-144-Mhz-Contact-ft8-screen-1.jpg 620w, https:\/\/so3z.com\/wp-content\/uploads\/2019\/12\/D41CV-FG8OJ-First-Trans-Atlantic-144-Mhz-Contact-ft8-screen-1-300x172.jpg 300w\" sizes=\"auto, (max-width: 620px) 100vw, 620px\" \/><\/a><\/figure>\r\n<\/li>\r\n<\/ul>\r\n\r\n\r\n\r\n<p><a href=\"https:\/\/www.youtube.com\/watch?v=LqrMCrcBWNI\">Tutaj sygna\u0142 bikona D4C u FG8OJ<\/a><br \/><a href=\"https:\/\/twitter.com\/FG8OJ\/status\/1141453603607064576\">19.06.2019 \u0141\u0105czno\u015b\u0107 CW D4Z &#8211; FG8OJ<\/a><br \/><a href=\"https:\/\/www.youtube.com\/watch?t&amp;v=TBdbtEs-it4\">29.06.2019 \u0141\u0105czno\u015b\u0107 SSB D4Z &#8211; FG8OJ <\/a><br \/>29.06 D41CV by\u0142 odbierany nawet w Wenezueli YV6CR FJ78 4328km i w kolejnych dniach a\u017c do 2 lipca stacja D41CV by\u0142a odbierana przez wiele stacji z wcze\u015bniejszego otwarcia na Karaiby.<\/p>\r\n\r\n\r\n\r\n<p><strong>2 lipca 2019 roku<\/strong> to kolejna historyczna data w regionie I IARU i dla pasma 144MHz.<br \/>Pojawi\u0142 si\u0119 morski dukt tropo z Wysp Zielonego Przyl\u0105dka a\u017c po Hiszpani\u0119 i Portugali\u0119, do tego pojawi\u0142a si\u0119 warstwa sporadyczna mi\u0119dzy Niemcami, a Hiszpani\u0105.<br \/>Trzy niemieckie stacje s\u0142ysza\u0142y i by\u0142y s\u0142yszane przez D41CV na FT8 <strong>DL8SCV<\/strong> JN48RV 4725km, <strong>DL1NEO<\/strong> JN59KV 4870 km i <strong>DK1FG<\/strong> JN59OP &#8211; 4875 km. Nie uda\u0142o si\u0119 nawi\u0105za\u0107 dwustronnej \u0142\u0105czno\u015bci przynajmniej tego dnia, za to 23 lipca&#8230;<br \/><br \/><br \/><\/p>\r\n\r\n\r\n\r\n<div class=\"wp-block-image\">\r\n<figure class=\"alignright\"><a href=\"https:\/\/so3z.com\/wp-content\/uploads\/2019\/12\/D41CV-23-july-2019-map-tropo-f5len.jpg\"><img loading=\"lazy\" decoding=\"async\" width=\"207\" height=\"300\" class=\"wp-image-3569\" src=\"https:\/\/so3z.com\/wp-content\/uploads\/2019\/12\/D41CV-23-july-2019-map-tropo-f5len-207x300.jpg\" alt=\"\" srcset=\"https:\/\/so3z.com\/wp-content\/uploads\/2019\/12\/D41CV-23-july-2019-map-tropo-f5len-207x300.jpg 207w, https:\/\/so3z.com\/wp-content\/uploads\/2019\/12\/D41CV-23-july-2019-map-tropo-f5len.jpg 450w\" sizes=\"auto, (max-width: 207px) 100vw, 207px\" \/><\/a><\/figure>\r\n<\/div>\r\n\r\n\r\n\r\n<div class=\"wp-block-image\">\r\n<figure class=\"alignleft\"><a href=\"https:\/\/so3z.com\/wp-content\/uploads\/2019\/12\/D41CV-23-july-2019-map-2.jpg\"><img loading=\"lazy\" decoding=\"async\" width=\"300\" height=\"284\" class=\"wp-image-3572\" src=\"https:\/\/so3z.com\/wp-content\/uploads\/2019\/12\/D41CV-23-july-2019-map-2-300x284.jpg\" alt=\"\" srcset=\"https:\/\/so3z.com\/wp-content\/uploads\/2019\/12\/D41CV-23-july-2019-map-2-300x284.jpg 300w, https:\/\/so3z.com\/wp-content\/uploads\/2019\/12\/D41CV-23-july-2019-map-2.jpg 620w\" sizes=\"auto, (max-width: 300px) 100vw, 300px\" \/><\/a><\/figure>\r\n<\/div>\r\n\r\n\r\n\r\n<p><strong>23.07.2019<\/strong> <strong>to kolejny pami\u0119tny dzie\u0144 pojawi\u0142o si\u0119 bardzo silne tropo morskie oraz warstwa sporadyczna umo\u017cliwi\u0142o to DK5AI przeprowadzi\u0107 kompletn\u0105 \u0142\u0105czno\u015b\u0107 z D41CV na FT8 = odleg\u0142o\u015b\u0107 imponuj\u0105ca 4966km<\/strong>, kolejne stacje to F6APE IN97PI 4057km, F2MM IN95LP 3898km. D41CV by\u0142 s\u0142yszalny r\u00f3wnie\u017c u DK5DV, DL1KDA, DF2ZC, PA2CHR, ON4KHG, F6EAS, F0GOW, F0FYF<\/p>\r\n\r\n\r\n\r\n<p>&nbsp;<\/p>\r\n\r\n\r\n\r\n<figure class=\"wp-block-image\"><a href=\"https:\/\/so3z.com\/wp-content\/uploads\/2019\/12\/D41CV-23-july-2019-dk5ai.jpg\"><img loading=\"lazy\" decoding=\"async\" width=\"390\" height=\"264\" class=\"wp-image-3570\" src=\"https:\/\/so3z.com\/wp-content\/uploads\/2019\/12\/D41CV-23-july-2019-dk5ai.jpg\" alt=\"\" srcset=\"https:\/\/so3z.com\/wp-content\/uploads\/2019\/12\/D41CV-23-july-2019-dk5ai.jpg 390w, https:\/\/so3z.com\/wp-content\/uploads\/2019\/12\/D41CV-23-july-2019-dk5ai-300x203.jpg 300w\" sizes=\"auto, (max-width: 390px) 100vw, 390px\" \/><\/a><\/figure>\r\n\r\n\r\n\r\n<div class=\"wp-block-image\">\r\n<figure class=\"alignleft is-resized\"><a href=\"https:\/\/so3z.com\/wp-content\/uploads\/2019\/12\/CU3EQ-14-15-Sept-2019-map-1ajpg.jpg\"><img loading=\"lazy\" decoding=\"async\" class=\"wp-image-3575\" src=\"https:\/\/so3z.com\/wp-content\/uploads\/2019\/12\/CU3EQ-14-15-Sept-2019-map-1ajpg.jpg\" alt=\"\" width=\"465\" height=\"453\" srcset=\"https:\/\/so3z.com\/wp-content\/uploads\/2019\/12\/CU3EQ-14-15-Sept-2019-map-1ajpg.jpg 620w, https:\/\/so3z.com\/wp-content\/uploads\/2019\/12\/CU3EQ-14-15-Sept-2019-map-1ajpg-300x292.jpg 300w\" sizes=\"auto, (max-width: 465px) 100vw, 465px\" \/><\/a><\/figure>\r\n<\/div>\r\n\r\n\r\n\r\n<p><br \/>14 i 15.09.2019 roku pojawia\u0142o si\u0119 r\u00f3wnie\u017c tropo na kierunku G\/DL &#8211; CU3. Trasa z Azor\u00f3w w stron\u0119 Europy to sama woda &#8211; co u\u0142atwia powstawaniu silnych dukt\u00f3w nad wod\u0105. Kiedy\u015b umo\u017cliwi to zrobienie \u0142\u0105czno\u015bci by\u0107 mo\u017ce z Polski, a nawet dalszych kraj\u00f3w jak Bia\u0142oru\u015b. Najdalsz\u0105 \u0142\u0105czno\u015bci\u0105 by\u0142a pomi\u0119dzy CU3EQ HM68KP a DJ6AG JO51EQ FT8 -22\/-15 3231km<\/p>\r\n\r\n\r\n\r\n<p>Wartym odnotowania jest r\u00f3wnie\u017c dzie\u0144 16.06.2017 w kt\u00f3rym pojawi\u0142 si\u0119 albo dwukrotny sporadyk lub tzw. chordal ES. Czyli znacznie szerszy obszar silnej jonizacji tworz\u0105cy jakby dukt w warstwie E &#8211; gdzie wyst\u0119puje inna geometria odbi\u0107 ni\u017c zazwyczaj przy otwarciu warstwy sporadycznej. <br \/>Takie zdarzenia s\u0105 bardzo rzadkie. Pad\u0142y \u0142\u0105czno\u015bci takie jak:<br \/>F2CT &#8211; RW4HW 3800km. A by\u0142y spoty \u015bwiadcz\u0105ce o \u0142\u0105czno\u015bci lub nas\u0142uchu na ponad 4000km w\u0142a\u015bnie w linii wsch\u00f3d &#8211; zach\u00f3d.<br \/><a href=\"https:\/\/www.mmmonvhf.de\/es.php?year=2017&amp;month=06&amp;day=16\">https:\/\/www.mmmonvhf.de\/es.php?year=2017&amp;month=06&amp;day=16<\/a><\/p>\r\n\r\n\r\n\r\n<p>Przy tym warto wspomnie\u0107 obecny rekord SP ustanowiony przez SP6NVN, kt\u00f3ry by\u0142 mieszank\u0105 Tropo pomi\u0119dzy Wyspami Kanaryjskimi, a Hiszpani\u0105\/Portugali\u0105, a dalej pojawieniem si\u0119 warstwy sporadycznej mi\u0119dzy Polsk\u0105, a Hiszpani\u0105. <br \/>16 lipca 2009 roku SP6NVN z JO81CJ nawi\u0105za\u0142 \u0142\u0105czno\u015b\u0107 z EB8BRZ IL27HX na odleg\u0142o\u015b\u0107 3701km. Jest to obecnie polski rekord odleg\u0142o\u015bci na 144MHz na fali przyziemnej bez wykorzystania naturalnego czy sztucznych satelit\u00f3w.<br \/>Ju\u017c kilku krotnie na tym kierunku pojawia\u0142y si\u0119 takie warunki, stacje z<br \/>Niemiec czy Czech z lokator\u00f3w JO62\/61\/<a href=\"http:\/\/ok1teh.nagano.cz\/es.htm\">70<\/a>\/<a href=\"https:\/\/www.dh8bqa.de\/ea8-canary-islands-65-on-2-m-3-700-km-terrestrial\/\">73 maj\u0105 zrobione EA8<\/a>.<\/p>\r\n\r\n\r\n\r\n<p>Ja osobi\u015bcie w 2015 roku na tym kierunku zrobi\u0142em first SP-EA ale na tropo w tym \u0142\u0105czno\u015b\u0107 na odleg\u0142o\u015b\u0107 1940km. W tym samym czasie Marek SP4MPB odbiera\u0142 stacje z EA na odleg\u0142o\u015b\u0107 ponad 2200km.<\/p>\r\n\r\n\r\n\r\n<p><br \/><br \/><br \/><strong>\u0179r\u00f3d\u0142a \/ Source :<\/strong><br \/><strong><a href=\"https:\/\/www.mmmonvhf.de\/\">https:\/\/www.mmmonvhf.de\/<\/a><\/strong><br \/><strong><a href=\"https:\/\/ei7gl.blogspot.com\/2019\/07\/remarkable-opening-on-144-mhz-from-cape.html\">https:\/\/ei7gl.blogspot.com\/2019\/07\/remarkable-opening-on-144-mhz-from-cape.html<\/a><\/strong><br \/><strong><a href=\"https:\/\/ei7gl.blogspot.com\/2019\/07\/a-closer-look-at-144-mhz-opening-from.html\">https:\/\/ei7gl.blogspot.com\/2019\/07\/a-closer-look-at-144-mhz-opening-from.html<\/a><\/strong><br \/><strong><a href=\"https:\/\/ei7gl.blogspot.com\/2018\/08\/ei3kd-works-cape-verde-on-144-mhz-to.html\">https:\/\/ei7gl.blogspot.com\/2018\/08\/ei3kd-works-cape-verde-on-144-mhz-to.html<\/a><\/strong><br \/><strong><a href=\"https:\/\/ei7gl.blogspot.com\/2018\/09\/g3smt-works-cape-verde-islands-to-set.html\">https:\/\/ei7gl.blogspot.com\/2018\/09\/g3smt-works-cape-verde-islands-to-set.html<\/a><\/strong><br \/><strong><a href=\"http:\/\/www.la0by.darc.de\/190615_LA0BY_Tropo%20extreme.pdf\">http:\/\/www.la0by.darc.de\/190615_LA0BY_Tropo%20extreme.pdf<\/a><\/strong><br \/><strong><a href=\"http:\/\/www.dk5ai.de\/activities\/activities-on-144-mhz\">http:\/\/www.dk5ai.de\/activities\/activities-on-144-mhz<\/a><\/strong><br \/><strong><a href=\"http:\/\/d4c.cc\/\">http:\/\/d4c.cc\/<\/a><\/strong><br \/><strong><a href=\"http:\/\/www.ok2kkw.com\/more\/g4swx_trms_final_en.pdf\">http:\/\/www.ok2kkw.com\/more\/g4swx_trms_final_en.pdf<\/a><\/strong><br \/><strong><a href=\"http:\/\/ei3kd.73tu.com\/\">http:\/\/ei3kd.73tu.com\/<\/a><\/strong><br \/><br \/><\/p>\r\n\r\n\r\n\r\n<p>&nbsp;<\/p>\r\n\r\n\r\n\r\n<p>&nbsp;<\/p>\r\n\r\n\r\n\r\n<p>&nbsp;<\/p>\r\n","protected":false},"excerpt":{"rendered":"<p>Artyku\u0142 b\u0119dzie d\u0142ugi, ale chyba warto przeczyta\u0107.W ostatnich latach pad\u0142o wiele rekord\u00f3w w moim ulubionym pa\u015bmie 144MHz. I to pomimo bardzo niskiej aktywno\u015bci s\u0142onecznej. Wiele z rekord\u00f3w, kt\u00f3re pad\u0142y to mieszanki propagacji np. Tropo z Warstw\u0105 sporadyczn\u0105. Czy Tropo z odbiciami od meteor\u00f3w. Nawi\u0105zano pierwsze \u0142\u0105czno\u015bci w poprzek Atlantyku. R\u00f3wnie\u017c rekordowe \u0142\u0105czno\u015bci zorzowe sprzed lat &hellip; <a href=\"https:\/\/so3z.com\/?page_id=3515\" class=\"more-link\">Czytaj dalej <span class=\"screen-reader-text\">Niesamowite DXy na 144MHz<\/span> <span class=\"meta-nav\">&rarr;<\/span><\/a><\/p>\n","protected":false},"author":1,"featured_media":0,"parent":49,"menu_order":0,"comment_status":"closed","ping_status":"closed","template":"page-templates\/full-width.php","meta":{"footnotes":""},"class_list":["post-3515","page","type-page","status-publish","hentry"],"_links":{"self":[{"href":"https:\/\/so3z.com\/index.php?rest_route=\/wp\/v2\/pages\/3515","targetHints":{"allow":["GET"]}}],"collection":[{"href":"https:\/\/so3z.com\/index.php?rest_route=\/wp\/v2\/pages"}],"about":[{"href":"https:\/\/so3z.com\/index.php?rest_route=\/wp\/v2\/types\/page"}],"author":[{"embeddable":true,"href":"https:\/\/so3z.com\/index.php?rest_route=\/wp\/v2\/users\/1"}],"replies":[{"embeddable":true,"href":"https:\/\/so3z.com\/index.php?rest_route=%2Fwp%2Fv2%2Fcomments&post=3515"}],"version-history":[{"count":52,"href":"https:\/\/so3z.com\/index.php?rest_route=\/wp\/v2\/pages\/3515\/revisions"}],"predecessor-version":[{"id":3874,"href":"https:\/\/so3z.com\/index.php?rest_route=\/wp\/v2\/pages\/3515\/revisions\/3874"}],"up":[{"embeddable":true,"href":"https:\/\/so3z.com\/index.php?rest_route=\/wp\/v2\/pages\/49"}],"wp:attachment":[{"href":"https:\/\/so3z.com\/index.php?rest_route=%2Fwp%2Fv2%2Fmedia&parent=3515"}],"curies":[{"name":"wp","href":"https:\/\/api.w.org\/{rel}","templated":true}]}}