{"id":3816,"date":"2021-02-07T21:20:10","date_gmt":"2021-02-07T20:20:10","guid":{"rendered":"https:\/\/so3z.com\/?page_id=3816"},"modified":"2021-02-07T22:28:32","modified_gmt":"2021-02-07T21:28:32","slug":"sspa-blf188xr","status":"publish","type":"page","link":"https:\/\/so3z.com\/?page_id=3816","title":{"rendered":"SSPA BLF188xr"},"content":{"rendered":"<p>Z pomoc\u0105 Koleg\u00f3w\u00a0 (TNX SP7TEE &amp; SP7MTU) buduj\u0119 krok po kroku wzmacniacz tranzystorowy na <a href=\"https:\/\/www.ampleon.com\/products\/broadcast\/0-500-mhzrf-power-transistors\/BLF188XR.html\">BLF188xr.<\/a><br \/>\nMaksymalna moc to 1400W, oczywi\u015bcie by zachowa\u0107 wysok\u0105 liniowo\u015b\u0107 pracy nie planuj\u0119 przekracza\u0107 po\u0142owy mocy tranzystora.<br \/>\nZasilany b\u0119dzie zasilaczem impulsowym 50V.<\/p>\n<p><a href=\"https:\/\/so3z.com\/wp-content\/uploads\/2021\/02\/20201215_172429.jpg\"><img loading=\"lazy\" decoding=\"async\" class=\"alignnone size-full wp-image-3820\" src=\"https:\/\/so3z.com\/wp-content\/uploads\/2021\/02\/20201215_172429.jpg\" alt=\"\" width=\"2308\" height=\"1298\" srcset=\"https:\/\/so3z.com\/wp-content\/uploads\/2021\/02\/20201215_172429.jpg 2308w, https:\/\/so3z.com\/wp-content\/uploads\/2021\/02\/20201215_172429-300x169.jpg 300w, https:\/\/so3z.com\/wp-content\/uploads\/2021\/02\/20201215_172429-1024x576.jpg 1024w, https:\/\/so3z.com\/wp-content\/uploads\/2021\/02\/20201215_172429-768x432.jpg 768w, https:\/\/so3z.com\/wp-content\/uploads\/2021\/02\/20201215_172429-1536x864.jpg 1536w, https:\/\/so3z.com\/wp-content\/uploads\/2021\/02\/20201215_172429-2048x1152.jpg 2048w\" sizes=\"auto, (max-width: 2308px) 100vw, 2308px\" \/><\/a><\/p>\n<p><a href=\"https:\/\/so3z.com\/wp-content\/uploads\/2021\/02\/20210126_203404.jpg\"><img loading=\"lazy\" decoding=\"async\" class=\"alignnone size-large wp-image-3822\" src=\"https:\/\/so3z.com\/wp-content\/uploads\/2021\/02\/20210126_203404-1024x576.jpg\" alt=\"\" width=\"474\" height=\"267\" srcset=\"https:\/\/so3z.com\/wp-content\/uploads\/2021\/02\/20210126_203404-1024x576.jpg 1024w, https:\/\/so3z.com\/wp-content\/uploads\/2021\/02\/20210126_203404-300x169.jpg 300w, https:\/\/so3z.com\/wp-content\/uploads\/2021\/02\/20210126_203404-768x432.jpg 768w, https:\/\/so3z.com\/wp-content\/uploads\/2021\/02\/20210126_203404-1536x864.jpg 1536w, https:\/\/so3z.com\/wp-content\/uploads\/2021\/02\/20210126_203404-2048x1152.jpg 2048w\" sizes=\"auto, (max-width: 474px) 100vw, 474px\" \/><\/a><\/p>\n<p><a href=\"https:\/\/so3z.com\/wp-content\/uploads\/2021\/02\/20210107_123306.jpg\"><img loading=\"lazy\" decoding=\"async\" class=\"size-medium wp-image-3819 alignnone\" src=\"https:\/\/so3z.com\/wp-content\/uploads\/2021\/02\/20210107_123306-236x300.jpg\" alt=\"\" width=\"236\" height=\"300\" srcset=\"https:\/\/so3z.com\/wp-content\/uploads\/2021\/02\/20210107_123306-236x300.jpg 236w, https:\/\/so3z.com\/wp-content\/uploads\/2021\/02\/20210107_123306.jpg 717w\" sizes=\"auto, (max-width: 236px) 100vw, 236px\" \/> <\/a><a href=\"https:\/\/so3z.com\/wp-content\/uploads\/2021\/02\/20210126_203757.jpg\"><img loading=\"lazy\" decoding=\"async\" class=\"alignnone size-medium wp-image-3818\" src=\"https:\/\/so3z.com\/wp-content\/uploads\/2021\/02\/20210126_203757-246x300.jpg\" alt=\"\" width=\"246\" height=\"300\" srcset=\"https:\/\/so3z.com\/wp-content\/uploads\/2021\/02\/20210126_203757-246x300.jpg 246w, https:\/\/so3z.com\/wp-content\/uploads\/2021\/02\/20210126_203757.jpg 713w\" sizes=\"auto, (max-width: 246px) 100vw, 246px\" \/><\/a><\/p>\n<p><a href=\"https:\/\/so3z.com\/wp-content\/uploads\/2021\/02\/20210107_123317_HDR.jpg\"><img loading=\"lazy\" decoding=\"async\" class=\"alignnone size-medium wp-image-3821\" src=\"https:\/\/so3z.com\/wp-content\/uploads\/2021\/02\/20210107_123317_HDR-169x300.jpg\" alt=\"\" width=\"169\" height=\"300\" srcset=\"https:\/\/so3z.com\/wp-content\/uploads\/2021\/02\/20210107_123317_HDR-169x300.jpg 169w, https:\/\/so3z.com\/wp-content\/uploads\/2021\/02\/20210107_123317_HDR-576x1024.jpg 576w, https:\/\/so3z.com\/wp-content\/uploads\/2021\/02\/20210107_123317_HDR.jpg 730w\" sizes=\"auto, (max-width: 169px) 100vw, 169px\" \/><\/a><a href=\"https:\/\/so3z.com\/wp-content\/uploads\/2021\/02\/20210107_123257.jpg\"><img loading=\"lazy\" decoding=\"async\" class=\"alignnone size-medium wp-image-3817\" src=\"https:\/\/so3z.com\/wp-content\/uploads\/2021\/02\/20210107_123257-169x300.jpg\" alt=\"\" width=\"169\" height=\"300\" srcset=\"https:\/\/so3z.com\/wp-content\/uploads\/2021\/02\/20210107_123257-169x300.jpg 169w, https:\/\/so3z.com\/wp-content\/uploads\/2021\/02\/20210107_123257-576x1024.jpg 576w, https:\/\/so3z.com\/wp-content\/uploads\/2021\/02\/20210107_123257.jpg 730w\" sizes=\"auto, (max-width: 169px) 100vw, 169px\" \/><\/a><a href=\"https:\/\/so3z.com\/wp-content\/uploads\/2019\/12\/20181129_182741.jpg\"><img loading=\"lazy\" decoding=\"async\" class=\"alignnone size-medium wp-image-3603\" src=\"https:\/\/so3z.com\/wp-content\/uploads\/2019\/12\/20181129_182741-300x225.jpg\" alt=\"\" width=\"300\" height=\"225\" srcset=\"https:\/\/so3z.com\/wp-content\/uploads\/2019\/12\/20181129_182741-300x225.jpg 300w, https:\/\/so3z.com\/wp-content\/uploads\/2019\/12\/20181129_182741-768x576.jpg 768w, https:\/\/so3z.com\/wp-content\/uploads\/2019\/12\/20181129_182741-1024x768.jpg 1024w\" sizes=\"auto, (max-width: 300px) 100vw, 300px\" \/><\/a><a href=\"https:\/\/so3z.com\/wp-content\/uploads\/2019\/12\/20181129_182732.jpg\"><img loading=\"lazy\" decoding=\"async\" class=\"alignnone size-medium wp-image-3602\" src=\"https:\/\/so3z.com\/wp-content\/uploads\/2019\/12\/20181129_182732-300x225.jpg\" alt=\"\" width=\"300\" height=\"225\" srcset=\"https:\/\/so3z.com\/wp-content\/uploads\/2019\/12\/20181129_182732-300x225.jpg 300w, https:\/\/so3z.com\/wp-content\/uploads\/2019\/12\/20181129_182732-768x576.jpg 768w, https:\/\/so3z.com\/wp-content\/uploads\/2019\/12\/20181129_182732-1024x768.jpg 1024w\" sizes=\"auto, (max-width: 300px) 100vw, 300px\" \/><\/a><a href=\"https:\/\/so3z.com\/wp-content\/uploads\/2021\/02\/20181129_182726_HDR-scaled.jpg\"><img loading=\"lazy\" decoding=\"async\" class=\"alignnone size-medium wp-image-3830\" src=\"https:\/\/so3z.com\/wp-content\/uploads\/2021\/02\/20181129_182726_HDR-300x225.jpg\" alt=\"\" width=\"300\" height=\"225\" srcset=\"https:\/\/so3z.com\/wp-content\/uploads\/2021\/02\/20181129_182726_HDR-300x225.jpg 300w, https:\/\/so3z.com\/wp-content\/uploads\/2021\/02\/20181129_182726_HDR-1024x768.jpg 1024w, https:\/\/so3z.com\/wp-content\/uploads\/2021\/02\/20181129_182726_HDR-768x576.jpg 768w, https:\/\/so3z.com\/wp-content\/uploads\/2021\/02\/20181129_182726_HDR-1536x1152.jpg 1536w, https:\/\/so3z.com\/wp-content\/uploads\/2021\/02\/20181129_182726_HDR-2048x1536.jpg 2048w\" sizes=\"auto, (max-width: 300px) 100vw, 300px\" \/><\/a><\/p>\n","protected":false},"excerpt":{"rendered":"<p>Z pomoc\u0105 Koleg\u00f3w\u00a0 (TNX SP7TEE &amp; SP7MTU) buduj\u0119 krok po kroku wzmacniacz tranzystorowy na BLF188xr. Maksymalna moc to 1400W, oczywi\u015bcie by zachowa\u0107 wysok\u0105 liniowo\u015b\u0107 pracy nie planuj\u0119 przekracza\u0107 po\u0142owy mocy tranzystora. Zasilany b\u0119dzie zasilaczem impulsowym 50V.<\/p>\n","protected":false},"author":1,"featured_media":0,"parent":49,"menu_order":0,"comment_status":"closed","ping_status":"closed","template":"","meta":{"footnotes":""},"class_list":["post-3816","page","type-page","status-publish","hentry"],"_links":{"self":[{"href":"https:\/\/so3z.com\/index.php?rest_route=\/wp\/v2\/pages\/3816","targetHints":{"allow":["GET"]}}],"collection":[{"href":"https:\/\/so3z.com\/index.php?rest_route=\/wp\/v2\/pages"}],"about":[{"href":"https:\/\/so3z.com\/index.php?rest_route=\/wp\/v2\/types\/page"}],"author":[{"embeddable":true,"href":"https:\/\/so3z.com\/index.php?rest_route=\/wp\/v2\/users\/1"}],"replies":[{"embeddable":true,"href":"https:\/\/so3z.com\/index.php?rest_route=%2Fwp%2Fv2%2Fcomments&post=3816"}],"version-history":[{"count":6,"href":"https:\/\/so3z.com\/index.php?rest_route=\/wp\/v2\/pages\/3816\/revisions"}],"predecessor-version":[{"id":3831,"href":"https:\/\/so3z.com\/index.php?rest_route=\/wp\/v2\/pages\/3816\/revisions\/3831"}],"up":[{"embeddable":true,"href":"https:\/\/so3z.com\/index.php?rest_route=\/wp\/v2\/pages\/49"}],"wp:attachment":[{"href":"https:\/\/so3z.com\/index.php?rest_route=%2Fwp%2Fv2%2Fmedia&parent=3816"}],"curies":[{"name":"wp","href":"https:\/\/api.w.org\/{rel}","templated":true}]}}