{"id":3865,"date":"2021-02-07T23:52:19","date_gmt":"2021-02-07T22:52:19","guid":{"rendered":"https:\/\/so3z.com\/?page_id=3865"},"modified":"2021-02-07T23:56:24","modified_gmt":"2021-02-07T22:56:24","slug":"mshv-by-lz2hv","status":"publish","type":"page","link":"https:\/\/so3z.com\/?page_id=3865","title":{"rendered":"MSHV by LZ2HV"},"content":{"rendered":"<p>MSHV to doskona\u0142y program zawieraj\u0105cy emisje cyfrowe te same co WSJT-X jednak zdecydowanie lepszy interfejs oraz dodatkowe funkcjonalno\u015bci. Autorem jest LZ2HV.<\/p>\n<p><a href=\"http:\/\/lz2hv.org\/mshv\">STRONA DOMOWA AUTORA PROGRAMU<\/a><\/p>\n<p>Umieszcz\u0119 z czasem instrukcj\u0119 uruchomienia i konfiguracji programu z opisem najwa\u017cniejszych funkcji&#8230;<\/p>\n<p><a href=\"https:\/\/so3z.com\/wp-content\/uploads\/2020\/06\/newwwww.png\"><img loading=\"lazy\" decoding=\"async\" class=\"alignnone size-large wp-image-3661\" src=\"https:\/\/so3z.com\/wp-content\/uploads\/2020\/06\/newwwww-1024x599.png\" alt=\"\" width=\"474\" height=\"277\" srcset=\"https:\/\/so3z.com\/wp-content\/uploads\/2020\/06\/newwwww-1024x599.png 1024w, https:\/\/so3z.com\/wp-content\/uploads\/2020\/06\/newwwww-300x175.png 300w, https:\/\/so3z.com\/wp-content\/uploads\/2020\/06\/newwwww-768x449.png 768w, https:\/\/so3z.com\/wp-content\/uploads\/2020\/06\/newwwww.png 1717w\" sizes=\"auto, (max-width: 474px) 100vw, 474px\" \/><\/a><\/p>\n","protected":false},"excerpt":{"rendered":"<p>MSHV to doskona\u0142y program zawieraj\u0105cy emisje cyfrowe te same co WSJT-X jednak zdecydowanie lepszy interfejs oraz dodatkowe funkcjonalno\u015bci. Autorem jest LZ2HV. STRONA DOMOWA AUTORA PROGRAMU Umieszcz\u0119 z czasem instrukcj\u0119 uruchomienia i konfiguracji programu z opisem najwa\u017cniejszych funkcji&#8230;<\/p>\n","protected":false},"author":1,"featured_media":0,"parent":3857,"menu_order":0,"comment_status":"closed","ping_status":"closed","template":"","meta":{"footnotes":""},"class_list":["post-3865","page","type-page","status-publish","hentry"],"_links":{"self":[{"href":"https:\/\/so3z.com\/index.php?rest_route=\/wp\/v2\/pages\/3865","targetHints":{"allow":["GET"]}}],"collection":[{"href":"https:\/\/so3z.com\/index.php?rest_route=\/wp\/v2\/pages"}],"about":[{"href":"https:\/\/so3z.com\/index.php?rest_route=\/wp\/v2\/types\/page"}],"author":[{"embeddable":true,"href":"https:\/\/so3z.com\/index.php?rest_route=\/wp\/v2\/users\/1"}],"replies":[{"embeddable":true,"href":"https:\/\/so3z.com\/index.php?rest_route=%2Fwp%2Fv2%2Fcomments&post=3865"}],"version-history":[{"count":2,"href":"https:\/\/so3z.com\/index.php?rest_route=\/wp\/v2\/pages\/3865\/revisions"}],"predecessor-version":[{"id":3869,"href":"https:\/\/so3z.com\/index.php?rest_route=\/wp\/v2\/pages\/3865\/revisions\/3869"}],"up":[{"embeddable":true,"href":"https:\/\/so3z.com\/index.php?rest_route=\/wp\/v2\/pages\/3857"}],"wp:attachment":[{"href":"https:\/\/so3z.com\/index.php?rest_route=%2Fwp%2Fv2%2Fmedia&parent=3865"}],"curies":[{"name":"wp","href":"https:\/\/api.w.org\/{rel}","templated":true}]}}