{"id":3876,"date":"2021-02-08T00:09:25","date_gmt":"2021-02-07T23:09:25","guid":{"rendered":"https:\/\/so3z.com\/?page_id=3876"},"modified":"2021-02-08T00:15:05","modified_gmt":"2021-02-07T23:15:05","slug":"7el-dk7zb-144mhz","status":"publish","type":"page","link":"https:\/\/so3z.com\/?page_id=3876","title":{"rendered":"7el DK7ZB 144MHz"},"content":{"rendered":"<p><a href=\"https:\/\/www.qsl.net\/dk7zb\/2m-short\/7El-yagi.htm\">Projekt Marina DK7ZB\u00a0 &#8211; jest to antena na pasmo 144MHz o impedancji 28Ohm<\/a> dopasowywana dwoma odcinkami kabla 75Ohm.<br \/>\nD\u0142ugo\u015b\u0107 no\u015bnika to 3,3 metra.<br \/>\nPracowa\u0142em na takich antenach w kilkunastu zawodach w latach ubieg\u0142ych.<\/p>\n<p>W r\u00f3\u017cnych konfiguracjach 2x 7el, 3x 7el, 4x 7el.<\/p>\n<p><a href=\"https:\/\/so3z.com\/wp-content\/uploads\/2021\/02\/DSC_0549.jpg\"><img loading=\"lazy\" decoding=\"async\" class=\"alignnone size-medium wp-image-3877\" src=\"https:\/\/so3z.com\/wp-content\/uploads\/2021\/02\/DSC_0549-300x200.jpg\" alt=\"\" width=\"300\" height=\"200\" srcset=\"https:\/\/so3z.com\/wp-content\/uploads\/2021\/02\/DSC_0549-300x200.jpg 300w, https:\/\/so3z.com\/wp-content\/uploads\/2021\/02\/DSC_0549-1024x681.jpg 1024w, https:\/\/so3z.com\/wp-content\/uploads\/2021\/02\/DSC_0549-768x511.jpg 768w, https:\/\/so3z.com\/wp-content\/uploads\/2021\/02\/DSC_0549-1536x1022.jpg 1536w, https:\/\/so3z.com\/wp-content\/uploads\/2021\/02\/DSC_0549.jpg 1804w\" sizes=\"auto, (max-width: 300px) 100vw, 300px\" \/><\/a><a href=\"https:\/\/so3z.com\/wp-content\/uploads\/2021\/02\/DSC_0550.jpg\"><img loading=\"lazy\" decoding=\"async\" class=\"alignnone size-medium wp-image-3878\" src=\"https:\/\/so3z.com\/wp-content\/uploads\/2021\/02\/DSC_0550-300x200.jpg\" alt=\"\" width=\"300\" height=\"200\" srcset=\"https:\/\/so3z.com\/wp-content\/uploads\/2021\/02\/DSC_0550-300x200.jpg 300w, https:\/\/so3z.com\/wp-content\/uploads\/2021\/02\/DSC_0550-1024x681.jpg 1024w, https:\/\/so3z.com\/wp-content\/uploads\/2021\/02\/DSC_0550-768x511.jpg 768w, https:\/\/so3z.com\/wp-content\/uploads\/2021\/02\/DSC_0550.jpg 1052w\" sizes=\"auto, (max-width: 300px) 100vw, 300px\" \/><\/a> <a href=\"https:\/\/so3z.com\/wp-content\/uploads\/2021\/02\/DSC_0559.jpg\"><img loading=\"lazy\" decoding=\"async\" class=\"alignnone size-medium wp-image-3879\" src=\"https:\/\/so3z.com\/wp-content\/uploads\/2021\/02\/DSC_0559-300x200.jpg\" alt=\"\" width=\"300\" height=\"200\" srcset=\"https:\/\/so3z.com\/wp-content\/uploads\/2021\/02\/DSC_0559-300x200.jpg 300w, https:\/\/so3z.com\/wp-content\/uploads\/2021\/02\/DSC_0559-1024x681.jpg 1024w, https:\/\/so3z.com\/wp-content\/uploads\/2021\/02\/DSC_0559-768x511.jpg 768w, https:\/\/so3z.com\/wp-content\/uploads\/2021\/02\/DSC_0559.jpg 1052w\" sizes=\"auto, (max-width: 300px) 100vw, 300px\" \/><\/a> <a href=\"https:\/\/so3z.com\/wp-content\/uploads\/2021\/02\/DSC_0561.jpg\"><img loading=\"lazy\" decoding=\"async\" class=\"alignnone size-medium wp-image-3880\" src=\"https:\/\/so3z.com\/wp-content\/uploads\/2021\/02\/DSC_0561-300x200.jpg\" alt=\"\" width=\"300\" height=\"200\" srcset=\"https:\/\/so3z.com\/wp-content\/uploads\/2021\/02\/DSC_0561-300x200.jpg 300w, https:\/\/so3z.com\/wp-content\/uploads\/2021\/02\/DSC_0561-1024x681.jpg 1024w, https:\/\/so3z.com\/wp-content\/uploads\/2021\/02\/DSC_0561-768x511.jpg 768w, https:\/\/so3z.com\/wp-content\/uploads\/2021\/02\/DSC_0561.jpg 1052w\" sizes=\"auto, (max-width: 300px) 100vw, 300px\" \/><\/a><a href=\"https:\/\/so3z.com\/wp-content\/uploads\/2021\/02\/ant005.jpg\"><img loading=\"lazy\" decoding=\"async\" class=\"alignnone size-medium wp-image-3883\" src=\"https:\/\/so3z.com\/wp-content\/uploads\/2021\/02\/ant005-300x263.jpg\" alt=\"\" width=\"300\" height=\"263\" srcset=\"https:\/\/so3z.com\/wp-content\/uploads\/2021\/02\/ant005-300x263.jpg 300w, https:\/\/so3z.com\/wp-content\/uploads\/2021\/02\/ant005-768x674.jpg 768w, https:\/\/so3z.com\/wp-content\/uploads\/2021\/02\/ant005.jpg 1009w\" sizes=\"auto, (max-width: 300px) 100vw, 300px\" \/><\/a><a href=\"https:\/\/so3z.com\/wp-content\/uploads\/2021\/02\/ant004.jpg\"><img loading=\"lazy\" decoding=\"async\" class=\"alignnone size-medium wp-image-3882\" src=\"https:\/\/so3z.com\/wp-content\/uploads\/2021\/02\/ant004-300x199.jpg\" alt=\"\" width=\"300\" height=\"199\" srcset=\"https:\/\/so3z.com\/wp-content\/uploads\/2021\/02\/ant004-300x199.jpg 300w, https:\/\/so3z.com\/wp-content\/uploads\/2021\/02\/ant004.jpg 760w\" sizes=\"auto, (max-width: 300px) 100vw, 300px\" \/><\/a><a href=\"https:\/\/so3z.com\/wp-content\/uploads\/2021\/02\/ant006.jpg\"><img loading=\"lazy\" decoding=\"async\" class=\"alignnone size-medium wp-image-3884\" src=\"https:\/\/so3z.com\/wp-content\/uploads\/2021\/02\/ant006-300x199.jpg\" alt=\"\" width=\"300\" height=\"199\" srcset=\"https:\/\/so3z.com\/wp-content\/uploads\/2021\/02\/ant006-300x199.jpg 300w, https:\/\/so3z.com\/wp-content\/uploads\/2021\/02\/ant006.jpg 760w\" sizes=\"auto, (max-width: 300px) 100vw, 300px\" \/><\/a><a href=\"https:\/\/so3z.com\/wp-content\/uploads\/2021\/02\/ant007.jpg\"><img loading=\"lazy\" decoding=\"async\" class=\"alignnone size-medium wp-image-3885\" src=\"https:\/\/so3z.com\/wp-content\/uploads\/2021\/02\/ant007-300x198.jpg\" alt=\"\" width=\"300\" height=\"198\" srcset=\"https:\/\/so3z.com\/wp-content\/uploads\/2021\/02\/ant007-300x198.jpg 300w, https:\/\/so3z.com\/wp-content\/uploads\/2021\/02\/ant007.jpg 532w\" sizes=\"auto, (max-width: 300px) 100vw, 300px\" \/><\/a><a href=\"https:\/\/so3z.com\/wp-content\/uploads\/2021\/02\/ant008.jpg\"><img loading=\"lazy\" decoding=\"async\" class=\"alignnone size-medium wp-image-3886\" src=\"https:\/\/so3z.com\/wp-content\/uploads\/2021\/02\/ant008-300x199.jpg\" alt=\"\" width=\"300\" height=\"199\" srcset=\"https:\/\/so3z.com\/wp-content\/uploads\/2021\/02\/ant008-300x199.jpg 300w, https:\/\/so3z.com\/wp-content\/uploads\/2021\/02\/ant008.jpg 760w\" sizes=\"auto, (max-width: 300px) 100vw, 300px\" \/><\/a><a href=\"https:\/\/so3z.com\/wp-content\/uploads\/2021\/02\/DSC_0670.jpg\"><img loading=\"lazy\" decoding=\"async\" class=\"alignnone size-medium wp-image-3887\" src=\"https:\/\/so3z.com\/wp-content\/uploads\/2021\/02\/DSC_0670-300x200.jpg\" alt=\"\" width=\"300\" height=\"200\" srcset=\"https:\/\/so3z.com\/wp-content\/uploads\/2021\/02\/DSC_0670-300x200.jpg 300w, https:\/\/so3z.com\/wp-content\/uploads\/2021\/02\/DSC_0670-1024x681.jpg 1024w, https:\/\/so3z.com\/wp-content\/uploads\/2021\/02\/DSC_0670-768x511.jpg 768w, https:\/\/so3z.com\/wp-content\/uploads\/2021\/02\/DSC_0670.jpg 1052w\" sizes=\"auto, (max-width: 300px) 100vw, 300px\" \/><\/a><a href=\"https:\/\/so3z.com\/wp-content\/uploads\/2021\/02\/DSC_0671.jpg\"><img loading=\"lazy\" decoding=\"async\" class=\"alignnone size-medium wp-image-3888\" src=\"https:\/\/so3z.com\/wp-content\/uploads\/2021\/02\/DSC_0671-200x300.jpg\" alt=\"\" width=\"200\" height=\"300\" srcset=\"https:\/\/so3z.com\/wp-content\/uploads\/2021\/02\/DSC_0671-200x300.jpg 200w, https:\/\/so3z.com\/wp-content\/uploads\/2021\/02\/DSC_0671-681x1024.jpg 681w, https:\/\/so3z.com\/wp-content\/uploads\/2021\/02\/DSC_0671.jpg 700w\" sizes=\"auto, (max-width: 200px) 100vw, 200px\" \/><\/a><a href=\"https:\/\/so3z.com\/wp-content\/uploads\/2021\/02\/DSC_0672.jpg\"><img loading=\"lazy\" decoding=\"async\" class=\"alignnone size-medium wp-image-3889\" src=\"https:\/\/so3z.com\/wp-content\/uploads\/2021\/02\/DSC_0672-200x300.jpg\" alt=\"\" width=\"200\" height=\"300\" srcset=\"https:\/\/so3z.com\/wp-content\/uploads\/2021\/02\/DSC_0672-200x300.jpg 200w, https:\/\/so3z.com\/wp-content\/uploads\/2021\/02\/DSC_0672-681x1024.jpg 681w, https:\/\/so3z.com\/wp-content\/uploads\/2021\/02\/DSC_0672.jpg 700w\" sizes=\"auto, (max-width: 200px) 100vw, 200px\" \/><\/a><a href=\"https:\/\/so3z.com\/wp-content\/uploads\/2021\/02\/DSC_0673.jpg\"><img loading=\"lazy\" decoding=\"async\" class=\"alignnone size-medium wp-image-3890\" src=\"https:\/\/so3z.com\/wp-content\/uploads\/2021\/02\/DSC_0673-200x300.jpg\" alt=\"\" width=\"200\" height=\"300\" srcset=\"https:\/\/so3z.com\/wp-content\/uploads\/2021\/02\/DSC_0673-200x300.jpg 200w, https:\/\/so3z.com\/wp-content\/uploads\/2021\/02\/DSC_0673-681x1024.jpg 681w, https:\/\/so3z.com\/wp-content\/uploads\/2021\/02\/DSC_0673.jpg 700w\" sizes=\"auto, (max-width: 200px) 100vw, 200px\" \/><\/a><a href=\"https:\/\/so3z.com\/wp-content\/uploads\/2021\/02\/DSC_0757.jpg\"><img loading=\"lazy\" decoding=\"async\" class=\"alignnone size-medium wp-image-3893\" src=\"https:\/\/so3z.com\/wp-content\/uploads\/2021\/02\/DSC_0757-300x199.jpg\" alt=\"\" width=\"300\" height=\"199\" srcset=\"https:\/\/so3z.com\/wp-content\/uploads\/2021\/02\/DSC_0757-300x199.jpg 300w, https:\/\/so3z.com\/wp-content\/uploads\/2021\/02\/DSC_0757-1024x681.jpg 1024w, https:\/\/so3z.com\/wp-content\/uploads\/2021\/02\/DSC_0757-768x511.jpg 768w, https:\/\/so3z.com\/wp-content\/uploads\/2021\/02\/DSC_0757.jpg 1504w\" sizes=\"auto, (max-width: 300px) 100vw, 300px\" \/><\/a><a href=\"https:\/\/so3z.com\/wp-content\/uploads\/2021\/02\/DSC_0759.jpg\"><img loading=\"lazy\" decoding=\"async\" class=\"alignnone size-medium wp-image-3894\" src=\"https:\/\/so3z.com\/wp-content\/uploads\/2021\/02\/DSC_0759-199x300.jpg\" alt=\"\" width=\"199\" height=\"300\" srcset=\"https:\/\/so3z.com\/wp-content\/uploads\/2021\/02\/DSC_0759-199x300.jpg 199w, https:\/\/so3z.com\/wp-content\/uploads\/2021\/02\/DSC_0759-681x1024.jpg 681w, https:\/\/so3z.com\/wp-content\/uploads\/2021\/02\/DSC_0759-768x1155.jpg 768w, https:\/\/so3z.com\/wp-content\/uploads\/2021\/02\/DSC_0759.jpg 1000w\" sizes=\"auto, (max-width: 199px) 100vw, 199px\" \/><\/a><a href=\"https:\/\/so3z.com\/wp-content\/uploads\/2021\/02\/DSC_0760.jpg\"><img loading=\"lazy\" decoding=\"async\" class=\"alignnone size-medium wp-image-3895\" src=\"https:\/\/so3z.com\/wp-content\/uploads\/2021\/02\/DSC_0760-300x199.jpg\" alt=\"\" width=\"300\" height=\"199\" srcset=\"https:\/\/so3z.com\/wp-content\/uploads\/2021\/02\/DSC_0760-300x199.jpg 300w, https:\/\/so3z.com\/wp-content\/uploads\/2021\/02\/DSC_0760-1024x681.jpg 1024w, https:\/\/so3z.com\/wp-content\/uploads\/2021\/02\/DSC_0760-768x511.jpg 768w, https:\/\/so3z.com\/wp-content\/uploads\/2021\/02\/DSC_0760.jpg 1504w\" sizes=\"auto, (max-width: 300px) 100vw, 300px\" \/><\/a><a href=\"https:\/\/so3z.com\/wp-content\/uploads\/2021\/02\/DSC_0761.jpg\"><img loading=\"lazy\" decoding=\"async\" class=\"alignnone size-medium wp-image-3896\" src=\"https:\/\/so3z.com\/wp-content\/uploads\/2021\/02\/DSC_0761-199x300.jpg\" alt=\"\" width=\"199\" height=\"300\" srcset=\"https:\/\/so3z.com\/wp-content\/uploads\/2021\/02\/DSC_0761-199x300.jpg 199w, https:\/\/so3z.com\/wp-content\/uploads\/2021\/02\/DSC_0761-681x1024.jpg 681w, https:\/\/so3z.com\/wp-content\/uploads\/2021\/02\/DSC_0761-768x1155.jpg 768w, https:\/\/so3z.com\/wp-content\/uploads\/2021\/02\/DSC_0761.jpg 1000w\" sizes=\"auto, (max-width: 199px) 100vw, 199px\" \/><\/a><a href=\"https:\/\/so3z.com\/wp-content\/uploads\/2021\/02\/DSC_1080.jpg\"><img loading=\"lazy\" decoding=\"async\" class=\"alignnone size-medium wp-image-3897\" src=\"https:\/\/so3z.com\/wp-content\/uploads\/2021\/02\/DSC_1080-199x300.jpg\" alt=\"\" width=\"199\" height=\"300\" srcset=\"https:\/\/so3z.com\/wp-content\/uploads\/2021\/02\/DSC_1080-199x300.jpg 199w, https:\/\/so3z.com\/wp-content\/uploads\/2021\/02\/DSC_1080-681x1024.jpg 681w, https:\/\/so3z.com\/wp-content\/uploads\/2021\/02\/DSC_1080-768x1155.jpg 768w, https:\/\/so3z.com\/wp-content\/uploads\/2021\/02\/DSC_1080.jpg 1000w\" sizes=\"auto, (max-width: 199px) 100vw, 199px\" \/><\/a><a href=\"https:\/\/so3z.com\/wp-content\/uploads\/2021\/02\/DSC_1099.jpg\"><img loading=\"lazy\" decoding=\"async\" class=\"alignnone size-medium wp-image-3898\" src=\"https:\/\/so3z.com\/wp-content\/uploads\/2021\/02\/DSC_1099-300x199.jpg\" alt=\"\" width=\"300\" height=\"199\" srcset=\"https:\/\/so3z.com\/wp-content\/uploads\/2021\/02\/DSC_1099-300x199.jpg 300w, https:\/\/so3z.com\/wp-content\/uploads\/2021\/02\/DSC_1099-1024x681.jpg 1024w, https:\/\/so3z.com\/wp-content\/uploads\/2021\/02\/DSC_1099-768x511.jpg 768w, https:\/\/so3z.com\/wp-content\/uploads\/2021\/02\/DSC_1099.jpg 1504w\" sizes=\"auto, (max-width: 300px) 100vw, 300px\" \/><\/a><a href=\"https:\/\/so3z.com\/wp-content\/uploads\/2021\/02\/DSC_1100.jpg\"><img loading=\"lazy\" decoding=\"async\" class=\"alignnone size-medium wp-image-3899\" src=\"https:\/\/so3z.com\/wp-content\/uploads\/2021\/02\/DSC_1100-300x199.jpg\" alt=\"\" width=\"300\" height=\"199\" srcset=\"https:\/\/so3z.com\/wp-content\/uploads\/2021\/02\/DSC_1100-300x199.jpg 300w, https:\/\/so3z.com\/wp-content\/uploads\/2021\/02\/DSC_1100-1024x681.jpg 1024w, https:\/\/so3z.com\/wp-content\/uploads\/2021\/02\/DSC_1100-768x511.jpg 768w, https:\/\/so3z.com\/wp-content\/uploads\/2021\/02\/DSC_1100.jpg 1504w\" sizes=\"auto, (max-width: 300px) 100vw, 300px\" \/><\/a><a href=\"https:\/\/so3z.com\/wp-content\/uploads\/2021\/02\/DSC_1101.jpg\"><img loading=\"lazy\" decoding=\"async\" class=\"alignnone size-medium wp-image-3900\" src=\"https:\/\/so3z.com\/wp-content\/uploads\/2021\/02\/DSC_1101-199x300.jpg\" alt=\"\" width=\"199\" height=\"300\" srcset=\"https:\/\/so3z.com\/wp-content\/uploads\/2021\/02\/DSC_1101-199x300.jpg 199w, https:\/\/so3z.com\/wp-content\/uploads\/2021\/02\/DSC_1101-681x1024.jpg 681w, https:\/\/so3z.com\/wp-content\/uploads\/2021\/02\/DSC_1101-768x1155.jpg 768w, https:\/\/so3z.com\/wp-content\/uploads\/2021\/02\/DSC_1101.jpg 1000w\" sizes=\"auto, (max-width: 199px) 100vw, 199px\" \/><\/a><a href=\"https:\/\/so3z.com\/wp-content\/uploads\/2021\/02\/DSC_1102.jpg\"><img loading=\"lazy\" decoding=\"async\" class=\"alignnone size-medium wp-image-3901\" src=\"https:\/\/so3z.com\/wp-content\/uploads\/2021\/02\/DSC_1102-300x199.jpg\" alt=\"\" width=\"300\" height=\"199\" srcset=\"https:\/\/so3z.com\/wp-content\/uploads\/2021\/02\/DSC_1102-300x199.jpg 300w, https:\/\/so3z.com\/wp-content\/uploads\/2021\/02\/DSC_1102-1024x681.jpg 1024w, https:\/\/so3z.com\/wp-content\/uploads\/2021\/02\/DSC_1102-768x511.jpg 768w, https:\/\/so3z.com\/wp-content\/uploads\/2021\/02\/DSC_1102.jpg 1504w\" sizes=\"auto, (max-width: 300px) 100vw, 300px\" \/><\/a><a href=\"https:\/\/so3z.com\/wp-content\/uploads\/2021\/02\/DSC_1103.jpg\"><img loading=\"lazy\" decoding=\"async\" class=\"alignnone size-medium wp-image-3902\" src=\"https:\/\/so3z.com\/wp-content\/uploads\/2021\/02\/DSC_1103-199x300.jpg\" alt=\"\" width=\"199\" height=\"300\" srcset=\"https:\/\/so3z.com\/wp-content\/uploads\/2021\/02\/DSC_1103-199x300.jpg 199w, https:\/\/so3z.com\/wp-content\/uploads\/2021\/02\/DSC_1103-681x1024.jpg 681w, https:\/\/so3z.com\/wp-content\/uploads\/2021\/02\/DSC_1103-768x1155.jpg 768w, https:\/\/so3z.com\/wp-content\/uploads\/2021\/02\/DSC_1103.jpg 1000w\" sizes=\"auto, (max-width: 199px) 100vw, 199px\" \/><\/a><a href=\"https:\/\/so3z.com\/wp-content\/uploads\/2021\/02\/DSC_10788.jpg\"><img loading=\"lazy\" decoding=\"async\" class=\"alignnone size-medium wp-image-3903\" src=\"https:\/\/so3z.com\/wp-content\/uploads\/2021\/02\/DSC_10788-300x199.jpg\" alt=\"\" width=\"300\" height=\"199\" srcset=\"https:\/\/so3z.com\/wp-content\/uploads\/2021\/02\/DSC_10788-300x199.jpg 300w, https:\/\/so3z.com\/wp-content\/uploads\/2021\/02\/DSC_10788-1024x681.jpg 1024w, https:\/\/so3z.com\/wp-content\/uploads\/2021\/02\/DSC_10788-768x511.jpg 768w, https:\/\/so3z.com\/wp-content\/uploads\/2021\/02\/DSC_10788.jpg 1504w\" sizes=\"auto, (max-width: 300px) 100vw, 300px\" \/><\/a><a href=\"https:\/\/so3z.com\/wp-content\/uploads\/2021\/02\/IMG_2247.jpg\"><img loading=\"lazy\" decoding=\"async\" class=\"alignnone size-medium wp-image-3904\" src=\"https:\/\/so3z.com\/wp-content\/uploads\/2021\/02\/IMG_2247-225x300.jpg\" alt=\"\" width=\"225\" height=\"300\" srcset=\"https:\/\/so3z.com\/wp-content\/uploads\/2021\/02\/IMG_2247-225x300.jpg 225w, https:\/\/so3z.com\/wp-content\/uploads\/2021\/02\/IMG_2247-768x1024.jpg 768w, https:\/\/so3z.com\/wp-content\/uploads\/2021\/02\/IMG_2247-1152x1536.jpg 1152w, https:\/\/so3z.com\/wp-content\/uploads\/2021\/02\/IMG_2247.jpg 1468w\" sizes=\"auto, (max-width: 225px) 100vw, 225px\" \/><\/a><a href=\"https:\/\/so3z.com\/wp-content\/uploads\/2021\/02\/IMG_2248.jpg\"><img loading=\"lazy\" decoding=\"async\" class=\"alignnone size-medium wp-image-3905\" src=\"https:\/\/so3z.com\/wp-content\/uploads\/2021\/02\/IMG_2248-300x225.jpg\" alt=\"\" width=\"300\" height=\"225\" srcset=\"https:\/\/so3z.com\/wp-content\/uploads\/2021\/02\/IMG_2248-300x225.jpg 300w, https:\/\/so3z.com\/wp-content\/uploads\/2021\/02\/IMG_2248-1024x768.jpg 1024w, https:\/\/so3z.com\/wp-content\/uploads\/2021\/02\/IMG_2248-768x576.jpg 768w, https:\/\/so3z.com\/wp-content\/uploads\/2021\/02\/IMG_2248-1536x1152.jpg 1536w, https:\/\/so3z.com\/wp-content\/uploads\/2021\/02\/IMG_2248.jpg 1958w\" sizes=\"auto, (max-width: 300px) 100vw, 300px\" \/><\/a><a href=\"https:\/\/so3z.com\/wp-content\/uploads\/2021\/02\/IMG_2251.jpg\"><img loading=\"lazy\" decoding=\"async\" class=\"alignnone size-medium wp-image-3906\" src=\"https:\/\/so3z.com\/wp-content\/uploads\/2021\/02\/IMG_2251-225x300.jpg\" alt=\"\" width=\"225\" height=\"300\" srcset=\"https:\/\/so3z.com\/wp-content\/uploads\/2021\/02\/IMG_2251-225x300.jpg 225w, https:\/\/so3z.com\/wp-content\/uploads\/2021\/02\/IMG_2251-768x1024.jpg 768w, https:\/\/so3z.com\/wp-content\/uploads\/2021\/02\/IMG_2251-1152x1536.jpg 1152w, https:\/\/so3z.com\/wp-content\/uploads\/2021\/02\/IMG_2251.jpg 1468w\" sizes=\"auto, (max-width: 225px) 100vw, 225px\" \/><\/a><a href=\"https:\/\/so3z.com\/wp-content\/uploads\/2021\/02\/IMG_2253.jpg\"><img loading=\"lazy\" decoding=\"async\" class=\"alignnone size-medium wp-image-3907\" src=\"https:\/\/so3z.com\/wp-content\/uploads\/2021\/02\/IMG_2253-225x300.jpg\" alt=\"\" width=\"225\" height=\"300\" srcset=\"https:\/\/so3z.com\/wp-content\/uploads\/2021\/02\/IMG_2253-225x300.jpg 225w, https:\/\/so3z.com\/wp-content\/uploads\/2021\/02\/IMG_2253-768x1024.jpg 768w, https:\/\/so3z.com\/wp-content\/uploads\/2021\/02\/IMG_2253-1152x1536.jpg 1152w, https:\/\/so3z.com\/wp-content\/uploads\/2021\/02\/IMG_2253.jpg 1468w\" sizes=\"auto, (max-width: 225px) 100vw, 225px\" \/><\/a><a href=\"https:\/\/so3z.com\/wp-content\/uploads\/2021\/02\/IMG_2255.jpg\"><img loading=\"lazy\" decoding=\"async\" class=\"alignnone size-medium wp-image-3908\" src=\"https:\/\/so3z.com\/wp-content\/uploads\/2021\/02\/IMG_2255-225x300.jpg\" alt=\"\" width=\"225\" height=\"300\" srcset=\"https:\/\/so3z.com\/wp-content\/uploads\/2021\/02\/IMG_2255-225x300.jpg 225w, https:\/\/so3z.com\/wp-content\/uploads\/2021\/02\/IMG_2255-768x1024.jpg 768w, https:\/\/so3z.com\/wp-content\/uploads\/2021\/02\/IMG_2255-1152x1536.jpg 1152w, https:\/\/so3z.com\/wp-content\/uploads\/2021\/02\/IMG_2255.jpg 1468w\" sizes=\"auto, (max-width: 225px) 100vw, 225px\" \/><\/a><a href=\"https:\/\/so3z.com\/wp-content\/uploads\/2021\/02\/IMG_2256.jpg\"><img loading=\"lazy\" decoding=\"async\" class=\"alignnone size-medium wp-image-3909\" src=\"https:\/\/so3z.com\/wp-content\/uploads\/2021\/02\/IMG_2256-300x225.jpg\" alt=\"\" width=\"300\" height=\"225\" srcset=\"https:\/\/so3z.com\/wp-content\/uploads\/2021\/02\/IMG_2256-300x225.jpg 300w, https:\/\/so3z.com\/wp-content\/uploads\/2021\/02\/IMG_2256-1024x768.jpg 1024w, https:\/\/so3z.com\/wp-content\/uploads\/2021\/02\/IMG_2256-768x576.jpg 768w, https:\/\/so3z.com\/wp-content\/uploads\/2021\/02\/IMG_2256-1536x1152.jpg 1536w, https:\/\/so3z.com\/wp-content\/uploads\/2021\/02\/IMG_2256.jpg 1958w\" sizes=\"auto, (max-width: 300px) 100vw, 300px\" \/><\/a><a href=\"https:\/\/so3z.com\/wp-content\/uploads\/2021\/02\/IMG_2262.jpg\"><img loading=\"lazy\" decoding=\"async\" class=\"alignnone size-medium wp-image-3910\" src=\"https:\/\/so3z.com\/wp-content\/uploads\/2021\/02\/IMG_2262-225x300.jpg\" alt=\"\" width=\"225\" height=\"300\" srcset=\"https:\/\/so3z.com\/wp-content\/uploads\/2021\/02\/IMG_2262-225x300.jpg 225w, https:\/\/so3z.com\/wp-content\/uploads\/2021\/02\/IMG_2262-768x1024.jpg 768w, https:\/\/so3z.com\/wp-content\/uploads\/2021\/02\/IMG_2262-1152x1536.jpg 1152w, https:\/\/so3z.com\/wp-content\/uploads\/2021\/02\/IMG_2262.jpg 1468w\" sizes=\"auto, (max-width: 225px) 100vw, 225px\" \/><\/a><a href=\"https:\/\/so3z.com\/wp-content\/uploads\/2021\/02\/IMG_2263.jpg\"><img loading=\"lazy\" decoding=\"async\" class=\"alignnone size-medium wp-image-3911\" src=\"https:\/\/so3z.com\/wp-content\/uploads\/2021\/02\/IMG_2263-300x225.jpg\" alt=\"\" width=\"300\" height=\"225\" srcset=\"https:\/\/so3z.com\/wp-content\/uploads\/2021\/02\/IMG_2263-300x225.jpg 300w, https:\/\/so3z.com\/wp-content\/uploads\/2021\/02\/IMG_2263-1024x768.jpg 1024w, https:\/\/so3z.com\/wp-content\/uploads\/2021\/02\/IMG_2263-768x576.jpg 768w, https:\/\/so3z.com\/wp-content\/uploads\/2021\/02\/IMG_2263-1536x1152.jpg 1536w, https:\/\/so3z.com\/wp-content\/uploads\/2021\/02\/IMG_2263.jpg 1958w\" sizes=\"auto, (max-width: 300px) 100vw, 300px\" \/><\/a><a href=\"https:\/\/so3z.com\/wp-content\/uploads\/2021\/02\/IMG_2264.jpg\"><img loading=\"lazy\" decoding=\"async\" class=\"alignnone size-medium wp-image-3912\" src=\"https:\/\/so3z.com\/wp-content\/uploads\/2021\/02\/IMG_2264-300x225.jpg\" alt=\"\" width=\"300\" height=\"225\" srcset=\"https:\/\/so3z.com\/wp-content\/uploads\/2021\/02\/IMG_2264-300x225.jpg 300w, https:\/\/so3z.com\/wp-content\/uploads\/2021\/02\/IMG_2264-1024x768.jpg 1024w, https:\/\/so3z.com\/wp-content\/uploads\/2021\/02\/IMG_2264-768x576.jpg 768w, https:\/\/so3z.com\/wp-content\/uploads\/2021\/02\/IMG_2264-1536x1152.jpg 1536w, https:\/\/so3z.com\/wp-content\/uploads\/2021\/02\/IMG_2264.jpg 1958w\" sizes=\"auto, (max-width: 300px) 100vw, 300px\" \/><\/a><a href=\"https:\/\/so3z.com\/wp-content\/uploads\/2021\/02\/IMG_2265.jpg\"><img loading=\"lazy\" decoding=\"async\" class=\"alignnone size-medium wp-image-3913\" src=\"https:\/\/so3z.com\/wp-content\/uploads\/2021\/02\/IMG_2265-300x225.jpg\" alt=\"\" width=\"300\" height=\"225\" srcset=\"https:\/\/so3z.com\/wp-content\/uploads\/2021\/02\/IMG_2265-300x225.jpg 300w, https:\/\/so3z.com\/wp-content\/uploads\/2021\/02\/IMG_2265-1024x768.jpg 1024w, https:\/\/so3z.com\/wp-content\/uploads\/2021\/02\/IMG_2265-768x576.jpg 768w, https:\/\/so3z.com\/wp-content\/uploads\/2021\/02\/IMG_2265-1536x1152.jpg 1536w, https:\/\/so3z.com\/wp-content\/uploads\/2021\/02\/IMG_2265.jpg 1958w\" sizes=\"auto, (max-width: 300px) 100vw, 300px\" \/><\/a><a href=\"https:\/\/so3z.com\/wp-content\/uploads\/2021\/02\/IMG_2266.jpg\"><img loading=\"lazy\" decoding=\"async\" class=\"alignnone size-medium wp-image-3914\" src=\"https:\/\/so3z.com\/wp-content\/uploads\/2021\/02\/IMG_2266-225x300.jpg\" alt=\"\" width=\"225\" height=\"300\" srcset=\"https:\/\/so3z.com\/wp-content\/uploads\/2021\/02\/IMG_2266-225x300.jpg 225w, https:\/\/so3z.com\/wp-content\/uploads\/2021\/02\/IMG_2266-768x1024.jpg 768w, https:\/\/so3z.com\/wp-content\/uploads\/2021\/02\/IMG_2266-1152x1536.jpg 1152w, https:\/\/so3z.com\/wp-content\/uploads\/2021\/02\/IMG_2266.jpg 1468w\" sizes=\"auto, (max-width: 225px) 100vw, 225px\" \/><\/a><a href=\"https:\/\/so3z.com\/wp-content\/uploads\/2021\/02\/IMG_2267.jpg\"><img loading=\"lazy\" decoding=\"async\" class=\"alignnone size-medium wp-image-3915\" src=\"https:\/\/so3z.com\/wp-content\/uploads\/2021\/02\/IMG_2267-300x225.jpg\" alt=\"\" width=\"300\" height=\"225\" srcset=\"https:\/\/so3z.com\/wp-content\/uploads\/2021\/02\/IMG_2267-300x225.jpg 300w, https:\/\/so3z.com\/wp-content\/uploads\/2021\/02\/IMG_2267-1024x768.jpg 1024w, https:\/\/so3z.com\/wp-content\/uploads\/2021\/02\/IMG_2267-768x576.jpg 768w, https:\/\/so3z.com\/wp-content\/uploads\/2021\/02\/IMG_2267-1536x1152.jpg 1536w, https:\/\/so3z.com\/wp-content\/uploads\/2021\/02\/IMG_2267.jpg 1958w\" sizes=\"auto, (max-width: 300px) 100vw, 300px\" \/><\/a><a href=\"https:\/\/so3z.com\/wp-content\/uploads\/2021\/02\/sq3lvd-after-hard-work-with-mast.jpg\"><img loading=\"lazy\" decoding=\"async\" class=\"alignnone size-medium wp-image-3916\" src=\"https:\/\/so3z.com\/wp-content\/uploads\/2021\/02\/sq3lvd-after-hard-work-with-mast-225x300.jpg\" alt=\"\" width=\"225\" height=\"300\" srcset=\"https:\/\/so3z.com\/wp-content\/uploads\/2021\/02\/sq3lvd-after-hard-work-with-mast-225x300.jpg 225w, https:\/\/so3z.com\/wp-content\/uploads\/2021\/02\/sq3lvd-after-hard-work-with-mast-768x1024.jpg 768w, https:\/\/so3z.com\/wp-content\/uploads\/2021\/02\/sq3lvd-after-hard-work-with-mast-1152x1536.jpg 1152w, https:\/\/so3z.com\/wp-content\/uploads\/2021\/02\/sq3lvd-after-hard-work-with-mast.jpg 1468w\" sizes=\"auto, (max-width: 225px) 100vw, 225px\" \/><\/a><\/p>\n","protected":false},"excerpt":{"rendered":"<p>Projekt Marina DK7ZB\u00a0 &#8211; jest to antena na pasmo 144MHz o impedancji 28Ohm dopasowywana dwoma odcinkami kabla 75Ohm. D\u0142ugo\u015b\u0107 no\u015bnika to 3,3 metra. Pracowa\u0142em na takich antenach w kilkunastu zawodach w latach ubieg\u0142ych. W r\u00f3\u017cnych konfiguracjach 2x 7el, 3x 7el, 4x 7el.<\/p>\n","protected":false},"author":1,"featured_media":0,"parent":3841,"menu_order":0,"comment_status":"closed","ping_status":"closed","template":"","meta":{"footnotes":""},"class_list":["post-3876","page","type-page","status-publish","hentry"],"_links":{"self":[{"href":"https:\/\/so3z.com\/index.php?rest_route=\/wp\/v2\/pages\/3876","targetHints":{"allow":["GET"]}}],"collection":[{"href":"https:\/\/so3z.com\/index.php?rest_route=\/wp\/v2\/pages"}],"about":[{"href":"https:\/\/so3z.com\/index.php?rest_route=\/wp\/v2\/types\/page"}],"author":[{"embeddable":true,"href":"https:\/\/so3z.com\/index.php?rest_route=\/wp\/v2\/users\/1"}],"replies":[{"embeddable":true,"href":"https:\/\/so3z.com\/index.php?rest_route=%2Fwp%2Fv2%2Fcomments&post=3876"}],"version-history":[{"count":5,"href":"https:\/\/so3z.com\/index.php?rest_route=\/wp\/v2\/pages\/3876\/revisions"}],"predecessor-version":[{"id":3918,"href":"https:\/\/so3z.com\/index.php?rest_route=\/wp\/v2\/pages\/3876\/revisions\/3918"}],"up":[{"embeddable":true,"href":"https:\/\/so3z.com\/index.php?rest_route=\/wp\/v2\/pages\/3841"}],"wp:attachment":[{"href":"https:\/\/so3z.com\/index.php?rest_route=%2Fwp%2Fv2%2Fmedia&parent=3876"}],"curies":[{"name":"wp","href":"https:\/\/api.w.org\/{rel}","templated":true}]}}