{"id":3921,"date":"2021-02-08T00:18:47","date_gmt":"2021-02-07T23:18:47","guid":{"rendered":"https:\/\/so3z.com\/?page_id=3921"},"modified":"2021-02-08T00:18:59","modified_gmt":"2021-02-07T23:18:59","slug":"8el-dk7zb-144mhz","status":"publish","type":"page","link":"https:\/\/so3z.com\/?page_id=3921","title":{"rendered":"8el DK7ZB 144MHz"},"content":{"rendered":"<p><a href=\"https:\/\/www.qsl.net\/dk7zb\/2m-short\/8-ele.htm\">Jest to projekt Marcina DK7ZB na pasmo 144MHz o impedancji 28Ohm.<\/a><br \/>\nDopasowanie do 50Ohm nast\u0119puje poprzez dwa odcinki \u0107wier\u0107falowe kabli 75Ohm.<br \/>\nBoom o d\u0142ugo\u015bci 4,4 metra.<br \/>\nBy\u0142a to moja druga antena Yagi wykonana w\u0142asnor\u0119cznie.<\/p>\n<p><a href=\"https:\/\/so3z.com\/wp-content\/uploads\/2021\/02\/DSC_0001.jpg\"><img loading=\"lazy\" decoding=\"async\" class=\"alignnone size-medium wp-image-3922\" src=\"https:\/\/so3z.com\/wp-content\/uploads\/2021\/02\/DSC_0001-300x199.jpg\" alt=\"\" width=\"300\" height=\"199\" srcset=\"https:\/\/so3z.com\/wp-content\/uploads\/2021\/02\/DSC_0001-300x199.jpg 300w, https:\/\/so3z.com\/wp-content\/uploads\/2021\/02\/DSC_0001-1024x681.jpg 1024w, https:\/\/so3z.com\/wp-content\/uploads\/2021\/02\/DSC_0001-768x511.jpg 768w, https:\/\/so3z.com\/wp-content\/uploads\/2021\/02\/DSC_0001.jpg 1504w\" sizes=\"auto, (max-width: 300px) 100vw, 300px\" \/><\/a> <a href=\"https:\/\/so3z.com\/wp-content\/uploads\/2021\/02\/DSC_0002.jpg\"><img loading=\"lazy\" decoding=\"async\" class=\"alignnone size-medium wp-image-3923\" src=\"https:\/\/so3z.com\/wp-content\/uploads\/2021\/02\/DSC_0002-199x300.jpg\" alt=\"\" width=\"199\" height=\"300\" srcset=\"https:\/\/so3z.com\/wp-content\/uploads\/2021\/02\/DSC_0002-199x300.jpg 199w, https:\/\/so3z.com\/wp-content\/uploads\/2021\/02\/DSC_0002-681x1024.jpg 681w, https:\/\/so3z.com\/wp-content\/uploads\/2021\/02\/DSC_0002-768x1155.jpg 768w, https:\/\/so3z.com\/wp-content\/uploads\/2021\/02\/DSC_0002.jpg 1000w\" sizes=\"auto, (max-width: 199px) 100vw, 199px\" \/><\/a> <a href=\"https:\/\/so3z.com\/wp-content\/uploads\/2021\/02\/DSC_0006.jpg\"><img loading=\"lazy\" decoding=\"async\" class=\"alignnone size-medium wp-image-3924\" src=\"https:\/\/so3z.com\/wp-content\/uploads\/2021\/02\/DSC_0006-300x199.jpg\" alt=\"\" width=\"300\" height=\"199\" srcset=\"https:\/\/so3z.com\/wp-content\/uploads\/2021\/02\/DSC_0006-300x199.jpg 300w, https:\/\/so3z.com\/wp-content\/uploads\/2021\/02\/DSC_0006-1024x679.jpg 1024w, https:\/\/so3z.com\/wp-content\/uploads\/2021\/02\/DSC_0006-768x509.jpg 768w, https:\/\/so3z.com\/wp-content\/uploads\/2021\/02\/DSC_0006-1536x1019.jpg 1536w, https:\/\/so3z.com\/wp-content\/uploads\/2021\/02\/DSC_0006.jpg 1692w\" sizes=\"auto, (max-width: 300px) 100vw, 300px\" \/><\/a> <a href=\"https:\/\/so3z.com\/wp-content\/uploads\/2021\/02\/DSC_0015.jpg\"><img loading=\"lazy\" decoding=\"async\" class=\"alignnone size-medium wp-image-3925\" src=\"https:\/\/so3z.com\/wp-content\/uploads\/2021\/02\/DSC_0015-300x214.jpg\" alt=\"\" width=\"300\" height=\"214\" srcset=\"https:\/\/so3z.com\/wp-content\/uploads\/2021\/02\/DSC_0015-300x214.jpg 300w, https:\/\/so3z.com\/wp-content\/uploads\/2021\/02\/DSC_0015-1024x729.jpg 1024w, https:\/\/so3z.com\/wp-content\/uploads\/2021\/02\/DSC_0015-768x547.jpg 768w, https:\/\/so3z.com\/wp-content\/uploads\/2021\/02\/DSC_0015.jpg 1262w\" sizes=\"auto, (max-width: 300px) 100vw, 300px\" \/><\/a> <a href=\"https:\/\/so3z.com\/wp-content\/uploads\/2021\/02\/DSC_0131.jpg\"><img loading=\"lazy\" decoding=\"async\" class=\"alignnone size-medium wp-image-3926\" src=\"https:\/\/so3z.com\/wp-content\/uploads\/2021\/02\/DSC_0131-202x300.jpg\" alt=\"\" width=\"202\" height=\"300\" srcset=\"https:\/\/so3z.com\/wp-content\/uploads\/2021\/02\/DSC_0131-202x300.jpg 202w, https:\/\/so3z.com\/wp-content\/uploads\/2021\/02\/DSC_0131-690x1024.jpg 690w, https:\/\/so3z.com\/wp-content\/uploads\/2021\/02\/DSC_0131-768x1139.jpg 768w, https:\/\/so3z.com\/wp-content\/uploads\/2021\/02\/DSC_0131-1036x1536.jpg 1036w, https:\/\/so3z.com\/wp-content\/uploads\/2021\/02\/DSC_0131.jpg 1254w\" sizes=\"auto, (max-width: 202px) 100vw, 202px\" \/><\/a> <a href=\"https:\/\/so3z.com\/wp-content\/uploads\/2021\/02\/DSC_0356-scaled.jpg\"><img loading=\"lazy\" decoding=\"async\" class=\"alignnone size-medium wp-image-3927\" src=\"https:\/\/so3z.com\/wp-content\/uploads\/2021\/02\/DSC_0356-300x199.jpg\" alt=\"\" width=\"300\" height=\"199\" srcset=\"https:\/\/so3z.com\/wp-content\/uploads\/2021\/02\/DSC_0356-300x199.jpg 300w, https:\/\/so3z.com\/wp-content\/uploads\/2021\/02\/DSC_0356-1024x681.jpg 1024w, https:\/\/so3z.com\/wp-content\/uploads\/2021\/02\/DSC_0356-768x511.jpg 768w, https:\/\/so3z.com\/wp-content\/uploads\/2021\/02\/DSC_0356-1536x1021.jpg 1536w, https:\/\/so3z.com\/wp-content\/uploads\/2021\/02\/DSC_0356-2048x1362.jpg 2048w\" sizes=\"auto, (max-width: 300px) 100vw, 300px\" \/><\/a><\/p>\n<figure id=\"attachment_3928\" aria-describedby=\"caption-attachment-3928\" style=\"width: 300px\" class=\"wp-caption alignnone\"><a href=\"https:\/\/so3z.com\/wp-content\/uploads\/2021\/02\/P3280002.jpg\"><img loading=\"lazy\" decoding=\"async\" class=\"size-medium wp-image-3928\" src=\"https:\/\/so3z.com\/wp-content\/uploads\/2021\/02\/P3280002-300x225.jpg\" alt=\"\" width=\"300\" height=\"225\" srcset=\"https:\/\/so3z.com\/wp-content\/uploads\/2021\/02\/P3280002-300x225.jpg 300w, https:\/\/so3z.com\/wp-content\/uploads\/2021\/02\/P3280002-768x576.jpg 768w, https:\/\/so3z.com\/wp-content\/uploads\/2021\/02\/P3280002.jpg 1024w\" sizes=\"auto, (max-width: 300px) 100vw, 300px\" \/><\/a><figcaption id=\"caption-attachment-3928\" class=\"wp-caption-text\">OLYMPUS DIGITAL CAMERA<\/figcaption><\/figure>\n<figure id=\"attachment_3929\" aria-describedby=\"caption-attachment-3929\" style=\"width: 300px\" class=\"wp-caption alignnone\"><a href=\"https:\/\/so3z.com\/wp-content\/uploads\/2021\/02\/P3280004.jpg\"><img loading=\"lazy\" decoding=\"async\" class=\"size-medium wp-image-3929\" src=\"https:\/\/so3z.com\/wp-content\/uploads\/2021\/02\/P3280004-300x225.jpg\" alt=\"\" width=\"300\" height=\"225\" srcset=\"https:\/\/so3z.com\/wp-content\/uploads\/2021\/02\/P3280004-300x225.jpg 300w, https:\/\/so3z.com\/wp-content\/uploads\/2021\/02\/P3280004-768x576.jpg 768w, https:\/\/so3z.com\/wp-content\/uploads\/2021\/02\/P3280004.jpg 1024w\" sizes=\"auto, (max-width: 300px) 100vw, 300px\" \/><\/a><figcaption id=\"caption-attachment-3929\" class=\"wp-caption-text\">OLYMPUS DIGITAL CAMERA<\/figcaption><\/figure>\n<figure id=\"attachment_3930\" aria-describedby=\"caption-attachment-3930\" style=\"width: 300px\" class=\"wp-caption alignnone\"><a href=\"https:\/\/so3z.com\/wp-content\/uploads\/2021\/02\/P5170002.jpg\"><img loading=\"lazy\" decoding=\"async\" class=\"size-medium wp-image-3930\" src=\"https:\/\/so3z.com\/wp-content\/uploads\/2021\/02\/P5170002-300x225.jpg\" alt=\"\" width=\"300\" height=\"225\" srcset=\"https:\/\/so3z.com\/wp-content\/uploads\/2021\/02\/P5170002-300x225.jpg 300w, https:\/\/so3z.com\/wp-content\/uploads\/2021\/02\/P5170002-1024x768.jpg 1024w, https:\/\/so3z.com\/wp-content\/uploads\/2021\/02\/P5170002-768x576.jpg 768w, https:\/\/so3z.com\/wp-content\/uploads\/2021\/02\/P5170002-1536x1152.jpg 1536w, https:\/\/so3z.com\/wp-content\/uploads\/2021\/02\/P5170002.jpg 1600w\" sizes=\"auto, (max-width: 300px) 100vw, 300px\" \/><\/a><figcaption id=\"caption-attachment-3930\" class=\"wp-caption-text\">OLYMPUS DIGITAL CAMERA<\/figcaption><\/figure>\n","protected":false},"excerpt":{"rendered":"<p>Jest to projekt Marcina DK7ZB na pasmo 144MHz o impedancji 28Ohm. Dopasowanie do 50Ohm nast\u0119puje poprzez dwa odcinki \u0107wier\u0107falowe kabli 75Ohm. Boom o d\u0142ugo\u015bci 4,4 metra. By\u0142a to moja druga antena Yagi wykonana w\u0142asnor\u0119cznie.<\/p>\n","protected":false},"author":1,"featured_media":0,"parent":3841,"menu_order":0,"comment_status":"closed","ping_status":"closed","template":"","meta":{"footnotes":""},"class_list":["post-3921","page","type-page","status-publish","hentry"],"_links":{"self":[{"href":"https:\/\/so3z.com\/index.php?rest_route=\/wp\/v2\/pages\/3921","targetHints":{"allow":["GET"]}}],"collection":[{"href":"https:\/\/so3z.com\/index.php?rest_route=\/wp\/v2\/pages"}],"about":[{"href":"https:\/\/so3z.com\/index.php?rest_route=\/wp\/v2\/types\/page"}],"author":[{"embeddable":true,"href":"https:\/\/so3z.com\/index.php?rest_route=\/wp\/v2\/users\/1"}],"replies":[{"embeddable":true,"href":"https:\/\/so3z.com\/index.php?rest_route=%2Fwp%2Fv2%2Fcomments&post=3921"}],"version-history":[{"count":1,"href":"https:\/\/so3z.com\/index.php?rest_route=\/wp\/v2\/pages\/3921\/revisions"}],"predecessor-version":[{"id":3931,"href":"https:\/\/so3z.com\/index.php?rest_route=\/wp\/v2\/pages\/3921\/revisions\/3931"}],"up":[{"embeddable":true,"href":"https:\/\/so3z.com\/index.php?rest_route=\/wp\/v2\/pages\/3841"}],"wp:attachment":[{"href":"https:\/\/so3z.com\/index.php?rest_route=%2Fwp%2Fv2%2Fmedia&parent=3921"}],"curies":[{"name":"wp","href":"https:\/\/api.w.org\/{rel}","templated":true}]}}