{"id":3933,"date":"2021-02-08T00:25:23","date_gmt":"2021-02-07T23:25:23","guid":{"rendered":"https:\/\/so3z.com\/?page_id=3933"},"modified":"2021-02-08T00:25:32","modified_gmt":"2021-02-07T23:25:32","slug":"10el-dk7zb-144mhz","status":"publish","type":"page","link":"https:\/\/so3z.com\/?page_id=3933","title":{"rendered":"10el DK7ZB 144MHz"},"content":{"rendered":"<p><a href=\"https:\/\/www.qsl.net\/dk7zb\/2m-longyagi\/10-ele.htm\">Projekt Martina DK7ZB &#8211; antena na pasmo 144MHz o impedancji 28Ohm.<\/a><br \/>\nBoom 6 metr\u00f3w. Dopasowanie do 50Ohm poprzez dwa odcinki \u0107wier\u0107falowe kabla 75Ohm.<\/p>\n<p>By\u0142a to kolejna antena zbudowana przeze mnie, nast\u0119pnie dobudowa\u0142em drug\u0105 sztuk\u0119.<\/p>\n<p><a href=\"https:\/\/so3z.com\/wp-content\/uploads\/2021\/02\/100_3643-scaled.jpg\"><img loading=\"lazy\" decoding=\"async\" class=\"alignnone size-medium wp-image-3934\" src=\"https:\/\/so3z.com\/wp-content\/uploads\/2021\/02\/100_3643-225x300.jpg\" alt=\"\" width=\"225\" height=\"300\" srcset=\"https:\/\/so3z.com\/wp-content\/uploads\/2021\/02\/100_3643-225x300.jpg 225w, https:\/\/so3z.com\/wp-content\/uploads\/2021\/02\/100_3643-768x1024.jpg 768w, https:\/\/so3z.com\/wp-content\/uploads\/2021\/02\/100_3643-1152x1536.jpg 1152w, https:\/\/so3z.com\/wp-content\/uploads\/2021\/02\/100_3643-1536x2048.jpg 1536w, https:\/\/so3z.com\/wp-content\/uploads\/2021\/02\/100_3643-scaled.jpg 1920w\" sizes=\"auto, (max-width: 225px) 100vw, 225px\" \/><\/a> <a href=\"https:\/\/so3z.com\/wp-content\/uploads\/2021\/02\/100_3644-scaled.jpg\"><img loading=\"lazy\" decoding=\"async\" class=\"alignnone size-medium wp-image-3935\" src=\"https:\/\/so3z.com\/wp-content\/uploads\/2021\/02\/100_3644-300x225.jpg\" alt=\"\" width=\"300\" height=\"225\" srcset=\"https:\/\/so3z.com\/wp-content\/uploads\/2021\/02\/100_3644-300x225.jpg 300w, https:\/\/so3z.com\/wp-content\/uploads\/2021\/02\/100_3644-1024x768.jpg 1024w, https:\/\/so3z.com\/wp-content\/uploads\/2021\/02\/100_3644-768x576.jpg 768w, https:\/\/so3z.com\/wp-content\/uploads\/2021\/02\/100_3644-1536x1152.jpg 1536w, https:\/\/so3z.com\/wp-content\/uploads\/2021\/02\/100_3644-2048x1536.jpg 2048w\" sizes=\"auto, (max-width: 300px) 100vw, 300px\" \/><\/a> <a href=\"https:\/\/so3z.com\/wp-content\/uploads\/2021\/02\/100_3645-scaled.jpg\"><img loading=\"lazy\" decoding=\"async\" class=\"alignnone size-medium wp-image-3936\" src=\"https:\/\/so3z.com\/wp-content\/uploads\/2021\/02\/100_3645-300x225.jpg\" alt=\"\" width=\"300\" height=\"225\" srcset=\"https:\/\/so3z.com\/wp-content\/uploads\/2021\/02\/100_3645-300x225.jpg 300w, https:\/\/so3z.com\/wp-content\/uploads\/2021\/02\/100_3645-1024x768.jpg 1024w, https:\/\/so3z.com\/wp-content\/uploads\/2021\/02\/100_3645-768x576.jpg 768w, https:\/\/so3z.com\/wp-content\/uploads\/2021\/02\/100_3645-1536x1152.jpg 1536w, https:\/\/so3z.com\/wp-content\/uploads\/2021\/02\/100_3645-2048x1536.jpg 2048w\" sizes=\"auto, (max-width: 300px) 100vw, 300px\" \/><\/a> <a href=\"https:\/\/so3z.com\/wp-content\/uploads\/2021\/02\/100_3646-scaled.jpg\"><img loading=\"lazy\" decoding=\"async\" class=\"alignnone size-medium wp-image-3937\" src=\"https:\/\/so3z.com\/wp-content\/uploads\/2021\/02\/100_3646-300x225.jpg\" alt=\"\" width=\"300\" height=\"225\" srcset=\"https:\/\/so3z.com\/wp-content\/uploads\/2021\/02\/100_3646-300x225.jpg 300w, https:\/\/so3z.com\/wp-content\/uploads\/2021\/02\/100_3646-1024x768.jpg 1024w, https:\/\/so3z.com\/wp-content\/uploads\/2021\/02\/100_3646-768x576.jpg 768w, https:\/\/so3z.com\/wp-content\/uploads\/2021\/02\/100_3646-1536x1152.jpg 1536w, https:\/\/so3z.com\/wp-content\/uploads\/2021\/02\/100_3646-2048x1536.jpg 2048w\" sizes=\"auto, (max-width: 300px) 100vw, 300px\" \/><\/a> <a href=\"https:\/\/so3z.com\/wp-content\/uploads\/2021\/02\/100_3647-scaled.jpg\"><img loading=\"lazy\" decoding=\"async\" class=\"alignnone size-medium wp-image-3938\" src=\"https:\/\/so3z.com\/wp-content\/uploads\/2021\/02\/100_3647-300x225.jpg\" alt=\"\" width=\"300\" height=\"225\" srcset=\"https:\/\/so3z.com\/wp-content\/uploads\/2021\/02\/100_3647-300x225.jpg 300w, https:\/\/so3z.com\/wp-content\/uploads\/2021\/02\/100_3647-1024x768.jpg 1024w, https:\/\/so3z.com\/wp-content\/uploads\/2021\/02\/100_3647-768x576.jpg 768w, https:\/\/so3z.com\/wp-content\/uploads\/2021\/02\/100_3647-1536x1152.jpg 1536w, https:\/\/so3z.com\/wp-content\/uploads\/2021\/02\/100_3647-2048x1536.jpg 2048w\" sizes=\"auto, (max-width: 300px) 100vw, 300px\" \/><\/a> <a href=\"https:\/\/so3z.com\/wp-content\/uploads\/2021\/02\/100_3648-scaled.jpg\"><img loading=\"lazy\" decoding=\"async\" class=\"alignnone size-medium wp-image-3939\" src=\"https:\/\/so3z.com\/wp-content\/uploads\/2021\/02\/100_3648-225x300.jpg\" alt=\"\" width=\"225\" height=\"300\" srcset=\"https:\/\/so3z.com\/wp-content\/uploads\/2021\/02\/100_3648-225x300.jpg 225w, https:\/\/so3z.com\/wp-content\/uploads\/2021\/02\/100_3648-768x1024.jpg 768w, https:\/\/so3z.com\/wp-content\/uploads\/2021\/02\/100_3648-1152x1536.jpg 1152w, https:\/\/so3z.com\/wp-content\/uploads\/2021\/02\/100_3648-1536x2048.jpg 1536w, https:\/\/so3z.com\/wp-content\/uploads\/2021\/02\/100_3648-scaled.jpg 1920w\" sizes=\"auto, (max-width: 225px) 100vw, 225px\" \/><\/a> <a href=\"https:\/\/so3z.com\/wp-content\/uploads\/2021\/02\/100_3649-scaled.jpg\"><img loading=\"lazy\" decoding=\"async\" class=\"alignnone size-medium wp-image-3940\" src=\"https:\/\/so3z.com\/wp-content\/uploads\/2021\/02\/100_3649-300x225.jpg\" alt=\"\" width=\"300\" height=\"225\" srcset=\"https:\/\/so3z.com\/wp-content\/uploads\/2021\/02\/100_3649-300x225.jpg 300w, https:\/\/so3z.com\/wp-content\/uploads\/2021\/02\/100_3649-1024x768.jpg 1024w, https:\/\/so3z.com\/wp-content\/uploads\/2021\/02\/100_3649-768x576.jpg 768w, https:\/\/so3z.com\/wp-content\/uploads\/2021\/02\/100_3649-1536x1152.jpg 1536w, https:\/\/so3z.com\/wp-content\/uploads\/2021\/02\/100_3649-2048x1536.jpg 2048w\" sizes=\"auto, (max-width: 300px) 100vw, 300px\" \/><\/a> <a href=\"https:\/\/so3z.com\/wp-content\/uploads\/2021\/02\/100_3650-scaled.jpg\"><img loading=\"lazy\" decoding=\"async\" class=\"alignnone size-medium wp-image-3941\" src=\"https:\/\/so3z.com\/wp-content\/uploads\/2021\/02\/100_3650-300x225.jpg\" alt=\"\" width=\"300\" height=\"225\" srcset=\"https:\/\/so3z.com\/wp-content\/uploads\/2021\/02\/100_3650-300x225.jpg 300w, https:\/\/so3z.com\/wp-content\/uploads\/2021\/02\/100_3650-1024x768.jpg 1024w, https:\/\/so3z.com\/wp-content\/uploads\/2021\/02\/100_3650-768x576.jpg 768w, https:\/\/so3z.com\/wp-content\/uploads\/2021\/02\/100_3650-1536x1152.jpg 1536w, https:\/\/so3z.com\/wp-content\/uploads\/2021\/02\/100_3650-2048x1536.jpg 2048w\" sizes=\"auto, (max-width: 300px) 100vw, 300px\" \/><\/a> <a href=\"https:\/\/so3z.com\/wp-content\/uploads\/2021\/02\/IARUVHF2009-001.jpg\"><img loading=\"lazy\" decoding=\"async\" class=\"alignnone size-medium wp-image-3942\" src=\"https:\/\/so3z.com\/wp-content\/uploads\/2021\/02\/IARUVHF2009-001-225x300.jpg\" alt=\"\" width=\"225\" height=\"300\" srcset=\"https:\/\/so3z.com\/wp-content\/uploads\/2021\/02\/IARUVHF2009-001-225x300.jpg 225w, https:\/\/so3z.com\/wp-content\/uploads\/2021\/02\/IARUVHF2009-001-768x1024.jpg 768w, https:\/\/so3z.com\/wp-content\/uploads\/2021\/02\/IARUVHF2009-001-1152x1536.jpg 1152w, https:\/\/so3z.com\/wp-content\/uploads\/2021\/02\/IARUVHF2009-001.jpg 1224w\" sizes=\"auto, (max-width: 225px) 100vw, 225px\" \/><\/a> <a href=\"https:\/\/so3z.com\/wp-content\/uploads\/2021\/02\/IARUVHF2009-003.jpg\"><img loading=\"lazy\" decoding=\"async\" class=\"alignnone size-medium wp-image-3943\" src=\"https:\/\/so3z.com\/wp-content\/uploads\/2021\/02\/IARUVHF2009-003-300x225.jpg\" alt=\"\" width=\"300\" height=\"225\" srcset=\"https:\/\/so3z.com\/wp-content\/uploads\/2021\/02\/IARUVHF2009-003-300x225.jpg 300w, https:\/\/so3z.com\/wp-content\/uploads\/2021\/02\/IARUVHF2009-003-1024x768.jpg 1024w, https:\/\/so3z.com\/wp-content\/uploads\/2021\/02\/IARUVHF2009-003-768x576.jpg 768w, https:\/\/so3z.com\/wp-content\/uploads\/2021\/02\/IARUVHF2009-003-1536x1152.jpg 1536w, https:\/\/so3z.com\/wp-content\/uploads\/2021\/02\/IARUVHF2009-003-2048x1536.jpg 2048w\" sizes=\"auto, (max-width: 300px) 100vw, 300px\" \/><\/a> <a href=\"https:\/\/so3z.com\/wp-content\/uploads\/2021\/02\/IARUVHF2009-006.jpg\"><img loading=\"lazy\" decoding=\"async\" class=\"alignnone size-medium wp-image-3944\" src=\"https:\/\/so3z.com\/wp-content\/uploads\/2021\/02\/IARUVHF2009-006-300x225.jpg\" alt=\"\" width=\"300\" height=\"225\" srcset=\"https:\/\/so3z.com\/wp-content\/uploads\/2021\/02\/IARUVHF2009-006-300x225.jpg 300w, https:\/\/so3z.com\/wp-content\/uploads\/2021\/02\/IARUVHF2009-006-1024x768.jpg 1024w, https:\/\/so3z.com\/wp-content\/uploads\/2021\/02\/IARUVHF2009-006-768x576.jpg 768w, https:\/\/so3z.com\/wp-content\/uploads\/2021\/02\/IARUVHF2009-006-1536x1152.jpg 1536w, https:\/\/so3z.com\/wp-content\/uploads\/2021\/02\/IARUVHF2009-006-2048x1536.jpg 2048w\" sizes=\"auto, (max-width: 300px) 100vw, 300px\" \/><\/a> <a href=\"https:\/\/so3z.com\/wp-content\/uploads\/2021\/02\/IARUVHF2009-011.jpg\"><img loading=\"lazy\" decoding=\"async\" class=\"alignnone size-medium wp-image-3945\" src=\"https:\/\/so3z.com\/wp-content\/uploads\/2021\/02\/IARUVHF2009-011-300x225.jpg\" alt=\"\" width=\"300\" height=\"225\" srcset=\"https:\/\/so3z.com\/wp-content\/uploads\/2021\/02\/IARUVHF2009-011-300x225.jpg 300w, https:\/\/so3z.com\/wp-content\/uploads\/2021\/02\/IARUVHF2009-011-1024x768.jpg 1024w, https:\/\/so3z.com\/wp-content\/uploads\/2021\/02\/IARUVHF2009-011-768x576.jpg 768w, https:\/\/so3z.com\/wp-content\/uploads\/2021\/02\/IARUVHF2009-011-1536x1152.jpg 1536w, https:\/\/so3z.com\/wp-content\/uploads\/2021\/02\/IARUVHF2009-011.jpg 1632w\" sizes=\"auto, (max-width: 300px) 100vw, 300px\" \/><\/a> <a href=\"https:\/\/so3z.com\/wp-content\/uploads\/2021\/02\/IARUVHF2009-025.jpg\"><img loading=\"lazy\" decoding=\"async\" class=\"alignnone size-medium wp-image-3946\" src=\"https:\/\/so3z.com\/wp-content\/uploads\/2021\/02\/IARUVHF2009-025-300x225.jpg\" alt=\"\" width=\"300\" height=\"225\" srcset=\"https:\/\/so3z.com\/wp-content\/uploads\/2021\/02\/IARUVHF2009-025-300x225.jpg 300w, https:\/\/so3z.com\/wp-content\/uploads\/2021\/02\/IARUVHF2009-025-1024x768.jpg 1024w, https:\/\/so3z.com\/wp-content\/uploads\/2021\/02\/IARUVHF2009-025-768x576.jpg 768w, https:\/\/so3z.com\/wp-content\/uploads\/2021\/02\/IARUVHF2009-025-1536x1152.jpg 1536w, https:\/\/so3z.com\/wp-content\/uploads\/2021\/02\/IARUVHF2009-025-2048x1536.jpg 2048w\" sizes=\"auto, (max-width: 300px) 100vw, 300px\" \/><\/a> <a href=\"https:\/\/so3z.com\/wp-content\/uploads\/2021\/02\/IARUVHF2009-027.jpg\"><img loading=\"lazy\" decoding=\"async\" class=\"alignnone size-medium wp-image-3947\" src=\"https:\/\/so3z.com\/wp-content\/uploads\/2021\/02\/IARUVHF2009-027-225x300.jpg\" alt=\"\" width=\"225\" height=\"300\" srcset=\"https:\/\/so3z.com\/wp-content\/uploads\/2021\/02\/IARUVHF2009-027-225x300.jpg 225w, https:\/\/so3z.com\/wp-content\/uploads\/2021\/02\/IARUVHF2009-027-768x1024.jpg 768w, https:\/\/so3z.com\/wp-content\/uploads\/2021\/02\/IARUVHF2009-027-1152x1536.jpg 1152w, https:\/\/so3z.com\/wp-content\/uploads\/2021\/02\/IARUVHF2009-027.jpg 1224w\" sizes=\"auto, (max-width: 225px) 100vw, 225px\" \/><\/a> <a href=\"https:\/\/so3z.com\/wp-content\/uploads\/2021\/02\/IMG_0087.jpg\"><img loading=\"lazy\" decoding=\"async\" class=\"alignnone size-medium wp-image-3948\" src=\"https:\/\/so3z.com\/wp-content\/uploads\/2021\/02\/IMG_0087-300x225.jpg\" alt=\"\" width=\"300\" height=\"225\" srcset=\"https:\/\/so3z.com\/wp-content\/uploads\/2021\/02\/IMG_0087-300x225.jpg 300w, https:\/\/so3z.com\/wp-content\/uploads\/2021\/02\/IMG_0087-768x576.jpg 768w, https:\/\/so3z.com\/wp-content\/uploads\/2021\/02\/IMG_0087.jpg 816w\" sizes=\"auto, (max-width: 300px) 100vw, 300px\" \/><\/a> <a href=\"https:\/\/so3z.com\/wp-content\/uploads\/2021\/02\/IMG_0089.jpg\"><img loading=\"lazy\" decoding=\"async\" class=\"alignnone size-medium wp-image-3949\" src=\"https:\/\/so3z.com\/wp-content\/uploads\/2021\/02\/IMG_0089-300x225.jpg\" alt=\"\" width=\"300\" height=\"225\" srcset=\"https:\/\/so3z.com\/wp-content\/uploads\/2021\/02\/IMG_0089-300x225.jpg 300w, https:\/\/so3z.com\/wp-content\/uploads\/2021\/02\/IMG_0089-1024x768.jpg 1024w, https:\/\/so3z.com\/wp-content\/uploads\/2021\/02\/IMG_0089-768x576.jpg 768w, https:\/\/so3z.com\/wp-content\/uploads\/2021\/02\/IMG_0089-1536x1152.jpg 1536w, https:\/\/so3z.com\/wp-content\/uploads\/2021\/02\/IMG_0089.jpg 1632w\" sizes=\"auto, (max-width: 300px) 100vw, 300px\" \/><\/a> <a href=\"https:\/\/so3z.com\/wp-content\/uploads\/2021\/02\/IMG_0097.jpg\"><img loading=\"lazy\" decoding=\"async\" class=\"alignnone size-medium wp-image-3950\" src=\"https:\/\/so3z.com\/wp-content\/uploads\/2021\/02\/IMG_0097-300x225.jpg\" alt=\"\" width=\"300\" height=\"225\" srcset=\"https:\/\/so3z.com\/wp-content\/uploads\/2021\/02\/IMG_0097-300x225.jpg 300w, https:\/\/so3z.com\/wp-content\/uploads\/2021\/02\/IMG_0097-1024x768.jpg 1024w, https:\/\/so3z.com\/wp-content\/uploads\/2021\/02\/IMG_0097-768x576.jpg 768w, https:\/\/so3z.com\/wp-content\/uploads\/2021\/02\/IMG_0097-1536x1152.jpg 1536w, https:\/\/so3z.com\/wp-content\/uploads\/2021\/02\/IMG_0097.jpg 1632w\" sizes=\"auto, (max-width: 300px) 100vw, 300px\" \/><\/a> <a href=\"https:\/\/so3z.com\/wp-content\/uploads\/2021\/02\/IMG_0098.jpg\"><img loading=\"lazy\" decoding=\"async\" class=\"alignnone size-medium wp-image-3951\" src=\"https:\/\/so3z.com\/wp-content\/uploads\/2021\/02\/IMG_0098-300x225.jpg\" alt=\"\" width=\"300\" height=\"225\" srcset=\"https:\/\/so3z.com\/wp-content\/uploads\/2021\/02\/IMG_0098-300x225.jpg 300w, https:\/\/so3z.com\/wp-content\/uploads\/2021\/02\/IMG_0098-1024x768.jpg 1024w, https:\/\/so3z.com\/wp-content\/uploads\/2021\/02\/IMG_0098-768x576.jpg 768w, https:\/\/so3z.com\/wp-content\/uploads\/2021\/02\/IMG_0098-1536x1152.jpg 1536w, https:\/\/so3z.com\/wp-content\/uploads\/2021\/02\/IMG_0098.jpg 1632w\" sizes=\"auto, (max-width: 300px) 100vw, 300px\" \/><\/a> <a href=\"https:\/\/so3z.com\/wp-content\/uploads\/2021\/02\/IMG_0147.jpg\"><img loading=\"lazy\" decoding=\"async\" class=\"alignnone size-medium wp-image-3952\" src=\"https:\/\/so3z.com\/wp-content\/uploads\/2021\/02\/IMG_0147-300x225.jpg\" alt=\"\" width=\"300\" height=\"225\" srcset=\"https:\/\/so3z.com\/wp-content\/uploads\/2021\/02\/IMG_0147-300x225.jpg 300w, https:\/\/so3z.com\/wp-content\/uploads\/2021\/02\/IMG_0147-768x576.jpg 768w, https:\/\/so3z.com\/wp-content\/uploads\/2021\/02\/IMG_0147.jpg 816w\" sizes=\"auto, (max-width: 300px) 100vw, 300px\" \/><\/a> <a href=\"https:\/\/so3z.com\/wp-content\/uploads\/2021\/02\/IMG_0148.jpg\"><img loading=\"lazy\" decoding=\"async\" class=\"alignnone size-medium wp-image-3953\" src=\"https:\/\/so3z.com\/wp-content\/uploads\/2021\/02\/IMG_0148-300x225.jpg\" alt=\"\" width=\"300\" height=\"225\" srcset=\"https:\/\/so3z.com\/wp-content\/uploads\/2021\/02\/IMG_0148-300x225.jpg 300w, https:\/\/so3z.com\/wp-content\/uploads\/2021\/02\/IMG_0148-768x576.jpg 768w, https:\/\/so3z.com\/wp-content\/uploads\/2021\/02\/IMG_0148.jpg 816w\" sizes=\"auto, (max-width: 300px) 100vw, 300px\" \/><\/a> <a href=\"https:\/\/so3z.com\/wp-content\/uploads\/2021\/02\/IMG_0368-scaled.jpg\"><img loading=\"lazy\" decoding=\"async\" class=\"alignnone size-medium wp-image-3954\" src=\"https:\/\/so3z.com\/wp-content\/uploads\/2021\/02\/IMG_0368-300x225.jpg\" alt=\"\" width=\"300\" height=\"225\" srcset=\"https:\/\/so3z.com\/wp-content\/uploads\/2021\/02\/IMG_0368-300x225.jpg 300w, https:\/\/so3z.com\/wp-content\/uploads\/2021\/02\/IMG_0368-1024x768.jpg 1024w, https:\/\/so3z.com\/wp-content\/uploads\/2021\/02\/IMG_0368-768x576.jpg 768w, https:\/\/so3z.com\/wp-content\/uploads\/2021\/02\/IMG_0368-1536x1152.jpg 1536w, https:\/\/so3z.com\/wp-content\/uploads\/2021\/02\/IMG_0368-2048x1536.jpg 2048w\" sizes=\"auto, (max-width: 300px) 100vw, 300px\" \/><\/a> <a href=\"https:\/\/so3z.com\/wp-content\/uploads\/2021\/02\/IMG_0599.jpg\"><img loading=\"lazy\" decoding=\"async\" class=\"alignnone size-medium wp-image-3955\" src=\"https:\/\/so3z.com\/wp-content\/uploads\/2021\/02\/IMG_0599-300x168.jpg\" alt=\"\" width=\"300\" height=\"168\" srcset=\"https:\/\/so3z.com\/wp-content\/uploads\/2021\/02\/IMG_0599-300x168.jpg 300w, https:\/\/so3z.com\/wp-content\/uploads\/2021\/02\/IMG_0599-768x431.jpg 768w, https:\/\/so3z.com\/wp-content\/uploads\/2021\/02\/IMG_0599.jpg 816w\" sizes=\"auto, (max-width: 300px) 100vw, 300px\" \/><\/a> <a href=\"https:\/\/so3z.com\/wp-content\/uploads\/2021\/02\/IMG_0774.jpg\"><img loading=\"lazy\" decoding=\"async\" class=\"alignnone size-medium wp-image-3956\" src=\"https:\/\/so3z.com\/wp-content\/uploads\/2021\/02\/IMG_0774-300x225.jpg\" alt=\"\" width=\"300\" height=\"225\" srcset=\"https:\/\/so3z.com\/wp-content\/uploads\/2021\/02\/IMG_0774-300x225.jpg 300w, https:\/\/so3z.com\/wp-content\/uploads\/2021\/02\/IMG_0774-1024x768.jpg 1024w, https:\/\/so3z.com\/wp-content\/uploads\/2021\/02\/IMG_0774-768x576.jpg 768w, https:\/\/so3z.com\/wp-content\/uploads\/2021\/02\/IMG_0774-1536x1152.jpg 1536w, https:\/\/so3z.com\/wp-content\/uploads\/2021\/02\/IMG_0774.jpg 1632w\" sizes=\"auto, (max-width: 300px) 100vw, 300px\" \/><\/a> <a href=\"https:\/\/so3z.com\/wp-content\/uploads\/2021\/02\/IMG_0775.jpg\"><img loading=\"lazy\" decoding=\"async\" class=\"alignnone size-medium wp-image-3957\" src=\"https:\/\/so3z.com\/wp-content\/uploads\/2021\/02\/IMG_0775-300x225.jpg\" alt=\"\" width=\"300\" height=\"225\" srcset=\"https:\/\/so3z.com\/wp-content\/uploads\/2021\/02\/IMG_0775-300x225.jpg 300w, https:\/\/so3z.com\/wp-content\/uploads\/2021\/02\/IMG_0775-1024x768.jpg 1024w, https:\/\/so3z.com\/wp-content\/uploads\/2021\/02\/IMG_0775-768x576.jpg 768w, https:\/\/so3z.com\/wp-content\/uploads\/2021\/02\/IMG_0775-1536x1152.jpg 1536w, https:\/\/so3z.com\/wp-content\/uploads\/2021\/02\/IMG_0775.jpg 1632w\" sizes=\"auto, (max-width: 300px) 100vw, 300px\" \/><\/a> <a href=\"https:\/\/so3z.com\/wp-content\/uploads\/2021\/02\/IMG_0776.jpg\"><img loading=\"lazy\" decoding=\"async\" class=\"alignnone size-medium wp-image-3958\" src=\"https:\/\/so3z.com\/wp-content\/uploads\/2021\/02\/IMG_0776-300x225.jpg\" alt=\"\" width=\"300\" height=\"225\" srcset=\"https:\/\/so3z.com\/wp-content\/uploads\/2021\/02\/IMG_0776-300x225.jpg 300w, https:\/\/so3z.com\/wp-content\/uploads\/2021\/02\/IMG_0776-1024x768.jpg 1024w, https:\/\/so3z.com\/wp-content\/uploads\/2021\/02\/IMG_0776-768x576.jpg 768w, https:\/\/so3z.com\/wp-content\/uploads\/2021\/02\/IMG_0776-1536x1152.jpg 1536w, https:\/\/so3z.com\/wp-content\/uploads\/2021\/02\/IMG_0776.jpg 1632w\" sizes=\"auto, (max-width: 300px) 100vw, 300px\" \/><\/a> <a href=\"https:\/\/so3z.com\/wp-content\/uploads\/2021\/02\/IMG_2710.jpg\"><img loading=\"lazy\" decoding=\"async\" class=\"alignnone size-medium wp-image-3959\" src=\"https:\/\/so3z.com\/wp-content\/uploads\/2021\/02\/IMG_2710-300x225.jpg\" alt=\"\" width=\"300\" height=\"225\" srcset=\"https:\/\/so3z.com\/wp-content\/uploads\/2021\/02\/IMG_2710-300x225.jpg 300w, https:\/\/so3z.com\/wp-content\/uploads\/2021\/02\/IMG_2710-768x576.jpg 768w, https:\/\/so3z.com\/wp-content\/uploads\/2021\/02\/IMG_2710.jpg 979w\" sizes=\"auto, (max-width: 300px) 100vw, 300px\" \/><\/a> <a href=\"https:\/\/so3z.com\/wp-content\/uploads\/2021\/02\/IMG_2714.jpg\"><img loading=\"lazy\" decoding=\"async\" class=\"alignnone size-medium wp-image-3960\" src=\"https:\/\/so3z.com\/wp-content\/uploads\/2021\/02\/IMG_2714-300x225.jpg\" alt=\"\" width=\"300\" height=\"225\" srcset=\"https:\/\/so3z.com\/wp-content\/uploads\/2021\/02\/IMG_2714-300x225.jpg 300w, https:\/\/so3z.com\/wp-content\/uploads\/2021\/02\/IMG_2714-768x576.jpg 768w, https:\/\/so3z.com\/wp-content\/uploads\/2021\/02\/IMG_2714.jpg 979w\" sizes=\"auto, (max-width: 300px) 100vw, 300px\" \/><\/a> <a href=\"https:\/\/so3z.com\/wp-content\/uploads\/2021\/02\/IMG_2719.jpg\"><img loading=\"lazy\" decoding=\"async\" class=\"alignnone size-medium wp-image-3961\" src=\"https:\/\/so3z.com\/wp-content\/uploads\/2021\/02\/IMG_2719-225x300.jpg\" alt=\"\" width=\"225\" height=\"300\" srcset=\"https:\/\/so3z.com\/wp-content\/uploads\/2021\/02\/IMG_2719-225x300.jpg 225w, https:\/\/so3z.com\/wp-content\/uploads\/2021\/02\/IMG_2719-768x1024.jpg 768w, https:\/\/so3z.com\/wp-content\/uploads\/2021\/02\/IMG_2719-1152x1536.jpg 1152w, https:\/\/so3z.com\/wp-content\/uploads\/2021\/02\/IMG_2719.jpg 1224w\" sizes=\"auto, (max-width: 225px) 100vw, 225px\" \/><\/a> <a href=\"https:\/\/so3z.com\/wp-content\/uploads\/2021\/02\/IMG_2720.jpg\"><img loading=\"lazy\" decoding=\"async\" class=\"alignnone size-medium wp-image-3962\" src=\"https:\/\/so3z.com\/wp-content\/uploads\/2021\/02\/IMG_2720-225x300.jpg\" alt=\"\" width=\"225\" height=\"300\" srcset=\"https:\/\/so3z.com\/wp-content\/uploads\/2021\/02\/IMG_2720-225x300.jpg 225w, https:\/\/so3z.com\/wp-content\/uploads\/2021\/02\/IMG_2720-768x1024.jpg 768w, https:\/\/so3z.com\/wp-content\/uploads\/2021\/02\/IMG_2720-1152x1536.jpg 1152w, https:\/\/so3z.com\/wp-content\/uploads\/2021\/02\/IMG_2720.jpg 1224w\" sizes=\"auto, (max-width: 225px) 100vw, 225px\" \/><\/a> <a href=\"https:\/\/so3z.com\/wp-content\/uploads\/2021\/02\/IMG_2721.jpg\"><img loading=\"lazy\" decoding=\"async\" class=\"alignnone size-medium wp-image-3963\" src=\"https:\/\/so3z.com\/wp-content\/uploads\/2021\/02\/IMG_2721-300x225.jpg\" alt=\"\" width=\"300\" height=\"225\" srcset=\"https:\/\/so3z.com\/wp-content\/uploads\/2021\/02\/IMG_2721-300x225.jpg 300w, https:\/\/so3z.com\/wp-content\/uploads\/2021\/02\/IMG_2721-1024x768.jpg 1024w, https:\/\/so3z.com\/wp-content\/uploads\/2021\/02\/IMG_2721-768x576.jpg 768w, https:\/\/so3z.com\/wp-content\/uploads\/2021\/02\/IMG_2721-1536x1152.jpg 1536w, https:\/\/so3z.com\/wp-content\/uploads\/2021\/02\/IMG_2721.jpg 1632w\" sizes=\"auto, (max-width: 300px) 100vw, 300px\" \/><\/a> <a href=\"https:\/\/so3z.com\/wp-content\/uploads\/2021\/02\/IMG_2722.jpg\"><img loading=\"lazy\" decoding=\"async\" class=\"alignnone size-medium wp-image-3964\" src=\"https:\/\/so3z.com\/wp-content\/uploads\/2021\/02\/IMG_2722-300x225.jpg\" alt=\"\" width=\"300\" height=\"225\" srcset=\"https:\/\/so3z.com\/wp-content\/uploads\/2021\/02\/IMG_2722-300x225.jpg 300w, https:\/\/so3z.com\/wp-content\/uploads\/2021\/02\/IMG_2722-1024x768.jpg 1024w, https:\/\/so3z.com\/wp-content\/uploads\/2021\/02\/IMG_2722-768x576.jpg 768w, https:\/\/so3z.com\/wp-content\/uploads\/2021\/02\/IMG_2722-1536x1152.jpg 1536w, https:\/\/so3z.com\/wp-content\/uploads\/2021\/02\/IMG_2722.jpg 1632w\" sizes=\"auto, (max-width: 300px) 100vw, 300px\" \/><\/a> <a href=\"https:\/\/so3z.com\/wp-content\/uploads\/2021\/02\/IMG_2723.jpg\"><img loading=\"lazy\" decoding=\"async\" class=\"alignnone size-medium wp-image-3965\" src=\"https:\/\/so3z.com\/wp-content\/uploads\/2021\/02\/IMG_2723-225x300.jpg\" alt=\"\" width=\"225\" height=\"300\" srcset=\"https:\/\/so3z.com\/wp-content\/uploads\/2021\/02\/IMG_2723-225x300.jpg 225w, https:\/\/so3z.com\/wp-content\/uploads\/2021\/02\/IMG_2723-768x1024.jpg 768w, https:\/\/so3z.com\/wp-content\/uploads\/2021\/02\/IMG_2723-1152x1536.jpg 1152w, https:\/\/so3z.com\/wp-content\/uploads\/2021\/02\/IMG_2723.jpg 1224w\" sizes=\"auto, (max-width: 225px) 100vw, 225px\" \/><\/a> <a href=\"https:\/\/so3z.com\/wp-content\/uploads\/2021\/02\/IMG_2724.jpg\"><img loading=\"lazy\" decoding=\"async\" class=\"alignnone size-medium wp-image-3966\" src=\"https:\/\/so3z.com\/wp-content\/uploads\/2021\/02\/IMG_2724-225x300.jpg\" alt=\"\" width=\"225\" height=\"300\" srcset=\"https:\/\/so3z.com\/wp-content\/uploads\/2021\/02\/IMG_2724-225x300.jpg 225w, https:\/\/so3z.com\/wp-content\/uploads\/2021\/02\/IMG_2724-768x1024.jpg 768w, https:\/\/so3z.com\/wp-content\/uploads\/2021\/02\/IMG_2724-1152x1536.jpg 1152w, https:\/\/so3z.com\/wp-content\/uploads\/2021\/02\/IMG_2724.jpg 1224w\" sizes=\"auto, (max-width: 225px) 100vw, 225px\" \/><\/a> <a href=\"https:\/\/so3z.com\/wp-content\/uploads\/2021\/02\/SO3Z-3rd2009-015.jpg\"><img loading=\"lazy\" decoding=\"async\" class=\"alignnone size-medium wp-image-3967\" src=\"https:\/\/so3z.com\/wp-content\/uploads\/2021\/02\/SO3Z-3rd2009-015-300x225.jpg\" alt=\"\" width=\"300\" height=\"225\" srcset=\"https:\/\/so3z.com\/wp-content\/uploads\/2021\/02\/SO3Z-3rd2009-015-300x225.jpg 300w, https:\/\/so3z.com\/wp-content\/uploads\/2021\/02\/SO3Z-3rd2009-015-1024x768.jpg 1024w, https:\/\/so3z.com\/wp-content\/uploads\/2021\/02\/SO3Z-3rd2009-015-768x576.jpg 768w, https:\/\/so3z.com\/wp-content\/uploads\/2021\/02\/SO3Z-3rd2009-015-1536x1152.jpg 1536w, https:\/\/so3z.com\/wp-content\/uploads\/2021\/02\/SO3Z-3rd2009-015-2048x1536.jpg 2048w\" sizes=\"auto, (max-width: 300px) 100vw, 300px\" \/><\/a> <a href=\"https:\/\/so3z.com\/wp-content\/uploads\/2021\/02\/SO3Z-3rd2009-023.jpg\"><img loading=\"lazy\" decoding=\"async\" class=\"alignnone size-medium wp-image-3968\" src=\"https:\/\/so3z.com\/wp-content\/uploads\/2021\/02\/SO3Z-3rd2009-023-300x225.jpg\" alt=\"\" width=\"300\" height=\"225\" srcset=\"https:\/\/so3z.com\/wp-content\/uploads\/2021\/02\/SO3Z-3rd2009-023-300x225.jpg 300w, https:\/\/so3z.com\/wp-content\/uploads\/2021\/02\/SO3Z-3rd2009-023-1024x768.jpg 1024w, https:\/\/so3z.com\/wp-content\/uploads\/2021\/02\/SO3Z-3rd2009-023-768x576.jpg 768w, https:\/\/so3z.com\/wp-content\/uploads\/2021\/02\/SO3Z-3rd2009-023-1536x1152.jpg 1536w, https:\/\/so3z.com\/wp-content\/uploads\/2021\/02\/SO3Z-3rd2009-023-2048x1536.jpg 2048w\" sizes=\"auto, (max-width: 300px) 100vw, 300px\" \/><\/a><\/p>\n","protected":false},"excerpt":{"rendered":"<p>Projekt Martina DK7ZB &#8211; antena na pasmo 144MHz o impedancji 28Ohm. Boom 6 metr\u00f3w. Dopasowanie do 50Ohm poprzez dwa odcinki \u0107wier\u0107falowe kabla 75Ohm. By\u0142a to kolejna antena zbudowana przeze mnie, nast\u0119pnie dobudowa\u0142em drug\u0105 sztuk\u0119.<\/p>\n","protected":false},"author":1,"featured_media":0,"parent":3841,"menu_order":0,"comment_status":"closed","ping_status":"closed","template":"","meta":{"footnotes":""},"class_list":["post-3933","page","type-page","status-publish","hentry"],"_links":{"self":[{"href":"https:\/\/so3z.com\/index.php?rest_route=\/wp\/v2\/pages\/3933","targetHints":{"allow":["GET"]}}],"collection":[{"href":"https:\/\/so3z.com\/index.php?rest_route=\/wp\/v2\/pages"}],"about":[{"href":"https:\/\/so3z.com\/index.php?rest_route=\/wp\/v2\/types\/page"}],"author":[{"embeddable":true,"href":"https:\/\/so3z.com\/index.php?rest_route=\/wp\/v2\/users\/1"}],"replies":[{"embeddable":true,"href":"https:\/\/so3z.com\/index.php?rest_route=%2Fwp%2Fv2%2Fcomments&post=3933"}],"version-history":[{"count":1,"href":"https:\/\/so3z.com\/index.php?rest_route=\/wp\/v2\/pages\/3933\/revisions"}],"predecessor-version":[{"id":3969,"href":"https:\/\/so3z.com\/index.php?rest_route=\/wp\/v2\/pages\/3933\/revisions\/3969"}],"up":[{"embeddable":true,"href":"https:\/\/so3z.com\/index.php?rest_route=\/wp\/v2\/pages\/3841"}],"wp:attachment":[{"href":"https:\/\/so3z.com\/index.php?rest_route=%2Fwp%2Fv2%2Fmedia&parent=3933"}],"curies":[{"name":"wp","href":"https:\/\/api.w.org\/{rel}","templated":true}]}}