{"id":4105,"date":"2021-03-03T19:38:36","date_gmt":"2021-03-03T18:38:36","guid":{"rendered":"https:\/\/so3z.com\/?page_id=4105"},"modified":"2021-03-15T15:06:55","modified_gmt":"2021-03-15T14:06:55","slug":"tropo-08-11-09-2020","status":"publish","type":"page","link":"https:\/\/so3z.com\/?page_id=4105","title":{"rendered":"Tropo = 08-11.09.2020"},"content":{"rendered":"<p>TROPO nadal trwa (11.09 IO92 &#8211; IN88)<br \/>\n<a href=\"https:\/\/so3z.com\/wp-content\/uploads\/2020\/09\/tropo08-09-09-2020.png\"><img loading=\"lazy\" decoding=\"async\" class=\"alignnone size-large wp-image-3769\" src=\"https:\/\/so3z.com\/wp-content\/uploads\/2020\/09\/tropo08-09-09-2020-1024x495.png\" alt=\"\" width=\"474\" height=\"229\" srcset=\"https:\/\/so3z.com\/wp-content\/uploads\/2020\/09\/tropo08-09-09-2020-1024x495.png 1024w, https:\/\/so3z.com\/wp-content\/uploads\/2020\/09\/tropo08-09-09-2020-300x145.png 300w, https:\/\/so3z.com\/wp-content\/uploads\/2020\/09\/tropo08-09-09-2020-768x371.png 768w\" sizes=\"auto, (max-width: 474px) 100vw, 474px\" \/><\/a><\/p>\n<p><a href=\"http:\/\/www.opencontest.org\/edi\/map\/20200910223808000137JYYWLN\">MAPKA<\/a><\/p>\n<p>Zrobi\u0142em 3 nowe lokatory JN09 i KN49 i KO51. Mia\u0142em 50W i 14el.<\/p>\n<p><strong>TOP DX<\/strong><\/p>\n<p>UT6IO KN97 1619km<br \/>\nUS4IEK KN87 1555km<br \/>\nUR7IMM KN88 1509km<br \/>\nF6DBI IN88 1501km<br \/>\nG4RRA IO80 1445km<br \/>\nUT6LX KN89 1386km<br \/>\nG0JCC IO82 1358km<br \/>\nUY0LL JN79 1347km<br \/>\nUS5EII KN78 1338km<br \/>\nUR5LX KO70 1330km<br \/>\nG4TRA IO82 1288km<br \/>\nUT2EM KN67 1268km<br \/>\nUT3HG KN79 1267km<br \/>\nG4KUX IO94 1265km<br \/>\nM1GSM IO94 1255km<br \/>\nG8SEI IO92 1253km<br \/>\nG8VHI IO92 1250km<br \/>\nG3NSM IO91 1250km<br \/>\nUR5HVR KN69 1232km<br \/>\nUT5VD KN68 1203km<br \/>\nM0CVX IO93RE 1183km<br \/>\nF1FPL JN09 1180km<br \/>\nG8RWG IO91 1180km<br \/>\nG4DHF IO92 1166km<br \/>\nUT8AL KO61 1162km<br \/>\nUS8AR KO60 1156km<\/p>\n<p>Poza \u0142\u0105czno\u015bciami, kt\u00f3re w logu i na mapce s\u0142ysza\u0142em lub by\u0142em s\u0142yszany przez: EI3KD (1708km), EI2FG , G7RAU (1561km), GW7SMV (1373km), G4DBL (1353km), 2E0VXX (1320km), G8JLY, M0SLY, M1BTR, M7BAZ, G8HGN, G8TIC, UR5LLW (1385km), UR8GZ (1338km), UR3GS, UT3UX, G3TCG, G3ZSS, G3YDY, G4DCV, US5VAC, F6DBI (1496km), F6EAS (1318km), F6ANO, F1OIL, F5JDI, ON4BCV, i masa innych stacji z PA &#8211; ale to po 600-750km tak\u017ce nie skupia\u0142em si\u0119 na nich.<br \/>\nNa mapkach wida\u0107 nisk\u0105 wilgotno\u015b\u0107 na 1500m od ziemi i generalnie w tym kierunku uk\u0142ada\u0142 si\u0119 dukt. Znacznie ni\u017cej w g\u0142\u0105b l\u0105du ni\u017c na mapach Hepburna. Wyst\u0119powa\u0142o bardzo d\u0142ugie g\u0142\u0119bokie QSB, dukt &#8211; warunki by\u0142y niestabilne bardzo. To uniemo\u017cliwi\u0142o skompletowania wielu \u0142\u0105czno\u015bci. By\u0142y momenty, \u017ce ON i PA wychodzi\u0142y z sygna\u0142ami na \u0142\u0105czno\u015bci SSB &#8211; ale oczywi\u015bcie nikogo wtedy nie by\u0142o na SSB. Na CW zrobi\u0142em \u0142\u0105czno\u015b\u0107 z Nickiem G4KUX, pr\u00f3bowa\u0142em z G4CDN &#8211; ale QSB akurat uniemo\u017cliwi\u0142o skompletowanie QSO.<\/p>\n<p>Pad\u0142y \u0142\u0105czno\u015bci 2400-2500km mi\u0119dzy UK a Ukrain\u0105.<\/p>\n<p><a href=\"https:\/\/so3z.com\/wp-content\/uploads\/2020\/09\/wilgotnosc1500.jpg\"><img loading=\"lazy\" decoding=\"async\" class=\"alignnone wp-image-3729 size-medium\" src=\"https:\/\/so3z.com\/wp-content\/uploads\/2020\/09\/wilgotnosc1500-300x231.jpg\" alt=\"\" width=\"300\" height=\"231\" srcset=\"https:\/\/so3z.com\/wp-content\/uploads\/2020\/09\/wilgotnosc1500-300x231.jpg 300w, https:\/\/so3z.com\/wp-content\/uploads\/2020\/09\/wilgotnosc1500-768x591.jpg 768w, https:\/\/so3z.com\/wp-content\/uploads\/2020\/09\/wilgotnosc1500-1024x788.jpg 1024w, https:\/\/so3z.com\/wp-content\/uploads\/2020\/09\/wilgotnosc1500.jpg 1268w\" sizes=\"auto, (max-width: 300px) 100vw, 300px\" \/><\/a> <a href=\"https:\/\/so3z.com\/wp-content\/uploads\/2020\/09\/wilgotnosc09092020.JPG.png\"><img loading=\"lazy\" decoding=\"async\" class=\"alignnone wp-image-3730 size-medium\" src=\"https:\/\/so3z.com\/wp-content\/uploads\/2020\/09\/wilgotnosc09092020.JPG-300x169.png\" alt=\"\" width=\"300\" height=\"169\" srcset=\"https:\/\/so3z.com\/wp-content\/uploads\/2020\/09\/wilgotnosc09092020.JPG-300x169.png 300w, https:\/\/so3z.com\/wp-content\/uploads\/2020\/09\/wilgotnosc09092020.JPG-768x434.png 768w, https:\/\/so3z.com\/wp-content\/uploads\/2020\/09\/wilgotnosc09092020.JPG-1024x578.png 1024w, https:\/\/so3z.com\/wp-content\/uploads\/2020\/09\/wilgotnosc09092020.JPG.png 1144w\" sizes=\"auto, (max-width: 300px) 100vw, 300px\" \/><\/a><a href=\"https:\/\/so3z.com\/wp-content\/uploads\/2020\/09\/900m-09092020.jpg\"><img loading=\"lazy\" decoding=\"async\" class=\"alignnone size-medium wp-image-3748\" src=\"https:\/\/so3z.com\/wp-content\/uploads\/2020\/09\/900m-09092020-300x174.jpg\" alt=\"\" width=\"300\" height=\"174\" srcset=\"https:\/\/so3z.com\/wp-content\/uploads\/2020\/09\/900m-09092020-300x174.jpg 300w, https:\/\/so3z.com\/wp-content\/uploads\/2020\/09\/900m-09092020-768x446.jpg 768w, https:\/\/so3z.com\/wp-content\/uploads\/2020\/09\/900m-09092020-1024x595.jpg 1024w, https:\/\/so3z.com\/wp-content\/uploads\/2020\/09\/900m-09092020.jpg 1071w\" sizes=\"auto, (max-width: 300px) 100vw, 300px\" \/><\/a><a href=\"https:\/\/so3z.com\/wp-content\/uploads\/2020\/09\/1500m09092020.jpg\"><img loading=\"lazy\" decoding=\"async\" class=\"alignnone size-medium wp-image-3749\" src=\"https:\/\/so3z.com\/wp-content\/uploads\/2020\/09\/1500m09092020-300x139.jpg\" alt=\"\" width=\"300\" height=\"139\" srcset=\"https:\/\/so3z.com\/wp-content\/uploads\/2020\/09\/1500m09092020-300x139.jpg 300w, https:\/\/so3z.com\/wp-content\/uploads\/2020\/09\/1500m09092020-768x356.jpg 768w, https:\/\/so3z.com\/wp-content\/uploads\/2020\/09\/1500m09092020-1024x475.jpg 1024w, https:\/\/so3z.com\/wp-content\/uploads\/2020\/09\/1500m09092020.jpg 1070w\" sizes=\"auto, (max-width: 300px) 100vw, 300px\" \/><\/a><\/p>\n<p><a href=\"https:\/\/so3z.com\/wp-content\/uploads\/2020\/09\/nwe006.png\"><img loading=\"lazy\" decoding=\"async\" class=\"alignnone wp-image-3731 size-medium\" src=\"https:\/\/so3z.com\/wp-content\/uploads\/2020\/09\/nwe006-300x232.png\" alt=\"\" width=\"300\" height=\"232\" srcset=\"https:\/\/so3z.com\/wp-content\/uploads\/2020\/09\/nwe006-300x232.png 300w, https:\/\/so3z.com\/wp-content\/uploads\/2020\/09\/nwe006-768x593.png 768w, https:\/\/so3z.com\/wp-content\/uploads\/2020\/09\/nwe006.png 932w\" sizes=\"auto, (max-width: 300px) 100vw, 300px\" \/><\/a> <a href=\"https:\/\/so3z.com\/wp-content\/uploads\/2020\/09\/nwe009.png\"><img loading=\"lazy\" decoding=\"async\" class=\"alignnone wp-image-3732 size-medium\" src=\"https:\/\/so3z.com\/wp-content\/uploads\/2020\/09\/nwe009-300x232.png\" alt=\"\" width=\"300\" height=\"232\" srcset=\"https:\/\/so3z.com\/wp-content\/uploads\/2020\/09\/nwe009-300x232.png 300w, https:\/\/so3z.com\/wp-content\/uploads\/2020\/09\/nwe009-768x593.png 768w, https:\/\/so3z.com\/wp-content\/uploads\/2020\/09\/nwe009.png 932w\" sizes=\"auto, (max-width: 300px) 100vw, 300px\" \/><\/a> <a href=\"https:\/\/so3z.com\/wp-content\/uploads\/2020\/09\/nwe012.png\"><img loading=\"lazy\" decoding=\"async\" class=\"alignnone wp-image-3733 size-medium\" src=\"https:\/\/so3z.com\/wp-content\/uploads\/2020\/09\/nwe012-300x232.png\" alt=\"\" width=\"300\" height=\"232\" srcset=\"https:\/\/so3z.com\/wp-content\/uploads\/2020\/09\/nwe012-300x232.png 300w, https:\/\/so3z.com\/wp-content\/uploads\/2020\/09\/nwe012-768x593.png 768w, https:\/\/so3z.com\/wp-content\/uploads\/2020\/09\/nwe012.png 932w\" sizes=\"auto, (max-width: 300px) 100vw, 300px\" \/><\/a> <a href=\"https:\/\/so3z.com\/wp-content\/uploads\/2020\/09\/nwe015.png\"><img loading=\"lazy\" decoding=\"async\" class=\"alignnone wp-image-3734 size-medium\" src=\"https:\/\/so3z.com\/wp-content\/uploads\/2020\/09\/nwe015-300x232.png\" alt=\"\" width=\"300\" height=\"232\" srcset=\"https:\/\/so3z.com\/wp-content\/uploads\/2020\/09\/nwe015-300x232.png 300w, https:\/\/so3z.com\/wp-content\/uploads\/2020\/09\/nwe015-768x593.png 768w, https:\/\/so3z.com\/wp-content\/uploads\/2020\/09\/nwe015.png 932w\" sizes=\"auto, (max-width: 300px) 100vw, 300px\" \/><\/a> <a href=\"https:\/\/so3z.com\/wp-content\/uploads\/2020\/09\/nwe018.png\"><img loading=\"lazy\" decoding=\"async\" class=\"alignnone wp-image-3735 size-medium\" src=\"https:\/\/so3z.com\/wp-content\/uploads\/2020\/09\/nwe018-300x232.png\" alt=\"\" width=\"300\" height=\"232\" srcset=\"https:\/\/so3z.com\/wp-content\/uploads\/2020\/09\/nwe018-300x232.png 300w, https:\/\/so3z.com\/wp-content\/uploads\/2020\/09\/nwe018-768x593.png 768w, https:\/\/so3z.com\/wp-content\/uploads\/2020\/09\/nwe018.png 932w\" sizes=\"auto, (max-width: 300px) 100vw, 300px\" \/><\/a><a href=\"https:\/\/so3z.com\/wp-content\/uploads\/2020\/09\/eeu021.png\"><img loading=\"lazy\" decoding=\"async\" class=\"alignnone wp-image-3741 size-medium\" src=\"https:\/\/so3z.com\/wp-content\/uploads\/2020\/09\/eeu021-300x232.png\" alt=\"\" width=\"300\" height=\"232\" srcset=\"https:\/\/so3z.com\/wp-content\/uploads\/2020\/09\/eeu021-300x232.png 300w, https:\/\/so3z.com\/wp-content\/uploads\/2020\/09\/eeu021-768x593.png 768w, https:\/\/so3z.com\/wp-content\/uploads\/2020\/09\/eeu021.png 932w\" sizes=\"auto, (max-width: 300px) 100vw, 300px\" \/><\/a><a href=\"https:\/\/so3z.com\/wp-content\/uploads\/2020\/09\/eeu024.png\"><img loading=\"lazy\" decoding=\"async\" class=\"alignnone wp-image-3742 size-medium\" src=\"https:\/\/so3z.com\/wp-content\/uploads\/2020\/09\/eeu024-300x232.png\" alt=\"\" width=\"300\" height=\"232\" srcset=\"https:\/\/so3z.com\/wp-content\/uploads\/2020\/09\/eeu024-300x232.png 300w, https:\/\/so3z.com\/wp-content\/uploads\/2020\/09\/eeu024-768x593.png 768w, https:\/\/so3z.com\/wp-content\/uploads\/2020\/09\/eeu024.png 932w\" sizes=\"auto, (max-width: 300px) 100vw, 300px\" \/><\/a><\/p>\n<p>Bezmy\u015blno\u015b\u0107 i burdel na FT8 by\u0142 taki, \u017ce w ko\u0144cu z przyjemno\u015bci\u0105 zastosowa\u0142em filtry wycinaj\u0105ce najbli\u017csze kraje&#8230; Czy\u017c nie wygl\u0105da to pi\u0119knie ? Tylko G,PA,ON,F \ud83d\ude09<\/p>\n<p><a href=\"https:\/\/so3z.com\/wp-content\/uploads\/2020\/09\/filtry.jpg\"><img loading=\"lazy\" decoding=\"async\" class=\"alignnone size-large wp-image-3751\" src=\"https:\/\/so3z.com\/wp-content\/uploads\/2020\/09\/filtry-1024x790.jpg\" alt=\"\" width=\"474\" height=\"366\" srcset=\"https:\/\/so3z.com\/wp-content\/uploads\/2020\/09\/filtry-1024x790.jpg 1024w, https:\/\/so3z.com\/wp-content\/uploads\/2020\/09\/filtry-300x232.jpg 300w, https:\/\/so3z.com\/wp-content\/uploads\/2020\/09\/filtry-768x593.jpg 768w, https:\/\/so3z.com\/wp-content\/uploads\/2020\/09\/filtry.jpg 1546w\" sizes=\"auto, (max-width: 474px) 100vw, 474px\" \/><\/a><\/p>\n<p>Wo\u0142a\u0142em sporo CQ na 144.174 ale podaj\u0105c QSX &#8211; sporo stacji w ten spos\u00f3b uda\u0142o si\u0119 zrobi\u0107 &#8211; cho\u0107by ta poni\u017cej:<\/p>\n<p><a href=\"https:\/\/so3z.com\/wp-content\/uploads\/2020\/09\/g4rra.jpg\"><img loading=\"lazy\" decoding=\"async\" class=\"alignnone size-large wp-image-3753\" src=\"https:\/\/so3z.com\/wp-content\/uploads\/2020\/09\/g4rra-1024x378.jpg\" alt=\"\" width=\"474\" height=\"175\" srcset=\"https:\/\/so3z.com\/wp-content\/uploads\/2020\/09\/g4rra-1024x378.jpg 1024w, https:\/\/so3z.com\/wp-content\/uploads\/2020\/09\/g4rra-300x111.jpg 300w, https:\/\/so3z.com\/wp-content\/uploads\/2020\/09\/g4rra-768x284.jpg 768w, https:\/\/so3z.com\/wp-content\/uploads\/2020\/09\/g4rra.jpg 1676w\" sizes=\"auto, (max-width: 474px) 100vw, 474px\" \/><\/a><\/p>\n<p>Dalekie QSO<\/p>\n<table class=\"table spots-table table-striped table-bordered table-hover ng-isolate-scope\">\n<tbody>\n<tr class=\"animate-repeat ng-scope\">\n<td>\n<div class=\"spot-cell ng-binding\">G4RRA<\/div>\n<\/td>\n<td>\n<div class=\"spot-cell ng-binding\">144174<\/div>\n<\/td>\n<td>\n<div class=\"spot-cell ng-binding\">EU3AI<\/div>\n<\/td>\n<td>\n<div class=\"spot-cell ng-binding\">18:20 08 Sep 20<\/div>\n<\/td>\n<td>\n<div class=\"spot-cell ng-binding\">IO80BS&lt;TR&gt;KO22CE tnx 1939km<\/div>\n<\/td>\n<td>\n<div class=\"spot-cell ng-binding\">Belarus<\/div>\n<\/td>\n<\/tr>\n<tr class=\"animate-repeat ng-scope\">\n<td>\n<div class=\"spot-cell ng-binding\">G4RRA<\/div>\n<\/td>\n<td>\n<div class=\"spot-cell ng-binding\">144174<\/div>\n<\/td>\n<td>\n<div class=\"spot-cell ng-binding\">EW3AA<\/div>\n<\/td>\n<td>\n<div class=\"spot-cell ng-binding\">18:11 08 Sep 20<\/div>\n<\/td>\n<td>\n<div class=\"spot-cell ng-binding\">IO80BS&lt;TR&gt;KO12TC tnx 1906kms<\/div>\n<\/td>\n<td>\n<div class=\"spot-cell ng-binding\">Belarus<\/div>\n<div><\/div>\n<\/td>\n<\/tr>\n<\/tbody>\n<\/table>\n<table class=\"table spots-table table-striped table-bordered table-hover ng-isolate-scope\" style=\"height: 729px;\" width=\"587\">\n<tbody>\n<tr class=\"animate-repeat ng-scope\">\n<td>\n<div class=\"spot-cell ng-binding\">G4FUF<\/div>\n<\/td>\n<td>\n<div class=\"spot-cell ng-binding\">144174<\/div>\n<\/td>\n<td>\n<div class=\"spot-cell ng-binding\">UT2EM<\/div>\n<\/td>\n<td>\n<div class=\"spot-cell ng-binding\">08:23 09 Sep 20<\/div>\n<\/td>\n<td>\n<div class=\"spot-cell ng-binding\">JO01GN&lt;TR&gt;KN67QV<\/div>\n<\/td>\n<td>\n<div class=\"spot-cell ng-binding\"><span class=\"f16\">2374 km<\/span> ! ! !<\/div>\n<\/td>\n<\/tr>\n<tr class=\"animate-repeat ng-scope\">\n<td><\/td>\n<td><\/td>\n<td><\/td>\n<td><\/td>\n<td><\/td>\n<td><\/td>\n<\/tr>\n<tr class=\"animate-repeat ng-scope\">\n<td>\n<div class=\"spot-cell ng-binding\">G4FUF<\/div>\n<\/td>\n<td>\n<div class=\"spot-cell ng-binding\">144174<\/div>\n<\/td>\n<td>\n<div class=\"spot-cell ng-binding\">UT4UEP<\/div>\n<\/td>\n<td>\n<div class=\"spot-cell ng-binding\">08:12 09 Sep 20<\/div>\n<\/td>\n<td>\n<div class=\"spot-cell ng-binding\">JO01GN&lt;TR&gt;KN49WV<\/div>\n<\/td>\n<td>\n<div class=\"spot-cell ng-binding\"><span class=\"f16\">2059 km<\/span><\/div>\n<\/td>\n<\/tr>\n<tr class=\"animate-repeat ng-scope\">\n<td>\n<div class=\"spot-cell ng-binding\">UT7GH-@<\/div>\n<\/td>\n<td>\n<div class=\"spot-cell ng-binding\">144174<\/div>\n<\/td>\n<td>\n<div class=\"spot-cell ng-binding\">G4FUF<\/div>\n<\/td>\n<td>\n<div class=\"spot-cell ng-binding\">08:02 09 Sep 20<\/div>\n<\/td>\n<td>\n<div class=\"spot-cell ng-binding\">FT8 -18<\/div>\n<\/td>\n<td>\n<div class=\"spot-cell ng-binding\"><span class=\"f16\">2376 km<\/span> ! ! !<\/div>\n<\/td>\n<\/tr>\n<tr class=\"animate-repeat ng-scope\">\n<td><\/td>\n<td><\/td>\n<td><\/td>\n<td><\/td>\n<td><\/td>\n<td><\/td>\n<\/tr>\n<tr class=\"animate-repeat ng-scope\">\n<td><\/td>\n<td><\/td>\n<td><\/td>\n<td><\/td>\n<td><\/td>\n<td><\/td>\n<\/tr>\n<tr class=\"animate-repeat ng-scope\">\n<td>\n<div class=\"spot-cell ng-binding\">G4FUF<\/div>\n<\/td>\n<td>\n<div class=\"spot-cell ng-binding\">144174<\/div>\n<\/td>\n<td>\n<div class=\"spot-cell ng-binding\">UT6LX<\/div>\n<\/td>\n<td>\n<div class=\"spot-cell ng-binding\">06:31 09 Sep 20<\/div>\n<\/td>\n<td>\n<div class=\"spot-cell ng-binding\">JO01GN&lt;TR&gt;KN89CJ<\/div>\n<\/td>\n<td>\n<div class=\"spot-cell ng-binding\"><span class=\"f16\">2510 km<\/span> ! ! !<\/div>\n<\/td>\n<\/tr>\n<tr class=\"animate-repeat ng-scope\">\n<td>\n<div class=\"spot-cell ng-binding\">G4FUF<\/div>\n<\/td>\n<td>\n<div class=\"spot-cell ng-binding\">144174<\/div>\n<\/td>\n<td>\n<div class=\"spot-cell ng-binding\">UR5LLW<\/div>\n<\/td>\n<td>\n<div class=\"spot-cell ng-binding\">06:28 09 Sep 20<\/div>\n<\/td>\n<td>\n<div class=\"spot-cell ng-binding\">JO01GN&lt;TR&gt;KN89EQ<\/div>\n<\/td>\n<td>\n<div class=\"spot-cell ng-binding\"><span class=\"f16\">2511 km<\/span> ! ! !<\/div>\n<\/td>\n<\/tr>\n<tr class=\"animate-repeat ng-scope\">\n<td>\n<div class=\"spot-cell ng-binding\">G4FUF<\/div>\n<\/td>\n<td>\n<div class=\"spot-cell ng-binding\">144174<\/div>\n<\/td>\n<td>\n<div class=\"spot-cell ng-binding\">US8AR<\/div>\n<\/td>\n<td>\n<div class=\"spot-cell ng-binding\">06:28 09 Sep 20<\/div>\n<\/td>\n<td>\n<div class=\"spot-cell ng-binding\">JO01GN&lt;TR&gt;KO60SR<\/div>\n<\/td>\n<td>\n<div class=\"spot-cell ng-binding\"><span class=\"f16\">2284 km<\/span><\/div>\n<\/td>\n<\/tr>\n<tr class=\"animate-repeat ng-scope\">\n<td>\n<div class=\"spot-cell ng-binding\">G4FUF<\/div>\n<\/td>\n<td>\n<div class=\"spot-cell ng-binding\">144174<\/div>\n<\/td>\n<td>\n<div class=\"spot-cell ng-binding\">UY0LL<\/div>\n<\/td>\n<td>\n<div class=\"spot-cell ng-binding\">06:26 09 Sep 20<\/div>\n<\/td>\n<td>\n<div class=\"spot-cell ng-binding\">JO01GN&lt;TR&gt;KN79XX<\/div>\n<\/td>\n<td>\n<div class=\"spot-cell ng-binding\"><span class=\"f16\">2472 km<\/span> ! ! !<\/div>\n<\/td>\n<\/tr>\n<\/tbody>\n<\/table>\n<p>&nbsp;<\/p>\n<p>&nbsp;<\/p>\n","protected":false},"excerpt":{"rendered":"<p>TROPO nadal trwa (11.09 IO92 &#8211; IN88) MAPKA Zrobi\u0142em 3 nowe lokatory JN09 i KN49 i KO51. Mia\u0142em 50W i 14el. TOP DX UT6IO KN97 1619km US4IEK KN87 1555km UR7IMM KN88 1509km F6DBI IN88 1501km G4RRA IO80 1445km UT6LX KN89 1386km G0JCC IO82 1358km UY0LL JN79 1347km US5EII KN78 1338km UR5LX KO70 1330km G4TRA IO82 &hellip; <a href=\"https:\/\/so3z.com\/?page_id=4105\" class=\"more-link\">Czytaj dalej <span class=\"screen-reader-text\">Tropo = 08-11.09.2020<\/span> <span class=\"meta-nav\">&rarr;<\/span><\/a><\/p>\n","protected":false},"author":1,"featured_media":0,"parent":2669,"menu_order":0,"comment_status":"closed","ping_status":"closed","template":"","meta":{"footnotes":""},"class_list":["post-4105","page","type-page","status-publish","hentry"],"_links":{"self":[{"href":"https:\/\/so3z.com\/index.php?rest_route=\/wp\/v2\/pages\/4105","targetHints":{"allow":["GET"]}}],"collection":[{"href":"https:\/\/so3z.com\/index.php?rest_route=\/wp\/v2\/pages"}],"about":[{"href":"https:\/\/so3z.com\/index.php?rest_route=\/wp\/v2\/types\/page"}],"author":[{"embeddable":true,"href":"https:\/\/so3z.com\/index.php?rest_route=\/wp\/v2\/users\/1"}],"replies":[{"embeddable":true,"href":"https:\/\/so3z.com\/index.php?rest_route=%2Fwp%2Fv2%2Fcomments&post=4105"}],"version-history":[{"count":2,"href":"https:\/\/so3z.com\/index.php?rest_route=\/wp\/v2\/pages\/4105\/revisions"}],"predecessor-version":[{"id":4118,"href":"https:\/\/so3z.com\/index.php?rest_route=\/wp\/v2\/pages\/4105\/revisions\/4118"}],"up":[{"embeddable":true,"href":"https:\/\/so3z.com\/index.php?rest_route=\/wp\/v2\/pages\/2669"}],"wp:attachment":[{"href":"https:\/\/so3z.com\/index.php?rest_route=%2Fwp%2Fv2%2Fmedia&parent=4105"}],"curies":[{"name":"wp","href":"https:\/\/api.w.org\/{rel}","templated":true}]}}