{"id":4109,"date":"2021-03-03T19:41:11","date_gmt":"2021-03-03T18:41:11","guid":{"rendered":"https:\/\/so3z.com\/?page_id=4109"},"modified":"2021-03-03T19:42:03","modified_gmt":"2021-03-03T18:42:03","slug":"tropo-04-12-2019","status":"publish","type":"page","link":"https:\/\/so3z.com\/?page_id=4109","title":{"rendered":"TROPO = 04.12.2019"},"content":{"rendered":"<p><a href=\"https:\/\/so3z.com\/wp-content\/uploads\/2019\/12\/TROPO04122019.png\"><img loading=\"lazy\" decoding=\"async\" class=\"alignnone size-large wp-image-3585\" src=\"https:\/\/so3z.com\/wp-content\/uploads\/2019\/12\/TROPO04122019-1024x615.png\" alt=\"\" width=\"474\" height=\"285\" srcset=\"https:\/\/so3z.com\/wp-content\/uploads\/2019\/12\/TROPO04122019-1024x615.png 1024w, https:\/\/so3z.com\/wp-content\/uploads\/2019\/12\/TROPO04122019-300x180.png 300w, https:\/\/so3z.com\/wp-content\/uploads\/2019\/12\/TROPO04122019-768x461.png 768w, https:\/\/so3z.com\/wp-content\/uploads\/2019\/12\/TROPO04122019.png 1800w\" sizes=\"auto, (max-width: 474px) 100vw, 474px\" \/><\/a><\/p>\n<p>Poza tym s\u0142ysza\u0142em jeszcze kilka stacji z LA i OH, bikony LA8VHF, SK4MPI, SK1VHF sz\u0142y g\u0142o\u015bno wi\u0119kszo\u015b\u0107 dnia.<br \/>\nU mnie 50W, LNA, 14el OWL ZB Yagi.  SM5KWU i OZ1BEF raportowali SR3VHX\/B 144.481 , a SR3LHY\/B 1296,970 by\u0142 raportowany przez SM0DJW JO88 \ud83d\ude42<br \/>\n<a href=\"https:\/\/so3z.com\/wp-content\/uploads\/2019\/12\/03.png\"><img loading=\"lazy\" decoding=\"async\" class=\"alignnone size-medium wp-image-3588\" src=\"https:\/\/so3z.com\/wp-content\/uploads\/2019\/12\/03-300x232.png\" alt=\"\" width=\"300\" height=\"232\" srcset=\"https:\/\/so3z.com\/wp-content\/uploads\/2019\/12\/03-300x232.png 300w, https:\/\/so3z.com\/wp-content\/uploads\/2019\/12\/03-768x593.png 768w, https:\/\/so3z.com\/wp-content\/uploads\/2019\/12\/03.png 800w\" sizes=\"auto, (max-width: 300px) 100vw, 300px\" \/><\/a><\/p>\n<p><a href=\"https:\/\/so3z.com\/wp-content\/uploads\/2019\/12\/09.png\"><img loading=\"lazy\" decoding=\"async\" class=\"alignnone wp-image-3590 size-medium\" src=\"https:\/\/so3z.com\/wp-content\/uploads\/2019\/12\/09-300x232.png\" alt=\"\" width=\"300\" height=\"232\" srcset=\"https:\/\/so3z.com\/wp-content\/uploads\/2019\/12\/09-300x232.png 300w, https:\/\/so3z.com\/wp-content\/uploads\/2019\/12\/09-768x593.png 768w, https:\/\/so3z.com\/wp-content\/uploads\/2019\/12\/09.png 800w\" sizes=\"auto, (max-width: 300px) 100vw, 300px\" \/><\/a><\/p>\n<p><a href=\"https:\/\/so3z.com\/wp-content\/uploads\/2019\/12\/12.png\"><img loading=\"lazy\" decoding=\"async\" class=\"alignnone wp-image-3591 size-medium\" src=\"https:\/\/so3z.com\/wp-content\/uploads\/2019\/12\/12-300x232.png\" alt=\"\" width=\"300\" height=\"232\" srcset=\"https:\/\/so3z.com\/wp-content\/uploads\/2019\/12\/12-300x232.png 300w, https:\/\/so3z.com\/wp-content\/uploads\/2019\/12\/12-768x593.png 768w, https:\/\/so3z.com\/wp-content\/uploads\/2019\/12\/12.png 800w\" sizes=\"auto, (max-width: 300px) 100vw, 300px\" \/><\/a><\/p>\n<p><a href=\"https:\/\/so3z.com\/wp-content\/uploads\/2019\/12\/15.png\"><img loading=\"lazy\" decoding=\"async\" class=\"alignnone wp-image-3592 size-medium\" src=\"https:\/\/so3z.com\/wp-content\/uploads\/2019\/12\/15-300x232.png\" alt=\"\" width=\"300\" height=\"232\" srcset=\"https:\/\/so3z.com\/wp-content\/uploads\/2019\/12\/15-300x232.png 300w, https:\/\/so3z.com\/wp-content\/uploads\/2019\/12\/15-768x593.png 768w, https:\/\/so3z.com\/wp-content\/uploads\/2019\/12\/15.png 800w\" sizes=\"auto, (max-width: 300px) 100vw, 300px\" \/><\/a><\/p>\n","protected":false},"excerpt":{"rendered":"<p>Poza tym s\u0142ysza\u0142em jeszcze kilka stacji z LA i OH, bikony LA8VHF, SK4MPI, SK1VHF sz\u0142y g\u0142o\u015bno wi\u0119kszo\u015b\u0107 dnia. U mnie 50W, LNA, 14el OWL ZB Yagi. SM5KWU i OZ1BEF raportowali SR3VHX\/B 144.481 , a SR3LHY\/B 1296,970 by\u0142 raportowany przez SM0DJW JO88 \ud83d\ude42<\/p>\n","protected":false},"author":1,"featured_media":0,"parent":2669,"menu_order":0,"comment_status":"closed","ping_status":"closed","template":"","meta":{"footnotes":""},"class_list":["post-4109","page","type-page","status-publish","hentry"],"_links":{"self":[{"href":"https:\/\/so3z.com\/index.php?rest_route=\/wp\/v2\/pages\/4109","targetHints":{"allow":["GET"]}}],"collection":[{"href":"https:\/\/so3z.com\/index.php?rest_route=\/wp\/v2\/pages"}],"about":[{"href":"https:\/\/so3z.com\/index.php?rest_route=\/wp\/v2\/types\/page"}],"author":[{"embeddable":true,"href":"https:\/\/so3z.com\/index.php?rest_route=\/wp\/v2\/users\/1"}],"replies":[{"embeddable":true,"href":"https:\/\/so3z.com\/index.php?rest_route=%2Fwp%2Fv2%2Fcomments&post=4109"}],"version-history":[{"count":1,"href":"https:\/\/so3z.com\/index.php?rest_route=\/wp\/v2\/pages\/4109\/revisions"}],"predecessor-version":[{"id":4110,"href":"https:\/\/so3z.com\/index.php?rest_route=\/wp\/v2\/pages\/4109\/revisions\/4110"}],"up":[{"embeddable":true,"href":"https:\/\/so3z.com\/index.php?rest_route=\/wp\/v2\/pages\/2669"}],"wp:attachment":[{"href":"https:\/\/so3z.com\/index.php?rest_route=%2Fwp%2Fv2%2Fmedia&parent=4109"}],"curies":[{"name":"wp","href":"https:\/\/api.w.org\/{rel}","templated":true}]}}