{"id":422,"date":"2011-12-27T01:57:07","date_gmt":"2011-12-27T00:57:07","guid":{"rendered":"http:\/\/so3z.com\/?page_id=422"},"modified":"2025-06-15T12:32:52","modified_gmt":"2025-06-15T10:32:52","slug":"sprzet","status":"publish","type":"page","link":"https:\/\/so3z.com\/?page_id=422","title":{"rendered":"Sprz\u0119t"},"content":{"rendered":"<p><a href=\"https:\/\/so3z.com\/wp-content\/uploads\/2019\/12\/ha1ya.jpg\"><img loading=\"lazy\" decoding=\"async\" class=\"alignnone size-large wp-image-3513\" src=\"https:\/\/so3z.com\/wp-content\/uploads\/2019\/12\/ha1ya-1024x576.jpg\" alt=\"\" width=\"474\" height=\"267\" srcset=\"https:\/\/so3z.com\/wp-content\/uploads\/2019\/12\/ha1ya-1024x576.jpg 1024w, https:\/\/so3z.com\/wp-content\/uploads\/2019\/12\/ha1ya-300x169.jpg 300w, https:\/\/so3z.com\/wp-content\/uploads\/2019\/12\/ha1ya-768x432.jpg 768w\" sizes=\"auto, (max-width: 474px) 100vw, 474px\" \/><\/a><\/p>\n<p><a href=\"https:\/\/so3z.com\/wp-content\/uploads\/2024\/12\/20231110_135901.jpg\"><img loading=\"lazy\" decoding=\"async\" class=\"size-full wp-image-4652\" src=\"https:\/\/so3z.com\/wp-content\/uploads\/2024\/12\/20231110_135901.jpg\" alt=\"\" width=\"1200\" height=\"900\" srcset=\"https:\/\/so3z.com\/wp-content\/uploads\/2024\/12\/20231110_135901.jpg 1200w, https:\/\/so3z.com\/wp-content\/uploads\/2024\/12\/20231110_135901-300x225.jpg 300w, https:\/\/so3z.com\/wp-content\/uploads\/2024\/12\/20231110_135901-1024x768.jpg 1024w, https:\/\/so3z.com\/wp-content\/uploads\/2024\/12\/20231110_135901-768x576.jpg 768w\" sizes=\"auto, (max-width: 1200px) 100vw, 1200px\" \/><\/a><\/p>\n<hr \/>\n<p>144MHz:<\/p>\n<table>\n<tbody>\n<tr>\n<td><strong>Transceiver:<\/strong><\/td>\n<td><strong><strong>TS-590SG + HA1YA transwerter\u00a0<\/strong><\/strong><\/td>\n<\/tr>\n<tr>\n<td><strong>LNA:<\/strong><\/td>\n<td><a href=\"https:\/\/so3z.com\/?page_id=2068\">\u00a0HA8ET Extra-2 rev.6 ATF-53189 wzmocnienie 18dB 0,5dB N\/F przeka\u017aniki Narda (na moc 1.5kW)<\/a><\/td>\n<\/tr>\n<tr>\n<td><strong>Anten: <\/strong><\/td>\n<td>9el OWL Ultra G0KSC \/ Innovantennas<\/td>\n<\/tr>\n<tr>\n<td><strong>Wzmacniacz:<\/strong><\/td>\n<td>Atlas 1000 AR 144<\/td>\n<\/tr>\n<tr>\n<td><strong>Bandpass:<\/strong><\/td>\n<td>LBQ-150-4<\/td>\n<\/tr>\n<\/tbody>\n<\/table>\n<hr \/>\n<p>432MHz:<\/p>\n<table>\n<tbody>\n<tr>\n<td><strong>Transceiver:<\/strong><\/td>\n<td><strong><strong>Icom ic-9700 + GPSDO, 75W out<\/strong><\/strong><\/td>\n<\/tr>\n<tr>\n<td><strong>Wzmacniacz:<\/strong><\/td>\n<td><a target=\"_blank\" rel=\"noopener\">400W (4x SD56120M)<\/a><\/td>\n<\/tr>\n<tr>\n<td><strong>LNA:<\/strong><\/td>\n<td><a href=\"http:\/\/www.ha8et.hu\/EXTRA_70\/Extra_70.htm\" target=\"_blank\" rel=\"noopener\">HA8ET Extra-70 ATF-53189<\/a><\/td>\n<\/tr>\n<tr>\n<td><strong>Antena: <\/strong><\/td>\n<td>18el OWL Ultra G0KSC \/ Innovantennas<\/td>\n<\/tr>\n<\/tbody>\n<\/table>\n<p>1296MHz:<\/p>\n<table>\n<tbody>\n<tr>\n<td><strong>Transceiver:<\/strong><\/td>\n<td><strong><strong>Icom ic-9700 + GPSDO, 10W out<br \/>\n<\/strong><\/strong><\/td>\n<\/tr>\n<tr>\n<td><strong>Wzmacniacz:<\/strong><\/td>\n<td>25W SSPA + LNA (LZ5HP) &#8211; pod anten\u0105<\/td>\n<\/tr>\n<tr>\n<td><strong>Antena: <\/strong><\/td>\n<td>36el Yagi YU1CF &#8211; Antennas-amplifiers<\/td>\n<\/tr>\n<\/tbody>\n<\/table>\n<table>\n<tbody>\n<tr>\n<td><strong>PC:<\/strong><\/td>\n<td>AMD Ryzen 5 2600, B450 mATX, 32GB RAM, SSD, GPU, 400W PSU, Windows 10.<\/td>\n<\/tr>\n<\/tbody>\n<\/table>\n<p>&nbsp;<\/p>\n<p>Opr\u00f3cz tego Rotor RAS, rotor G-1000DXC, kabel 7\/8&#8243;, a do wyjazd\u00f3w w teren maszt stalowy teleskopowy 12m skr\u0119cany, maszt aluminiowy zatrzaskowy 10m kable RF-10, H-1000, RF-7.<\/p>\n<p>Wcze\u015bniejszymi antenami by\u0142y Yagi G0KSC: 9el, 2x9el, DK7ZB: 6el, 7el, 2x 7el, 3x 7el, 8el, 10el, 2x 10el, 8el OWL, 14el OWL. wcze\u015bniejsze TRX (wcze\u015bniej IC-910H, FT-857, IC-275A, IC-290D).<\/p>\n<p>Obecnie pracuj\u0119 zdalnie w oparciu o<del datetime=\"2021-02-07T20:06:58+00:00\"> RemoteRIG<\/del>, sterownik rotora K3NG, oraz komputer z VPN, RDP.<br \/>\n<a href=\"https:\/\/so3z.com\/wp-content\/uploads\/2011\/12\/LNA.jpg\">\u00a0<img loading=\"lazy\" decoding=\"async\" class=\"alignnone size-medium wp-image-2589\" title=\"LNA\" src=\"https:\/\/so3z.com\/wp-content\/uploads\/2011\/12\/LNA-168x300.jpg\" alt=\"\" width=\"168\" height=\"300\" srcset=\"https:\/\/so3z.com\/wp-content\/uploads\/2011\/12\/LNA-168x300.jpg 168w, https:\/\/so3z.com\/wp-content\/uploads\/2011\/12\/LNA.jpg 547w\" sizes=\"auto, (max-width: 168px) 100vw, 168px\" \/> <\/a><a href=\"https:\/\/so3z.com\/wp-content\/uploads\/2011\/12\/20150117_152304.jpg\"><img loading=\"lazy\" decoding=\"async\" class=\" size-medium wp-image-2155\" title=\"20150117_152304\" src=\"https:\/\/so3z.com\/wp-content\/uploads\/2011\/12\/20150117_152304-300x168.jpg\" alt=\"\" width=\"300\" height=\"168\" srcset=\"https:\/\/so3z.com\/wp-content\/uploads\/2011\/12\/20150117_152304-300x168.jpg 300w, https:\/\/so3z.com\/wp-content\/uploads\/2011\/12\/20150117_152304.jpg 912w\" sizes=\"auto, (max-width: 300px) 100vw, 300px\" \/><\/a><\/p>\n<p><a href=\"https:\/\/so3z.com\/wp-content\/uploads\/2011\/12\/IMG_9762.jpg\"><img loading=\"lazy\" decoding=\"async\" class=\" size-medium wp-image-2143\" title=\"IMG_9762\" src=\"https:\/\/so3z.com\/wp-content\/uploads\/2011\/12\/IMG_9762-225x300.jpg\" alt=\"\" width=\"225\" height=\"300\" srcset=\"https:\/\/so3z.com\/wp-content\/uploads\/2011\/12\/IMG_9762-225x300.jpg 225w, https:\/\/so3z.com\/wp-content\/uploads\/2011\/12\/IMG_9762-768x1024.jpg 768w, https:\/\/so3z.com\/wp-content\/uploads\/2011\/12\/IMG_9762.jpg 1224w\" sizes=\"auto, (max-width: 225px) 100vw, 225px\" \/><\/a><a href=\"https:\/\/so3z.com\/wp-content\/uploads\/2011\/12\/IMG_9006.jpg\"><img loading=\"lazy\" decoding=\"async\" class=\"size-medium wp-image-2144\" title=\"IMG_9006\" src=\"https:\/\/so3z.com\/wp-content\/uploads\/2011\/12\/IMG_9006-225x300.jpg\" alt=\"\" width=\"225\" height=\"300\" srcset=\"https:\/\/so3z.com\/wp-content\/uploads\/2011\/12\/IMG_9006-225x300.jpg 225w, https:\/\/so3z.com\/wp-content\/uploads\/2011\/12\/IMG_9006.jpg 480w\" sizes=\"auto, (max-width: 225px) 100vw, 225px\" \/><\/a><\/p>\n<p>&nbsp;<\/p>\n","protected":false},"excerpt":{"rendered":"<p>144MHz: Transceiver: TS-590SG + HA1YA transwerter\u00a0 LNA: \u00a0HA8ET Extra-2 rev.6 ATF-53189 wzmocnienie 18dB 0,5dB N\/F przeka\u017aniki Narda (na moc 1.5kW) Anten: 9el OWL Ultra G0KSC \/ Innovantennas Wzmacniacz: Atlas 1000 AR 144 Bandpass: LBQ-150-4 432MHz: Transceiver: Icom ic-9700 + GPSDO, 75W out Wzmacniacz: 400W (4x SD56120M) LNA: HA8ET Extra-70 ATF-53189 Antena: 18el OWL Ultra G0KSC &hellip; <a href=\"https:\/\/so3z.com\/?page_id=422\" class=\"more-link\">Czytaj dalej <span class=\"screen-reader-text\">Sprz\u0119t<\/span> <span class=\"meta-nav\">&rarr;<\/span><\/a><\/p>\n","protected":false},"author":1,"featured_media":0,"parent":9,"menu_order":2,"comment_status":"open","ping_status":"open","template":"","meta":{"footnotes":""},"class_list":["post-422","page","type-page","status-publish","hentry"],"_links":{"self":[{"href":"https:\/\/so3z.com\/index.php?rest_route=\/wp\/v2\/pages\/422","targetHints":{"allow":["GET"]}}],"collection":[{"href":"https:\/\/so3z.com\/index.php?rest_route=\/wp\/v2\/pages"}],"about":[{"href":"https:\/\/so3z.com\/index.php?rest_route=\/wp\/v2\/types\/page"}],"author":[{"embeddable":true,"href":"https:\/\/so3z.com\/index.php?rest_route=\/wp\/v2\/users\/1"}],"replies":[{"embeddable":true,"href":"https:\/\/so3z.com\/index.php?rest_route=%2Fwp%2Fv2%2Fcomments&post=422"}],"version-history":[{"count":109,"href":"https:\/\/so3z.com\/index.php?rest_route=\/wp\/v2\/pages\/422\/revisions"}],"predecessor-version":[{"id":4710,"href":"https:\/\/so3z.com\/index.php?rest_route=\/wp\/v2\/pages\/422\/revisions\/4710"}],"up":[{"embeddable":true,"href":"https:\/\/so3z.com\/index.php?rest_route=\/wp\/v2\/pages\/9"}],"wp:attachment":[{"href":"https:\/\/so3z.com\/index.php?rest_route=%2Fwp%2Fv2%2Fmedia&parent=422"}],"curies":[{"name":"wp","href":"https:\/\/api.w.org\/{rel}","templated":true}]}}