{"id":4247,"date":"2022-09-16T14:20:11","date_gmt":"2022-09-16T13:20:11","guid":{"rendered":"https:\/\/so3z.com\/?page_id=4247"},"modified":"2022-09-16T14:21:22","modified_gmt":"2022-09-16T13:21:22","slug":"16el-28ohm-dk7zb-432mhz-yagi","status":"publish","type":"page","link":"https:\/\/so3z.com\/?page_id=4247","title":{"rendered":"16el 28ohm DK7ZB 432MHz Yagi"},"content":{"rendered":"<p>Po wielu latach doko\u0144czy\u0142em pierwsz\u0105 anten\u0119 na 70cm tj. 16 el DK7ZB<\/p>\n<p>Na zdj\u0119ciu radiator p\u00f3ki co z niesymetrycznym dopasowaniem wykonanym teflonowym kablem 75Ohm &#8211; tj. RG-179 wraz z gniazdem N oraz zwarciem oplotu do masy.<\/p>\n<p><a href=\"https:\/\/so3z.com\/wp-content\/uploads\/2022\/09\/radiator.jpeg\"><img loading=\"lazy\" decoding=\"async\" src=\"https:\/\/so3z.com\/wp-content\/uploads\/2022\/09\/radiator-768x1024.jpeg\" alt=\"\" width=\"474\" height=\"632\" class=\"alignnone size-large wp-image-4248\" srcset=\"https:\/\/so3z.com\/wp-content\/uploads\/2022\/09\/radiator-768x1024.jpeg 768w, https:\/\/so3z.com\/wp-content\/uploads\/2022\/09\/radiator-225x300.jpeg 225w, https:\/\/so3z.com\/wp-content\/uploads\/2022\/09\/radiator-1152x1536.jpeg 1152w, https:\/\/so3z.com\/wp-content\/uploads\/2022\/09\/radiator.jpeg 1200w\" sizes=\"auto, (max-width: 474px) 100vw, 474px\" \/><\/a><\/p>\n","protected":false},"excerpt":{"rendered":"<p>Po wielu latach doko\u0144czy\u0142em pierwsz\u0105 anten\u0119 na 70cm tj. 16 el DK7ZB Na zdj\u0119ciu radiator p\u00f3ki co z niesymetrycznym dopasowaniem wykonanym teflonowym kablem 75Ohm &#8211; tj. RG-179 wraz z gniazdem N oraz zwarciem oplotu do masy.<\/p>\n","protected":false},"author":1,"featured_media":0,"parent":3841,"menu_order":0,"comment_status":"closed","ping_status":"closed","template":"","meta":{"footnotes":""},"class_list":["post-4247","page","type-page","status-publish","hentry"],"_links":{"self":[{"href":"https:\/\/so3z.com\/index.php?rest_route=\/wp\/v2\/pages\/4247","targetHints":{"allow":["GET"]}}],"collection":[{"href":"https:\/\/so3z.com\/index.php?rest_route=\/wp\/v2\/pages"}],"about":[{"href":"https:\/\/so3z.com\/index.php?rest_route=\/wp\/v2\/types\/page"}],"author":[{"embeddable":true,"href":"https:\/\/so3z.com\/index.php?rest_route=\/wp\/v2\/users\/1"}],"replies":[{"embeddable":true,"href":"https:\/\/so3z.com\/index.php?rest_route=%2Fwp%2Fv2%2Fcomments&post=4247"}],"version-history":[{"count":2,"href":"https:\/\/so3z.com\/index.php?rest_route=\/wp\/v2\/pages\/4247\/revisions"}],"predecessor-version":[{"id":4250,"href":"https:\/\/so3z.com\/index.php?rest_route=\/wp\/v2\/pages\/4247\/revisions\/4250"}],"up":[{"embeddable":true,"href":"https:\/\/so3z.com\/index.php?rest_route=\/wp\/v2\/pages\/3841"}],"wp:attachment":[{"href":"https:\/\/so3z.com\/index.php?rest_route=%2Fwp%2Fv2%2Fmedia&parent=4247"}],"curies":[{"name":"wp","href":"https:\/\/api.w.org\/{rel}","templated":true}]}}