{"id":4450,"date":"2024-06-13T21:55:56","date_gmt":"2024-06-13T19:55:56","guid":{"rendered":"https:\/\/so3z.com\/?page_id=4450"},"modified":"2024-07-01T22:53:08","modified_gmt":"2024-07-01T20:53:08","slug":"yagi-15el-py1mhz-144mhz","status":"publish","type":"page","link":"https:\/\/so3z.com\/?page_id=4450","title":{"rendered":"15el Yagi  PY1MHZ 144MHz"},"content":{"rendered":"<h2>Bardzo dobra antena <a href=\"https:\/\/www.qsl.net\/py1mhz\/antenas\/144\/mhz15el\/index.htm\">projektu PY1MHZ.<\/a><\/h2>\n<h5>Zysk free space: <strong>14,61dBd<br \/>\nZysk 10m nad gruntem: 20,3dBd<br \/>\n<\/strong>T\u0142umienie prz\u00f3d ty\u0142: 37dB<\/h5>\n<p>Boom 9,8m<br \/>\nElementy 6mm<br \/>\nRadiator 12mm (ko\u0144c\u00f3wki wygi\u0119te U 10mm) &#8211; le\u017c\u0105cy dipol p\u0119tlowy.<\/p>\n<p>Zamierzam niebawem wykona\u0107 tak\u0105 z boomem stopniowanym z segment\u00f3w 20, 25, 30, 25, 20 mm oraz uchwytami zielonymi typu stauff nad boomem z pe\u0142na izolacj\u0105, nitonakr\u0119tki oraz linkami podci\u0105gowymi.<br \/>\nZwraca uwag\u0119 niska temperatura szumowa oraz bardzo wyt\u0142umione listki boczne.<\/p>\n<p><a href=\"https:\/\/so3z.com\/files\/ANT\/PY1MHZ-15el-144MHz-6mm.EZ\">PY1MHZ 15el EZNEC file<\/a><\/p>\n<p><a href=\"https:\/\/so3z.com\/wp-content\/uploads\/2024\/06\/PY1MHZ-15el-ve7bqh.png\">Charakterystyka anteny wg. VE7BQH<img loading=\"lazy\" decoding=\"async\" class=\"size-large wp-image-4451 aligncenter\" src=\"https:\/\/so3z.com\/wp-content\/uploads\/2024\/06\/PY1MHZ-15el-ve7bqh-1024x167.png\" alt=\"\" width=\"474\" height=\"77\" srcset=\"https:\/\/so3z.com\/wp-content\/uploads\/2024\/06\/PY1MHZ-15el-ve7bqh-1024x167.png 1024w, https:\/\/so3z.com\/wp-content\/uploads\/2024\/06\/PY1MHZ-15el-ve7bqh-300x49.png 300w, https:\/\/so3z.com\/wp-content\/uploads\/2024\/06\/PY1MHZ-15el-ve7bqh-768x125.png 768w, https:\/\/so3z.com\/wp-content\/uploads\/2024\/06\/PY1MHZ-15el-ve7bqh-1536x250.png 1536w, https:\/\/so3z.com\/wp-content\/uploads\/2024\/06\/PY1MHZ-15el-ve7bqh-2048x334.png 2048w\" sizes=\"auto, (max-width: 474px) 100vw, 474px\" \/><\/a><\/p>\n<p>&nbsp;<\/p>\n<p>Charakterystyka promieniowania w azymucie<a href=\"https:\/\/so3z.com\/wp-content\/uploads\/2024\/06\/PY1MHZ-15EL-YAGI-2m-azimuth-FreeSpace.png\"><img loading=\"lazy\" decoding=\"async\" class=\"size-large wp-image-4452 aligncenter\" src=\"https:\/\/so3z.com\/wp-content\/uploads\/2024\/06\/PY1MHZ-15EL-YAGI-2m-azimuth-FreeSpace-1024x612.png\" alt=\"\" width=\"474\" height=\"283\" srcset=\"https:\/\/so3z.com\/wp-content\/uploads\/2024\/06\/PY1MHZ-15EL-YAGI-2m-azimuth-FreeSpace-1024x612.png 1024w, https:\/\/so3z.com\/wp-content\/uploads\/2024\/06\/PY1MHZ-15EL-YAGI-2m-azimuth-FreeSpace-300x179.png 300w, https:\/\/so3z.com\/wp-content\/uploads\/2024\/06\/PY1MHZ-15EL-YAGI-2m-azimuth-FreeSpace-768x459.png 768w, https:\/\/so3z.com\/wp-content\/uploads\/2024\/06\/PY1MHZ-15EL-YAGI-2m-azimuth-FreeSpace-1536x918.png 1536w, https:\/\/so3z.com\/wp-content\/uploads\/2024\/06\/PY1MHZ-15EL-YAGI-2m-azimuth-FreeSpace-2048x1224.png 2048w\" sizes=\"auto, (max-width: 474px) 100vw, 474px\" \/><\/a><\/p>\n<p>Charakterystyka promieniowania w elewacji &#8211; free space<a href=\"https:\/\/so3z.com\/wp-content\/uploads\/2024\/06\/PY1MHZ-15EL-YAGI-2m-elevation-FreeSpace.png\"><img loading=\"lazy\" decoding=\"async\" class=\"size-large wp-image-4454 aligncenter\" src=\"https:\/\/so3z.com\/wp-content\/uploads\/2024\/06\/PY1MHZ-15EL-YAGI-2m-elevation-FreeSpace-1024x612.png\" alt=\"\" width=\"474\" height=\"283\" srcset=\"https:\/\/so3z.com\/wp-content\/uploads\/2024\/06\/PY1MHZ-15EL-YAGI-2m-elevation-FreeSpace-1024x612.png 1024w, https:\/\/so3z.com\/wp-content\/uploads\/2024\/06\/PY1MHZ-15EL-YAGI-2m-elevation-FreeSpace-300x179.png 300w, https:\/\/so3z.com\/wp-content\/uploads\/2024\/06\/PY1MHZ-15EL-YAGI-2m-elevation-FreeSpace-768x459.png 768w, https:\/\/so3z.com\/wp-content\/uploads\/2024\/06\/PY1MHZ-15EL-YAGI-2m-elevation-FreeSpace-1536x918.png 1536w, https:\/\/so3z.com\/wp-content\/uploads\/2024\/06\/PY1MHZ-15EL-YAGI-2m-elevation-FreeSpace-2048x1224.png 2048w\" sizes=\"auto, (max-width: 474px) 100vw, 474px\" \/><\/a><\/p>\n<p>Charakterystyka promieniowania w elewacji &#8211; antena 10m od ziemi<a href=\"https:\/\/so3z.com\/wp-content\/uploads\/2024\/06\/PY1MHZ-15EL-YAGI-2m-elevation-10mOVERground.png\"><img loading=\"lazy\" decoding=\"async\" class=\"wp-image-4453 size-large aligncenter\" src=\"https:\/\/so3z.com\/wp-content\/uploads\/2024\/06\/PY1MHZ-15EL-YAGI-2m-elevation-10mOVERground-1024x612.png\" alt=\"\" width=\"474\" height=\"283\" srcset=\"https:\/\/so3z.com\/wp-content\/uploads\/2024\/06\/PY1MHZ-15EL-YAGI-2m-elevation-10mOVERground-1024x612.png 1024w, https:\/\/so3z.com\/wp-content\/uploads\/2024\/06\/PY1MHZ-15EL-YAGI-2m-elevation-10mOVERground-300x179.png 300w, https:\/\/so3z.com\/wp-content\/uploads\/2024\/06\/PY1MHZ-15EL-YAGI-2m-elevation-10mOVERground-768x459.png 768w, https:\/\/so3z.com\/wp-content\/uploads\/2024\/06\/PY1MHZ-15EL-YAGI-2m-elevation-10mOVERground-1536x918.png 1536w, https:\/\/so3z.com\/wp-content\/uploads\/2024\/06\/PY1MHZ-15EL-YAGI-2m-elevation-10mOVERground-2048x1224.png 2048w\" sizes=\"auto, (max-width: 474px) 100vw, 474px\" \/><\/a><\/p>\n<p><a href=\"https:\/\/so3z.com\/wp-content\/uploads\/2024\/06\/PY1MHZ-15el-SWR.jpg\"><img loading=\"lazy\" decoding=\"async\" class=\"size-large wp-image-4463 aligncenter\" src=\"https:\/\/so3z.com\/wp-content\/uploads\/2024\/06\/PY1MHZ-15el-SWR-1024x612.jpg\" alt=\"\" width=\"474\" height=\"283\" srcset=\"https:\/\/so3z.com\/wp-content\/uploads\/2024\/06\/PY1MHZ-15el-SWR-1024x612.jpg 1024w, https:\/\/so3z.com\/wp-content\/uploads\/2024\/06\/PY1MHZ-15el-SWR-300x179.jpg 300w, https:\/\/so3z.com\/wp-content\/uploads\/2024\/06\/PY1MHZ-15el-SWR-768x459.jpg 768w, https:\/\/so3z.com\/wp-content\/uploads\/2024\/06\/PY1MHZ-15el-SWR-1536x918.jpg 1536w, https:\/\/so3z.com\/wp-content\/uploads\/2024\/06\/PY1MHZ-15el-SWR.jpg 2000w\" sizes=\"auto, (max-width: 474px) 100vw, 474px\" \/><\/a><\/p>\n<p>zestaw EME &#8211; dzi\u0119ki ekstremalnie ma\u0142ym listkom bocznym, mo\u017cna sfazowa\u0107 zestaw z odleg\u0142o\u015bci\u0105 3,45m w obu p\u0142aszczyznach. Wtedy uzyskujemy nast\u0119puj\u0105ce charakterystyki promieniowania.<\/p>\n<p>Azymut<\/p>\n<p><a href=\"https:\/\/so3z.com\/wp-content\/uploads\/2024\/06\/PY1MHZ-4x15-3450x3450mm-azimuthFreeSpace.png\"><img loading=\"lazy\" decoding=\"async\" class=\"alignnone size-large wp-image-4470\" src=\"https:\/\/so3z.com\/wp-content\/uploads\/2024\/06\/PY1MHZ-4x15-3450x3450mm-azimuthFreeSpace-1024x612.png\" alt=\"\" width=\"474\" height=\"283\" srcset=\"https:\/\/so3z.com\/wp-content\/uploads\/2024\/06\/PY1MHZ-4x15-3450x3450mm-azimuthFreeSpace-1024x612.png 1024w, https:\/\/so3z.com\/wp-content\/uploads\/2024\/06\/PY1MHZ-4x15-3450x3450mm-azimuthFreeSpace-300x179.png 300w, https:\/\/so3z.com\/wp-content\/uploads\/2024\/06\/PY1MHZ-4x15-3450x3450mm-azimuthFreeSpace-768x459.png 768w, https:\/\/so3z.com\/wp-content\/uploads\/2024\/06\/PY1MHZ-4x15-3450x3450mm-azimuthFreeSpace-1536x918.png 1536w, https:\/\/so3z.com\/wp-content\/uploads\/2024\/06\/PY1MHZ-4x15-3450x3450mm-azimuthFreeSpace-2048x1224.png 2048w\" sizes=\"auto, (max-width: 474px) 100vw, 474px\" \/><\/a><\/p>\n<p>Elewacja<\/p>\n<p><a href=\"https:\/\/so3z.com\/wp-content\/uploads\/2024\/06\/PY1MHZ-4x15-3450x3450mm-elevationFreeSpace.png\"><img loading=\"lazy\" decoding=\"async\" class=\"alignnone size-large wp-image-4471\" src=\"https:\/\/so3z.com\/wp-content\/uploads\/2024\/06\/PY1MHZ-4x15-3450x3450mm-elevationFreeSpace-1024x612.png\" alt=\"\" width=\"474\" height=\"283\" srcset=\"https:\/\/so3z.com\/wp-content\/uploads\/2024\/06\/PY1MHZ-4x15-3450x3450mm-elevationFreeSpace-1024x612.png 1024w, https:\/\/so3z.com\/wp-content\/uploads\/2024\/06\/PY1MHZ-4x15-3450x3450mm-elevationFreeSpace-300x179.png 300w, https:\/\/so3z.com\/wp-content\/uploads\/2024\/06\/PY1MHZ-4x15-3450x3450mm-elevationFreeSpace-768x459.png 768w, https:\/\/so3z.com\/wp-content\/uploads\/2024\/06\/PY1MHZ-4x15-3450x3450mm-elevationFreeSpace-1536x918.png 1536w, https:\/\/so3z.com\/wp-content\/uploads\/2024\/06\/PY1MHZ-4x15-3450x3450mm-elevationFreeSpace-2048x1224.png 2048w\" sizes=\"auto, (max-width: 474px) 100vw, 474px\" \/><\/a><\/p>\n<p>Elewacja przy monta\u017cu na 12m maszcie<\/p>\n<p><a href=\"https:\/\/so3z.com\/wp-content\/uploads\/2024\/06\/PY1MHZ-4x15-3450x3450mm-elevation12mMast.png\"><img loading=\"lazy\" decoding=\"async\" class=\"alignnone size-large wp-image-4472\" src=\"https:\/\/so3z.com\/wp-content\/uploads\/2024\/06\/PY1MHZ-4x15-3450x3450mm-elevation12mMast-1024x612.png\" alt=\"\" width=\"474\" height=\"283\" srcset=\"https:\/\/so3z.com\/wp-content\/uploads\/2024\/06\/PY1MHZ-4x15-3450x3450mm-elevation12mMast-1024x612.png 1024w, https:\/\/so3z.com\/wp-content\/uploads\/2024\/06\/PY1MHZ-4x15-3450x3450mm-elevation12mMast-300x179.png 300w, https:\/\/so3z.com\/wp-content\/uploads\/2024\/06\/PY1MHZ-4x15-3450x3450mm-elevation12mMast-768x459.png 768w, https:\/\/so3z.com\/wp-content\/uploads\/2024\/06\/PY1MHZ-4x15-3450x3450mm-elevation12mMast-1536x918.png 1536w, https:\/\/so3z.com\/wp-content\/uploads\/2024\/06\/PY1MHZ-4x15-3450x3450mm-elevation12mMast-2048x1224.png 2048w\" sizes=\"auto, (max-width: 474px) 100vw, 474px\" \/><\/a><\/p>\n","protected":false},"excerpt":{"rendered":"<p>Bardzo dobra antena projektu PY1MHZ. Zysk free space: 14,61dBd Zysk 10m nad gruntem: 20,3dBd T\u0142umienie prz\u00f3d ty\u0142: 37dB Boom 9,8m Elementy 6mm Radiator 12mm (ko\u0144c\u00f3wki wygi\u0119te U 10mm) &#8211; le\u017c\u0105cy dipol p\u0119tlowy. Zamierzam niebawem wykona\u0107 tak\u0105 z boomem stopniowanym z segment\u00f3w 20, 25, 30, 25, 20 mm oraz uchwytami zielonymi typu stauff nad boomem z &hellip; <a href=\"https:\/\/so3z.com\/?page_id=4450\" class=\"more-link\">Czytaj dalej <span class=\"screen-reader-text\">15el Yagi  PY1MHZ 144MHz<\/span> <span class=\"meta-nav\">&rarr;<\/span><\/a><\/p>\n","protected":false},"author":1,"featured_media":0,"parent":3841,"menu_order":0,"comment_status":"closed","ping_status":"closed","template":"page-templates\/full-width.php","meta":{"footnotes":""},"class_list":["post-4450","page","type-page","status-publish","hentry"],"_links":{"self":[{"href":"https:\/\/so3z.com\/index.php?rest_route=\/wp\/v2\/pages\/4450","targetHints":{"allow":["GET"]}}],"collection":[{"href":"https:\/\/so3z.com\/index.php?rest_route=\/wp\/v2\/pages"}],"about":[{"href":"https:\/\/so3z.com\/index.php?rest_route=\/wp\/v2\/types\/page"}],"author":[{"embeddable":true,"href":"https:\/\/so3z.com\/index.php?rest_route=\/wp\/v2\/users\/1"}],"replies":[{"embeddable":true,"href":"https:\/\/so3z.com\/index.php?rest_route=%2Fwp%2Fv2%2Fcomments&post=4450"}],"version-history":[{"count":18,"href":"https:\/\/so3z.com\/index.php?rest_route=\/wp\/v2\/pages\/4450\/revisions"}],"predecessor-version":[{"id":4485,"href":"https:\/\/so3z.com\/index.php?rest_route=\/wp\/v2\/pages\/4450\/revisions\/4485"}],"up":[{"embeddable":true,"href":"https:\/\/so3z.com\/index.php?rest_route=\/wp\/v2\/pages\/3841"}],"wp:attachment":[{"href":"https:\/\/so3z.com\/index.php?rest_route=%2Fwp%2Fv2%2Fmedia&parent=4450"}],"curies":[{"name":"wp","href":"https:\/\/api.w.org\/{rel}","templated":true}]}}